{"id":15634,"date":"2024-11-23T23:54:58","date_gmt":"2024-11-24T04:54:58","guid":{"rendered":"https:\/\/beta.aa-intergroup.org\/cronologia-della-storia-di-oiaa\/"},"modified":"2025-11-09T08:21:41","modified_gmt":"2025-11-09T13:21:41","slug":"cronologia-della-storia-di-oiaa","status":"publish","type":"page","link":"https:\/\/beta.aa-intergroup.org\/it\/cronologia-della-storia-di-oiaa\/","title":{"rendered":"Cronologia della storia di OIAA"},"content":{"rendered":"\n<div style=\"height:57px\" aria-hidden=\"true\" class=\"wp-block-spacer\"><\/div>\n\n<div class=\"wp-block-group is-content-justification-center is-layout-flex wp-container-core-group-is-layout-64b26803 wp-block-group-is-layout-flex\">\n<h4 class=\"wp-block-heading\">Un inizio promettente&#8230;<\/h4>\n\n\n\n<p>Nel 1994, i membri online della Fratellanza degli Alcolisti Anonimi iniziarono ad attendere con impazienza di partecipare alla Convenzione Internazionale di San Diego, tenutasi nel giugno 1995. Molti nella nostra comunit\u00e0 sentivano che sarebbe stata una grande opportunit\u00e0 incontrare di persona alcuni dei nostri compagni alcolisti, rafforzando ulteriormente le strette amicizie che avevamo stretto nei nostri gruppi online.<\/p>\n<\/div>\n\n<div class=\"wp-block-essential-blocks-button root-eb-button-dg1a8\"><div class=\"eb-parent-wrapper eb-parent-eb-button-dg1a8 \"><div class=\"eb-button-wrapper eb-button-alignment eb-button-dg1a8\"><div class=\"eb-button\"><div class=\"eb-button-inner-wrapper \"><a class=\"eb-button-anchor \" href=\"https:\/\/beta.aa-intergroup.org\/it\/evoluzione-del-sito-web-oiaa\/\" target=\"_blank\" rel=\"noopener\">Evoluzione del sito web OIAA<i icon=\"fas fa-chevron-right\" class=\"fas fa-chevron-right eb-button-icon eb-button-icon-right hvr-icon\"><\/i><\/a><\/div><\/div><\/div><\/div><\/div>\n\n<div style=\"height:35px\" aria-hidden=\"true\" class=\"wp-block-spacer\"><\/div>\n\n<div class=\"wp-block-cp-timeline-content-timeline-block Cool-Content-Timeline\"><div class=\"cool-timeline-block-10e2f1f5-5658-4eec-aead-52989eb60b3d\"><style>.cool-timeline-block-10e2f1f5-5658-4eec-aead-52989eb60b3d .cool-vertical-timeline-body{--ctlb-icon-color: #02c8fd;--ctlb-line-color: #011a5c;--ctlb-icon-bg: #02c8fd;--ctlb-story-border-color: #011a5c;--ctlb-container-right-padding: 50px;--ctlb-container-left-padding: 50px;}<\/style><div class=\"cool-vertical-timeline-body ctlb-wrapper both-sided left\"><div class=\"cool-timeline-block-list\">\n<div class=\"wp-block-cp-timeline-content-timeline-block-child swiper-slide\"><div class=\"timeline-content icon-false \"><div class=\"timeline-block-timeline ctl-row  position-right\"><div class=\"ctl-6 timeline-block-time\"><div class=\"story-time\"><p><strong>March 1, 1994<\/strong><\/p><\/div><\/div><div class=\"timeline-block-icon\"><svg stroke=\"currentColor\" fill=\"currentColor\" stroke-width=\"0\" viewBox=\"0 0 512 512\" height=\"1em\" width=\"1em\" xmlns=\"http:\/\/www.w3.org\/2000\/svg\"><path d=\"M256 8C119 8 8 119 8 256s111 248 248 248 248-111 248-248S393 8 256 8z\"><\/path><\/svg><\/div><div class=\"ctl-6 timeline-block-detail\"><div class=\"story-details\"><div class=\"story-content\">\n<h3 class=\"wp-block-heading ctlb-block-title\" style=\"padding-top:0px;padding-right:0px;padding-bottom:0px;padding-left:0px\">Creazione del comitato cyber vivente<\/h3>\n\n\n\n<p class=\"ctlb-block-desc\" style=\"padding-top:0px;padding-right:0px;padding-bottom:0px;padding-left:0px\">Il Living Cyber Committee \u00e8 stato formato nel marzo 1994 per coordinare l&#8217;organizzazione di una suite di ospitalit\u00e0 alla convention. La partecipazione, o l&#8217;adesione, all&#8217;LCC era aperta a tutti gli alcolisti in recupero che desideravano unirsi. Alcolisti da tutti gli angoli della comunit\u00e0 online, bacheche elettroniche, servizi commerciali online e Internet, si sono uniti allo sforzo. Prima della convention, l&#8217;LCC si \u00e8 adoperato per comunicare la sua esistenza, il suo scopo e le sue attivit\u00e0 a tutti i gruppi A.A. online conosciuti. \u00c8 stata creata una pagina web. Sono stati compilati, stampati e distribuiti alla convention volantini contenenti informazioni su come contattare la Fellowship online e su come trovare risorse A.A. online.<br\/>I nostri piani si sono evoluti fino a includere un collegamento alla fellowship online, per coloro che non potevano partecipare di persona alla convention. Tre computer sono stati installati nella suite e sono rimasti online continuamente con alcolisti di tutto il mondo.<\/p>\n<\/div><\/div><\/div><\/div><\/div><\/div>\n\n\n\n<div class=\"wp-block-cp-timeline-content-timeline-block-child swiper-slide\"><div class=\"timeline-content icon-false \"><div class=\"timeline-block-timeline ctl-row  position-left\"><div class=\"ctl-6 timeline-block-time\"><div class=\"story-time\"><p><strong>June 1, 1995<\/strong><\/p><\/div><\/div><div class=\"timeline-block-icon\"><svg stroke=\"currentColor\" fill=\"currentColor\" stroke-width=\"0\" viewBox=\"0 0 512 512\" height=\"1em\" width=\"1em\" xmlns=\"http:\/\/www.w3.org\/2000\/svg\"><path d=\"M256 8C119 8 8 119 8 256s111 248 248 248 248-111 248-248S393 8 256 8z\"><\/path><\/svg><\/div><div class=\"ctl-6 timeline-block-detail\"><div class=\"story-details\"><div class=\"story-content\">\n<h3 class=\"wp-block-heading ctlb-block-title\" style=\"padding-top:0px;padding-right:0px;padding-bottom:0px;padding-left:0px\">Suite cyber vivente alla convention internazionale di San Diego<\/h3>\n\n\n\n<p class=\"ctlb-block-desc\" style=\"padding-top:0px;padding-right:0px;padding-bottom:0px;padding-left:0px\">La Living Cyber Suite \u00e8 stata un successo clamoroso, offrendo un luogo di incontro per i membri dei gruppi online per conoscersi di persona, di solito per la prima volta. Ai visitatori \u00e8 stata data l&#8217;opportunit\u00e0 di accedere alla Fellowship online vera e propria. Coloro che non potevano recarsi a San Diego hanno potuto partecipare \u201cvirtualmente\u201d alla convention tramite la suite.  <\/p>\n\n\n\n<p class=\"ctlb-block-desc\" style=\"padding-top:0px;padding-right:0px;padding-bottom:0px;padding-left:0px\">Due importanti gruppi e-mail, diversi gruppi dai principali servizi online e un canale Internet Relay Chat hanno partecipato all&#8217;unione di alcolisti da tutto il mondo con i membri online e i visitatori nella suite.<\/p>\n<\/div><\/div><\/div><\/div><\/div><\/div>\n\n\n\n<div class=\"wp-block-cp-timeline-content-timeline-block-child swiper-slide\"><div class=\"timeline-content icon-false \"><div class=\"timeline-block-timeline ctl-row  position-right\"><div class=\"ctl-6 timeline-block-time\"><div class=\"story-time\"><p><strong>February 1, 1996<\/strong><\/p><\/div><\/div><div class=\"timeline-block-icon\"><svg stroke=\"currentColor\" fill=\"currentColor\" stroke-width=\"0\" viewBox=\"0 0 512 512\" height=\"1em\" width=\"1em\" xmlns=\"http:\/\/www.w3.org\/2000\/svg\"><path d=\"M256 8C119 8 8 119 8 256s111 248 248 248 248-111 248-248S393 8 256 8z\"><\/path><\/svg><\/div><div class=\"ctl-6 timeline-block-detail\"><div class=\"story-details\"><div class=\"story-content\">\n<h3 class=\"wp-block-heading ctlb-block-title\" style=\"padding-top:0px;padding-right:0px;padding-bottom:0px;padding-left:0px\">OIAA \u00e8 nata!<\/h3>\n\n\n\n<p class=\"ctlb-block-desc\" style=\"padding-top:0px;padding-right:0px;padding-bottom:0px;padding-left:0px\">Dopo la convention, si \u00e8 deciso di sciogliere il comitato esistente e riformarlo. Tutti i gruppi A.A. online sono stati invitati a inviare un rappresentante al comitato. Abbiamo deciso che avremmo dovuto fungere da Intergruppo, al servizio dei gruppi A.A. online.  <\/p>\n\n\n\n<p class=\"ctlb-block-desc\" style=\"padding-top:0px;padding-right:0px;padding-bottom:0px;padding-left:0px\">OIAA \u00e8 nata! L&#8217;Intergruppo online di Alcolisti Anonimi rappresenta ora decine di gruppi online con un&#8217;adesione complessiva di molte migliaia di persone.<\/p>\n<\/div><\/div><\/div><\/div><\/div><\/div>\n\n\n\n<div class=\"wp-block-cp-timeline-content-timeline-block-child swiper-slide\"><div class=\"timeline-content icon-false \"><div class=\"timeline-block-timeline ctl-row  position-left\"><div class=\"ctl-6 timeline-block-time\"><div class=\"story-time\"><p><strong>January 1, 1995<\/strong><\/p><\/div><\/div><div class=\"timeline-block-icon\"><svg stroke=\"currentColor\" fill=\"currentColor\" stroke-width=\"0\" viewBox=\"0 0 512 512\" height=\"1em\" width=\"1em\" xmlns=\"http:\/\/www.w3.org\/2000\/svg\"><path d=\"M256 8C119 8 8 119 8 256s111 248 248 248 248-111 248-248S393 8 256 8z\"><\/path><\/svg><\/div><div class=\"ctl-6 timeline-block-detail\"><div class=\"story-details\"><div class=\"story-content\">\n<h3 class=\"wp-block-heading ctlb-block-title\" style=\"padding-top:0px;padding-right:0px;padding-bottom:0px;padding-left:0px\">Dichiarazione originale di scopo e obiettivi<\/h3>\n\n\n\n<p class=\"ctlb-block-desc\" style=\"padding-top:0px;padding-right:0px;padding-bottom:0px;padding-left:0px\">\u2014 Scritto a met\u00e0 degli anni &#8217;90 \u2014<\/p>\n\n\n\n<p class=\"ctlb-block-desc\" style=\"padding-top:0px;padding-right:0px;padding-bottom:0px;padding-left:0px\">Il fenomeno della nuova tecnologia di computer, modem, World Wide Web e comunicazione Internet ha dato vita a un nuovo mezzo di scambio attraverso il quale gli alcolisti potevano interagire con altri alcolisti. Negli ultimi anni, sono nate molte nuove riunioni online che, non avendo confini geografici, non sono state in grado di adattarsi alle strutture di servizio delle solite riunioni A.A. faccia a faccia (f2f). Da ci\u00f2 \u00e8 nata la consapevolezza da parte di molti gruppi online che era necessaria una qualche forma di gruppo di servizio per assistere e facilitare la comunicazione e il coordinamento dell&#8217;A.A. nel cyberspazio.<br\/><a href=\"https:\/\/beta.aa-intergroup.org\/it\/dichiarazione-di-scopo-e-obiettivi-originali-di-oiaa\/\" target=\"_blank\" rel=\"noreferrer noopener\">Leggi di pi\u00f9&#8230;<\/a><\/p>\n<\/div><\/div><\/div><\/div><\/div><\/div>\n\n\n\n<div class=\"wp-block-cp-timeline-content-timeline-block-child swiper-slide\"><div class=\"timeline-content icon-false \"><div class=\"timeline-block-timeline ctl-row  position-right\"><div class=\"ctl-6 timeline-block-time\"><div class=\"story-time\"><p><strong>January 1, 2000<\/strong><\/p><\/div><\/div><div class=\"timeline-block-icon\"><svg stroke=\"currentColor\" fill=\"currentColor\" stroke-width=\"0\" viewBox=\"0 0 512 512\" height=\"1em\" width=\"1em\" xmlns=\"http:\/\/www.w3.org\/2000\/svg\"><path d=\"M256 8C119 8 8 119 8 256s111 248 248 248 248-111 248-248S393 8 256 8z\"><\/path><\/svg><\/div><div class=\"ctl-6 timeline-block-detail\"><div class=\"story-details\"><div class=\"story-content\">\n<h3 class=\"wp-block-heading ctlb-block-title\" style=\"padding-top:0px;padding-right:0px;padding-bottom:0px;padding-left:0px\">Organo direttivo dell&#8217;intergruppo e adesione<\/h3>\n\n\n\n<p class=\"ctlb-block-desc\" style=\"padding-top:0px;padding-right:0px;padding-bottom:0px;padding-left:0px\">\u2014 Scritto nei primi anni 2000 \u2014<\/p>\n\n\n\n<p>L&#8217;organo direttivo e l&#8217;adesione di OIAA sono stati ulteriormente definiti nei primi anni 2000.<\/p>\n\n\n\n<p class=\"ctlb-block-desc\" style=\"padding-top:0px;padding-right:0px;padding-bottom:0px;padding-left:0px\"><a href=\"https:\/\/beta.aa-intergroup.org\/it\/organo-di-governo-dellintergruppo-e-appartenenza-anni-2000\/\">Leggi di pi\u00f9 sull&#8217;OIAA di questo periodo&#8230;<\/a><\/p>\n<\/div><\/div><\/div><\/div><\/div><\/div>\n\n\n\n<div class=\"wp-block-cp-timeline-content-timeline-block-child swiper-slide\"><div class=\"timeline-content icon-false \"><div class=\"timeline-block-timeline ctl-row  position-left\"><div class=\"ctl-6 timeline-block-time\"><div class=\"story-time\"><p><strong>June 29, 2000<\/strong><\/p><\/div><\/div><div class=\"timeline-block-icon\"><svg stroke=\"currentColor\" fill=\"currentColor\" stroke-width=\"0\" viewBox=\"0 0 512 512\" height=\"1em\" width=\"1em\" xmlns=\"http:\/\/www.w3.org\/2000\/svg\"><path d=\"M256 8C119 8 8 119 8 256s111 248 248 248 248-111 248-248S393 8 256 8z\"><\/path><\/svg><\/div><div class=\"ctl-6 timeline-block-detail\"><div class=\"story-details\"><div class=\"story-content\">\n<h3 class=\"wp-block-heading ctlb-block-title\" style=\"padding-top:0px;padding-right:0px;padding-bottom:0px;padding-left:0px\">Suite alla convention internazionale di Minneapolis<\/h3>\n\n\n\n<p class=\"ctlb-block-desc\" style=\"padding-top:0px;padding-right:0px;padding-bottom:0px;padding-left:0px\">Ancora una volta OIAA ha ospitato una suite alla 65\u00aa Convention Internazionale per l&#8217;Anniversario a Minneapolis, MN.<\/p>\n<\/div><\/div><\/div><\/div><\/div><\/div>\n\n\n\n<div class=\"wp-block-cp-timeline-content-timeline-block-child swiper-slide\"><div class=\"timeline-content icon-false \"><div class=\"timeline-block-timeline ctl-row  position-right\"><div class=\"ctl-6 timeline-block-time\"><div class=\"story-time\"><p><strong>June 30, 2005<\/strong><\/p><\/div><\/div><div class=\"timeline-block-icon\"><svg stroke=\"currentColor\" fill=\"currentColor\" stroke-width=\"0\" viewBox=\"0 0 512 512\" height=\"1em\" width=\"1em\" xmlns=\"http:\/\/www.w3.org\/2000\/svg\"><path d=\"M256 8C119 8 8 119 8 256s111 248 248 248 248-111 248-248S393 8 256 8z\"><\/path><\/svg><\/div><div class=\"ctl-6 timeline-block-detail\"><div class=\"story-details\"><div class=\"story-content\">\n<h3 class=\"wp-block-heading ctlb-block-title\" style=\"padding-top:0px;padding-right:0px;padding-bottom:0px;padding-left:0px\">Suite alla convention internazionale di Toronto<\/h3>\n\n\n\n<p class=\"ctlb-block-desc\" style=\"padding-top:0px;padding-right:0px;padding-bottom:0px;padding-left:0px\">OIAA ha ospitato una suite alla 70\u00aa Convention Internazionale per l&#8217;Anniversario a Toronto, Ontario, Canada<\/p>\n<\/div><\/div><\/div><\/div><\/div><\/div>\n\n\n\n<div class=\"wp-block-cp-timeline-content-timeline-block-child swiper-slide\"><div class=\"timeline-content icon-false \"><div class=\"timeline-block-timeline ctl-row  position-left\"><div class=\"ctl-6 timeline-block-time\"><div class=\"story-time\"><p><strong>July 1, 2010<\/strong><\/p><\/div><\/div><div class=\"timeline-block-icon\"><svg stroke=\"currentColor\" fill=\"currentColor\" stroke-width=\"0\" viewBox=\"0 0 512 512\" height=\"1em\" width=\"1em\" xmlns=\"http:\/\/www.w3.org\/2000\/svg\"><path d=\"M256 8C119 8 8 119 8 256s111 248 248 248 248-111 248-248S393 8 256 8z\"><\/path><\/svg><\/div><div class=\"ctl-6 timeline-block-detail\"><div class=\"story-details\"><div class=\"story-content\">\n<h3 class=\"wp-block-heading ctlb-block-title\" style=\"padding-top:0px;padding-right:0px;padding-bottom:0px;padding-left:0px\">Suite alla convention internazionale di San Antonio<\/h3>\n\n\n\n<p class=\"ctlb-block-desc\" style=\"padding-top:0px;padding-right:0px;padding-bottom:0px;padding-left:0px\">OIAA ha ospitato una suite alla 75\u00aa Convention Internazionale per l&#8217;Anniversario a San Antonio, TX.<\/p>\n<\/div><\/div><\/div><\/div><\/div><\/div>\n\n\n\n<div class=\"wp-block-cp-timeline-content-timeline-block-child swiper-slide\"><div class=\"timeline-content icon-false \"><div class=\"timeline-block-timeline ctl-row  position-right\"><div class=\"ctl-6 timeline-block-time\"><div class=\"story-time\"><p><strong>July 2, 2015<\/strong><\/p><\/div><\/div><div class=\"timeline-block-icon\"><svg stroke=\"currentColor\" fill=\"currentColor\" stroke-width=\"0\" viewBox=\"0 0 512 512\" height=\"1em\" width=\"1em\" xmlns=\"http:\/\/www.w3.org\/2000\/svg\"><path d=\"M256 8C119 8 8 119 8 256s111 248 248 248 248-111 248-248S393 8 256 8z\"><\/path><\/svg><\/div><div class=\"ctl-6 timeline-block-detail\"><div class=\"story-details\"><div class=\"story-content\">\n<h3 class=\"wp-block-heading ctlb-block-title\" style=\"padding-top:0px;padding-right:0px;padding-bottom:0px;padding-left:0px\">Suite alla convention internazionale di Atlanta<\/h3>\n\n\n\n<p class=\"ctlb-block-desc\" style=\"padding-top:0px;padding-right:0px;padding-bottom:0px;padding-left:0px\">OIAA ha ospitato una suite alla 75\u00aa Convention Internazionale per l&#8217;Anniversario ad Atlanta, GA.<\/p>\n<\/div><\/div><\/div><\/div><\/div><\/div>\n\n\n\n<div class=\"wp-block-cp-timeline-content-timeline-block-child swiper-slide\"><div class=\"timeline-content icon-false \"><div class=\"timeline-block-timeline ctl-row  position-left\"><div class=\"ctl-6 timeline-block-time\"><div class=\"story-time\"><p><strong>January 1, 2022<\/strong><\/p><\/div><\/div><div class=\"timeline-block-icon\"><svg stroke=\"currentColor\" fill=\"currentColor\" stroke-width=\"0\" viewBox=\"0 0 512 512\" height=\"1em\" width=\"1em\" xmlns=\"http:\/\/www.w3.org\/2000\/svg\"><path d=\"M256 8C119 8 8 119 8 256s111 248 248 248 248-111 248-248S393 8 256 8z\"><\/path><\/svg><\/div><div class=\"ctl-6 timeline-block-detail\"><div class=\"story-details\"><div class=\"story-content\">\n<h3 class=\"wp-block-heading ctlb-block-title\" style=\"padding-top:0px;padding-right:0px;padding-bottom:0px;padding-left:0px\">OIAA registrata come organizzazione senza scopo di lucro<\/h3>\n\n\n\n<p class=\"ctlb-block-desc\" style=\"padding-top:0px;padding-right:0px;padding-bottom:0px;padding-left:0px\">Nel 2022 OIAA si \u00e8 registrata come organizzazione senza scopo di lucro nello stato del New Jersey.<\/p>\n<\/div><\/div><\/div><\/div><\/div><\/div>\n\n\n\n<div class=\"wp-block-cp-timeline-content-timeline-block-child swiper-slide\"><div class=\"timeline-content icon-false \"><div class=\"timeline-block-timeline ctl-row  position-right\"><div class=\"ctl-6 timeline-block-time\"><div class=\"story-time\"><p><strong>October 25, 2024<\/strong><\/p><\/div><\/div><div class=\"timeline-block-icon\"><svg stroke=\"currentColor\" fill=\"currentColor\" stroke-width=\"0\" viewBox=\"0 0 512 512\" height=\"1em\" width=\"1em\" xmlns=\"http:\/\/www.w3.org\/2000\/svg\"><path d=\"M256 8C119 8 8 119 8 256s111 248 248 248 248-111 248-248S393 8 256 8z\"><\/path><\/svg><\/div><div class=\"ctl-6 timeline-block-detail\"><div class=\"story-details\"><div class=\"story-content\">\n<h3 class=\"wp-block-heading ctlb-block-title\" style=\"padding-top:0px;padding-right:0px;padding-bottom:0px;padding-left:0px\">1\u00aa convention internazionale online di OIAA<\/h3>\n\n\n\n<p class=\"ctlb-block-desc\" style=\"padding-top:0px;padding-right:0px;padding-bottom:0px;padding-left:0px\">La prima Convention Internazionale Online annuale di OIAA si \u00e8 tenuta dal 25 al 27 ottobre 2024. Oltre 7.000 membri AA hanno partecipato da tutto il mondo.<br\/><a href=\"https:\/\/beta.aa-intergroup.org\/kerris-test-page\/\">Scopri di pi\u00f9\u2026<\/a><\/p>\n<\/div><\/div><\/div><\/div><\/div><\/div>\n<\/div><\/div><\/div><\/div>\n\n<div style=\"height:52px\" aria-hidden=\"true\" class=\"wp-block-spacer\"><\/div>\n\n<hr class=\"wp-block-separator has-alpha-channel-opacity\"\/>\n\n<h3 class=\"wp-block-heading has-text-align-center has-text-color has-link-color wp-elements-4b4f2f0cb353798a2f2d10804565d4bd\" style=\"color:#011a5c\">OIAA oggi<\/h3>\n        \n        <div class=\"embedpress-gutenberg-wrapper source-provider-Youtube aligncenter clear   ep-content-protection-disabled inline\" id=\"359c044b-800e-4f48-b60b-d0b5e61d0acf\" data-embed-type=\"Youtube \">\n            <div class=\"wp-block-embed__wrapper \">\n                <div id=\"ep-gutenberg-content-7df84edc76aecfbda1d7df2722da3cb3\" class=\"ep-gutenberg-content\">\n                    <div >\n                        <div class=\"ep-embed-content-wraper preset-default insta-grid ep-google-photos-carousel\"\n                                                                                                                >\n\n                            <div class=\"ose-youtube ose-uid-22ab836592b202066c66a22759bb341b ose-embedpress-responsive\" style=\"width:600px; height:340px; max-height:340px; max-width:100%; display:inline-block;\"><iframe allowfullscreen title=\"What is OIAA?\" width=\"600\" height=\"340\" src=\"https:\/\/www.youtube.com\/embed\/PZIB3TfAHXU?feature=oembed&#038;color=red&#038;rel=1&#038;controls=2&#038;start=true&#038;end=true&#038;fs=1&#038;iv_load_policy=1&#038;mute=1&#038;modestbranding=0&#038;playsinline=1&#038;autoplay=0&#038;cc_load_policy=0\" frameborder=\"0\" allow=\"accelerometer; encrypted-media;accelerometer;autoplay;clipboard-write;gyroscope;picture-in-picture clipboard-write; encrypted-media; gyroscope; picture-in-picture; web-share\" referrerpolicy=\"strict-origin-when-cross-origin\" loading=lazy><\/iframe><\/div>                        <\/div>\n\n                                            <\/div>\n                <\/div>\n            <\/div>\n        <\/div>\n    \n\n\n\n    <meta charset=\"UTF-8\"\/>\n    <meta name=\"viewport\" content=\"width=device-width, initial-scale=1.0\"\/>\n    <title>Torna su<\/title>\n    <style>\n        #return-to-top {\n            position: fixed;\n            bottom: 20px;\n            right: 20px;\n            background-color: #007bff;\n            color: white;\n            padding: 10px 15px;\n            border-radius: 5px;\n            text-decoration: none;\n            font-size: 14px;\n            box-shadow: 0px 4px 6px rgba(0, 0, 0, 0.1);\n        }\n\n        #return-to-top:hover {\n            background-color: #0056b3;\n        }\n    <\/style>\n\n\n    <div style=\"height: 2000px;\">\n        <p><\/p>\n    <\/div>\n\n    <a href=\"#top\" id=\"return-to-top\">Torna su<\/a>\n\n    <script>\n        const returnToTopButton = document.createElement('a');\n        returnToTopButton.id = \"top\";\n        document.body.prepend(returnToTopButton);\n    <\/script>\n\n\n","protected":false},"excerpt":{"rendered":"<p>Un inizio promettente&#8230; Nel 1994, i membri online della Fratellanza degli Alcolisti Anonimi iniziarono ad attendere con impazienza di partecipare alla Convenzione Internazionale di San Diego, tenutasi nel giugno 1995. Molti nella nostra comunit\u00e0 sentivano che sarebbe stata una grande opportunit\u00e0 incontrare di persona alcuni dei nostri compagni alcolisti, rafforzando ulteriormente le strette amicizie che<a class=\"excerpt-read-more\" href=\"https:\/\/beta.aa-intergroup.org\/it\/cronologia-della-storia-di-oiaa\/\" title=\"ReadCronologia della storia di OIAA\">&#8230; Read more &raquo;<\/a><\/p>\n","protected":false},"author":153,"featured_media":0,"parent":0,"menu_order":0,"comment_status":"closed","ping_status":"closed","template":"","meta":{"_acf_changed":false,"_eb_attr":"","footnotes":""},"class_list":["post-15634","page","type-page","status-publish","hentry"],"acf":[],"_links":{"self":[{"href":"https:\/\/beta.aa-intergroup.org\/it\/wp-json\/wp\/v2\/pages\/15634","targetHints":{"allow":["GET"]}}],"collection":[{"href":"https:\/\/beta.aa-intergroup.org\/it\/wp-json\/wp\/v2\/pages"}],"about":[{"href":"https:\/\/beta.aa-intergroup.org\/it\/wp-json\/wp\/v2\/types\/page"}],"author":[{"embeddable":true,"href":"https:\/\/beta.aa-intergroup.org\/it\/wp-json\/wp\/v2\/users\/153"}],"replies":[{"embeddable":true,"href":"https:\/\/beta.aa-intergroup.org\/it\/wp-json\/wp\/v2\/comments?post=15634"}],"version-history":[{"count":2,"href":"https:\/\/beta.aa-intergroup.org\/it\/wp-json\/wp\/v2\/pages\/15634\/revisions"}],"predecessor-version":[{"id":40662,"href":"https:\/\/beta.aa-intergroup.org\/it\/wp-json\/wp\/v2\/pages\/15634\/revisions\/40662"}],"wp:attachment":[{"href":"https:\/\/beta.aa-intergroup.org\/it\/wp-json\/wp\/v2\/media?parent=15634"}],"curies":[{"name":"wp","href":"https:\/\/api.w.org\/{rel}","templated":true}]}}