{"id":16896,"date":"2020-03-16T16:05:25","date_gmt":"2020-03-16T20:05:25","guid":{"rendered":"https:\/\/beta.aa-intergroup.org\/su-aa\/"},"modified":"2025-10-28T07:13:52","modified_gmt":"2025-10-28T11:13:52","slug":"su-aa","status":"publish","type":"page","link":"https:\/\/beta.aa-intergroup.org\/it\/su-aa\/","title":{"rendered":"Su AA"},"content":{"rendered":"\n<p>Alcolisti Anonimi \u00e8 una fratellanza di persone che condividono la propria esperienza, forza e speranza l&#8217;una con l&#8217;altra affinch\u00e9 possano risolvere il loro problema comune e aiutare gli altri a recuperare dall&#8217;alcolismo.<br\/><br\/>L&#8217;unico requisito per l&#8217;adesione ad AA \u00e8 il desiderio di smettere di bere. Non ci sono quote o tasse per l&#8217;adesione ad AA; ci sosteniamo economicamente tramite i nostri contributi. <br\/><br\/>AA non \u00e8 affiliata ad alcuna setta, denominazione, politica, organizzazione o istituzione; non desidera impegnarsi in alcuna controversia; n\u00e9 appoggia n\u00e9 si oppone ad alcuna causa.<br\/><br\/>Il nostro scopo primario \u00e8 rimanere sobri e aiutare altri alcolisti a raggiungere la sobriet\u00e0.<br\/><br\/><em>Copyright \u00a9 The AA Grapevine, Inc. Ristampato con permesso. <\/em><\/p>\n\n<h3 class=\"wp-block-heading\">Per chiunque sia nuovo in A.A.<br\/>Per chiunque indirizzi persone ad A.A.<\/h3>\n\n<p>Lo scopo primario di A.A. \u00e8 portare il suo messaggio di recupero all&#8217;alcolista che cerca aiuto. Quasi ogni trattamento per l&#8217;alcolismo cerca di aiutare l&#8217;alcolista a mantenere la sobriet\u00e0. Indipendentemente dalla strada che seguiamo, tutti ci dirigiamo verso la stessa destinazione: il recupero della persona alcolista. Insieme, possiamo fare ci\u00f2 che nessuno di noi potrebbe realizzare da solo. Possiamo servire come fonte di esperienza personale ed essere un sistema di supporto continuo per gli alcolisti in recupero.    <\/p>\n\n<h3 class=\"wp-block-heading\">Unicit\u00e0 di scopo e problemi diversi dall&#8217;alcol<\/h3>\n\n<p>Alcuni professionisti si riferiscono all&#8217;alcolismo e alla tossicodipendenza come \u201cabuso di sostanze\u201d o \u201cdipendenza chimica\u201d. I non alcolisti vengono, quindi, talvolta introdotti ad A.A. e incoraggiati a partecipare alle riunioni di A.A. Chiunque pu\u00f2 partecipare alle riunioni aperte di A.A., ma solo coloro che hanno un problema di alcol possono partecipare alle riunioni chiuse.  <\/p>\n\n<p>Un rinomato psichiatra, che ha servito come fiduciario non alcolista del Consiglio dei Servizi Generali di A.A., ha rilasciato la seguente dichiarazione: \u201cL&#8217;unicit\u00e0 di scopo \u00e8 essenziale per il trattamento efficace dell&#8217;alcolismo. La ragione di tale enfasi esagerata \u00e8 superare la negazione. La negazione associata all&#8217;alcolismo \u00e8 astuta, sconcertante e potente e colpisce il paziente, l&#8217;aiutante e la comunit\u00e0. A meno che l&#8217;alcolismo non sia mantenuto implacabilmente in primo piano, altre questioni usurperanno l&#8217;attenzione di tutti.\u201d<\/p>\n\n<h3 class=\"wp-block-heading\">Cosa fa A.A.?<\/h3>\n\n<ol class=\"wp-block-list\">\n<li>I membri di A.A. condividono la loro esperienza con chiunque cerchi aiuto per un problema di alcol; offrono un servizio personale o \u201csponsorizzazione\u201d all&#8217;alcolista che arriva ad A.A. da qualsiasi fonte.<\/li>\n\n\n\n<li>Il programma di A.A., esposto nei nostri Dodici Passi, offre all&#8217;alcolista un modo per sviluppare una vita soddisfacente senza alcol.<\/li>\n\n\n\n<li>Questo programma viene discusso durante le riunioni di gruppo di A.A.\n<ul class=\"wp-block-list\">\n<li>Riunioni aperte con oratore \u2014 aperte ad alcolisti e non alcolisti. (La partecipazione a una riunione aperta di A.A. \u00e8 il modo migliore per imparare cos&#8217;\u00e8 A.A., cosa fa e cosa non fa.) Durante le riunioni con oratore, i membri di A.A. \u201craccontano le loro storie\u201d. Descrivono le loro esperienze con l&#8217;alcol, come sono arrivati ad A.A. e come le loro vite sono cambiate grazie ad Alcolisti Anonimi.   <\/li>\n\n\n\n<li>Riunioni di discussione aperte \u2014 un membro parla brevemente della propria esperienza con l&#8217;alcol, e poi conduce una discussione sul recupero in A.A. o su qualsiasi problema legato all&#8217;alcol che venga sollevato. (Le riunioni chiuse sono per i membri di A.A. o per chiunque possa avere un problema di alcol.) <\/li>\n\n\n\n<li>Riunioni di discussione chiuse \u2014 condotte esattamente come le discussioni aperte, ma solo per alcolisti o futuri membri di A.A.<\/li>\n\n\n\n<li>Riunioni sui Passi (solitamente chiuse) \u2014 discussione di uno dei Dodici Passi.<\/li>\n\n\n\n<li>I membri di A.A. portano anche le riunioni nelle strutture correzionali e di trattamento.<\/li>\n\n\n\n<li>Ai membri di A.A. pu\u00f2 essere chiesto di condurre riunioni informative su A.A. come parte dei programmi A.S.A.P. (Alcohol Safety Action Project) e D.W.I. (Driving While Intoxicated). Queste riunioni su A.A. non sono riunioni di gruppo regolari di A.A. <\/li>\n<\/ul>\n<\/li>\n<\/ol>\n\n<h3 class=\"wp-block-heading\">Cosa non fa A.A.<\/h3>\n\n<p>A.A. non:<\/p>\n\n<ol class=\"wp-block-list\">\n<li>Fornire motivazione iniziale agli alcolisti per recuperare<\/li>\n\n\n\n<li>Sollecitare membri<\/li>\n\n\n\n<li>Impegnarsi o sponsorizzare ricerche<\/li>\n\n\n\n<li>Tenere registri di presenze o cartelle cliniche<\/li>\n\n\n\n<li>Unirsi a \u201cconsigli\u201d di agenzie sociali<\/li>\n\n\n\n<li>Seguire o cercare di controllare i propri membri<\/li>\n\n\n\n<li>Fare diagnosi o prognosi mediche o psicologiche<\/li>\n\n\n\n<li>Fornire servizi di disintossicazione o infermieristici, ospedalizzazione, farmaci o qualsiasi trattamento medico o psichiatrico<\/li>\n\n\n\n<li>Offrire servizi religiosi o ospitare\/sponsorizzare ritiri.<\/li>\n\n\n\n<li>Impegnarsi nell&#8217;educazione sull&#8217;alcol<\/li>\n\n\n\n<li>Fornire alloggio, cibo, vestiti, lavoro, denaro o qualsiasi altro servizio sociale o assistenziale<\/li>\n\n\n\n<li>Fornire consulenza domestica o professionale<\/li>\n\n\n\n<li>Accettare denaro per i suoi servizi o contributi da fonti non A.A.<\/li>\n\n\n\n<li>Fornire lettere di referenze a commissioni per la libert\u00e0 vigilata, avvocati, funzionari giudiziari, agenzie sociali, datori di lavoro, ecc.<\/li>\n<\/ol>\n","protected":false},"excerpt":{"rendered":"<p>Alcolisti Anonimi \u00e8 una fratellanza di persone che condividono la propria esperienza, forza e speranza l&#8217;una con l&#8217;altra affinch\u00e9 possano risolvere il loro problema comune e aiutare gli altri a recuperare dall&#8217;alcolismo. L&#8217;unico requisito per l&#8217;adesione ad AA \u00e8 il desiderio di smettere di bere. Non ci sono quote o tasse per l&#8217;adesione ad AA;<a class=\"excerpt-read-more\" href=\"https:\/\/beta.aa-intergroup.org\/it\/su-aa\/\" title=\"ReadSu AA\">&#8230; Read more &raquo;<\/a><\/p>\n","protected":false},"author":9,"featured_media":0,"parent":0,"menu_order":0,"comment_status":"closed","ping_status":"closed","template":"","meta":{"_acf_changed":false,"_eb_attr":"","footnotes":""},"class_list":["post-16896","page","type-page","status-publish","hentry"],"acf":[],"_links":{"self":[{"href":"https:\/\/beta.aa-intergroup.org\/it\/wp-json\/wp\/v2\/pages\/16896","targetHints":{"allow":["GET"]}}],"collection":[{"href":"https:\/\/beta.aa-intergroup.org\/it\/wp-json\/wp\/v2\/pages"}],"about":[{"href":"https:\/\/beta.aa-intergroup.org\/it\/wp-json\/wp\/v2\/types\/page"}],"author":[{"embeddable":true,"href":"https:\/\/beta.aa-intergroup.org\/it\/wp-json\/wp\/v2\/users\/9"}],"replies":[{"embeddable":true,"href":"https:\/\/beta.aa-intergroup.org\/it\/wp-json\/wp\/v2\/comments?post=16896"}],"version-history":[{"count":1,"href":"https:\/\/beta.aa-intergroup.org\/it\/wp-json\/wp\/v2\/pages\/16896\/revisions"}],"predecessor-version":[{"id":16898,"href":"https:\/\/beta.aa-intergroup.org\/it\/wp-json\/wp\/v2\/pages\/16896\/revisions\/16898"}],"wp:attachment":[{"href":"https:\/\/beta.aa-intergroup.org\/it\/wp-json\/wp\/v2\/media?parent=16896"}],"curies":[{"name":"wp","href":"https:\/\/api.w.org\/{rel}","templated":true}]}}