{"id":16958,"date":"2023-03-01T05:58:24","date_gmt":"2023-03-01T10:58:24","guid":{"rendered":"https:\/\/beta.aa-intergroup.org\/assemblea-oiaa-10-settembre-2022\/"},"modified":"2025-10-28T07:14:42","modified_gmt":"2025-10-28T11:14:42","slug":"assemblea-oiaa-10-settembre-2022","status":"publish","type":"page","link":"https:\/\/beta.aa-intergroup.org\/it\/assemblea-oiaa-10-settembre-2022\/","title":{"rendered":"Assemblea OIAA 10 settembre 2022"},"content":{"rendered":"\n<h5 class=\"wp-block-heading\"><strong>Pagina archivio per l&#8217;assemblea OIAA del 10 settembre 2022<\/strong><\/h5>\n\n<div style=\"height:50px\" aria-hidden=\"true\" class=\"wp-block-spacer\"><\/div>\n\n<p class=\"has-text-align-left\">L&#8217;intergruppo online degli alcolisti anonimi <br\/>costruire la fratellanza: sempre, ovunque \u2013 per tutti<\/p>\n\n<p>In questo momento storico nella storia dell&#8217;OIAA, con l&#8217;adozione dello statuto rivisto, \u00e8 nostro dovere fermarci e riconoscere con gratitudine i nostri fondatori visionari, i gruppi di membri pionieri e ogni volontario il cui servizio ci ha portato a questo momento. Dalla met\u00e0 degli anni &#8217;90, quando l&#8217;OIAA ha iniziato a servire i gruppi AA online, molto \u00e8 cambiato. Tuttavia, il filo conduttore che ci lega al nostro passato e ci proietta nel futuro non \u00e8 cambiato: l&#8217;OIAA aiuta i suoi gruppi membri nel loro scopo comune di portare il messaggio AA all&#8217;alcolista che ancora soffre. Grazie per esserti unito a noi in questo sforzo!   <br\/> <br\/>Come risultato dell&#8217;adozione dello statuto rivisto con voto unanime alla nostra assemblea di settembre 2022, l&#8217;OIAA condurr\u00e0 ora le attivit\u00e0 in tempo reale. In questo modo, tutti i partecipanti potranno vedere, ascoltare e partecipare alla discussione. Questo \u00e8 stato un obiettivo enorme del nostro impegno di servizio negli ultimi quattro anni, e tu ci hai aiutato a completare questo importante lavoro. Siamo grati per la tua partecipazione e il tuo entusiastico sostegno!! GRAZIE!    <\/p>\n\n<p>Ma il lavoro continua per aiutare i nostri gruppi membri nel loro scopo comune di portare il messaggio all&#8217;alcolista che ancora soffre. Abbiamo un posto per te nel servizio. Unisciti a noi nel nostro percorso.<br\/> <br\/>Con amore e servizio,<br\/> <br\/>Gwen M<br\/>Presidente OIAA \u201921-\u201822  <\/p>\n\n<ul class=\"wp-block-list\">\n<li><a href=\"https:\/\/beta.aa-intergroup.org\/documents\/oiaa-bylaws\/\">Statuto OIAA <\/a><\/li>\n<\/ul>\n\n<ul class=\"wp-block-list\">\n<li><a href=\"https:\/\/beta.aa-intergroup.org\/documents\/minutes-from-the-oiaa-september-10-2022-assembly\/\">Verbale dell&#8217;assemblea OIAA del 10 settembre 2022.<\/a><\/li>\n<\/ul>\n","protected":false},"excerpt":{"rendered":"<p>Pagina archivio per l&#8217;assemblea OIAA del 10 settembre 2022 L&#8217;intergruppo online degli alcolisti anonimi costruire la fratellanza: sempre, ovunque \u2013 per tutti In questo momento storico nella storia dell&#8217;OIAA, con l&#8217;adozione dello statuto rivisto, \u00e8 nostro dovere fermarci e riconoscere con gratitudine i nostri fondatori visionari, i gruppi di membri pionieri e ogni volontario il<a class=\"excerpt-read-more\" href=\"https:\/\/beta.aa-intergroup.org\/it\/assemblea-oiaa-10-settembre-2022\/\" title=\"ReadAssemblea OIAA 10 settembre 2022\">&#8230; Read more &raquo;<\/a><\/p>\n","protected":false},"author":18,"featured_media":0,"parent":0,"menu_order":0,"comment_status":"closed","ping_status":"closed","template":"","meta":{"_acf_changed":false,"_eb_attr":"","footnotes":""},"class_list":["post-16958","page","type-page","status-publish","hentry"],"acf":[],"_links":{"self":[{"href":"https:\/\/beta.aa-intergroup.org\/it\/wp-json\/wp\/v2\/pages\/16958","targetHints":{"allow":["GET"]}}],"collection":[{"href":"https:\/\/beta.aa-intergroup.org\/it\/wp-json\/wp\/v2\/pages"}],"about":[{"href":"https:\/\/beta.aa-intergroup.org\/it\/wp-json\/wp\/v2\/types\/page"}],"author":[{"embeddable":true,"href":"https:\/\/beta.aa-intergroup.org\/it\/wp-json\/wp\/v2\/users\/18"}],"replies":[{"embeddable":true,"href":"https:\/\/beta.aa-intergroup.org\/it\/wp-json\/wp\/v2\/comments?post=16958"}],"version-history":[{"count":1,"href":"https:\/\/beta.aa-intergroup.org\/it\/wp-json\/wp\/v2\/pages\/16958\/revisions"}],"predecessor-version":[{"id":16959,"href":"https:\/\/beta.aa-intergroup.org\/it\/wp-json\/wp\/v2\/pages\/16958\/revisions\/16959"}],"wp:attachment":[{"href":"https:\/\/beta.aa-intergroup.org\/it\/wp-json\/wp\/v2\/media?parent=16958"}],"curies":[{"name":"wp","href":"https:\/\/api.w.org\/{rel}","templated":true}]}}