{"id":17112,"date":"2023-10-01T16:06:54","date_gmt":"2023-10-01T20:06:54","guid":{"rendered":"https:\/\/beta.aa-intergroup.org\/assemblea-oiaa-16-dicembre-2023\/"},"modified":"2025-10-28T07:18:11","modified_gmt":"2025-10-28T11:18:11","slug":"assemblea-oiaa-16-dicembre-2023","status":"publish","type":"page","link":"https:\/\/beta.aa-intergroup.org\/it\/assemblea-oiaa-16-dicembre-2023\/","title":{"rendered":"Assemblea OIAA 16 dicembre 2023"},"content":{"rendered":"\n<div style=\"height:20px\" aria-hidden=\"true\" class=\"wp-block-spacer\"><\/div>\n\n<p><strong>Questa \u00e8 la pagina dell&#8217;archivio per l&#8217;Assemblea del 6 dicembre.<\/strong><\/p>\n\n<div style=\"height:30px\" aria-hidden=\"true\" class=\"wp-block-spacer\"><\/div>\n\n<h4 class=\"wp-block-heading\">Annuncio dell&#8217;Assemblea<\/h4>\n\n<ul class=\"wp-block-list\">\n<li><a href=\"https:\/\/beta.aa-intergroup.org\/documents\/assembly-announcement-16-december-2023\/\">Annuncio dell&#8217;Assemblea<\/a> Da tradurre e\/o stampare per i vostri gruppi.<\/li>\n\n\n\n<li>Copia questo messaggio e link nella chat della tua riunione online per annunciare l&#8217;elezione.\n<ul class=\"wp-block-list\">\n<li>Riunione dell&#8217;assemblea generale: 16 dicembre 2023.<br\/> <a href=\"https:\/\/beta.aa-intergroup.org\/it\/assemblea-oiaa-16-marzo-2024\/\">https:\/\/beta.aa-intergroup.org\/oiaa-assembly-16-march-2024\/<\/a><\/li>\n<\/ul>\n<\/li>\n<\/ul>\n\n<h4 class=\"wp-block-heading\" id=\"assembly-agenda\">Ordine del giorno dell&#8217;Assemblea<\/h4>\n\n<ul class=\"wp-block-list\">\n<li><a href=\"https:\/\/beta.aa-intergroup.org\/documents\/oiaa-assembly-16-december-2023-agenda\/\">L&#8217;ordine del giorno dell&#8217;assemblea OIAA 2023<\/a>.<\/li>\n\n\n\n<li><a href=\"https:\/\/beta.aa-intergroup.org\/board-updates\/chair-report-dec-2023\/\">Rapporto del Presidente<\/a>.<\/li>\n\n\n\n<li>Minutes from the OIAA 16 September, 2023 Assembly&nbsp;were approved by the Assembly. \n<ul class=\"wp-block-list\">\n<li><a href=\"https:\/\/beta.aa-intergroup.org\/documents\/minutes-from-the-oiaa-16-september-2023-assembly\/\">Si prega di leggere e rivedere prima dell&#8217;assemblea.<\/a><\/li>\n<\/ul>\n<\/li>\n<\/ul>\n\n<h4 class=\"wp-block-heading\">Elezione dei funzionari OIAA<\/h4>\n\n<p>Incoraggiamo tutti coloro che sono qualificati a candidarsi. Le posizioni di funzionario per le quali si terranno le elezioni sono: <strong>Presidente, Vicepresidente e Tesoriere<\/strong>. Si prega di inviare i curriculum per queste posizioni a <strong><strong>OIAA.Board@aa-intergroup.org<\/strong><\/strong> entro il 1\u00b0 novembre.   <\/p>\n\n<p>Chiunque abbia ricoperto una posizione di servizio nell&#8217;OIAA \u00e8 idoneo a ricoprire la carica di Funzionario dell&#8217;Intergruppo. Nessuna persona pu\u00f2 ricoprire pi\u00f9 di una carica nell&#8217;Intergruppo contemporaneamente, n\u00e9 alcun Funzionario pu\u00f2 ricoprire contemporaneamente la carica di Sostituto. Nessun funzionario pu\u00f2 ricoprire contemporaneamente la carica di IGR. Tutti i Funzionari devono avere almeno diciotto (18) anni di et\u00e0.   <\/p>\n\n<ul class=\"wp-block-list\">\n<li><a href=\"https:\/\/beta.aa-intergroup.org\/documents\/descriptions-qualifications-2023\/\">Descrizioni, idoneit\u00e0 e qualifiche<\/a>.<\/li>\n\n\n\n<li><a href=\"https:\/\/beta.aa-intergroup.org\/documents\/resume-presentation-page\/\">Schema per la presentazione del curriculum<\/a>. <\/li>\n<\/ul>\n\n<h4 class=\"wp-block-heading\">Elezione del fiduciario internazionale e del fiduciario generale<\/h4>\n\n<p>Il Consiglio ha creato due nuove posizioni di fiduciario non funzionario: Fiduciario Internazionale e Fiduciario Generale. Si prega di inviare i curriculum per queste posizioni a <strong><strong>OIAA.Board@aa-intergroup.org<\/strong><\/strong> entro il 1\u00b0 novembre.  <\/p>\n\n<ul class=\"wp-block-list\">\n<li><a href=\"https:\/\/beta.aa-intergroup.org\/documents\/descriptions-eligibility-qualifications-2023international-trustee-and-trustee-at-large\/\">Descrizioni, idoneit\u00e0 e qualifiche<\/a>.<\/li>\n\n\n\n<li><a href=\"https:\/\/beta.aa-intergroup.org\/documents\/resume-presentation-page\/\">Schema per la presentazione del curriculum<\/a>.<\/li>\n<\/ul>\n\n<p><\/p>\n\n<h4 class=\"wp-block-heading\">Procedura elettorale<\/h4>\n\n<p>I Membri votanti eleggeranno i funzionari candidati all&#8217;elezione.<\/p>\n\n<ul class=\"wp-block-list\">\n<li><a href=\"https:\/\/beta.aa-intergroup.org\/documents\/third-legacy-pdfs\/\">La procedura della terza eredit\u00e0<\/a>.<\/li>\n\n\n\n<li><a href=\"https:\/\/beta.aa-intergroup.org\/documents\/assembly-procedures\/\">Procedure dell&#8217;Assemblea.<\/a><\/li>\n\n\n\n<li><a href=\"https:\/\/beta.aa-intergroup.org\/documents\/summary-of-motion-procedures-to-be-used-at-the-assembly\/\">Riepilogo delle mozioni<\/a>.<\/li>\n\n\n\n<li><a href=\"https:\/\/beta.aa-intergroup.org\/documents\/oiaa-bylaws\/\">Statuto<\/a>.<\/li>\n<\/ul>\n\n<h4 class=\"wp-block-heading\" id=\"budget\">Bilancio 2024 <\/h4>\n\n<ul class=\"wp-block-list\">\n<li>Il Bilancio Operativo OIAA 2024 \u00e8 stato approvato dall&#8217;Assemblea. \n<ul class=\"wp-block-list\">\n<li><a href=\"https:\/\/beta.aa-intergroup.org\/documents\/2024-budget-compared-with-2023-notes\/\">Bilancio 2024 confrontato con il 2023 con note.<\/a><\/li>\n\n\n\n<li><a href=\"https:\/\/beta.aa-intergroup.org\/documents\/2024-oiaa-budget\/\">Bilancio operativo OIAA 2024<\/a>.<\/li>\n<\/ul>\n<\/li>\n\n\n\n<li>Non ci sar\u00e0 tempo per presentare i rendiconti finanziari di novembre all&#8217;Assemblea, ma sono sulla <a href=\"https:\/\/beta.aa-intergroup.org\/ja\/committees\/%e8%b2%a1%e5%8b%99\/\">pagina del comitato finanziario<\/a> e collegati di seguito per essere riportati ai vostri gruppi.\n<ul class=\"wp-block-list\">\n<li><a href=\"https:\/\/beta.aa-intergroup.org\/committee-updates\/update-for-finance-nov-2023-4\/\">Varianza di bilancio per novembre 2023<\/a>.<\/li>\n\n\n\n<li><a href=\"https:\/\/beta.aa-intergroup.org\/committee-updates\/update-for-finance-nov-2023-3\/\">Contributi dei gruppi per novembre 2023<\/a>.<\/li>\n\n\n\n<li><a href=\"https:\/\/beta.aa-intergroup.org\/committee-updates\/update-for-finance-nov-2023-2\/\">Stato patrimoniale per novembre 2023<\/a>.<\/li>\n<\/ul>\n<\/li>\n<\/ul>\n\n<p><\/p>\n","protected":false},"excerpt":{"rendered":"<p>Questa \u00e8 la pagina dell&#8217;archivio per l&#8217;Assemblea del 6 dicembre. Annuncio dell&#8217;Assemblea Ordine del giorno dell&#8217;Assemblea Elezione dei funzionari OIAA Incoraggiamo tutti coloro che sono qualificati a candidarsi. Le posizioni di funzionario per le quali si terranno le elezioni sono: Presidente, Vicepresidente e Tesoriere. Si prega di inviare i curriculum per queste posizioni a OIAA.Board@aa-intergroup.org<a class=\"excerpt-read-more\" href=\"https:\/\/beta.aa-intergroup.org\/it\/assemblea-oiaa-16-dicembre-2023\/\" title=\"ReadAssemblea OIAA 16 dicembre 2023\">&#8230; Read more &raquo;<\/a><\/p>\n","protected":false},"author":18,"featured_media":0,"parent":0,"menu_order":0,"comment_status":"closed","ping_status":"closed","template":"","meta":{"_acf_changed":false,"_eb_attr":"","footnotes":""},"class_list":["post-17112","page","type-page","status-publish","hentry"],"acf":[],"_links":{"self":[{"href":"https:\/\/beta.aa-intergroup.org\/it\/wp-json\/wp\/v2\/pages\/17112","targetHints":{"allow":["GET"]}}],"collection":[{"href":"https:\/\/beta.aa-intergroup.org\/it\/wp-json\/wp\/v2\/pages"}],"about":[{"href":"https:\/\/beta.aa-intergroup.org\/it\/wp-json\/wp\/v2\/types\/page"}],"author":[{"embeddable":true,"href":"https:\/\/beta.aa-intergroup.org\/it\/wp-json\/wp\/v2\/users\/18"}],"replies":[{"embeddable":true,"href":"https:\/\/beta.aa-intergroup.org\/it\/wp-json\/wp\/v2\/comments?post=17112"}],"version-history":[{"count":1,"href":"https:\/\/beta.aa-intergroup.org\/it\/wp-json\/wp\/v2\/pages\/17112\/revisions"}],"predecessor-version":[{"id":17113,"href":"https:\/\/beta.aa-intergroup.org\/it\/wp-json\/wp\/v2\/pages\/17112\/revisions\/17113"}],"wp:attachment":[{"href":"https:\/\/beta.aa-intergroup.org\/it\/wp-json\/wp\/v2\/media?parent=17112"}],"curies":[{"name":"wp","href":"https:\/\/api.w.org\/{rel}","templated":true}]}}