{"id":17449,"date":"2024-11-23T22:52:55","date_gmt":"2024-11-24T03:52:55","guid":{"rendered":"https:\/\/beta.aa-intergroup.org\/dichiarazione-di-scopo-e-obiettivi-originali-di-oiaa\/"},"modified":"2025-10-28T07:39:31","modified_gmt":"2025-10-28T11:39:31","slug":"dichiarazione-di-scopo-e-obiettivi-originali-di-oiaa","status":"publish","type":"page","link":"https:\/\/beta.aa-intergroup.org\/it\/dichiarazione-di-scopo-e-obiettivi-originali-di-oiaa\/","title":{"rendered":"Dichiarazione di scopo e obiettivi originali di OIAA"},"content":{"rendered":"\n<p>&#8211;<strong>&#8212; Questa Dichiarazione fa parte della storia di OIAA. \u00c8 stata scritta a met\u00e0 degli anni &#8217;90 &#8212;-<\/strong><\/p>\n\n<p>Il fenomeno della nuova tecnologia di computer, modem, World Wide Web e comunicazione Internet ha dato vita a un nuovo mezzo di scambio attraverso il quale gli alcolisti potevano interagire con altri alcolisti. Negli ultimi anni, sono sorti molti nuovi incontri online che, non avendo confini geografici, non erano in grado di adattarsi alle strutture di servizio dei soliti incontri faccia a faccia (f2f) di A.A.. Da ci\u00f2 \u00e8 cresciuta la consapevolezza da parte di molti gruppi online che era necessaria una qualche forma di gruppo di servizio per assistere e facilitare la comunicazione e il coordinamento dell&#8217;ambiente A.A. del cyberspazio. Mentre la struttura di servizio ufficiale di A.A. sta cercando di sviluppare una strategia per includere gli incontri online all&#8217;interno di tale struttura, l&#8217;Intergruppo Online degli Alcolisti Anonimi (OIAA) \u00e8 stato formato per fornire servizi tipici degli Intergruppi o degli Uffici Centrali degli incontri faccia a faccia. Mentre la maggior parte degli Intergruppi serve specifiche regioni geografiche, OIAA \u00e8 stata istituita per servire il cyberspazio.    <\/p>\n\n<p>Lo scopo primario di tutti i gruppi di Alcolisti Anonimi \u00e8 portare il suo messaggio all&#8217;alcolista che ancora soffre. Da questo scopo, OIAA si \u00e8 impegnata ad assistere i gruppi membri in diversi modi, la maggior parte dei quali sono specificamente legati al mezzo del cyberspazio. Poich\u00e9 il recupero personale dipende dall&#8217;unit\u00e0 di A.A., noi di OIAA siamo dedicati ad assistere e facilitare la migliore unit\u00e0 di servizio possibile a e per A.A. nel cyberspazio. Comunicazione e informazione sono due ingredienti essenziali per stabilire e mantenere l&#8217;unit\u00e0; pertanto, OIAA \u00e8 obbligata a fornire un forum centrale per la diffusione di informazioni sulla e per la comunit\u00e0 online di A.A. e A.A. nel suo complesso.   <\/p>\n\n<p>OIAA attualmente fornisce informazioni in diversi modi, e speriamo di svilupparne ancora di pi\u00f9 in futuro. Un modo in cui OIAA diffonde informazioni \u00e8 lo sviluppo e la manutenzione delle Directory degli Incontri del World Wide Web che include incontri e gruppi via email, nonch\u00e9 incontri e gruppi in tempo reale (chat). Un altro veicolo di comunicazione \u00e8 il Comitato di Unit\u00e0 di OIAA, che \u00e8 incaricato della comunicazione con altri organismi di servizio di A.A., come distretti locali, intergruppi, aree, regioni, AAWS, GSO-NY e GSO-UK. Una terza forma di comunicazione \u00e8 il Comitato di Informazione Pubblica di OIAA, che risponde alle esigenze a livello pubblico e facilita la consapevolezza e la comprensione pubblica degli Alcolisti Anonimi attraverso Internet, i mezzi di informazione, il contatto personale o funzioni pubbliche non-AA tramite letteratura approvata dalla conferenza, relatori o corrispondenza e in conformit\u00e0 con i 12 Passi, le 12 Tradizioni e i 12 Concetti degli Alcolisti Anonimi.   <\/p>\n\n<p>OIAA \u00e8 anche in procinto di sviluppare linee guida per assistere i suoi gruppi membri, i futuri gruppi, altri intergruppi, gli incontri f2f, i distretti, le aree e i GSO, e AAWS con i dettagli dell&#8217;esperienza online. Questo potrebbe tradursi nella pubblicazione online di articoli di servizio pratici su come stabilire gruppi online, o affrontare le tradizioni nel cyberspazio, o una serie di altre questioni pratiche (come la creazione di pagine web, ecc.). <\/p>\n\n<p>Un&#8217;altra priorit\u00e0 per OIAA \u00e8 lo sviluppo di progetti congiunti per i suoi gruppi membri. Questi includerebbero la garanzia di una presenza ai Convegni Internazionali, ai convegni locali e ai raduni, e dimostrazioni di come funziona A.A. online. OIAA stessa \u00e8 nata da un progetto simile al Convegno Internazionale del 1995 a San Diego. Speriamo di garantire una tale presenza a molti convegni in futuro.   <\/p>\n\n<p>Il fenomeno online \u00e8 relativamente nuovo, ma l&#8217;adesione ai gruppi online \u00e8 cresciuta enormemente di recente, man mano che la notizia della sua esistenza raggiunge i membri di A.A. in tutto il mondo. Ci aspettiamo che questa tendenza continui e speriamo che OIAA sar\u00e0 in grado di fornire alla comunit\u00e0 del cyberspazio il tipo di servizi che tale adesione richieder\u00e0. \u00c8 un&#8217;esperienza entusiasmante e una che tutti noi di OIAA siamo dedicati a fornire secondo i principi dei passi, delle tradizioni e dei concetti di A.A. <\/p>\n\n<div class=\"wp-block-essential-blocks-button root-eb-button-zva29\"><div class=\"eb-parent-wrapper eb-parent-eb-button-zva29 \"><div class=\"eb-button-wrapper eb-button-alignment eb-button-zva29\"><div class=\"eb-button\"><div class=\"eb-button-inner-wrapper \"><a class=\"eb-button-anchor \" href=\"https:\/\/beta.aa-intergroup.org\/it\/cronologia-della-storia-di-oiaa\/\" rel=\"noopener\"><i icon=\"fas fa-chevron-left\" class=\"fas fa-chevron-left eb-button-icon eb-button-icon-left hvr-icon\"><\/i>Torna alla cronologia della storia di OIAA<\/a><\/div><\/div><\/div><\/div><\/div>\n","protected":false},"excerpt":{"rendered":"<p>&#8211;&#8212; Questa Dichiarazione fa parte della storia di OIAA. \u00c8 stata scritta a met\u00e0 degli anni &#8217;90 &#8212;- Il fenomeno della nuova tecnologia di computer, modem, World Wide Web e comunicazione Internet ha dato vita a un nuovo mezzo di scambio attraverso il quale gli alcolisti potevano interagire con altri alcolisti. Negli ultimi anni, sono<a class=\"excerpt-read-more\" href=\"https:\/\/beta.aa-intergroup.org\/it\/dichiarazione-di-scopo-e-obiettivi-originali-di-oiaa\/\" title=\"ReadDichiarazione di scopo e obiettivi originali di OIAA\">&#8230; Read more &raquo;<\/a><\/p>\n","protected":false},"author":153,"featured_media":0,"parent":0,"menu_order":0,"comment_status":"closed","ping_status":"closed","template":"","meta":{"_acf_changed":false,"_eb_attr":"","footnotes":""},"class_list":["post-17449","page","type-page","status-publish","hentry"],"acf":[],"_links":{"self":[{"href":"https:\/\/beta.aa-intergroup.org\/it\/wp-json\/wp\/v2\/pages\/17449","targetHints":{"allow":["GET"]}}],"collection":[{"href":"https:\/\/beta.aa-intergroup.org\/it\/wp-json\/wp\/v2\/pages"}],"about":[{"href":"https:\/\/beta.aa-intergroup.org\/it\/wp-json\/wp\/v2\/types\/page"}],"author":[{"embeddable":true,"href":"https:\/\/beta.aa-intergroup.org\/it\/wp-json\/wp\/v2\/users\/153"}],"replies":[{"embeddable":true,"href":"https:\/\/beta.aa-intergroup.org\/it\/wp-json\/wp\/v2\/comments?post=17449"}],"version-history":[{"count":1,"href":"https:\/\/beta.aa-intergroup.org\/it\/wp-json\/wp\/v2\/pages\/17449\/revisions"}],"predecessor-version":[{"id":17451,"href":"https:\/\/beta.aa-intergroup.org\/it\/wp-json\/wp\/v2\/pages\/17449\/revisions\/17451"}],"wp:attachment":[{"href":"https:\/\/beta.aa-intergroup.org\/it\/wp-json\/wp\/v2\/media?parent=17449"}],"curies":[{"name":"wp","href":"https:\/\/api.w.org\/{rel}","templated":true}]}}