{"id":17462,"date":"2020-03-10T23:54:03","date_gmt":"2020-03-11T03:54:03","guid":{"rendered":"https:\/\/beta.aa-intergroup.org\/anonimato\/"},"modified":"2025-10-28T07:39:31","modified_gmt":"2025-10-28T11:39:31","slug":"anonimato","status":"publish","type":"page","link":"https:\/\/beta.aa-intergroup.org\/it\/anonimato\/","title":{"rendered":"Anonimato"},"content":{"rendered":"<blockquote>\n<p>La nostra politica sulle pubbliche relazioni si basa sull&#8217;attrazione piuttosto che sulla promozione; dobbiamo sempre mantenere l&#8217;anonimato personale a livello di stampa, radio, [TV] e film.<\/p>\n<p>Pertanto, chiediamo rispettosamente che nessun oratore di AA \u2013 o, in effetti, nessun membro di AA \u2013 sia identificato con il nome completo in resoconti pubblicati o trasmessi delle nostre riunioni. ..<\/p>\n<p>La garanzia dell&#8217;anonimato \u00e8 essenziale nel nostro sforzo per aiutare altri alcolisti problematici che potrebbero desiderare di condividere il nostro programma di recupero con noi. E la nostra Tradizione dell&#8217;anonimato ci ricorda che i principi di AA vengono prima delle personalit\u00e0. <\/p>\n<p><em>Copyright A.A. World Services, Inc. Ristampato con permesso. <\/em><\/p>\n<\/blockquote>\n<h3> <\/h3>\n<h3 class=\"txtBig\">OIAA e anonimato a livello pubblico (04.13.25)<\/h3>\n<p><strong>Introduzione<\/strong><\/p>\n<p>Alcolisti Anonimi ha una lunga tradizione di promozione dell&#8217;anonimato, come delineato nelle 12 Tradizioni. Questo principio di anonimato funge da fondamento per mantenere un senso di uguaglianza e sicurezza, oltre a permetterci di concentrarci sullo scopo primario del recupero. Come ben sappiamo, con la crescita delle riunioni online e delle interazioni sulle piattaforme di social media e sui siti web, \u00e8 imperativo che affrontiamo come questi principi spirituali suggeriti possano essere riconosciuti negli spazi digitali.  <\/p>\n<p>Questo documento programmatico cerca di delineare alcune linee guida per mantenere l&#8217;anonimato personale dei membri di AA, compresi quelli deceduti, nel mondo online. Il mondo digitale di oggi ha introdotto questioni complesse riguardanti la privacy e l&#8217;anonimato. Il nostro obiettivo \u00e8 garantire che i principi di AA siano riconosciuti, senza essere personalmente punitivi per coloro che la pensano diversamente su queste questioni.  <\/p>\n<p><strong>Sfondo<\/strong><\/p>\n<p>AA ha funzionato secondo il principio guida dell&#8217;anonimato, garantendo che le identit\u00e0 dei membri rimangano riservate e protette.<\/p>\n<p>Nel pamphlet di AA, \u201cComprendere l&#8217;anonimato\u201d, si osserva che l&#8217;anonimato svolge due funzioni diverse ma vitali. La prima \u00e8 a livello personale, \u201cl&#8217;anonimato fornisce protezione a tutti i membri dall&#8217;identificazione come alcolisti, una salvaguardia spesso di speciale importanza per i nuovi arrivati\u201d. La seconda funzione notata \u00e8 che a livello di stampa, radio, TV, film e altre tecnologie mediatiche come Internet, \u201cl&#8217;anonimato sottolinea l&#8217;uguaglianza nella Fratellanza di tutti i membri mettendo un freno a coloro che potrebbero altrimenti sfruttare la loro affiliazione ad AA per ottenere riconoscimento, potere o guadagno personale\u201d.  <\/p>\n<p>Man mano che la fratellanza si sposta negli spazi online, specialmente attraverso le riunioni online, la necessit\u00e0 di affrontare l&#8217;anonimato diventa ancora pi\u00f9 cruciale. I siti web e le piattaforme di social media possono facilmente offuscare i confini dell&#8217;anonimato. La questione delle identit\u00e0 dei membri deceduti presenta una questione delicata per quanto riguarda la privacy e la riservatezza sia dei membri viventi che di quelli deceduti. Tuttavia, si osserva che l&#8217;anonimato postumo di un membro di A.A. rimane alla famiglia.   <\/p>\n<p>All&#8217;AA World Service Meeting del 2004, un forum internazionale che si tiene ogni due anni di delegati AA provenienti da tutto il mondo, tenutosi a New York, si sono tenuti workshop sui nuovi media e le Tradizioni. \u00c8 stata posta la domanda: \u201cPoich\u00e9 l&#8217;anonimato \u00e8 il &#8216;fondamento spirituale di tutte le nostre Tradizioni&#8217;, il vostro paese utilizza le stesse salvaguardie sui siti web di A.A. che vengono utilizzate a livello di stampa, radio e film?\u201d La risposta \u00e8 stata: \u201c\u00c8 stato generalmente concordato che le stesse salvaguardie sono in atto per i siti web di A.A. come altri media\u201d. Questo \u00e8 un aspetto importante da considerare quando si affrontano queste questioni poich\u00e9 il \u201cgeneralmente concordato\u201d indica che non tutti interpretano questo principio di anonimato allo stesso modo in tutto il mondo. Sebbene questo World Service Meeting si sia svolto pi\u00f9 di 20 anni fa, rimane ancora rilevante per questa discussione. La meravigliosa diversit\u00e0 e partecipazione di pi\u00f9 paesi e le loro strutture autonome di A.A. \u00e8 ci\u00f2 che rende questa organizzazione stimolante e diversa da qualsiasi altra. La nostra esperienza collettiva mondiale ispira i membri di tutto il mondo a trovare Alcolisti Anonimi.      <\/p>\n<p>Questo consiglio e la nostra adesione non dovrebbero voler assumere il ruolo di applicazione o di dispensare punizioni punitive. Il Concetto Dodici che le nostre azioni non siano mai personalmente punitive o un incitamento alla controversia pubblica. La Tradizione Uno osserva \u201cil nostro benessere comune\u201d. La Tradizione Due ci ricorda di \u201cun Dio amorevole come Lui pu\u00f2 esprimersi nella coscienza del nostro gruppo\u201d. La Tradizione Quattro richiama la nostra autonomia, \u201ceccetto nelle questioni che riguardano altri gruppi o AA nel suo complesso\u201d. E le Tradizioni Undici e Dodici ci ricordano di mantenere l&#8217;anonimato personale a livello di stampa, radio e film\u201d, e che \u201cl&#8217;anonimato \u00e8 il fondamento spirituale di tutte le nostre tradizioni, ricordandoci sempre di anteporre i principi alle personalit\u00e0\u201d. Mi viene ricordato che la personalit\u00e0 \u00e8 mia, non tua. Posso essere un membro tra i membri, senza distinzione, ma spiritualmente uguale ai miei compagni membri. Posso permettere agli altri di essere diversi?        <\/p>\n<p><span style=\"text-decoration: underline;\"><strong>Politica OIAA:<\/strong><\/span><\/p>\n<p>Per quanto riguarda il sito web di OIAA, l&#8217;anonimato personale dovrebbe essere mantenuto. Non si tratta tanto di proteggere me, ma di proteggere la nuova persona che sta guardando la nostra organizzazione per la prima volta, cercando aiuto per il suo alcolismo. Si tratta di sicurezza e privacy per coloro che cercano aiuto o servono la nostra organizzazione.  <\/p>\n<p>Per quanto riguarda il canale YouTube di OIAA, OIAA manterr\u00e0 due canali: uno rivolto al pubblico con informazioni su OIAA e un secondo canale, contrassegnato come privato, dove i membri che desiderano pubblicare video che celebrano la loro fratellanza, come \u00e8 avvenuto con la Convention Internazionale ospitata da OIAA, potrebbero avere uno spazio per farlo. L&#8217;accesso al canale privato sarebbe volontario. Ci sar\u00e0 ancora bisogno della supervisione dei nostri Comitati per garantire l&#8217;appropriatezza dei contenuti e per rimuovere qualsiasi cosa che possa essere divisiva, offensiva o una questione esterna.  <\/p>\n\n<h2 class=\"wp-block-heading\"><a href=\"https:\/\/beta.aa-intergroup.org\/it\/informativa-sulla-privacy\/\" data-type=\"link\" data-id=\"https:\/\/beta.aa-intergroup.org\/privacy-policy\/\">Informativa sulla privacy<\/a><\/h2>\n","protected":false},"excerpt":{"rendered":"<p>La nostra politica sulle pubbliche relazioni si basa sull&#8217;attrazione piuttosto che sulla promozione; dobbiamo sempre mantenere l&#8217;anonimato personale a livello di stampa, radio, [TV] e film. Pertanto, chiediamo rispettosamente che nessun oratore di AA \u2013 o, in effetti, nessun membro di AA \u2013 sia identificato con il nome completo in resoconti pubblicati o trasmessi delle<a class=\"excerpt-read-more\" href=\"https:\/\/beta.aa-intergroup.org\/it\/anonimato\/\" title=\"ReadAnonimato\">&#8230; Read more &raquo;<\/a><\/p>\n","protected":false},"author":9,"featured_media":0,"parent":0,"menu_order":0,"comment_status":"closed","ping_status":"closed","template":"","meta":{"_acf_changed":false,"_eb_attr":"","footnotes":""},"class_list":["post-17462","page","type-page","status-publish","hentry"],"acf":[],"_links":{"self":[{"href":"https:\/\/beta.aa-intergroup.org\/it\/wp-json\/wp\/v2\/pages\/17462","targetHints":{"allow":["GET"]}}],"collection":[{"href":"https:\/\/beta.aa-intergroup.org\/it\/wp-json\/wp\/v2\/pages"}],"about":[{"href":"https:\/\/beta.aa-intergroup.org\/it\/wp-json\/wp\/v2\/types\/page"}],"author":[{"embeddable":true,"href":"https:\/\/beta.aa-intergroup.org\/it\/wp-json\/wp\/v2\/users\/9"}],"replies":[{"embeddable":true,"href":"https:\/\/beta.aa-intergroup.org\/it\/wp-json\/wp\/v2\/comments?post=17462"}],"version-history":[{"count":1,"href":"https:\/\/beta.aa-intergroup.org\/it\/wp-json\/wp\/v2\/pages\/17462\/revisions"}],"predecessor-version":[{"id":17464,"href":"https:\/\/beta.aa-intergroup.org\/it\/wp-json\/wp\/v2\/pages\/17462\/revisions\/17464"}],"wp:attachment":[{"href":"https:\/\/beta.aa-intergroup.org\/it\/wp-json\/wp\/v2\/media?parent=17462"}],"curies":[{"name":"wp","href":"https:\/\/api.w.org\/{rel}","templated":true}]}}