{"id":17497,"date":"2020-03-19T15:21:31","date_gmt":"2020-03-19T19:21:31","guid":{"rendered":"https:\/\/beta.aa-intergroup.org\/cosa-significa-beta\/"},"modified":"2025-10-28T07:39:38","modified_gmt":"2025-10-28T11:39:38","slug":"cosa-significa-beta","status":"publish","type":"page","link":"https:\/\/beta.aa-intergroup.org\/it\/cosa-significa-beta\/","title":{"rendered":"Cosa significa \u201cbeta\u201d?"},"content":{"rendered":"\n<p><strong><em>NOTA: Il sito \u00e8 stato appena messo \u201conline\u201d e, durante questa transizione, alcuni aspetti del sito potrebbero essere lenti, non funzionanti o comunque formattati in modo errato. Vi preghiamo di \u201cscusare il disagio\u201d, per cos\u00ec dire. Potete comunque accedere al vecchio sito: <a href=\"https:\/\/archive.aa-intergroup.org\">archive.aa-intergroup.org<\/a>.  <\/em><\/strong><\/p>\n\n<hr class=\"wp-block-separator\"\/>\n\n<p>Le riunioni di persona rimangono un pilastro del programma dei 12 passi, ma ci sono situazioni in cui le persone non possono incontrarsi di persona \u2014 <em>come la nostra attuale pandemia globale<\/em> \u2014 o un individuo non riesce a trovare una riunione adatta nelle vicinanze, sia per preferenza, esigenze speciali, lingua o qualsiasi altra ragione.<\/p>\n\n<div class=\"wp-block-image\"><figure class=\"alignright size-large is-resized\"><img loading=\"lazy\" decoding=\"async\" src=\"https:\/\/beta.aa-intergroup.org\/wp-content\/uploads\/2020\/05\/smartmockups-home.jpg\" alt=\"mockup-home\" class=\"wp-image-877\" width=\"365\" height=\"328\" srcset=\"https:\/\/beta.aa-intergroup.org\/wp-content\/uploads\/2020\/05\/smartmockups-home.jpg 800w, https:\/\/beta.aa-intergroup.org\/wp-content\/uploads\/2020\/05\/smartmockups-home-300x270.jpg 300w, https:\/\/beta.aa-intergroup.org\/wp-content\/uploads\/2020\/05\/smartmockups-home-768x692.jpg 768w\" sizes=\"auto, (max-width: 365px) 100vw, 365px\" \/><\/figure><\/div>\n\n<p>Ecco perch\u00e9 l&#8217;<strong>Intergruppo Online<\/strong> si dedica a svolgere la sua missione di connettere gruppi online in un luogo centrale dove gli AA possono trovare riunioni online in diretta: video chat, teleconferenze, chat room, forum, mailing list o anche tramite interfacce di gioco. Questi meccanismi offrono alla comunit\u00e0 modi per sostenere il proprio recupero ovunque si trovino e in qualsiasi momento.  <\/p>\n\n<p>L&#8217;Intergruppo Online di AA offre la directory e gli strumenti di comunicazione a supporto della fratellanza. <strong>Al fine di offrire un servizio migliore, abbiamo rinnovato la nostra piattaforma online per facilitare l&#8217;accesso agli utenti.<\/strong>   <\/p>\n\n<p>Ecco a cosa abbiamo lavorato: <\/p>\n\n<div class=\"wp-block-image\"><figure class=\"alignright size-large is-resized\"><img loading=\"lazy\" decoding=\"async\" src=\"https:\/\/beta.aa-intergroup.org\/wp-content\/uploads\/2020\/05\/smartmockups-directory.jpg\" alt=\"\" class=\"wp-image-878\" width=\"357\" height=\"321\" srcset=\"https:\/\/beta.aa-intergroup.org\/wp-content\/uploads\/2020\/05\/smartmockups-directory.jpg 800w, https:\/\/beta.aa-intergroup.org\/wp-content\/uploads\/2020\/05\/smartmockups-directory-300x270.jpg 300w, https:\/\/beta.aa-intergroup.org\/wp-content\/uploads\/2020\/05\/smartmockups-directory-768x692.jpg 768w\" sizes=\"auto, (max-width: 357px) 100vw, 357px\" \/><\/figure><\/div>\n\n<ul class=\"wp-block-list\"><li><strong>Database pi\u00f9 intuitivo<\/strong>: La Directory delle Riunioni \u2014 sebbene sia ancora in fase di sviluppo \u2014 include molte funzionalit\u00e0 richieste: capacit\u00e0 di ricerca e filtraggio per tipo o formato. Stiamo pianificando di aggiungere una migliore capacit\u00e0 di filtraggio, la possibilit\u00e0 di salvare, contrassegnare come preferite le riunioni e altro ancora. <\/li><li><strong>Design mobile-first<\/strong>: I dati mostrano che oltre il 70% dei visitatori del sito utilizza il proprio telefono, quindi abbiamo progettato questo sito con un&#8217;etica \u201cmobile-first\u201d \u2014 cio\u00e8, tutti i contenuti e le funzionalit\u00e0, inclusa la directory, sono ottimizzati per l&#8217;accesso in movimento (iPhone, Android, ecc.).<\/li><li><strong>Design ottimizzato<\/strong>: Basandoci sui dati relativi a ci\u00f2 che gli utenti hanno cercato per primo \u2014 inclusa la directory delle riunioni \u2014 abbiamo organizzato il sito per essere \u201corientato all&#8217;azione\u201d e darti un accesso rapido e diretto alle cose di cui hai bisogno: la <a href=\"https:\/\/beta.aa-intergroup.org\/oiaa\/meetings\/\"><em>prossima<\/em> riunione<\/a> disponibile, <a href=\"https:\/\/beta.aa-intergroup.org\/oiaa\/get-help-now\/\"><em>accesso diretto<\/em> a persone<\/a> che possono aiutare e <em><a href=\"https:\/\/beta.aa-intergroup.org\/oiaa\/resources\/\">pi\u00f9 risorse<\/a><\/em> per aiutarti nel tuo recupero.<\/li><\/ul>\n\n<p>Il sito \u00e8 in fase di test per sviluppare le migliori soluzioni. Stiamo imparando costantemente. Ma, come per ogni tecnologia incentrata sull&#8217;utente e basata sul feedback, a volte potrebbe sembrare imperfetto, apparire un po&#8217; strano o addirittura non funzionare.   <\/p>\n\n<p>Quindi abbiate pazienza \u2014 date un&#8217;occhiata, provate le cose e speriamo che troviate ci\u00f2 di cui avete bisogno \u2014 e se avete idee, per favore condividetele: <\/p>\n\n<p class=\"has-text-align-right\"><em>&#8211; I vostri compagni in AA<\/em><\/p>\n\n<h3 class=\"wp-block-heading\">Modulo di feedback<\/h3>\n<div class=\"wpforms-container wpforms-container-full wpforms-block\" id=\"wpforms-830\"><form id=\"wpforms-form-830\" class=\"wpforms-validate wpforms-form\" data-formid=\"830\" method=\"post\" enctype=\"multipart\/form-data\" action=\"\/it\/wp-json\/wp\/v2\/pages\/17497\" data-token=\"1bd947c1e1a2fd5d4dc8c851ff228de2\" data-token-time=\"1775318645\"><noscript class=\"wpforms-error-noscript\">Please enable JavaScript in your browser to complete this form.<\/noscript><div class=\"wpforms-field-container\"><div id=\"wpforms-830-field_15-container\" class=\"wpforms-field wpforms-field-number\" data-field-id=\"15\"><label class=\"wpforms-field-label\" for=\"wpforms-830-field_15\">OIMN &#8211; numero di riunione intergruppo online<\/label><input type=\"number\" id=\"wpforms-830-field_15\" class=\"wpforms-field-medium\" name=\"wpforms[fields][15]\" ><div class=\"wpforms-field-description\">Numero Interno OIAA Unico per la riunione che desideri modificare, fornito da PAC. <\/div><\/div><div id=\"wpforms-830-field_13-container\" class=\"wpforms-field wpforms-field-text\" data-field-id=\"13\"><label class=\"wpforms-field-label\" for=\"wpforms-830-field_13\">Nome della riunione <span class=\"wpforms-required-label\">*<\/span><\/label><input type=\"text\" id=\"wpforms-830-field_13\" class=\"wpforms-field-medium wpforms-field-required\" name=\"wpforms[fields][13]\" required><\/div><div id=\"wpforms-830-field_0-container\" class=\"wpforms-field wpforms-field-name\" data-field-id=\"0\"><label class=\"wpforms-field-label\" for=\"wpforms-830-field_0\">Nome del contatto principale o alternativo  <span class=\"wpforms-required-label\">*<\/span><\/label><input type=\"text\" id=\"wpforms-830-field_0\" class=\"wpforms-field-medium wpforms-field-required\" name=\"wpforms[fields][0]\" required><\/div><div id=\"wpforms-830-field_1-container\" class=\"wpforms-field wpforms-field-email\" data-field-id=\"1\"><label class=\"wpforms-field-label\" for=\"wpforms-830-field_1\">Email principale o alternativa <span class=\"wpforms-required-label\">*<\/span><\/label><input type=\"email\" id=\"wpforms-830-field_1\" class=\"wpforms-field-medium wpforms-field-required\" name=\"wpforms[fields][1]\" spellcheck=\"false\" required><\/div><div id=\"wpforms-830-field_17-container\" class=\"wpforms-field wpforms-field-checkbox\" data-field-id=\"17\"><label class=\"wpforms-field-label\">Seleziona  <span class=\"wpforms-required-label\">*<\/span><\/label><ul id=\"wpforms-830-field_17\" class=\"wpforms-field-required\"><li class=\"choice-1 depth-1\"><input type=\"checkbox\" id=\"wpforms-830-field_17_1\" name=\"wpforms[fields][17][]\" value=\"Contatto principale\" required ><label class=\"wpforms-field-label-inline\" for=\"wpforms-830-field_17_1\">Contatto principale<\/label><\/li><li class=\"choice-2 depth-1\"><input type=\"checkbox\" id=\"wpforms-830-field_17_2\" name=\"wpforms[fields][17][]\" value=\"Contatto alternativo\" required ><label class=\"wpforms-field-label-inline\" for=\"wpforms-830-field_17_2\">Contatto alternativo<\/label><\/li><\/ul><\/div><div id=\"wpforms-830-field_5-container\" class=\"wpforms-field wpforms-field-text\" data-field-id=\"5\"><label class=\"wpforms-field-label\" for=\"wpforms-830-field_5\">Oggetto <span class=\"wpforms-required-label\">*<\/span><\/label><input type=\"text\" id=\"wpforms-830-field_5\" class=\"wpforms-field-medium wpforms-field-required\" name=\"wpforms[fields][5]\" required><\/div><div id=\"wpforms-830-field_2-container\" class=\"wpforms-field wpforms-field-textarea\" data-field-id=\"2\"><label class=\"wpforms-field-label\" for=\"wpforms-830-field_2\">Modifiche richieste alla riunione <span class=\"wpforms-required-label\">*<\/span><\/label><textarea id=\"wpforms-830-field_2\" class=\"wpforms-field-medium wpforms-field-required\" name=\"wpforms[fields][2]\" required><\/textarea><\/div><div id=\"wpforms-830-field_16-container\" class=\"wpforms-field wpforms-field-gdpr-checkbox\" data-field-id=\"16\"><label class=\"wpforms-field-label\">Accordo GDPR <span class=\"wpforms-required-label\">*<\/span><\/label><ul id=\"wpforms-830-field_16\" class=\"wpforms-field-required\"><li class=\"choice-1\"><input type=\"checkbox\" id=\"wpforms-830-field_16_1\" name=\"wpforms[fields][16][]\" value=\"Acconsento a che questo sito web memorizzi le mie informazioni inviate in modo che possano rispondere alla mia richiesta.\" required ><label class=\"wpforms-field-label-inline\" for=\"wpforms-830-field_16_1\">Acconsento a che questo sito web memorizzi le mie informazioni inviate in modo che possano rispondere alla mia richiesta.<\/label><\/li><\/ul><\/div><div id=\"wpforms-830-field_7-container\" class=\"wpforms-field wpforms-field-hidden\" data-field-id=\"7\"><input type=\"hidden\" id=\"wpforms-830-field_7\" name=\"wpforms[fields][7]\"><\/div><div id=\"wpforms-830-field_8-container\" class=\"wpforms-field wpforms-field-hidden\" data-field-id=\"8\"><input type=\"hidden\" id=\"wpforms-830-field_8\" name=\"wpforms[fields][8]\"><\/div><\/div><!-- .wpforms-field-container --><div class=\"wpforms-field wpforms-field-hp\"><label for=\"wpforms-830-field-hp\" class=\"wpforms-field-label\">Email<\/label><input type=\"text\" name=\"wpforms[hp]\" id=\"wpforms-830-field-hp\" class=\"wpforms-field-medium\"><\/div><div class=\"wpforms-recaptcha-container wpforms-is-recaptcha wpforms-is-recaptcha-type-v2\" ><div class=\"g-recaptcha\" data-sitekey=\"6LfLO_EUAAAAAD2WTL408A9DfNNx6AhXu-npfay8\"><\/div><input type=\"text\" name=\"g-recaptcha-hidden\" class=\"wpforms-recaptcha-hidden\" style=\"position:absolute!important;clip:rect(0,0,0,0)!important;height:1px!important;width:1px!important;border:0!important;overflow:hidden!important;padding:0!important;margin:0!important;\" data-rule-recaptcha=\"1\"><\/div><div class=\"wpforms-submit-container\" ><input type=\"hidden\" name=\"wpforms[id]\" value=\"830\"><input type=\"hidden\" name=\"page_title\" value=\"\"><input type=\"hidden\" name=\"page_url\" value=\"https:\/\/beta.aa-intergroup.org\/it\/wp-json\/wp\/v2\/pages\/17497\"><button type=\"submit\" name=\"wpforms[submit]\" id=\"wpforms-submit-830\" class=\"wpforms-submit form-submit\" data-alt-text=\"Invio...\" data-submit-text=\"Invia\" aria-live=\"assertive\" value=\"wpforms-submit\">Invia<\/button><\/div><\/form><\/div>  <!-- .wpforms-container -->","protected":false},"excerpt":{"rendered":"<p>NOTA: Il sito \u00e8 stato appena messo \u201conline\u201d e, durante questa transizione, alcuni aspetti del sito potrebbero essere lenti, non funzionanti o comunque formattati in modo errato. Vi preghiamo di \u201cscusare il disagio\u201d, per cos\u00ec dire. Potete comunque accedere al vecchio sito: archive.aa-intergroup.org. Le riunioni di persona rimangono un pilastro del programma dei 12 passi,<a class=\"excerpt-read-more\" href=\"https:\/\/beta.aa-intergroup.org\/it\/cosa-significa-beta\/\" title=\"ReadCosa significa \u201cbeta\u201d?\">&#8230; Read more &raquo;<\/a><\/p>\n","protected":false},"author":9,"featured_media":0,"parent":0,"menu_order":0,"comment_status":"closed","ping_status":"closed","template":"","meta":{"_acf_changed":false,"_eb_attr":"","footnotes":""},"class_list":["post-17497","page","type-page","status-publish","hentry"],"acf":[],"_links":{"self":[{"href":"https:\/\/beta.aa-intergroup.org\/it\/wp-json\/wp\/v2\/pages\/17497","targetHints":{"allow":["GET"]}}],"collection":[{"href":"https:\/\/beta.aa-intergroup.org\/it\/wp-json\/wp\/v2\/pages"}],"about":[{"href":"https:\/\/beta.aa-intergroup.org\/it\/wp-json\/wp\/v2\/types\/page"}],"author":[{"embeddable":true,"href":"https:\/\/beta.aa-intergroup.org\/it\/wp-json\/wp\/v2\/users\/9"}],"replies":[{"embeddable":true,"href":"https:\/\/beta.aa-intergroup.org\/it\/wp-json\/wp\/v2\/comments?post=17497"}],"version-history":[{"count":1,"href":"https:\/\/beta.aa-intergroup.org\/it\/wp-json\/wp\/v2\/pages\/17497\/revisions"}],"predecessor-version":[{"id":17500,"href":"https:\/\/beta.aa-intergroup.org\/it\/wp-json\/wp\/v2\/pages\/17497\/revisions\/17500"}],"wp:attachment":[{"href":"https:\/\/beta.aa-intergroup.org\/it\/wp-json\/wp\/v2\/media?parent=17497"}],"curies":[{"name":"wp","href":"https:\/\/api.w.org\/{rel}","templated":true}]}}