{"id":17644,"date":"2025-02-02T09:51:50","date_gmt":"2025-02-02T14:51:50","guid":{"rendered":"https:\/\/beta.aa-intergroup.org\/assemblea-oiaa-15-marzo-2025\/"},"modified":"2025-10-28T08:18:57","modified_gmt":"2025-10-28T12:18:57","slug":"assemblea-oiaa-15-marzo-2025","status":"publish","type":"page","link":"https:\/\/beta.aa-intergroup.org\/it\/assemblea-oiaa-15-marzo-2025\/","title":{"rendered":"Assemblea OIAA 15 marzo 2025"},"content":{"rendered":"\n<p><strong>Sabato 15 marzo 2025<\/strong><br\/>8:00 HST | 11:00 PT | 13:00 CT | 14:00 ET<br\/>18:00 GMT | 19:00 CET<\/p>\n\n<p>ID: 839 1683 1125 <br\/>Codice d&#8217;accesso: OIAA<\/p>\n\n<p><a href=\"https:\/\/us06web.zoom.us\/j\/83916831125?pwd=cDQvSlcxUjZmWlo4aEoyR0tlUUQwdz09\">Partecipa all&#8217;Assemblea OIAA ora<\/a><\/p>\n\n<p><strong>Le richieste di interpretariato devono essere inviate a International.Trustee@aa-intergroup.org e devono pervenire entro il 1\u00b0 marzo.<\/strong><\/p>\n\n<p>La nostra assemblea \u00e8 aperta a tutti coloro che desiderano partecipare, ma solo i Rappresentanti dell&#8217;Intergruppo (IGR),<br\/>i Presidenti dei Comitati Permanenti OIAA e i Funzionari OIAA sono autorizzati a votare sulle questioni all&#8217;ordine del giorno.<\/p>\n\n<h4 class=\"wp-block-heading\">Annuncio dell&#8217;Assemblea<\/h4>\n\n<ul class=\"wp-block-list\">\n<li>Annuncio dell&#8217;Assemblea\n<ul class=\"wp-block-list\">\n<li>Per tradurre e\/o stampare per i vostri gruppi.<\/li>\n\n\n\n<li>Copia questo messaggio e link nella chat della tua riunione online per annunciare l&#8217;elezione.\n<ul class=\"wp-block-list\">\n<li><em>Riunione dell&#8217;assemblea generale: 15 marzo 2025.<br\/>14:00 ET  <\/em><\/li>\n<\/ul>\n<\/li>\n<\/ul>\n<\/li>\n<\/ul>\n\n<h4 class=\"wp-block-heading\" id=\"assembly-agenda\">Ordine del giorno dell&#8217;Assemblea<\/h4>\n\n<ul class=\"wp-block-list\">\n<li><em><a href=\"https:\/\/beta.aa-intergroup.org\/documents\/oiaa-assembly-agenda-15-march-2025\/\">L&#8217;ordine del giorno dell&#8217;assemblea OIAA di marzo 2025<\/a><\/em><\/li>\n<\/ul>\n\n<h4 class=\"wp-block-heading\">Rapporti<\/h4>\n\n<ul class=\"wp-block-list\">\n<li>Assembly minutes will be voted on please share with your groups.&nbsp;\n<ul class=\"wp-block-list\">\n<li><a href=\"https:\/\/beta.aa-intergroup.org\/documents\/minutes-from-the-oiaa-21-december-2024-assembly\/\"><em>Verbale dell&#8217;assemblea OIAA del 21 dicembre 2024<\/em>.<\/a><\/li>\n<\/ul>\n<\/li>\n\n\n\n<li>Relazione del tesoriere\n<ul class=\"wp-block-list\">\n<li><em><a href=\"https:\/\/beta.aa-intergroup.org\/committee-updates\/update-for-finance-feb-2025\/\">Variazione di bilancio<\/a><\/em><\/li>\n\n\n\n<li><em><a href=\"https:\/\/beta.aa-intergroup.org\/committee-updates\/update-for-finance-feb-2025-3\/\">Contributi dei gruppi<\/a><\/em><\/li>\n\n\n\n<li><em><a href=\"https:\/\/beta.aa-intergroup.org\/committee-updates\/update-for-finance-feb-2025-2\/\">Stato patrimoniale<\/a><\/em><\/li>\n<\/ul>\n<\/li>\n\n\n\n<li><a href=\"https:\/\/beta.aa-intergroup.org\/committee-updates\/update-for-technology-mar-2025\/\">Relazione sulla tecnologia<\/a><\/li>\n\n\n\n<li>Presentazione della <strong><a href=\"https:\/\/beta.aa-intergroup.org\/documents\/2024-financial-review\/\">Relazione di revisione finanziaria OIAA 2024<\/a><\/strong> &#8211; Kevin D.\n<ul class=\"wp-block-list\">\n<li>La relazione sulla revisione finanziaria annuale dell&#8217;OIAA \u00e8 stata presentata il 29 gennaio 2025 e accettata dal Consiglio il 9 febbraio 2025<\/li>\n<\/ul>\n<\/li>\n<\/ul>\n\n<h4 class=\"wp-block-heading\">Nuovi affari<\/h4>\n\n<ul class=\"wp-block-list\">\n<li><a href=\"https:\/\/beta.aa-intergroup.org\/documents\/unbudgeted-funds-requests-15-march-2025-assembly\/\" data-type=\"link\" data-id=\"https:\/\/beta.aa-intergroup.org\/documents\/unbudgeted-funds-requests-15-march-2025-assembly\/\">Richieste di fondi non preventivati<\/a>\n<ul class=\"wp-block-list\">\n<li>Spese legali<\/li>\n\n\n\n<li>Servizi di interpretariato<\/li>\n<\/ul>\n<\/li>\n\n\n\n<li><a href=\"https:\/\/beta.aa-intergroup.org\/documents\/motion-to-amend-bylaws-15-march-2025-assembly\/\" data-type=\"link\" data-id=\"https:\/\/beta.aa-intergroup.org\/documents\/motion-to-amend-bylaws-15-march-2025-assembly\/\">Mozione per modificare lo Statuto OIAA<\/a><\/li>\n\n\n\n<li><strong>OIAA2025 &#8211; Selezione del tema della Convention<\/strong>\n<ul class=\"wp-block-list\">\n<li>Il Comitato per l&#8217;Unit\u00e0 chieder\u00e0 all&#8217;assemblea di selezionare il tema della nostra 2\u00aa Convention Internazionale Online OIAA &#8211;<strong><em> OIAA2025<\/em><\/strong>.  <\/li>\n<\/ul>\n<\/li>\n<\/ul>\n\n<p><strong>Note dell&#8217;assemblea:  <\/strong><\/p>\n\n<p>Gwen M., la Presidente OIAA, condurr\u00e0 la riunione dell&#8217;Assemblea. La nostra Fiduciaria Generale, Madeline P., \u00e8 la nostra Parlamentare. Sar\u00e0 responsabile di affrontare qualsiasi domanda o questione che sorga riguardo all&#8217;ordine di conduzione degli affari durante la riunione. Si prega di essere rispettosi di tutti i presenti e di ricordare che la nostra 1\u00aa Tradizione ci dice che l&#8217;unit\u00e0 \u00e8 la nostra qualit\u00e0 pi\u00f9 preziosa. Dobbiamo sempre mettere da parte i nostri desideri e ambizioni personali ogni volta che questi potrebbero minacciare il gruppo. Amore e tolleranza verso gli altri sono il nostro codice.     <\/p>\n\n<p><br\/><strong>Le <a href=\"https:\/\/beta.aa-intergroup.org\/documents\/assembly-procedures\/\">Procedure dell&#8217;Assemblea<\/a> OIAA<\/strong> spiegano di pi\u00f9 su come funziona l&#8217;Assemblea e sulle procedure che seguiamo durante la riunione. C&#8217;\u00e8 anche un breve tutorial sulle basi del Regolamento di Robert per aiutare tutti a capire come presentare mozioni e affrontare i punti all&#8217;ordine del giorno durante l&#8217;Assemblea:<br\/><br\/><strong>Quorum:<\/strong> Secondo la sezione 2.11 dello <a href=\"https:\/\/beta.aa-intergroup.org\/documents\/oiaa-bylaws\/\" data-type=\"link\" data-id=\"https:\/\/beta.aa-intergroup.org\/documents\/oiaa-bylaws\/\">Statuto OIAA<\/a>, \u00e8 richiesto un quorum del 25% dei membri votanti per condurre gli affari OIAA nelle nostre riunioni d&#8217;affari e assemblee.<\/p>\n\n<p><em><span style=\"text-decoration: underline;\">Sezione 2.11. Quorum; Voto richiesto; Misure di partecipazione a distanza.<\/span><br\/>\u201cIn qualsiasi questione che richieda un voto, un quorum esiste se il 25% del numero dei Membri Votanti, determinato dal sondaggio pi\u00f9 recente, \u00e8 presente alla riunione per votare.\u201d<\/em><\/p>\n\n<p><br\/><strong>Votazione:<\/strong> La votazione \u00e8 riservata ai Rappresentanti dell&#8217;Intergruppo (IGR), ai Presidenti dei Comitati Permanenti OIAA e ai Funzionari OIAA. Utilizziamo i moduli Google per votare, acquisire e archiviare i risultati. I link per votare su ogni punto all&#8217;ordine del giorno e sulle mozioni saranno pubblicati nella chat.   <\/p>\n","protected":false},"excerpt":{"rendered":"<p>Sabato 15 marzo 20258:00 HST | 11:00 PT | 13:00 CT | 14:00 ET18:00 GMT | 19:00 CET ID: 839 1683 1125 Codice d&#8217;accesso: OIAA Partecipa all&#8217;Assemblea OIAA ora Le richieste di interpretariato devono essere inviate a International.Trustee@aa-intergroup.org e devono pervenire entro il 1\u00b0 marzo. La nostra assemblea \u00e8 aperta a tutti coloro che desiderano<a class=\"excerpt-read-more\" href=\"https:\/\/beta.aa-intergroup.org\/it\/assemblea-oiaa-15-marzo-2025\/\" title=\"ReadAssemblea OIAA 15 marzo 2025\">&#8230; Read more &raquo;<\/a><\/p>\n","protected":false},"author":13,"featured_media":0,"parent":0,"menu_order":0,"comment_status":"closed","ping_status":"closed","template":"","meta":{"_acf_changed":false,"_eb_attr":"","footnotes":""},"class_list":["post-17644","page","type-page","status-publish","hentry"],"acf":[],"_links":{"self":[{"href":"https:\/\/beta.aa-intergroup.org\/it\/wp-json\/wp\/v2\/pages\/17644","targetHints":{"allow":["GET"]}}],"collection":[{"href":"https:\/\/beta.aa-intergroup.org\/it\/wp-json\/wp\/v2\/pages"}],"about":[{"href":"https:\/\/beta.aa-intergroup.org\/it\/wp-json\/wp\/v2\/types\/page"}],"author":[{"embeddable":true,"href":"https:\/\/beta.aa-intergroup.org\/it\/wp-json\/wp\/v2\/users\/13"}],"replies":[{"embeddable":true,"href":"https:\/\/beta.aa-intergroup.org\/it\/wp-json\/wp\/v2\/comments?post=17644"}],"version-history":[{"count":1,"href":"https:\/\/beta.aa-intergroup.org\/it\/wp-json\/wp\/v2\/pages\/17644\/revisions"}],"predecessor-version":[{"id":17646,"href":"https:\/\/beta.aa-intergroup.org\/it\/wp-json\/wp\/v2\/pages\/17644\/revisions\/17646"}],"wp:attachment":[{"href":"https:\/\/beta.aa-intergroup.org\/it\/wp-json\/wp\/v2\/media?parent=17644"}],"curies":[{"name":"wp","href":"https:\/\/api.w.org\/{rel}","templated":true}]}}