{"id":15025,"date":"2025-02-08T16:16:03","date_gmt":"2025-02-08T21:16:03","guid":{"rendered":"https:\/\/beta.aa-intergroup.org\/oiaa2025\/"},"modified":"2025-11-26T14:04:50","modified_gmt":"2025-11-26T19:04:50","slug":"oiaa2025","status":"publish","type":"page","link":"https:\/\/beta.aa-intergroup.org\/pt-br\/oiaa2025\/","title":{"rendered":"OIAA2025"},"content":{"rendered":"\n<div class=\"wp-block-cover has-parallax\"><div class=\"wp-block-cover__image-background wp-image-11924 has-parallax\" style=\"background-position:50% 50%;background-image:url(https:\/\/beta.aa-intergroup.org\/wp-content\/uploads\/2025\/04\/OIAA2025-Globe.png)\"><\/div><span aria-hidden=\"true\" class=\"wp-block-cover__background has-background-dim-40 has-background-dim\" style=\"background-color:#404853\"><\/span><div class=\"wp-block-cover__inner-container is-layout-constrained wp-block-cover-is-layout-constrained\">\n<div style=\"height:50px\" aria-hidden=\"true\" class=\"wp-block-spacer\"><\/div>\n\n\n\n<h2 class=\"wp-block-heading has-text-align-center has-x-large-font-size\"><strong>OIAA2025  <\/strong><\/h2>\n\n\n\n<p class=\"has-text-align-center has-white-color has-text-color has-link-color has-large-font-size wp-elements-e0d965483d909a7f70a74f23e1417578\"><strong>2\u00aa Conven\u00e7\u00e3o Internacional Online da OIAA<\/strong><\/p>\n\n\n<div class=\"wp-block-image\">\n<figure class=\"aligncenter size-medium\"><img loading=\"lazy\" decoding=\"async\" width=\"300\" height=\"284\" src=\"https:\/\/beta.aa-intergroup.org\/wp-content\/uploads\/2025\/02\/OIAA2025-Logo-300x284.png\" alt=\"\" class=\"wp-image-11719\" srcset=\"https:\/\/beta.aa-intergroup.org\/wp-content\/uploads\/2025\/02\/OIAA2025-Logo-300x284.png 300w, https:\/\/beta.aa-intergroup.org\/wp-content\/uploads\/2025\/02\/OIAA2025-Logo.png 605w\" sizes=\"auto, (max-width: 300px) 100vw, 300px\" \/><\/figure><\/div>\n\n\n<p class=\"has-text-align-center has-white-color has-text-color has-link-color has-large-font-size wp-elements-a02c8e525160213b239e6f281b064d10\"><strong>Unidade: em casa ao redor do mundo<\/strong><\/p>\n\n\n\n<p class=\"has-text-align-center has-large-font-size\">14-16 de novembro de 2025<\/p>\n\n\n\n<h4 class=\"wp-block-heading has-text-align-center has-medium-font-size\"><\/h4>\n\n\n\n<div class=\"wp-block-essential-blocks-button root-eb-button-o9x6y\"><div class=\"eb-parent-wrapper eb-parent-eb-button-o9x6y \"><div class=\"eb-button-wrapper eb-button-alignment eb-button-o9x6y\"><div class=\"eb-button\"><div class=\"eb-button-inner-wrapper \"><a class=\"eb-button-anchor \" href=\"\" rel=\"noopener\">Obrigado por um evento incr\u00edvel!<br>Vemo-nos no pr\u00f3ximo ano!<\/a><\/div><\/div><\/div><\/div><\/div>\n\n\n\n<div class=\"wp-block-essential-blocks-countdown root-eb-countdown-reot2\"><div class=\"eb-parent-wrapper eb-parent-eb-countdown-reot2 \"><div class=\"eb-countdown-reot2 eb-cd-wrapper preset1\"><div class=\"eb-cd-inner\" blockid=\"eb-countdown-reot2\" data-deadline-time=\"1763107200000\" data-is-evergreen-time=\"false\" data-evergreen-time-hours=\"11\" data-evergreen-time-minutes=\"59\" data-evergreen-recurring=\"false\" data-evergreen-restart-time=\"0\" data-evergreen-deadline-time=\"1707903455306\"><div class=\"box cd-box-day\"><span class=\"eb-cd-digit\">00<\/span><span class=\"eb-cd-label\">Dias<\/span><\/div><div class=\"box cd-box-hour\"><span class=\"eb-cd-digit\">00<\/span><span class=\"eb-cd-label\">Horas<\/span><\/div><div class=\"box cd-box-minute\"><span class=\"eb-cd-digit\">00<\/span><span class=\"eb-cd-label\">Minutos<\/span><\/div><div class=\"box cd-box-second\"><span class=\"eb-cd-digit\">00<\/span><span class=\"eb-cd-label\">Segundos<\/span><\/div><\/div><\/div><\/div><\/div>\n\n\n\n<div style=\"height:31px\" aria-hidden=\"true\" class=\"wp-block-spacer\"><\/div>\n<\/div><\/div>\n\n<div style=\"height:42px\" aria-hidden=\"true\" class=\"wp-block-spacer\"><\/div>\n\n<h3 class=\"wp-block-heading has-text-align-center has-text-color has-link-color has-large-font-size wp-elements-6947914e918bbce51815c4ce0152c610\" style=\"color:#011a5c\"><strong>A OIAA2025 d\u00e1-te as boas-vindas \u00e0 nossa 2\u00aa<br\/>Conven\u00e7\u00e3o Internacional Online<\/strong><\/h3>\n\n<div style=\"height:15px\" aria-hidden=\"true\" class=\"wp-block-spacer\"><\/div>\n\n<h4 class=\"wp-block-heading has-text-align-center has-text-color has-link-color wp-elements-58058a3656660c01bc7c5591e63d064d\" style=\"color:#10318c;font-size:25px\">O tema deste ano \u2014 <mark style=\"background-color:rgba(0, 0, 0, 0);color:#1a3276\" class=\"has-inline-color\"><strong>Unidade: Em Casa ao Redor do Mundo<\/strong><\/mark> \u2014 celebra o poder da conex\u00e3o atrav\u00e9s de fusos hor\u00e1rios, culturas e mesas de cozinha.<\/h4>\n\n<p class=\"has-text-align-center has-text-color has-link-color wp-elements-d7d50485ca6e1b18670369b13cd33735\" style=\"color:#011a5c;font-size:20px\">Juntos, estamos em casa\u2026 em todo o lado.<\/p>\n\n<div style=\"height:15px\" aria-hidden=\"true\" class=\"wp-block-spacer\"><\/div>\n\n<p class=\"has-text-align-center has-text-color has-link-color wp-elements-b8c2f65a80a71d6a1efcab2a3c86766f\" style=\"color:#011a5c;font-size:20px\"><strong>Vista em Planilha do Cronograma Completo da Conven\u00e7\u00e3o OIAA2025<\/strong><\/p>\n\n<div class=\"wp-block-columns is-layout-flex wp-container-core-columns-is-layout-9d6595d7 wp-block-columns-is-layout-flex\">\n<div class=\"wp-block-column is-layout-flow wp-block-column-is-layout-flow\" style=\"flex-basis:12%\"><\/div>\n\n\n\n<div class=\"wp-block-column is-layout-flow wp-block-column-is-layout-flow\" style=\"flex-basis:76%\">\n<div class=\"wp-block-columns is-layout-flex wp-container-core-columns-is-layout-9d6595d7 wp-block-columns-is-layout-flex\">\n<div class=\"wp-block-column has-background is-layout-flow wp-block-column-is-layout-flow\" style=\"background-color:#000049\">\n<div class=\"wp-block-essential-blocks-button root-eb-button-c09ca\"><div class=\"eb-parent-wrapper eb-parent-eb-button-c09ca \"><div class=\"eb-button-wrapper eb-button-alignment eb-button-c09ca\"><div class=\"eb-button\"><div class=\"eb-button-inner-wrapper \"><a class=\"eb-button-anchor \" href=\"https:\/\/docs.google.com\/spreadsheets\/d\/1Gp3JnByb5ZMu9LpJMehzfQeNzw1S08V7z7kUtaexMFc\/edit?gid=403474528#gid=403474528\" target=\"_blank\" rel=\"noopener\"><strong>INGL\u00caS<\/strong><\/a><\/div><\/div><\/div><\/div><\/div>\n<\/div>\n\n\n\n<div class=\"wp-block-column has-background is-layout-flow wp-block-column-is-layout-flow\" style=\"background-color:#000049\">\n<div class=\"wp-block-essential-blocks-button root-eb-button-r2w0n\"><div class=\"eb-parent-wrapper eb-parent-eb-button-r2w0n \"><div class=\"eb-button-wrapper eb-button-alignment eb-button-r2w0n\"><div class=\"eb-button\"><div class=\"eb-button-inner-wrapper \"><a class=\"eb-button-anchor \" href=\"https:\/\/docs.google.com\/spreadsheets\/d\/1S25znZJp8lke0Yp6sSiq6a9SPYyViLtqBUJNHE5-QWY\/edit?gid=403474528#gid=403474528\" target=\"_blank\" rel=\"noopener\"><strong>ESPANHOL<\/strong><\/a><\/div><\/div><\/div><\/div><\/div>\n<\/div>\n\n\n\n<div class=\"wp-block-column has-background is-layout-flow wp-block-column-is-layout-flow\" style=\"background-color:#000049\">\n<div class=\"wp-block-essential-blocks-button root-eb-button-pra5l\"><div class=\"eb-parent-wrapper eb-parent-eb-button-pra5l \"><div class=\"eb-button-wrapper eb-button-alignment eb-button-pra5l\"><div class=\"eb-button\"><div class=\"eb-button-inner-wrapper \"><a class=\"eb-button-anchor \" href=\"https:\/\/docs.google.com\/spreadsheets\/d\/1iozwo3XB8g9oqgnTBwgZ4xKNA0LC6_IXB9gkwJwns38\/edit?gid=403474528#gid=403474528\" target=\"_blank\" rel=\"noopener\"><strong>FRANC\u00caS<\/strong><\/a><\/div><\/div><\/div><\/div><\/div>\n<\/div>\n\n\n\n<div class=\"wp-block-column has-background is-layout-flow wp-block-column-is-layout-flow\" style=\"background-color:#000049\">\n<div class=\"wp-block-essential-blocks-button root-eb-button-c6h8l\"><div class=\"eb-parent-wrapper eb-parent-eb-button-c6h8l \"><div class=\"eb-button-wrapper eb-button-alignment eb-button-c6h8l\"><div class=\"eb-button\"><div class=\"eb-button-inner-wrapper \"><a class=\"eb-button-anchor \" href=\"https:\/\/docs.google.com\/spreadsheets\/d\/1PYLBzse6KYYf_d4c1_e0EaKuLrkk-hive16-s_Lul2A\/edit?gid=403474528#gid=403474528\" target=\"_blank\" rel=\"noopener\"><strong>PORTUGU\u00caS<\/strong><\/a><\/div><\/div><\/div><\/div><\/div>\n<\/div>\n<\/div>\n<\/div>\n\n\n\n<div class=\"wp-block-column is-layout-flow wp-block-column-is-layout-flow\" style=\"flex-basis:12%\"><\/div>\n<\/div>\n\n<div style=\"height:42px\" aria-hidden=\"true\" class=\"wp-block-spacer\"><\/div>\n\n<h3 class=\"wp-block-heading has-text-align-left has-text-color has-link-color wp-elements-7179ce3140c1d1edc9742a61c7782faa\" style=\"color:#011a5c;font-size:30px\">Um evento global de tr\u00eas dias celebrando uma zona global diferente a cada dia:<\/h3>\n\n<div style=\"height:20px\" aria-hidden=\"true\" class=\"wp-block-spacer\"><\/div>\n\n<div class=\"wp-block-columns is-layout-flex wp-container-core-columns-is-layout-9d6595d7 wp-block-columns-is-layout-flex\">\n<div class=\"wp-block-column is-layout-flow wp-block-column-is-layout-flow\" style=\"flex-basis:30%\"><div class=\"wp-block-image\">\n<figure class=\"aligncenter size-medium\"><img loading=\"lazy\" decoding=\"async\" width=\"300\" height=\"300\" src=\"https:\/\/beta.aa-intergroup.org\/wp-content\/uploads\/2025\/08\/Day1-OIAA2025-300x300.jpeg\" alt=\"\" class=\"wp-image-12623\" srcset=\"https:\/\/beta.aa-intergroup.org\/wp-content\/uploads\/2025\/08\/Day1-OIAA2025-300x300.jpeg 300w, https:\/\/beta.aa-intergroup.org\/wp-content\/uploads\/2025\/08\/Day1-OIAA2025-150x150.jpeg 150w, https:\/\/beta.aa-intergroup.org\/wp-content\/uploads\/2025\/08\/Day1-OIAA2025-125x125.jpeg 125w, https:\/\/beta.aa-intergroup.org\/wp-content\/uploads\/2025\/08\/Day1-OIAA2025.jpeg 600w\" sizes=\"auto, (max-width: 300px) 100vw, 300px\" \/><\/figure><\/div><\/div>\n\n\n\n<div class=\"wp-block-column is-layout-flow wp-block-column-is-layout-flow\" style=\"flex-basis:70%\">\n<h3 class=\"wp-block-heading has-text-align-left has-text-color has-link-color wp-elements-7f9fc0c3a074fe2957c7a1e41d9ea891\" style=\"color:#011a5c\"><strong>Dia 1 \u2013 \u00c1sia, Oceania e as Am\u00e9ricas<\/strong><\/h3>\n\n\n\n<div class=\"wp-block-essential-blocks-button root-eb-button-i38w1\"><div class=\"eb-parent-wrapper eb-parent-eb-button-i38w1 \"><div class=\"eb-button-wrapper eb-button-alignment eb-button-i38w1\"><div class=\"eb-button\"><div class=\"eb-button-inner-wrapper \"><a class=\"eb-button-anchor \" href=\"https:\/\/beta.aa-intergroup.org\/pt-br\/cronograma-do-dia-um-da-oiaa2025\/\" rel=\"noopener\">Cronograma do Dia 1 da Conven\u00e7\u00e3o numa vista geral<\/a><\/div><\/div><\/div><\/div><\/div>\n\n\n\n<p class=\"has-text-align-left\" style=\"font-size:20px\">AUK, Nova Zel\u00e2ndia &#8211; Dia 1 Fuso Hor\u00e1rio de Refer\u00eancia Local UTC <br\/>S\u00c1BADO, 15 de novembro, 9:00-16:30 Auckland, NZ &#8211; NZDT<br\/>(*SEXTA-FEIRA, 14 de novembro, 15:00-22:30 Nova York &#8211; EST)<\/p>\n\n\n\n<p class=\"has-text-align-left has-text-color has-link-color has-medium-font-size wp-elements-494d0b8a708904443d637d25ebd2a2f2\" style=\"color:#011a5c\"><strong>Nova Zel\u00e2ndia, EUA, Col\u00f4mbia, M\u00e9xico, Austr\u00e1lia, Bol\u00edvia<\/strong><\/p>\n<\/div>\n<\/div>\n\n<div style=\"height:65px\" aria-hidden=\"true\" class=\"wp-block-spacer\"><\/div>\n\n<div class=\"wp-block-columns is-layout-flex wp-container-core-columns-is-layout-9d6595d7 wp-block-columns-is-layout-flex\">\n<div class=\"wp-block-column is-layout-flow wp-block-column-is-layout-flow\" style=\"flex-basis:30%\"><div class=\"wp-block-image\">\n<figure class=\"aligncenter size-medium\"><img loading=\"lazy\" decoding=\"async\" width=\"300\" height=\"300\" src=\"https:\/\/beta.aa-intergroup.org\/wp-content\/uploads\/2025\/08\/Day-2-OIAA2025-300x300.jpeg\" alt=\"\" class=\"wp-image-12624\" srcset=\"https:\/\/beta.aa-intergroup.org\/wp-content\/uploads\/2025\/08\/Day-2-OIAA2025-300x300.jpeg 300w, https:\/\/beta.aa-intergroup.org\/wp-content\/uploads\/2025\/08\/Day-2-OIAA2025-150x150.jpeg 150w, https:\/\/beta.aa-intergroup.org\/wp-content\/uploads\/2025\/08\/Day-2-OIAA2025-125x125.jpeg 125w, https:\/\/beta.aa-intergroup.org\/wp-content\/uploads\/2025\/08\/Day-2-OIAA2025.jpeg 600w\" sizes=\"auto, (max-width: 300px) 100vw, 300px\" \/><\/figure><\/div><\/div>\n\n\n\n<div class=\"wp-block-column is-layout-flow wp-block-column-is-layout-flow\" style=\"flex-basis:70%\">\n<h3 class=\"wp-block-heading has-text-align-left has-text-color has-link-color wp-elements-3fe3e5595d1bf74c10723843c0f5bfbb\" style=\"color:#011a5c\"><strong>Dia 2 \u2013 as Am\u00e9ricas, Europa, \u00c1sia<\/strong><\/h3>\n\n\n\n<div class=\"wp-block-essential-blocks-button root-eb-button-fsozf\"><div class=\"eb-parent-wrapper eb-parent-eb-button-fsozf \"><div class=\"eb-button-wrapper eb-button-alignment eb-button-fsozf\"><div class=\"eb-button\"><div class=\"eb-button-inner-wrapper \"><a class=\"eb-button-anchor \" href=\"https:\/\/beta.aa-intergroup.org\/pt-br\/programacao-do-dia-dois-da-oiaa2025\/\" rel=\"noopener\">Cronograma do Dia 2 da Conven\u00e7\u00e3o numa vista geral<\/a><\/div><\/div><\/div><\/div><\/div>\n\n\n\n<p class=\"has-text-align-left\" style=\"font-size:20px\">Chicago, EUA &#8211; Dia 2 Fuso Hor\u00e1rio de Refer\u00eancia Local UTC<br\/>S\u00c1BADO, 15 de novembro, 10:00-17:30 Chicago, EUA &#8211; CDT<br\/>(*S\u00c1BADO, 15 de novembro, 11:00-18:30 Nova York &#8211; EST)<\/p>\n\n\n\n<p class=\"has-text-align-left has-text-color has-link-color has-medium-font-size wp-elements-74af6f8f88e360da3479151badb465fa\" style=\"color:#011a5c\"><strong>Brasil, Reino Unido, EUA, Ir\u00e3o, R\u00fassia, Canad\u00e1, Chile<\/strong><\/p>\n<\/div>\n<\/div>\n\n<div style=\"height:65px\" aria-hidden=\"true\" class=\"wp-block-spacer\"><\/div>\n\n<div class=\"wp-block-columns is-layout-flex wp-container-core-columns-is-layout-9d6595d7 wp-block-columns-is-layout-flex\">\n<div class=\"wp-block-column is-layout-flow wp-block-column-is-layout-flow\" style=\"flex-basis:30%\"><div class=\"wp-block-image\">\n<figure class=\"aligncenter size-medium\"><img loading=\"lazy\" decoding=\"async\" width=\"300\" height=\"300\" src=\"https:\/\/beta.aa-intergroup.org\/wp-content\/uploads\/2025\/08\/Day-3-OIAA2025-300x300.jpeg\" alt=\"\" class=\"wp-image-12622\" srcset=\"https:\/\/beta.aa-intergroup.org\/wp-content\/uploads\/2025\/08\/Day-3-OIAA2025-300x300.jpeg 300w, https:\/\/beta.aa-intergroup.org\/wp-content\/uploads\/2025\/08\/Day-3-OIAA2025-150x150.jpeg 150w, https:\/\/beta.aa-intergroup.org\/wp-content\/uploads\/2025\/08\/Day-3-OIAA2025-125x125.jpeg 125w, https:\/\/beta.aa-intergroup.org\/wp-content\/uploads\/2025\/08\/Day-3-OIAA2025.jpeg 600w\" sizes=\"auto, (max-width: 300px) 100vw, 300px\" \/><\/figure><\/div><\/div>\n\n\n\n<div class=\"wp-block-column is-layout-flow wp-block-column-is-layout-flow\" style=\"flex-basis:70%\">\n<h3 class=\"wp-block-heading has-text-align-left has-text-color has-link-color wp-elements-644212e9d5ef4309c179ad441c01070e\" style=\"color:#011a5c\"><strong><strong>Dia 3 \u2013 Europa, \u00c1frica, \u00c1sia e as Am\u00e9ricas<\/strong><\/strong><\/h3>\n\n\n\n<div class=\"wp-block-essential-blocks-button root-eb-button-8c8s3\"><div class=\"eb-parent-wrapper eb-parent-eb-button-8c8s3 \"><div class=\"eb-button-wrapper eb-button-alignment eb-button-8c8s3\"><div class=\"eb-button\"><div class=\"eb-button-inner-wrapper \"><a class=\"eb-button-anchor \" href=\"https:\/\/beta.aa-intergroup.org\/pt-br\/programacao-do-terceiro-dia-da-oiaa2025\/\" rel=\"noopener\">Cronograma do Dia 3 da Conven\u00e7\u00e3o numa vista geral<\/a><\/div><\/div><\/div><\/div><\/div>\n\n\n\n<p class=\"has-text-align-left\" style=\"font-size:20px\">Moscou, R\u00fassia &#8211; Dia 3 Fuso Hor\u00e1rio de Refer\u00eancia Local UTC<br\/>DOMINGO, 16 de novembro, 13:00-20:30 Moscou, R\u00fassia &#8211; MSK<br\/>(*DOMINGO, 16 de novembro, 05:00-13:30 Nova York &#8211; EST)<\/p>\n\n\n\n<p class=\"has-text-align-left has-text-color has-link-color wp-elements-533580916da90874317ec5f3a8287a02\" style=\"color:#011a5c;font-size:20px\"><strong>Portugal, Reino Unido, Espanha, Fran\u00e7a, China, \u00cdndia, Marrocos, Ir\u00e3o, EUA<\/strong><\/p>\n<\/div>\n<\/div>\n\n<div style=\"height:64px\" aria-hidden=\"true\" class=\"wp-block-spacer\"><\/div>\n\n<div style=\"height:64px\" aria-hidden=\"true\" class=\"wp-block-spacer\"><\/div>\n\n<h3 class=\"wp-block-heading has-text-align-center has-text-color has-link-color has-large-font-size wp-elements-1dbf8157135918d7d45a18e0334cba7d\" style=\"color:#011a5c\">Tradi\u00e7\u00e3o 7<\/h3>\n\n<p style=\"font-size:20px\">Embora <mark style=\"background-color:rgba(0, 0, 0, 0);color:#10318c\" class=\"has-inline-color\">n\u00e3o haja custo para participar<\/mark> da conven\u00e7\u00e3o, se voc\u00ea quiser contribuir com a 7\u00aa Tradi\u00e7\u00e3o e ajudar a tornar este evento totalmente autossuficiente, agradecemos o seu apoio. Por favor, use a refer\u00eancia \u2018OIAA2025\u2019 em sua transa\u00e7\u00e3o.<\/p>\n\n<div class=\"wp-block-columns is-layout-flex wp-container-core-columns-is-layout-9d6595d7 wp-block-columns-is-layout-flex\">\n<div class=\"wp-block-column is-layout-flow wp-block-column-is-layout-flow\"><\/div>\n\n\n\n<div class=\"wp-block-column is-layout-flow wp-block-column-is-layout-flow\">\n<h4 class=\"wp-block-heading has-text-align-left\">PayPal<\/h4>\n\n\n\n<figure class=\"wp-block-image size-full is-style-default\"><a href=\"https:\/\/www.paypal.com\/donate\/?hosted_button_id=56CTM2672LLZG\" target=\"_blank\" rel=\" noreferrer noopener\"><img loading=\"lazy\" decoding=\"async\" width=\"174\" height=\"61\" src=\"https:\/\/beta.aa-intergroup.org\/wp-content\/uploads\/2025\/08\/PayPal.jpg\" alt=\"\" class=\"wp-image-13017\"\/><\/a><\/figure>\n<\/div>\n\n\n\n<div class=\"wp-block-column is-layout-flow wp-block-column-is-layout-flow\">\n<h4 class=\"wp-block-heading has-text-align-left\">Stripe<\/h4>\n\n\n\n<script async=\"\" src=\"https:\/\/js.stripe.com\/v3\/buy-button.js\">\n<\/script>\n\n<stripe-buy-button buy-button-id=\"buy_btn_1Rv2kaI4AaHtLBiYDELUtbLl\" publishable-key=\"pk_live_51OXBCvI4AaHtLBiYEbnX7X75c349x3NleVyCWrmJQkbvGEz2veR0AqY9RSoe0iDEf1BrGLkuqvNntsRvz8eMwjwJ00kXjMoC8H\">\n<\/stripe-buy-button>\n<\/div>\n\n\n\n<div class=\"wp-block-column is-layout-flow wp-block-column-is-layout-flow\"><\/div>\n<\/div>\n\n<div style=\"height:61px\" aria-hidden=\"true\" class=\"wp-block-spacer\"><\/div>\n\n<h3 class=\"wp-block-heading has-text-align-center has-text-color has-link-color has-large-font-size wp-elements-4109ad07f6962229f28be26987e63664\" style=\"color:#011a5c\">Espalha a not\u00edcia!<\/h3>\n\n<p class=\"has-text-align-center\" style=\"font-size:20px\"><strong><mark style=\"background-color:rgba(0, 0, 0, 0);color:#011a5c\" class=\"has-inline-color\">FLYERS DA CONVEN\u00c7\u00c3O!<\/mark>  <a href=\"https:\/\/beta.aa-intergroup.org\/pt-br\/oiaa2025\/pagina-de-midia-oiaa2025\/\" target=\"_blank\" rel=\"noreferrer noopener\">Clique aqui<\/a> <mark style=\"background-color:rgba(0, 0, 0, 0);color:#011a5c\" class=\"has-inline-color\">para baixar e compartilhar os flyers da conven\u00e7\u00e3o<\/mark><\/strong> com seus grupos de origem, que est\u00e3o atualmente dispon\u00edveis em ingl\u00eas, espanhol, franc\u00eas e portugu\u00eas. Se voc\u00ea quiser que criemos um flyer em seu idioma, envie um e-mail para <a href=\"mailto:convention2025@aa-intergroup.org\">convention2025@aa-intergroup.org<\/a> ou, se quiser criar seus pr\u00f3prios flyers ou comunica\u00e7\u00f5es, entre em contato conosco para obter o pacote de m\u00eddia.<\/p>\n\n<div style=\"height:43px\" aria-hidden=\"true\" class=\"wp-block-spacer\"><\/div>\n\n<h3 class=\"wp-block-heading has-text-align-center has-text-color has-link-color has-large-font-size wp-elements-42489e9b30957737f43b5d62b7415292\" style=\"color:#011a5c\">Queres envolver-te?<\/h3>\n\n<p style=\"font-size:20px\">\ud83e\uddf0<strong>Se voc\u00ea quiser servir durante a conven\u00e7\u00e3o<\/strong>, adorar\u00edamos receb\u00ea-lo na equipe. Por favor, <a href=\"https:\/\/beta.aa-intergroup.org\/pt-br\/oiaa2025\/pagina-de-voluntarios-oiaa2025\/\" data-type=\"link\" data-id=\"https:\/\/beta.aa-intergroup.org\/oiaa2025-volunteer-page\/\" target=\"_blank\" rel=\"noreferrer noopener\">envie um e-mail<\/a> para obter mais informa\u00e7\u00f5es.<\/p>\n\n<p style=\"font-size:20px\">\ud83d\udcac<strong>Junte-se aos nossos Grupos de Idiomas e comunidade do OIAA2025 no WhatsApp<\/strong>. A comunidade \u00e9 um espa\u00e7o fechado e monitorado apenas para membros de A.A.. Os an\u00fancios da conven\u00e7\u00e3o e do OIAA s\u00e3o postados em ingl\u00eas e, em seguida, traduzidos para os respectivos idiomas dos administradores do Grupo de Idiomas. Para participar, envie um e-mail para <a href=\"mailto:OIAA2025.Chair@aa-intergroup.org\">OIAA2025.Chair@aa-intergroup.org<\/a> ou <a href=\"mailto:unity.chair@aa-intergroup.org\">unity.chair@aa-intergroup.org<\/a> e n\u00f3s o conectaremos.<\/p>\n\n<div class=\"wp-block-essential-blocks-button root-eb-button-e6z3d\"><div class=\"eb-parent-wrapper eb-parent-eb-button-e6z3d \"><div class=\"eb-button-wrapper eb-button-alignment eb-button-e6z3d\"><div class=\"eb-button\"><div class=\"eb-button-inner-wrapper \"><a class=\"eb-button-anchor \" href=\"https:\/\/beta.aa-intergroup.org\/pt-br\/memorias-da-1a-convencao-internacional-da-oiaa\/\" rel=\"noopener\">Mem\u00f3rias da OIAA2024<\/a><\/div><\/div><\/div><\/div><\/div>\n\n<p><\/p>\n","protected":false},"excerpt":{"rendered":"<p>A OIAA2025 d\u00e1-te as boas-vindas \u00e0 nossa 2\u00aaConven\u00e7\u00e3o Internacional Online O tema deste ano \u2014 Unidade: Em Casa ao Redor do Mundo \u2014 celebra o poder da conex\u00e3o atrav\u00e9s de fusos hor\u00e1rios, culturas e mesas de cozinha. Juntos, estamos em casa\u2026 em todo o lado. Vista em Planilha do Cronograma Completo da Conven\u00e7\u00e3o OIAA2025 Um<a class=\"excerpt-read-more\" href=\"https:\/\/beta.aa-intergroup.org\/pt-br\/oiaa2025\/\" title=\"ReadOIAA2025\">&#8230; Read more &raquo;<\/a><\/p>\n","protected":false},"author":153,"featured_media":0,"parent":0,"menu_order":0,"comment_status":"closed","ping_status":"closed","template":"","meta":{"_acf_changed":false,"_eb_attr":"","footnotes":""},"class_list":["post-15025","page","type-page","status-publish","hentry"],"acf":[],"_links":{"self":[{"href":"https:\/\/beta.aa-intergroup.org\/pt-br\/wp-json\/wp\/v2\/pages\/15025","targetHints":{"allow":["GET"]}}],"collection":[{"href":"https:\/\/beta.aa-intergroup.org\/pt-br\/wp-json\/wp\/v2\/pages"}],"about":[{"href":"https:\/\/beta.aa-intergroup.org\/pt-br\/wp-json\/wp\/v2\/types\/page"}],"author":[{"embeddable":true,"href":"https:\/\/beta.aa-intergroup.org\/pt-br\/wp-json\/wp\/v2\/users\/153"}],"replies":[{"embeddable":true,"href":"https:\/\/beta.aa-intergroup.org\/pt-br\/wp-json\/wp\/v2\/comments?post=15025"}],"version-history":[{"count":15,"href":"https:\/\/beta.aa-intergroup.org\/pt-br\/wp-json\/wp\/v2\/pages\/15025\/revisions"}],"predecessor-version":[{"id":41581,"href":"https:\/\/beta.aa-intergroup.org\/pt-br\/wp-json\/wp\/v2\/pages\/15025\/revisions\/41581"}],"wp:attachment":[{"href":"https:\/\/beta.aa-intergroup.org\/pt-br\/wp-json\/wp\/v2\/media?parent=15025"}],"curies":[{"name":"wp","href":"https:\/\/api.w.org\/{rel}","templated":true}]}}