{"id":15337,"date":"2025-06-16T13:14:58","date_gmt":"2025-06-16T17:14:58","guid":{"rendered":"https:\/\/beta.aa-intergroup.org\/nao-consegue-parar-de-beber\/"},"modified":"2025-10-28T04:19:33","modified_gmt":"2025-10-28T08:19:33","slug":"nao-consegue-parar-de-beber","status":"publish","type":"page","link":"https:\/\/beta.aa-intergroup.org\/pt-br\/nao-consegue-parar-de-beber\/","title":{"rendered":"N\u00e3o consegue parar de beber?"},"content":{"rendered":"\n<p>Se voc\u00ea quer parar de beber e est\u00e1 tendo dificuldades, ent\u00e3o voc\u00ea veio ao lugar certo. Acontece que muitos de n\u00f3s j\u00e1 passamos pelo mesmo problema!  <\/p>\n\n<p>AA ajuda a conectar e apoiar pessoas que querem parar de beber. Estamos aqui por voc\u00ea porque j\u00e1 estivemos no seu lugar. Sabemos que pode ser dif\u00edcil, mas tudo que voc\u00ea precisa \u00e9 um desejo de parar de beber.  <\/p>\n\n<div style=\"height:40px\" aria-hidden=\"true\" class=\"wp-block-spacer\"><\/div>\n\n<h2 class=\"wp-block-heading has-large-font-size\">Obter ajuda agora<\/h2>\n\n<div class=\"wp-block-columns is-layout-flex wp-container-core-columns-is-layout-9d6595d7 wp-block-columns-is-layout-flex\">\n<div class=\"wp-block-column is-layout-flow wp-block-column-is-layout-flow\" style=\"flex-basis:80%\">\n<p>Se voc\u00ea n\u00e3o consegue parar de beber, a melhor coisa que voc\u00ea pode fazer \u00e9 entrar em contato agora mesmo. Participe de uma reuni\u00e3o agora ou envie o formul\u00e1rio abaixo. <\/p>\n\n\n\n<p>Sua solicita\u00e7\u00e3o ser\u00e1 recebida e respondida <strong>por e-mail<\/strong> por membros do Comit\u00ea do 12\u00ba Passo do OIAA, composto por membros s\u00f3brios de AA em todo o mundo. Responderemos o mais breve poss\u00edvel. Obrigado!  <\/p>\n<\/div>\n\n\n\n<div class=\"wp-block-column is-layout-flow wp-block-column-is-layout-flow\" style=\"flex-basis:20%\"><div class=\"wp-block-image\">\n<figure class=\"aligncenter size-full is-resized\"><img loading=\"lazy\" decoding=\"async\" width=\"2560\" height=\"1709\" src=\"https:\/\/beta.aa-intergroup.org\/wp-content\/uploads\/2025\/06\/shotglass-scaled.jpg\" alt=\"\" class=\"wp-image-12239\" style=\"object-fit:cover;width:70px;height:70px\" srcset=\"https:\/\/beta.aa-intergroup.org\/wp-content\/uploads\/2025\/06\/shotglass-scaled.jpg 2560w, https:\/\/beta.aa-intergroup.org\/wp-content\/uploads\/2025\/06\/shotglass-300x200.jpg 300w, https:\/\/beta.aa-intergroup.org\/wp-content\/uploads\/2025\/06\/shotglass-1024x684.jpg 1024w, https:\/\/beta.aa-intergroup.org\/wp-content\/uploads\/2025\/06\/shotglass-768x513.jpg 768w, https:\/\/beta.aa-intergroup.org\/wp-content\/uploads\/2025\/06\/shotglass-1536x1025.jpg 1536w, https:\/\/beta.aa-intergroup.org\/wp-content\/uploads\/2025\/06\/shotglass-2048x1367.jpg 2048w\" sizes=\"auto, (max-width: 2560px) 100vw, 2560px\" \/><\/figure><\/div>\n\n\n<div class=\"wp-block-essential-blocks-button root-eb-button-472r7\"><div class=\"eb-parent-wrapper eb-parent-eb-button-472r7 \"><div class=\"eb-button-wrapper eb-button-alignment eb-button-472r7\"><div class=\"eb-button\"><div class=\"eb-button-inner-wrapper \"><a class=\"eb-button-anchor \" href=\"https:\/\/beta.aa-intergroup.org\/meetings\/\" rel=\"noopener\">Participe de uma reuni\u00e3o<\/a><\/div><\/div><\/div><\/div><\/div>\n<\/div>\n<\/div>\n<div class=\"wpforms-container wpforms-container-full\" id=\"wpforms-831\"><form id=\"wpforms-form-831\" class=\"wpforms-validate wpforms-form\" data-formid=\"831\" method=\"post\" enctype=\"multipart\/form-data\" action=\"\/pt-br\/wp-json\/wp\/v2\/pages\/15337\" data-token=\"b154ed911488c474b738814454d9dbcb\" data-token-time=\"1776019675\"><noscript class=\"wpforms-error-noscript\">Please enable JavaScript in your browser to complete this form.<\/noscript><div class=\"wpforms-field-container\"><div id=\"wpforms-831-field_0-container\" class=\"wpforms-field wpforms-field-name\" data-field-id=\"0\"><label class=\"wpforms-field-label\" for=\"wpforms-831-field_0\">Nome <span class=\"wpforms-required-label\">*<\/span><\/label><input type=\"text\" id=\"wpforms-831-field_0\" class=\"wpforms-field-medium wpforms-field-required\" name=\"wpforms[fields][0]\" required><div class=\"wpforms-field-description\">S\u00f3 o primeiro nome est\u00e1 bom.<\/div><\/div><div id=\"wpforms-831-field_1-container\" class=\"wpforms-field wpforms-field-email\" data-field-id=\"1\"><label class=\"wpforms-field-label\" for=\"wpforms-831-field_1\">E-mail <span class=\"wpforms-required-label\">*<\/span><\/label><input type=\"email\" id=\"wpforms-831-field_1\" class=\"wpforms-field-medium wpforms-field-required\" name=\"wpforms[fields][1]\" spellcheck=\"false\" required><\/div><div id=\"wpforms-831-field_2-container\" class=\"wpforms-field wpforms-field-textarea\" data-field-id=\"2\"><label class=\"wpforms-field-label\" for=\"wpforms-831-field_2\">Mensagem <span class=\"wpforms-required-label\">*<\/span><\/label><textarea id=\"wpforms-831-field_2\" class=\"wpforms-field-medium wpforms-field-required\" name=\"wpforms[fields][2]\" required><\/textarea><\/div><div id=\"wpforms-831-field_3-container\" class=\"wpforms-field wpforms-field-hidden\" data-field-id=\"3\"><input type=\"hidden\" id=\"wpforms-831-field_3\" name=\"wpforms[fields][3]\" value=\"04\/12\/2026\"><\/div><div id=\"wpforms-831-field_7-container\" class=\"wpforms-field wpforms-field-select wpforms-conditional-trigger wpforms-field-select-style-classic\" data-field-id=\"7\"><label class=\"wpforms-field-label\" for=\"wpforms-831-field_7\">Seu pa\u00eds <span class=\"wpforms-required-label\">*<\/span><\/label><select id=\"wpforms-831-field_7\" class=\"wpforms-field-medium wpforms-field-required\" name=\"wpforms[fields][7]\" required=\"required\"><option value=\"seleciona\" >seleciona<\/option><option value=\"EUA\" >EUA<\/option><option value=\"\u00c1frica do Sul\" >\u00c1frica do Sul<\/option><option value=\"Canad\u00e1\" >Canad\u00e1<\/option><option value=\"M\u00e9xico\" >M\u00e9xico<\/option><option value=\"Fran\u00e7a\" >Fran\u00e7a<\/option><option value=\"\u00cdndia\" >\u00cdndia<\/option><option value=\"Irlanda  \" >Irlanda<\/option><option value=\"Reino Unido\" >Reino Unido<\/option><option value=\"Outro pa\u00eds\" >Outro pa\u00eds<\/option><\/select><\/div><div id=\"wpforms-831-field_6-container\" class=\"wpforms-field wpforms-field-text wpforms-conditional-field wpforms-conditional-show\" data-field-id=\"6\" style=\"display:none;\"><label class=\"wpforms-field-label\" for=\"wpforms-831-field_6\">Outro pa\u00eds<\/label><input type=\"text\" id=\"wpforms-831-field_6\" class=\"wpforms-field-medium\" name=\"wpforms[fields][6]\" ><div class=\"wpforms-field-description\">Por favor, adicione se selecionou outro pa\u00eds<\/div><\/div><div id=\"wpforms-831-field_10-container\" class=\"wpforms-field wpforms-field-text request-id\" data-field-id=\"10\"><label class=\"wpforms-field-label\" for=\"wpforms-831-field_10\">Request ID<\/label><input type=\"text\" id=\"wpforms-831-field_10\" class=\"wpforms-field-medium\" name=\"wpforms[fields][10]\" ><\/div><\/div><!-- .wpforms-field-container --><div class=\"wpforms-field wpforms-field-hp\"><label for=\"wpforms-831-field-hp\" class=\"wpforms-field-label\">Phone<\/label><input type=\"text\" name=\"wpforms[hp]\" id=\"wpforms-831-field-hp\" class=\"wpforms-field-medium\"><\/div><div class=\"wpforms-recaptcha-container wpforms-is-recaptcha wpforms-is-recaptcha-type-v2\" ><div class=\"g-recaptcha\" data-sitekey=\"6LfLO_EUAAAAAD2WTL408A9DfNNx6AhXu-npfay8\"><\/div><input type=\"text\" name=\"g-recaptcha-hidden\" class=\"wpforms-recaptcha-hidden\" style=\"position:absolute!important;clip:rect(0,0,0,0)!important;height:1px!important;width:1px!important;border:0!important;overflow:hidden!important;padding:0!important;margin:0!important;\" data-rule-recaptcha=\"1\"><\/div><div class=\"wpforms-submit-container\" ><input type=\"hidden\" name=\"wpforms[id]\" value=\"831\"><input type=\"hidden\" name=\"page_title\" value=\"\"><input type=\"hidden\" name=\"page_url\" value=\"https:\/\/beta.aa-intergroup.org\/pt-br\/wp-json\/wp\/v2\/pages\/15337\"><button type=\"submit\" name=\"wpforms[submit]\" id=\"wpforms-submit-831\" class=\"wpforms-submit form-submit\" data-alt-text=\"Enviando...\" data-submit-text=\"Enviar\" aria-live=\"assertive\" value=\"wpforms-submit\">Enviar<\/button><\/div><\/form><\/div>  <!-- .wpforms-container -->\n\n<div style=\"height:150px\" aria-hidden=\"true\" class=\"wp-block-spacer\"><\/div>\n\n<div class=\"wp-block-columns is-layout-flex wp-container-core-columns-is-layout-9d6595d7 wp-block-columns-is-layout-flex\">\n<div class=\"wp-block-column is-layout-flow wp-block-column-is-layout-flow\"><\/div>\n\n\n\n<div class=\"wp-block-column is-layout-flow wp-block-column-is-layout-flow\"><\/div>\n<\/div>\n\n<div class=\"wp-block-columns is-layout-flex wp-container-core-columns-is-layout-9d6595d7 wp-block-columns-is-layout-flex\">\n<div class=\"wp-block-column is-layout-flow wp-block-column-is-layout-flow\" style=\"flex-basis:33.33%\"><div class=\"wp-block-image\">\n<figure class=\"aligncenter size-full is-resized\"><img loading=\"lazy\" decoding=\"async\" width=\"876\" height=\"542\" src=\"https:\/\/beta.aa-intergroup.org\/wp-content\/uploads\/2025\/06\/Anonymity.png\" alt=\"\" class=\"wp-image-12241\" style=\"width:280px\" srcset=\"https:\/\/beta.aa-intergroup.org\/wp-content\/uploads\/2025\/06\/Anonymity.png 876w, https:\/\/beta.aa-intergroup.org\/wp-content\/uploads\/2025\/06\/Anonymity-300x186.png 300w, https:\/\/beta.aa-intergroup.org\/wp-content\/uploads\/2025\/06\/Anonymity-768x475.png 768w\" sizes=\"auto, (max-width: 876px) 100vw, 876px\" \/><\/figure><\/div><\/div>\n\n\n\n<div class=\"wp-block-column is-layout-flow wp-block-column-is-layout-flow\" style=\"flex-basis:66.66%\">\n<h5 class=\"wp-block-heading\">Membros de AA protegem seu anonimato:<\/h5>\n\n\n\n<p>para proteger a organiza\u00e7\u00e3o AA, suas vidas profissionais e privadas, as vidas de outros alco\u00f3licos e, <strong>mais importante<\/strong>, aqueles que procuram ajuda com seu problema de bebida: o rec\u00e9m-chegado.<\/p>\n\n\n\n<p>Seu anonimato ser\u00e1 protegido. AA n\u00e3o mant\u00e9m informa\u00e7\u00f5es sobre seus membros nem rastreia ou registra quem os contata. <\/p>\n<\/div>\n<\/div>\n\n<div class=\"wp-block-columns is-layout-flex wp-container-core-columns-is-layout-9d6595d7 wp-block-columns-is-layout-flex\">\n<div class=\"wp-block-column is-layout-flow wp-block-column-is-layout-flow\"><\/div>\n\n\n\n<div class=\"wp-block-column is-layout-flow wp-block-column-is-layout-flow\"><\/div>\n<\/div>\n\n<div style=\"height:222px\" aria-hidden=\"true\" class=\"wp-block-spacer\"><\/div>\n","protected":false},"excerpt":{"rendered":"<p>Se voc\u00ea quer parar de beber e est\u00e1 tendo dificuldades, ent\u00e3o voc\u00ea veio ao lugar certo. Acontece que muitos de n\u00f3s j\u00e1 passamos pelo mesmo problema! AA ajuda a conectar e apoiar pessoas que querem parar de beber. Estamos aqui por voc\u00ea porque j\u00e1 estivemos no seu lugar. Sabemos que pode ser dif\u00edcil, mas tudo<a class=\"excerpt-read-more\" href=\"https:\/\/beta.aa-intergroup.org\/pt-br\/nao-consegue-parar-de-beber\/\" title=\"ReadN\u00e3o consegue parar de beber?\">&#8230; Read more &raquo;<\/a><\/p>\n","protected":false},"author":153,"featured_media":0,"parent":0,"menu_order":0,"comment_status":"closed","ping_status":"closed","template":"","meta":{"_acf_changed":false,"_eb_attr":"","footnotes":""},"class_list":["post-15337","page","type-page","status-publish","hentry"],"acf":[],"_links":{"self":[{"href":"https:\/\/beta.aa-intergroup.org\/pt-br\/wp-json\/wp\/v2\/pages\/15337","targetHints":{"allow":["GET"]}}],"collection":[{"href":"https:\/\/beta.aa-intergroup.org\/pt-br\/wp-json\/wp\/v2\/pages"}],"about":[{"href":"https:\/\/beta.aa-intergroup.org\/pt-br\/wp-json\/wp\/v2\/types\/page"}],"author":[{"embeddable":true,"href":"https:\/\/beta.aa-intergroup.org\/pt-br\/wp-json\/wp\/v2\/users\/153"}],"replies":[{"embeddable":true,"href":"https:\/\/beta.aa-intergroup.org\/pt-br\/wp-json\/wp\/v2\/comments?post=15337"}],"version-history":[{"count":1,"href":"https:\/\/beta.aa-intergroup.org\/pt-br\/wp-json\/wp\/v2\/pages\/15337\/revisions"}],"predecessor-version":[{"id":15338,"href":"https:\/\/beta.aa-intergroup.org\/pt-br\/wp-json\/wp\/v2\/pages\/15337\/revisions\/15338"}],"wp:attachment":[{"href":"https:\/\/beta.aa-intergroup.org\/pt-br\/wp-json\/wp\/v2\/media?parent=15337"}],"curies":[{"name":"wp","href":"https:\/\/api.w.org\/{rel}","templated":true}]}}