{"id":15348,"date":"2025-06-16T13:15:15","date_gmt":"2025-06-16T17:15:15","guid":{"rendered":"https:\/\/beta.aa-intergroup.org\/grupos-membros-da-oiaa\/"},"modified":"2025-10-28T04:20:13","modified_gmt":"2025-10-28T08:20:13","slug":"grupos-membros-da-oiaa","status":"publish","type":"page","link":"https:\/\/beta.aa-intergroup.org\/pt-br\/grupos-membros-da-oiaa\/","title":{"rendered":"Grupos membros da OIAA"},"content":{"rendered":"\n<hr class=\"wp-block-separator has-text-color has-alpha-channel-opacity has-background is-style-default\" style=\"background-color:#08c9fd;color:#08c9fd\"\/>\n\n<h2 class=\"wp-block-heading has-text-align-center has-text-color has-link-color has-x-large-font-size wp-elements-2d3d6d87d41d24d75370c47ed38307e8\" style=\"color:#011a5c;font-style:normal;font-weight:700;text-transform:uppercase\">Dentro da OIAA<\/h2>\n\n<p class=\"has-text-align-center\">Este \u00e9 o recurso principal para tudo o que acontece dentro da OIAA. <\/p>\n\n<div class=\"wp-block-essential-blocks-text root-eb-text-svizr\"><div class=\"eb-parent-wrapper eb-parent-eb-text-svizr \"><div class=\"eb-text-wrapper eb-text-svizr\" data-id=\"eb-text-svizr\"><p class=\"eb-text\"><strong>Menu OIAA por dentro<\/strong><br><a href=\"https:\/\/beta.aa-intergroup.org\/pt-br\/grupos-membros-da-oiaa\/\" data-type=\"page\" data-id=\"21905\">grupos<\/a><br><a href=\"https:\/\/beta.aa-intergroup.org\/online-meeting-tools-guidelines\/\" data-type=\"link\" data-id=\"https:\/\/beta.aa-intergroup.org\/online-meeting-tools-guidelines\/\">ferramentas e diretrizes para reuni\u00f5es online<\/a><br><a href=\"https:\/\/beta.aa-intergroup.org\/oiaa-in-action\/\" data-type=\"page\" data-id=\"21908\">OIAA em a\u00e7\u00e3o<\/a><br><a href=\"https:\/\/beta.aa-intergroup.org\/service-committees\/\" data-type=\"page\" data-id=\"21910\">comit\u00eas de servi\u00e7o<\/a><br><a href=\"https:\/\/beta.aa-intergroup.org\/oiaa-calendar\/\" data-type=\"link\" data-id=\"https:\/\/beta.aa-intergroup.org\/oiaa-calendar\/\">eventos da OIAA<\/a><br><a href=\"https:\/\/beta.aa-intergroup.org\/become-a-member\/\" data-type=\"page\" data-id=\"21912\">torne-se um membro<\/a><\/p><\/div><\/div><\/div>\n\n<!-- UberMenu [Configuration:insideoiaa] [Theme Loc:] [Integration:api] -->\n<button class=\"ubermenu-responsive-toggle ubermenu-responsive-toggle-insideoiaa ubermenu-skin-grey-white ubermenu-loc- ubermenu-responsive-toggle-content-align-left ubermenu-responsive-toggle-align-full ubermenu-responsive-toggle-close-icon-times \" tabindex=\"0\" data-ubermenu-target=\"ubermenu-insideoiaa-627\"   aria-label=\"Toggle Inside OIAA - Portuguese (Brazil)\"><i class=\"fas fa-bars\" ><\/i>Menu<\/button><nav id=\"ubermenu-insideoiaa-627\" class=\"ubermenu ubermenu-nojs ubermenu-insideoiaa ubermenu-menu-627 ubermenu-responsive ubermenu-responsive-default ubermenu-responsive-collapse ubermenu-horizontal ubermenu-transition-shift ubermenu-trigger-hover_intent ubermenu-skin-grey-white  ubermenu-bar-align-full ubermenu-items-align-flex ubermenu-bound-inner ubermenu-disable-submenu-scroll ubermenu-sub-indicators ubermenu-retractors-responsive ubermenu-submenu-indicator-closes\"><ul id=\"ubermenu-nav-insideoiaa-90\" class=\"ubermenu-nav\" data-title=\"Inside OIAA - Portuguese (Brazil)\"><li id=\"menu-item-37517\" class=\"ubermenu-item ubermenu-item-type-post_type ubermenu-item-object-page ubermenu-item-37517 ubermenu-item-level-0 ubermenu-column ubermenu-column-auto\" ><a class=\"ubermenu-target ubermenu-item-layout-default ubermenu-item-layout-text_only\" href=\"https:\/\/beta.aa-intergroup.org\/pt-br\/grupos-membros-da-oiaa\/\" tabindex=\"0\"><span class=\"ubermenu-target-title ubermenu-target-text\">Grupos membros da OIAA<\/span><\/a><\/li><li id=\"menu-item-37541\" class=\"ubermenu-item ubermenu-item-type-post_type ubermenu-item-object-page ubermenu-item-37541 ubermenu-item-level-0 ubermenu-column ubermenu-column-auto\" ><a class=\"ubermenu-target ubermenu-item-layout-default ubermenu-item-layout-text_only\" href=\"https:\/\/beta.aa-intergroup.org\/pt-br\/ferramentas-e-diretrizes-para-reunioes-online\/\" tabindex=\"0\"><span class=\"ubermenu-target-title ubermenu-target-text\">Ferramentas e diretrizes para reuni\u00f5es online<\/span><\/a><\/li><li id=\"menu-item-37542\" class=\"ubermenu-item ubermenu-item-type-post_type ubermenu-item-object-page ubermenu-item-37542 ubermenu-item-level-0 ubermenu-column ubermenu-column-auto\" ><a class=\"ubermenu-target ubermenu-item-layout-default ubermenu-item-layout-text_only\" href=\"https:\/\/beta.aa-intergroup.org\/pt-br\/oiaa-em-acao\/\" tabindex=\"0\"><span class=\"ubermenu-target-title ubermenu-target-text\">OIAA em a\u00e7\u00e3o<\/span><\/a><\/li><li id=\"menu-item-37543\" class=\"ubermenu-item ubermenu-item-type-post_type ubermenu-item-object-page ubermenu-item-37543 ubermenu-item-level-0 ubermenu-column ubermenu-column-auto\" ><a class=\"ubermenu-target ubermenu-item-layout-default ubermenu-item-layout-text_only\" href=\"https:\/\/beta.aa-intergroup.org\/pt-br\/comites-de-servico\/\" tabindex=\"0\"><span class=\"ubermenu-target-title ubermenu-target-text\">Comit\u00eas de servi\u00e7o<\/span><\/a><\/li><li id=\"menu-item-37544\" class=\"ubermenu-item ubermenu-item-type-post_type ubermenu-item-object-page ubermenu-item-37544 ubermenu-item-level-0 ubermenu-column ubermenu-column-auto\" ><a class=\"ubermenu-target ubermenu-item-layout-default ubermenu-item-layout-text_only\" href=\"https:\/\/beta.aa-intergroup.org\/pt-br\/calendario-oiaa\/\" tabindex=\"0\"><span class=\"ubermenu-target-title ubermenu-target-text\">Calend\u00e1rio OIAA<\/span><\/a><\/li><li id=\"menu-item-37545\" class=\"ubermenu-item ubermenu-item-type-post_type ubermenu-item-object-page ubermenu-item-37545 ubermenu-item-level-0 ubermenu-column ubermenu-column-auto\" ><a class=\"ubermenu-target ubermenu-item-layout-default ubermenu-item-layout-text_only\" href=\"https:\/\/beta.aa-intergroup.org\/pt-br\/torne-se-membro\/\" tabindex=\"0\"><span class=\"ubermenu-target-title ubermenu-target-text\">Torne-se membro<\/span><\/a><\/li><\/ul><\/nav>\n<!-- End UberMenu -->\n\n\n<hr class=\"wp-block-separator has-text-color has-alpha-channel-opacity has-background is-style-default\" style=\"background-color:#08c9fd;color:#08c9fd\"\/>\n\n<div style=\"height:18px\" aria-hidden=\"true\" class=\"wp-block-spacer\"><\/div>\n\n<h2 class=\"wp-block-heading has-text-align-center has-large-font-size\">Grupos membros da OIAA<\/h2>\n\n<p>Este \u00e9 o seu recurso principal para grupos listados na OIAA e aqueles que participam da estrutura de servi\u00e7o da OIAA. Os IGRs de grupo encontrar\u00e3o as informa\u00e7\u00f5es mais atualizadas aqui. <\/p>\n\n<div class=\"wp-block-essential-blocks-button root-eb-button-k731r\"><div class=\"eb-parent-wrapper eb-parent-eb-button-k731r \"><div class=\"eb-button-wrapper eb-button-alignment eb-button-k731r\"><div class=\"eb-button\"><div class=\"eb-button-inner-wrapper \"><a class=\"eb-button-anchor \" href=\"https:\/\/beta.aa-intergroup.org\/group-events\/\" rel=\"noopener\">Ver eventos do grupo<\/a><\/div><\/div><\/div><\/div><\/div>\n\n<div style=\"height:20px\" aria-hidden=\"true\" class=\"wp-block-spacer\"><\/div>\n\n<div class=\"wp-block-columns is-layout-flex wp-container-core-columns-is-layout-9d6595d7 wp-block-columns-is-layout-flex\">\n<div class=\"wp-block-column is-layout-flow wp-block-column-is-layout-flow\">\n<div class=\"wp-block-essential-blocks-infobox root-eb-infobox-3y9am\"><div class=\"eb-parent-wrapper eb-parent-eb-infobox-3y9am \"><div class=\"eb-infobox-3y9am eb-infobox-wrapper\"><div class=\"infobox-wrapper-inner\"><div class=\"contents-wrapper\"><p class=\"description\">As informa\u00e7\u00f5es mais atualizadas que todo IGR deve saber.<\/p><div class=\"eb-button-inner-wrapper eb-infobox-btn-wrapper\"><a class=\"eb-button-anchor infobox-btn \" href=\"https:\/\/beta.aa-intergroup.org\/igr-hotlist\/\" rel=\"noopener\"><strong>Destaques para IGRs <\/strong><\/a><\/div><\/div><\/div><\/div><\/div><\/div>\n<\/div>\n\n\n\n<div class=\"wp-block-column is-layout-flow wp-block-column-is-layout-flow\">\n<div class=\"wp-block-essential-blocks-infobox root-eb-infobox-njvfg\"><div class=\"eb-parent-wrapper eb-parent-eb-infobox-njvfg \"><div class=\"eb-infobox-njvfg eb-infobox-wrapper\"><div class=\"infobox-wrapper-inner\"><div class=\"contents-wrapper\"><p class=\"description\">Mantenha todos informados sobre o que est\u00e1 acontecendo em seu grupo.<\/p><div class=\"eb-button-inner-wrapper eb-infobox-btn-wrapper\"><a class=\"eb-button-anchor infobox-btn \" href=\"https:\/\/beta.aa-intergroup.org\/submit-group-report\/\" rel=\"noopener\"><strong>Relat\u00f3rios de grupo<\/strong><\/a><\/div><\/div><\/div><\/div><\/div><\/div>\n<\/div>\n\n\n\n<div class=\"wp-block-column is-layout-flow wp-block-column-is-layout-flow\">\n<div class=\"wp-block-essential-blocks-infobox root-eb-infobox-qh1kd\"><div class=\"eb-parent-wrapper eb-parent-eb-infobox-qh1kd \"><div class=\"eb-infobox-qh1kd eb-infobox-wrapper\"><div class=\"infobox-wrapper-inner\"><div class=\"contents-wrapper\"><p class=\"description\">Membros compartilham sua experi\u00eancia, for\u00e7a e esperan\u00e7a.<br><\/p><div class=\"eb-button-inner-wrapper eb-infobox-btn-wrapper\"><a class=\"eb-button-anchor infobox-btn \" href=\"https:\/\/beta.aa-intergroup.org\/stories\/\" rel=\"noopener\"><strong>Hist\u00f3rias dos membros<\/strong><\/a><\/div><\/div><\/div><\/div><\/div><\/div>\n<\/div>\n<\/div>\n\n<div style=\"height:32px\" aria-hidden=\"true\" class=\"wp-block-spacer\"><\/div>\n\n<div class=\"wp-block-columns is-layout-flex wp-container-core-columns-is-layout-9d6595d7 wp-block-columns-is-layout-flex\">\n<div class=\"wp-block-column is-layout-flow wp-block-column-is-layout-flow\">\n<div class=\"wp-block-essential-blocks-infobox root-eb-infobox-60hlv\"><div class=\"eb-parent-wrapper eb-parent-eb-infobox-60hlv \"><div class=\"eb-infobox-60hlv eb-infobox-wrapper\"><div class=\"infobox-wrapper-inner\"><div class=\"contents-wrapper\"><p class=\"description\">Use este formul\u00e1rio para enviar os eventos do seu grupo. Voc\u00ea n\u00e3o precisa ser um Grupo Membro da OIAA para listar um evento.<br><\/p><div class=\"eb-button-inner-wrapper eb-infobox-btn-wrapper\"><a class=\"eb-button-anchor infobox-btn \" href=\"https:\/\/beta.aa-intergroup.org\/submit-group-event\/\" rel=\"noopener\"><strong>Enviar um evento de grupo<\/strong><\/a><\/div><\/div><\/div><\/div><\/div><\/div>\n<\/div>\n\n\n\n<div class=\"wp-block-column is-layout-flow wp-block-column-is-layout-flow\">\n<div class=\"wp-block-essential-blocks-infobox root-eb-infobox-69t65\"><div class=\"eb-parent-wrapper eb-parent-eb-infobox-69t65 \"><div class=\"eb-infobox-69t65 eb-infobox-wrapper\"><div class=\"infobox-wrapper-inner\"><div class=\"contents-wrapper\"><p class=\"description\">Se tiver d\u00favidas sobre a associa\u00e7\u00e3o de grupo da OIAA ou precisar alterar suas informa\u00e7\u00f5es de IGR, entre em contato com o Registrador.<\/p><div class=\"eb-button-inner-wrapper eb-infobox-btn-wrapper\"><a class=\"eb-button-anchor infobox-btn \" href=\"https:\/\/beta.aa-intergroup.org\/oiaa-registrar\/\" rel=\"noopener\"><strong>Entrar em contato com o registrador <\/strong><\/a><\/div><\/div><\/div><\/div><\/div><\/div>\n<\/div>\n\n\n\n<div class=\"wp-block-column is-layout-flow wp-block-column-is-layout-flow\">\n<div class=\"wp-block-essential-blocks-infobox root-eb-infobox-x8n33\"><div class=\"eb-parent-wrapper eb-parent-eb-infobox-x8n33 \"><div class=\"eb-infobox-x8n33 eb-infobox-wrapper\"><div class=\"infobox-wrapper-inner\"><div class=\"contents-wrapper\"><p class=\"description\">Todo grupo de A.A. deve ser totalmente autossuficiente, recusando contribui\u00e7\u00f5es externas.\u201d (p\u00e1g. 160, Doze Passos e Doze Tradi\u00e7\u00f5es)<\/p><div class=\"eb-button-inner-wrapper eb-infobox-btn-wrapper\"><a class=\"eb-button-anchor infobox-btn \" href=\"https:\/\/beta.aa-intergroup.org\/contributions\/\" rel=\"noopener\"><strong>Fazer uma contribui\u00e7\u00e3o<\/strong><\/a><\/div><\/div><\/div><\/div><\/div><\/div>\n<\/div>\n<\/div>\n\n<div style=\"height:431px\" aria-hidden=\"true\" class=\"wp-block-spacer\"><\/div>\n","protected":false},"excerpt":{"rendered":"<p>Dentro da OIAA Este \u00e9 o recurso principal para tudo o que acontece dentro da OIAA. Grupos membros da OIAA Este \u00e9 o seu recurso principal para grupos listados na OIAA e aqueles que participam da estrutura de servi\u00e7o da OIAA. Os IGRs de grupo encontrar\u00e3o as informa\u00e7\u00f5es mais atualizadas aqui.<\/p>\n","protected":false},"author":153,"featured_media":0,"parent":0,"menu_order":0,"comment_status":"closed","ping_status":"closed","template":"","meta":{"_acf_changed":false,"_eb_attr":"","footnotes":""},"class_list":["post-15348","page","type-page","status-publish","hentry"],"acf":[],"_links":{"self":[{"href":"https:\/\/beta.aa-intergroup.org\/pt-br\/wp-json\/wp\/v2\/pages\/15348","targetHints":{"allow":["GET"]}}],"collection":[{"href":"https:\/\/beta.aa-intergroup.org\/pt-br\/wp-json\/wp\/v2\/pages"}],"about":[{"href":"https:\/\/beta.aa-intergroup.org\/pt-br\/wp-json\/wp\/v2\/types\/page"}],"author":[{"embeddable":true,"href":"https:\/\/beta.aa-intergroup.org\/pt-br\/wp-json\/wp\/v2\/users\/153"}],"replies":[{"embeddable":true,"href":"https:\/\/beta.aa-intergroup.org\/pt-br\/wp-json\/wp\/v2\/comments?post=15348"}],"version-history":[{"count":1,"href":"https:\/\/beta.aa-intergroup.org\/pt-br\/wp-json\/wp\/v2\/pages\/15348\/revisions"}],"predecessor-version":[{"id":15349,"href":"https:\/\/beta.aa-intergroup.org\/pt-br\/wp-json\/wp\/v2\/pages\/15348\/revisions\/15349"}],"wp:attachment":[{"href":"https:\/\/beta.aa-intergroup.org\/pt-br\/wp-json\/wp\/v2\/media?parent=15348"}],"curies":[{"name":"wp","href":"https:\/\/api.w.org\/{rel}","templated":true}]}}