{"id":15443,"date":"2025-06-16T13:15:44","date_gmt":"2025-06-16T17:15:44","guid":{"rendered":"https:\/\/beta.aa-intergroup.org\/comites-de-servico\/"},"modified":"2025-10-28T04:27:23","modified_gmt":"2025-10-28T08:27:23","slug":"comites-de-servico","status":"publish","type":"page","link":"https:\/\/beta.aa-intergroup.org\/pt-br\/comites-de-servico\/","title":{"rendered":"Comit\u00eas de servi\u00e7o"},"content":{"rendered":"\n<hr class=\"wp-block-separator has-text-color has-alpha-channel-opacity has-background is-style-default\" style=\"background-color:#08c9fd;color:#08c9fd\"\/>\n\n<h2 class=\"wp-block-heading has-text-align-center has-text-color has-link-color has-x-large-font-size wp-elements-2d3d6d87d41d24d75370c47ed38307e8\" style=\"color:#011a5c;font-style:normal;font-weight:700;text-transform:uppercase\">Dentro da OIAA<\/h2>\n\n<p class=\"has-text-align-center\">Este \u00e9 o recurso principal para tudo o que acontece dentro da OIAA. <\/p>\n\n<div class=\"wp-block-essential-blocks-text root-eb-text-8vntp\"><div class=\"eb-parent-wrapper eb-parent-eb-text-8vntp \"><div class=\"eb-text-wrapper eb-text-8vntp\" data-id=\"eb-text-8vntp\"><p class=\"eb-text\"><strong>Menu OIAA por dentro<\/strong><br><a href=\"https:\/\/beta.aa-intergroup.org\/pt-br\/grupos-membros-da-oiaa\/\" data-type=\"page\" data-id=\"21905\">grupos<\/a><br><a href=\"https:\/\/beta.aa-intergroup.org\/pt-br\/ferramentas-e-diretrizes-para-reunioes-online\/\" data-type=\"link\" data-id=\"https:\/\/beta.aa-intergroup.org\/online-meeting-tools-guidelines\/\">ferramentas e diretrizes para reuni\u00f5es online<\/a><br><a href=\"https:\/\/beta.aa-intergroup.org\/pt-br\/oiaa-em-acao\/\" data-type=\"page\" data-id=\"21908\">OIAA em a\u00e7\u00e3o<\/a><br><a href=\"https:\/\/beta.aa-intergroup.org\/pt-br\/comites-de-servico\/\" data-type=\"page\" data-id=\"21910\">comit\u00eas de servi\u00e7o<\/a><br><a href=\"https:\/\/beta.aa-intergroup.org\/pt-br\/calendario-oiaa\/\" data-type=\"link\" data-id=\"https:\/\/beta.aa-intergroup.org\/oiaa-calendar\/\">eventos da OIAA<\/a><br><a href=\"https:\/\/beta.aa-intergroup.org\/pt-br\/torne-se-membro\/\" data-type=\"page\" data-id=\"21912\">torne-se um membro<\/a><\/p><\/div><\/div><\/div>\n\n<!-- UberMenu [Configuration:insideoiaa] [Theme Loc:] [Integration:api] -->\n<button class=\"ubermenu-responsive-toggle ubermenu-responsive-toggle-insideoiaa ubermenu-skin-grey-white ubermenu-loc- ubermenu-responsive-toggle-content-align-left ubermenu-responsive-toggle-align-full ubermenu-responsive-toggle-close-icon-times \" tabindex=\"0\" data-ubermenu-target=\"ubermenu-insideoiaa-627\"   aria-label=\"Toggle Inside OIAA - Portuguese (Brazil)\"><i class=\"fas fa-bars\" ><\/i>Menu<\/button><nav id=\"ubermenu-insideoiaa-627\" class=\"ubermenu ubermenu-nojs ubermenu-insideoiaa ubermenu-menu-627 ubermenu-responsive ubermenu-responsive-default ubermenu-responsive-collapse ubermenu-horizontal ubermenu-transition-shift ubermenu-trigger-hover_intent ubermenu-skin-grey-white  ubermenu-bar-align-full ubermenu-items-align-flex ubermenu-bound-inner ubermenu-disable-submenu-scroll ubermenu-sub-indicators ubermenu-retractors-responsive ubermenu-submenu-indicator-closes\"><ul id=\"ubermenu-nav-insideoiaa-90\" class=\"ubermenu-nav\" data-title=\"Inside OIAA - Portuguese (Brazil)\"><li id=\"menu-item-37517\" class=\"ubermenu-item ubermenu-item-type-post_type ubermenu-item-object-page ubermenu-item-37517 ubermenu-item-level-0 ubermenu-column ubermenu-column-auto\" ><a class=\"ubermenu-target ubermenu-item-layout-default ubermenu-item-layout-text_only\" href=\"https:\/\/beta.aa-intergroup.org\/pt-br\/grupos-membros-da-oiaa\/\" tabindex=\"0\"><span class=\"ubermenu-target-title ubermenu-target-text\">Grupos membros da OIAA<\/span><\/a><\/li><li id=\"menu-item-37541\" class=\"ubermenu-item ubermenu-item-type-post_type ubermenu-item-object-page ubermenu-item-37541 ubermenu-item-level-0 ubermenu-column ubermenu-column-auto\" ><a class=\"ubermenu-target ubermenu-item-layout-default ubermenu-item-layout-text_only\" href=\"https:\/\/beta.aa-intergroup.org\/pt-br\/ferramentas-e-diretrizes-para-reunioes-online\/\" tabindex=\"0\"><span class=\"ubermenu-target-title ubermenu-target-text\">Ferramentas e diretrizes para reuni\u00f5es online<\/span><\/a><\/li><li id=\"menu-item-37542\" class=\"ubermenu-item ubermenu-item-type-post_type ubermenu-item-object-page ubermenu-item-37542 ubermenu-item-level-0 ubermenu-column ubermenu-column-auto\" ><a class=\"ubermenu-target ubermenu-item-layout-default ubermenu-item-layout-text_only\" href=\"https:\/\/beta.aa-intergroup.org\/pt-br\/oiaa-em-acao\/\" tabindex=\"0\"><span class=\"ubermenu-target-title ubermenu-target-text\">OIAA em a\u00e7\u00e3o<\/span><\/a><\/li><li id=\"menu-item-37543\" class=\"ubermenu-item ubermenu-item-type-post_type ubermenu-item-object-page ubermenu-item-37543 ubermenu-item-level-0 ubermenu-column ubermenu-column-auto\" ><a class=\"ubermenu-target ubermenu-item-layout-default ubermenu-item-layout-text_only\" href=\"https:\/\/beta.aa-intergroup.org\/pt-br\/comites-de-servico\/\" tabindex=\"0\"><span class=\"ubermenu-target-title ubermenu-target-text\">Comit\u00eas de servi\u00e7o<\/span><\/a><\/li><li id=\"menu-item-37544\" class=\"ubermenu-item ubermenu-item-type-post_type ubermenu-item-object-page ubermenu-item-37544 ubermenu-item-level-0 ubermenu-column ubermenu-column-auto\" ><a class=\"ubermenu-target ubermenu-item-layout-default ubermenu-item-layout-text_only\" href=\"https:\/\/beta.aa-intergroup.org\/pt-br\/calendario-oiaa\/\" tabindex=\"0\"><span class=\"ubermenu-target-title ubermenu-target-text\">Calend\u00e1rio OIAA<\/span><\/a><\/li><li id=\"menu-item-37545\" class=\"ubermenu-item ubermenu-item-type-post_type ubermenu-item-object-page ubermenu-item-37545 ubermenu-item-level-0 ubermenu-column ubermenu-column-auto\" ><a class=\"ubermenu-target ubermenu-item-layout-default ubermenu-item-layout-text_only\" href=\"https:\/\/beta.aa-intergroup.org\/pt-br\/torne-se-membro\/\" tabindex=\"0\"><span class=\"ubermenu-target-title ubermenu-target-text\">Torne-se membro<\/span><\/a><\/li><\/ul><\/nav>\n<!-- End UberMenu -->\n\n\n<hr class=\"wp-block-separator has-text-color has-alpha-channel-opacity has-background is-style-default\" style=\"background-color:#08c9fd;color:#08c9fd\"\/>\n\n<div style=\"height:18px\" aria-hidden=\"true\" class=\"wp-block-spacer\"><\/div>\n\n<h2 class=\"wp-block-heading has-text-align-center has-large-font-size\">Comit\u00eas de servi\u00e7o<\/h2>\n\n<p class=\"has-text-align-center\">Existem v\u00e1rias maneiras de se envolver e servir \u00e0 irmandade no OIAA. Explore cada um de nossos comit\u00eas permanentes abaixo. <\/p>\n\n<div style=\"height:20px\" aria-hidden=\"true\" class=\"wp-block-spacer\"><\/div>\n\n<div class=\"wp-block-columns is-layout-flex wp-container-core-columns-is-layout-9d6595d7 wp-block-columns-is-layout-flex\">\n<div class=\"wp-block-column is-layout-flow wp-block-column-is-layout-flow\">\n<div class=\"wp-block-essential-blocks-infobox root-eb-infobox-96myw\"><div class=\"eb-parent-wrapper eb-parent-eb-infobox-96myw \"><div class=\"eb-infobox-96myw eb-infobox-wrapper\"><div class=\"infobox-wrapper-inner\"><div class=\"contents-wrapper\"><p class=\"description\">O Comit\u00ea do 12\u00ba Passo (Steppers) \u00e9 parte integrante do alcance mundial do OIAA. Os Steppers auxiliam alco\u00f3licos e outros que est\u00e3o buscando ajuda pela internet. <br><\/p><div class=\"eb-button-inner-wrapper eb-infobox-btn-wrapper\"><a class=\"eb-button-anchor infobox-btn \" href=\"https:\/\/beta.aa-intergroup.org\/pt-br\/committees\/12o-passo-steppers\/\" rel=\"noopener\"><strong>12\u00ba passo (steppers) <\/strong><\/a><\/div><\/div><\/div><\/div><\/div><\/div>\n<\/div>\n\n\n\n<div class=\"wp-block-column is-layout-flow wp-block-column-is-layout-flow\">\n<div class=\"wp-block-essential-blocks-infobox root-eb-infobox-vc6v1\"><div class=\"eb-parent-wrapper eb-parent-eb-infobox-vc6v1 \"><div class=\"eb-infobox-vc6v1 eb-infobox-wrapper\"><div class=\"infobox-wrapper-inner\"><div class=\"contents-wrapper\"><p class=\"description\">A informa\u00e7\u00e3o \u00e9 necess\u00e1ria para transmitir a mensagem. O Comit\u00ea de Comunica\u00e7\u00f5es fornece informa\u00e7\u00f5es sobre o OIAA. <br><br><\/p><div class=\"eb-button-inner-wrapper eb-infobox-btn-wrapper\"><a class=\"eb-button-anchor infobox-btn \" href=\"https:\/\/beta.aa-intergroup.org\/pt-br\/committees\/comunicacoes\/\" rel=\"noopener\"><strong>Comunica\u00e7\u00f5es<\/strong><\/a><\/div><\/div><\/div><\/div><\/div><\/div>\n<\/div>\n\n\n\n<div class=\"wp-block-column is-layout-flow wp-block-column-is-layout-flow\">\n<div class=\"wp-block-essential-blocks-infobox root-eb-infobox-ngxlh\"><div class=\"eb-parent-wrapper eb-parent-eb-infobox-ngxlh \"><div class=\"eb-infobox-ngxlh eb-infobox-wrapper\"><div class=\"infobox-wrapper-inner\"><div class=\"contents-wrapper\"><p class=\"description\">O Comit\u00ea de Conven\u00e7\u00f5es Internacionais de 2025 planeja a presen\u00e7a pessoal do Intergrupo na Cyber Suite de Hospitalidade da Conven\u00e7\u00e3o Internacional de AA de 2025.<br><\/p><div class=\"eb-button-inner-wrapper eb-infobox-btn-wrapper\"><a class=\"eb-button-anchor infobox-btn \" href=\"https:\/\/beta.aa-intergroup.org\/pt-br\/committees\/convencoes\/\" rel=\"noopener\"><strong>Conven\u00e7\u00f5es<\/strong><\/a><\/div><\/div><\/div><\/div><\/div><\/div>\n<\/div>\n<\/div>\n\n<div style=\"height:32px\" aria-hidden=\"true\" class=\"wp-block-spacer\"><\/div>\n\n<div class=\"wp-block-columns is-layout-flex wp-container-core-columns-is-layout-9d6595d7 wp-block-columns-is-layout-flex\">\n<div class=\"wp-block-column is-layout-flow wp-block-column-is-layout-flow\">\n<div class=\"wp-block-essential-blocks-infobox root-eb-infobox-68ox8\"><div class=\"eb-parent-wrapper eb-parent-eb-infobox-68ox8 \"><div class=\"eb-infobox-68ox8 eb-infobox-wrapper\"><div class=\"infobox-wrapper-inner\"><div class=\"contents-wrapper\"><p class=\"description\">O Comit\u00ea de Coopera\u00e7\u00e3o com a Comunidade Profissional (CPC) compartilha a mensagem de AA com membros da comunidade profissional que t\u00eam contato com alco\u00f3licos.<br><br><\/p><div class=\"eb-button-inner-wrapper eb-infobox-btn-wrapper\"><a class=\"eb-button-anchor infobox-btn \" href=\"https:\/\/beta.aa-intergroup.org\/pt-br\/committees\/cooperacao-com-a-comunidade-profissional-cpc\/\" rel=\"noopener\"><strong>CPC<\/strong><\/a><\/div><\/div><\/div><\/div><\/div><\/div>\n<\/div>\n\n\n\n<div class=\"wp-block-column is-layout-flow wp-block-column-is-layout-flow\">\n<div class=\"wp-block-essential-blocks-infobox root-eb-infobox-34t7v\"><div class=\"eb-parent-wrapper eb-parent-eb-infobox-34t7v \"><div class=\"eb-infobox-34t7v eb-infobox-wrapper\"><div class=\"infobox-wrapper-inner\"><div class=\"contents-wrapper\"><p class=\"description\">Garantir que as doa\u00e7\u00f5es dos membros do OIAA sejam utilizadas de forma respons\u00e1vel para que o apoio ao alco\u00f3lico em recupera\u00e7\u00e3o possa continuar e a mensagem de AA possa ser transmitida ao alco\u00f3lico que ainda sofre.<br><br><\/p><div class=\"eb-button-inner-wrapper eb-infobox-btn-wrapper\"><a class=\"eb-button-anchor infobox-btn \" href=\"https:\/\/beta.aa-intergroup.org\/pt-br\/committees\/financas\/\" rel=\"noopener\"><strong>Finan\u00e7as<\/strong><\/a><\/div><\/div><\/div><\/div><\/div><\/div>\n<\/div>\n\n\n\n<div class=\"wp-block-column is-layout-flow wp-block-column-is-layout-flow\">\n<div class=\"wp-block-essential-blocks-infobox root-eb-infobox-xiidz\"><div class=\"eb-parent-wrapper eb-parent-eb-infobox-xiidz \"><div class=\"eb-infobox-xiidz eb-infobox-wrapper\"><div class=\"infobox-wrapper-inner\"><div class=\"contents-wrapper\"><p class=\"description\">O Comit\u00ea de Pol\u00edtica e Admiss\u00f5es (PAC) auxilia novos grupos no registro para listar reuni\u00f5es\/grupos de AA no diret\u00f3rio de reuni\u00f5es do OIAA.<br><br><br><\/p><div class=\"eb-button-inner-wrapper eb-infobox-btn-wrapper\"><a class=\"eb-button-anchor infobox-btn \" href=\"https:\/\/beta.aa-intergroup.org\/pt-br\/committees\/politica-e-admissoes-pac\/\" rel=\"noopener\"><strong>PAC<\/strong><\/a><\/div><\/div><\/div><\/div><\/div><\/div>\n<\/div>\n<\/div>\n\n<div style=\"height:32px\" aria-hidden=\"true\" class=\"wp-block-spacer\"><\/div>\n\n<div class=\"wp-block-columns is-layout-flex wp-container-core-columns-is-layout-9d6595d7 wp-block-columns-is-layout-flex\">\n<div class=\"wp-block-column is-layout-flow wp-block-column-is-layout-flow\">\n<div class=\"wp-block-essential-blocks-infobox root-eb-infobox-qs47d\"><div class=\"eb-parent-wrapper eb-parent-eb-infobox-qs47d \"><div class=\"eb-infobox-qs47d eb-infobox-wrapper\"><div class=\"infobox-wrapper-inner\"><div class=\"contents-wrapper\"><p class=\"description\">O principal objetivo do Comit\u00ea de Informa\u00e7\u00e3o P\u00fablica \u00e9 levar a mensagem de AA ao alco\u00f3lico que ainda sofre.<br><br><\/p><div class=\"eb-button-inner-wrapper eb-infobox-btn-wrapper\"><a class=\"eb-button-anchor infobox-btn \" href=\"https:\/\/beta.aa-intergroup.org\/pt-br\/committees\/informacao-publica-pic\/\" rel=\"noopener\"><strong>CIP<\/strong><\/a><\/div><\/div><\/div><\/div><\/div><\/div>\n<\/div>\n\n\n\n<div class=\"wp-block-column is-layout-flow wp-block-column-is-layout-flow\">\n<div class=\"wp-block-essential-blocks-infobox root-eb-infobox-92x5e\"><div class=\"eb-parent-wrapper eb-parent-eb-infobox-92x5e \"><div class=\"eb-infobox-92x5e eb-infobox-wrapper\"><div class=\"infobox-wrapper-inner\"><div class=\"contents-wrapper\"><p class=\"description\">O principal objetivo do Comit\u00ea de Tecnologia \u00e9 fornecer, apoiar, manter, proteger e aprimorar as necessidades essenciais de Tecnologia da Informa\u00e7\u00e3o.<br><\/p><div class=\"eb-button-inner-wrapper eb-infobox-btn-wrapper\"><a class=\"eb-button-anchor infobox-btn \" href=\"https:\/\/beta.aa-intergroup.org\/pt-br\/committees\/tecnologia\/\" rel=\"noopener\"><strong>Tecnologia<\/strong><\/a><\/div><\/div><\/div><\/div><\/div><\/div>\n<\/div>\n\n\n\n<div class=\"wp-block-column is-layout-flow wp-block-column-is-layout-flow\">\n<div class=\"wp-block-essential-blocks-infobox root-eb-infobox-z7vf5\"><div class=\"eb-parent-wrapper eb-parent-eb-infobox-z7vf5 \"><div class=\"eb-infobox-z7vf5 eb-infobox-wrapper\"><div class=\"infobox-wrapper-inner\"><div class=\"contents-wrapper\"><p class=\"description\">Miss\u00e3o e Prop\u00f3sito do Comit\u00ea de Unidade: incentivar a troca de experi\u00eancias de grupos de AA online entre a vasta comunidade de grupos de AA online.<br><\/p><div class=\"eb-button-inner-wrapper eb-infobox-btn-wrapper\"><a class=\"eb-button-anchor infobox-btn \" href=\"https:\/\/beta.aa-intergroup.org\/pt-br\/committees\/unidade\/\" rel=\"noopener\"><strong>Unidade<\/strong><\/a><\/div><\/div><\/div><\/div><\/div><\/div>\n<\/div>\n<\/div>\n\n<div style=\"height:32px\" aria-hidden=\"true\" class=\"wp-block-spacer\"><\/div>\n\n<p><\/p>\n\n<div style=\"height:32px\" aria-hidden=\"true\" class=\"wp-block-spacer\"><\/div>\n","protected":false},"excerpt":{"rendered":"<p>Dentro da OIAA Este \u00e9 o recurso principal para tudo o que acontece dentro da OIAA. Comit\u00eas de servi\u00e7o Existem v\u00e1rias maneiras de se envolver e servir \u00e0 irmandade no OIAA. Explore cada um de nossos comit\u00eas permanentes abaixo.<\/p>\n","protected":false},"author":153,"featured_media":0,"parent":0,"menu_order":0,"comment_status":"closed","ping_status":"closed","template":"","meta":{"_acf_changed":false,"_eb_attr":"","footnotes":""},"class_list":["post-15443","page","type-page","status-publish","hentry"],"acf":[],"_links":{"self":[{"href":"https:\/\/beta.aa-intergroup.org\/pt-br\/wp-json\/wp\/v2\/pages\/15443","targetHints":{"allow":["GET"]}}],"collection":[{"href":"https:\/\/beta.aa-intergroup.org\/pt-br\/wp-json\/wp\/v2\/pages"}],"about":[{"href":"https:\/\/beta.aa-intergroup.org\/pt-br\/wp-json\/wp\/v2\/types\/page"}],"author":[{"embeddable":true,"href":"https:\/\/beta.aa-intergroup.org\/pt-br\/wp-json\/wp\/v2\/users\/153"}],"replies":[{"embeddable":true,"href":"https:\/\/beta.aa-intergroup.org\/pt-br\/wp-json\/wp\/v2\/comments?post=15443"}],"version-history":[{"count":4,"href":"https:\/\/beta.aa-intergroup.org\/pt-br\/wp-json\/wp\/v2\/pages\/15443\/revisions"}],"predecessor-version":[{"id":15501,"href":"https:\/\/beta.aa-intergroup.org\/pt-br\/wp-json\/wp\/v2\/pages\/15443\/revisions\/15501"}],"wp:attachment":[{"href":"https:\/\/beta.aa-intergroup.org\/pt-br\/wp-json\/wp\/v2\/media?parent=15443"}],"curies":[{"name":"wp","href":"https:\/\/api.w.org\/{rel}","templated":true}]}}