{"id":15499,"date":"2025-06-16T13:15:23","date_gmt":"2025-06-16T17:15:23","guid":{"rendered":"https:\/\/beta.aa-intergroup.org\/ferramentas-e-diretrizes-para-reunioes-online\/"},"modified":"2025-10-28T04:27:23","modified_gmt":"2025-10-28T08:27:23","slug":"ferramentas-e-diretrizes-para-reunioes-online","status":"publish","type":"page","link":"https:\/\/beta.aa-intergroup.org\/pt-br\/ferramentas-e-diretrizes-para-reunioes-online\/","title":{"rendered":"Ferramentas e diretrizes para reuni\u00f5es online"},"content":{"rendered":"\n<hr class=\"wp-block-separator has-text-color has-alpha-channel-opacity has-background is-style-default\" style=\"background-color:#08c9fd;color:#08c9fd\"\/>\n\n<h2 class=\"wp-block-heading has-text-align-center has-text-color has-link-color has-x-large-font-size wp-elements-2d3d6d87d41d24d75370c47ed38307e8\" style=\"color:#011a5c;font-style:normal;font-weight:700;text-transform:uppercase\">Dentro da OIAA<\/h2>\n\n<p class=\"has-text-align-center\">Este \u00e9 o recurso principal para tudo o que acontece dentro da OIAA. <\/p>\n\n<div class=\"wp-block-essential-blocks-text root-eb-text-zsirc\"><div class=\"eb-parent-wrapper eb-parent-eb-text-zsirc \"><div class=\"eb-text-wrapper eb-text-zsirc\" data-id=\"eb-text-zsirc\"><p class=\"eb-text\"><strong>Menu OIAA por dentro<\/strong><br><a href=\"https:\/\/beta.aa-intergroup.org\/pt-br\/grupos-membros-da-oiaa\/\" data-type=\"page\" data-id=\"21905\">grupos<\/a><br><a href=\"https:\/\/beta.aa-intergroup.org\/pt-br\/ferramentas-e-diretrizes-para-reunioes-online\/\" data-type=\"link\" data-id=\"https:\/\/beta.aa-intergroup.org\/online-meeting-tools-guidelines\/\">ferramentas e diretrizes para reuni\u00f5es online<\/a><br><a href=\"https:\/\/beta.aa-intergroup.org\/pt-br\/oiaa-em-acao\/\" data-type=\"page\" data-id=\"21908\">OIAA em a\u00e7\u00e3o<\/a><br><a href=\"https:\/\/beta.aa-intergroup.org\/pt-br\/comites-de-servico\/\" data-type=\"page\" data-id=\"21910\">comit\u00eas de servi\u00e7o<\/a><br><a href=\"https:\/\/beta.aa-intergroup.org\/pt-br\/calendario-oiaa\/\" data-type=\"link\" data-id=\"https:\/\/beta.aa-intergroup.org\/oiaa-calendar\/\">eventos da OIAA<\/a><br><a href=\"https:\/\/beta.aa-intergroup.org\/pt-br\/torne-se-membro\/\" data-type=\"page\" data-id=\"21912\">torne-se um membro<\/a><\/p><\/div><\/div><\/div>\n\n<!-- UberMenu [Configuration:insideoiaa] [Theme Loc:] [Integration:api] -->\n<button class=\"ubermenu-responsive-toggle ubermenu-responsive-toggle-insideoiaa ubermenu-skin-grey-white ubermenu-loc- ubermenu-responsive-toggle-content-align-left ubermenu-responsive-toggle-align-full ubermenu-responsive-toggle-close-icon-times \" tabindex=\"0\" data-ubermenu-target=\"ubermenu-insideoiaa-627\"   aria-label=\"Toggle Inside OIAA - Portuguese (Brazil)\"><i class=\"fas fa-bars\" ><\/i>Menu<\/button><nav id=\"ubermenu-insideoiaa-627\" class=\"ubermenu ubermenu-nojs ubermenu-insideoiaa ubermenu-menu-627 ubermenu-responsive ubermenu-responsive-default ubermenu-responsive-collapse ubermenu-horizontal ubermenu-transition-shift ubermenu-trigger-hover_intent ubermenu-skin-grey-white  ubermenu-bar-align-full ubermenu-items-align-flex ubermenu-bound-inner ubermenu-disable-submenu-scroll ubermenu-sub-indicators ubermenu-retractors-responsive ubermenu-submenu-indicator-closes\"><ul id=\"ubermenu-nav-insideoiaa-90\" class=\"ubermenu-nav\" data-title=\"Inside OIAA - Portuguese (Brazil)\"><li id=\"menu-item-37517\" class=\"ubermenu-item ubermenu-item-type-post_type ubermenu-item-object-page ubermenu-item-37517 ubermenu-item-level-0 ubermenu-column ubermenu-column-auto\" ><a class=\"ubermenu-target ubermenu-item-layout-default ubermenu-item-layout-text_only\" href=\"https:\/\/beta.aa-intergroup.org\/pt-br\/grupos-membros-da-oiaa\/\" tabindex=\"0\"><span class=\"ubermenu-target-title ubermenu-target-text\">Grupos membros da OIAA<\/span><\/a><\/li><li id=\"menu-item-37541\" class=\"ubermenu-item ubermenu-item-type-post_type ubermenu-item-object-page ubermenu-item-37541 ubermenu-item-level-0 ubermenu-column ubermenu-column-auto\" ><a class=\"ubermenu-target ubermenu-item-layout-default ubermenu-item-layout-text_only\" href=\"https:\/\/beta.aa-intergroup.org\/pt-br\/ferramentas-e-diretrizes-para-reunioes-online\/\" tabindex=\"0\"><span class=\"ubermenu-target-title ubermenu-target-text\">Ferramentas e diretrizes para reuni\u00f5es online<\/span><\/a><\/li><li id=\"menu-item-37542\" class=\"ubermenu-item ubermenu-item-type-post_type ubermenu-item-object-page ubermenu-item-37542 ubermenu-item-level-0 ubermenu-column ubermenu-column-auto\" ><a class=\"ubermenu-target ubermenu-item-layout-default ubermenu-item-layout-text_only\" href=\"https:\/\/beta.aa-intergroup.org\/pt-br\/oiaa-em-acao\/\" tabindex=\"0\"><span class=\"ubermenu-target-title ubermenu-target-text\">OIAA em a\u00e7\u00e3o<\/span><\/a><\/li><li id=\"menu-item-37543\" class=\"ubermenu-item ubermenu-item-type-post_type ubermenu-item-object-page ubermenu-item-37543 ubermenu-item-level-0 ubermenu-column ubermenu-column-auto\" ><a class=\"ubermenu-target ubermenu-item-layout-default ubermenu-item-layout-text_only\" href=\"https:\/\/beta.aa-intergroup.org\/pt-br\/comites-de-servico\/\" tabindex=\"0\"><span class=\"ubermenu-target-title ubermenu-target-text\">Comit\u00eas de servi\u00e7o<\/span><\/a><\/li><li id=\"menu-item-37544\" class=\"ubermenu-item ubermenu-item-type-post_type ubermenu-item-object-page ubermenu-item-37544 ubermenu-item-level-0 ubermenu-column ubermenu-column-auto\" ><a class=\"ubermenu-target ubermenu-item-layout-default ubermenu-item-layout-text_only\" href=\"https:\/\/beta.aa-intergroup.org\/pt-br\/calendario-oiaa\/\" tabindex=\"0\"><span class=\"ubermenu-target-title ubermenu-target-text\">Calend\u00e1rio OIAA<\/span><\/a><\/li><li id=\"menu-item-37545\" class=\"ubermenu-item ubermenu-item-type-post_type ubermenu-item-object-page ubermenu-item-37545 ubermenu-item-level-0 ubermenu-column ubermenu-column-auto\" ><a class=\"ubermenu-target ubermenu-item-layout-default ubermenu-item-layout-text_only\" href=\"https:\/\/beta.aa-intergroup.org\/pt-br\/torne-se-membro\/\" tabindex=\"0\"><span class=\"ubermenu-target-title ubermenu-target-text\">Torne-se membro<\/span><\/a><\/li><\/ul><\/nav>\n<!-- End UberMenu -->\n\n\n<hr class=\"wp-block-separator has-text-color has-alpha-channel-opacity has-background is-style-default\" style=\"background-color:#08c9fd;color:#08c9fd\"\/>\n\n<div style=\"height:30px\" aria-hidden=\"true\" class=\"wp-block-spacer\"><\/div>\n\n<div class=\"wp-block-columns is-layout-flex wp-container-core-columns-is-layout-9d6595d7 wp-block-columns-is-layout-flex\">\n<div class=\"wp-block-column is-layout-flow wp-block-column-is-layout-flow\">\n<div class=\"wp-block-essential-blocks-infobox root-eb-infobox-ujhj7\"><div class=\"eb-parent-wrapper eb-parent-eb-infobox-ujhj7 \"><div class=\"eb-infobox-ujhj7 eb-infobox-wrapper\"><div class=\"infobox-wrapper-inner\"><div class=\"contents-wrapper\"><h3 class=\"title\"><strong>Submeter uma nova reuni\u00e3o online<\/strong><\/h3><p class=\"description\">Se tens um grupo AA que se re\u00fane digitalmente \u2014 via telefone, chat, videoconfer\u00eancia, etc \u2014 por favor partilha connosco as informa\u00e7\u00f5es de participa\u00e7\u00e3o, para que possamos inclu\u00ed-lo no diret\u00f3rio AA Online. A tua listagem n\u00e3o aparecer\u00e1 imediatamente. Por favor permite tempo para revis\u00e3o.  <br><\/p><div class=\"eb-button-inner-wrapper eb-infobox-btn-wrapper\"><a class=\"eb-button-anchor infobox-btn \" href=\"https:\/\/beta.aa-intergroup.org\/submit-meeting\/\" rel=\"noopener\"><strong>Submete a tua reuni\u00e3o<\/strong><\/a><\/div><\/div><\/div><\/div><\/div><\/div>\n<\/div>\n\n\n\n<div class=\"wp-block-column is-layout-flow wp-block-column-is-layout-flow\">\n<div class=\"wp-block-essential-blocks-infobox root-eb-infobox-olgtw\"><div class=\"eb-parent-wrapper eb-parent-eb-infobox-olgtw \"><div class=\"eb-infobox-olgtw eb-infobox-wrapper\"><div class=\"infobox-wrapper-inner\"><div class=\"contents-wrapper\"><h3 class=\"title\"><strong>Atualiza\u00e7\u00f5es do <\/strong><strong>diret\u00f3rio de reuni\u00f5es<\/strong><\/h3><p class=\"description\">Representantes oficiais de uma Reuni\u00e3o Online listada na Base de Dados de Reuni\u00f5es podem atualizar a sua listagem. As altera\u00e7\u00f5es podem ser hor\u00e1rio\/data, edi\u00e7\u00f5es de descri\u00e7\u00e3o, atualiza\u00e7\u00f5es de links, n\u00fameros de telefone ou senhas, remo\u00e7\u00e3o de listagem, etc. <br><\/p><div class=\"eb-button-inner-wrapper eb-infobox-btn-wrapper\"><a class=\"eb-button-anchor infobox-btn \" href=\"https:\/\/beta.aa-intergroup.org\/meeting-directory-updates\/\" rel=\"noopener\"><strong>Atualiza a tua reuni\u00e3o<\/strong><\/a><\/div><\/div><\/div><\/div><\/div><\/div>\n<\/div>\n<\/div>\n\n<div style=\"height:100px\" aria-hidden=\"true\" class=\"wp-block-spacer\"><\/div>\n\n<div class=\"wp-block-columns is-layout-flex wp-container-core-columns-is-layout-9d6595d7 wp-block-columns-is-layout-flex\">\n<div class=\"wp-block-column is-layout-flow wp-block-column-is-layout-flow\">\n<div class=\"wp-block-essential-blocks-infobox root-eb-infobox-fkisq\"><div class=\"eb-parent-wrapper eb-parent-eb-infobox-fkisq \"><div class=\"eb-infobox-fkisq eb-infobox-wrapper\"><div class=\"infobox-wrapper-inner\"><div class=\"contents-wrapper\"><h3 class=\"title\"><strong>Diretrizes do diret\u00f3rio de reuni\u00f5es<\/strong><\/h3><p class=\"description\">Qualquer grupo ou reuni\u00e3o AA online pode ser listado no Diret\u00f3rio desde que subscreva \u00e0s Tradi\u00e7\u00f5es dos Alco\u00f3licos An\u00f4nimos.<br><\/p><div class=\"eb-button-inner-wrapper eb-infobox-btn-wrapper\"><a class=\"eb-button-anchor infobox-btn \" href=\"https:\/\/beta.aa-intergroup.org\/meeting-directory-guidelines\/\" rel=\"noopener\"><strong>L\u00ea as diretrizes<\/strong><\/a><\/div><\/div><\/div><\/div><\/div><\/div>\n<\/div>\n\n\n\n<div class=\"wp-block-column is-layout-flow wp-block-column-is-layout-flow\">\n<div class=\"wp-block-essential-blocks-infobox root-eb-infobox-q4y2a\"><div class=\"eb-parent-wrapper eb-parent-eb-infobox-q4y2a \"><div class=\"eb-infobox-q4y2a eb-infobox-wrapper\"><div class=\"infobox-wrapper-inner\"><div class=\"contents-wrapper\"><h3 class=\"title\"><strong>Ajuda para reuni\u00f5es online<\/strong><\/h3><p class=\"description\">O subcomit\u00ea Tech Steppers fornece apoio \u00e0s reuni\u00f5es do diret\u00f3rio OIAA e aos seus participantes para seguran\u00e7a online e configura\u00e7\u00f5es de conta.<\/p><div class=\"eb-button-inner-wrapper eb-infobox-btn-wrapper\"><a class=\"eb-button-anchor infobox-btn \" href=\"https:\/\/beta.aa-intergroup.org\/online-meeting-help\/\" rel=\"noopener\"><strong>Contacta os tech steppers<\/strong><\/a><\/div><\/div><\/div><\/div><\/div><\/div>\n<\/div>\n<\/div>\n\n<p><\/p>\n\n<div style=\"height:244px\" aria-hidden=\"true\" class=\"wp-block-spacer\"><\/div>\n","protected":false},"excerpt":{"rendered":"<p>Dentro da OIAA Este \u00e9 o recurso principal para tudo o que acontece dentro da OIAA.<\/p>\n","protected":false},"author":153,"featured_media":0,"parent":0,"menu_order":0,"comment_status":"closed","ping_status":"closed","template":"","meta":{"_acf_changed":false,"_eb_attr":"","footnotes":""},"class_list":["post-15499","page","type-page","status-publish","hentry"],"acf":[],"_links":{"self":[{"href":"https:\/\/beta.aa-intergroup.org\/pt-br\/wp-json\/wp\/v2\/pages\/15499","targetHints":{"allow":["GET"]}}],"collection":[{"href":"https:\/\/beta.aa-intergroup.org\/pt-br\/wp-json\/wp\/v2\/pages"}],"about":[{"href":"https:\/\/beta.aa-intergroup.org\/pt-br\/wp-json\/wp\/v2\/types\/page"}],"author":[{"embeddable":true,"href":"https:\/\/beta.aa-intergroup.org\/pt-br\/wp-json\/wp\/v2\/users\/153"}],"replies":[{"embeddable":true,"href":"https:\/\/beta.aa-intergroup.org\/pt-br\/wp-json\/wp\/v2\/comments?post=15499"}],"version-history":[{"count":1,"href":"https:\/\/beta.aa-intergroup.org\/pt-br\/wp-json\/wp\/v2\/pages\/15499\/revisions"}],"predecessor-version":[{"id":15500,"href":"https:\/\/beta.aa-intergroup.org\/pt-br\/wp-json\/wp\/v2\/pages\/15499\/revisions\/15500"}],"wp:attachment":[{"href":"https:\/\/beta.aa-intergroup.org\/pt-br\/wp-json\/wp\/v2\/media?parent=15499"}],"curies":[{"name":"wp","href":"https:\/\/api.w.org\/{rel}","templated":true}]}}