{"id":15549,"date":"2023-04-12T11:38:33","date_gmt":"2023-04-12T15:38:33","guid":{"rendered":"https:\/\/beta.aa-intergroup.org\/o-que-e-a-oiaa\/"},"modified":"2025-10-28T04:42:21","modified_gmt":"2025-10-28T08:42:21","slug":"o-que-e-a-oiaa","status":"publish","type":"page","link":"https:\/\/beta.aa-intergroup.org\/pt-br\/o-que-e-a-oiaa\/","title":{"rendered":"O que \u00e9 a OIAA"},"content":{"rendered":"\n<div class=\"wp-block-columns has-background is-layout-flex wp-container-core-columns-is-layout-9d6595d7 wp-block-columns-is-layout-flex\" style=\"background-color:#02c8fd\">\n<div class=\"wp-block-column is-layout-flow wp-block-column-is-layout-flow\">\n<div class=\"wp-block-essential-blocks-number-counter root-eb-counter-p7itz\"><div class=\"eb-parent-wrapper eb-parent-eb-counter-p7itz \"><div class=\"eb-counter-p7itz eb-counter-wrapper\"><div class=\"counter-contents-wrapper\"><p class=\"eb-counter-number\"><span class=\"eb-counter-prefix\"><\/span><span class=\"eb-counter eb-counter-number\" data-duration=\"1000\" data-startvalue=\"0\" data-target=\"1040\" data-separator=\",\" data-isshowseparator=\"true\">0<\/span><span class=\"eb-counter-suffix\">+<\/span><\/p><p class=\"eb-counter-title\">Total<br>de membros<\/p><\/div><\/div><\/div><\/div>\n<\/div>\n\n\n\n<div class=\"wp-block-column is-layout-flow wp-block-column-is-layout-flow\">\n<div class=\"wp-block-essential-blocks-number-counter root-eb-counter-p4nlw\"><div class=\"eb-parent-wrapper eb-parent-eb-counter-p4nlw \"><div class=\"eb-counter-p4nlw eb-counter-wrapper\"><div class=\"counter-contents-wrapper\"><p class=\"eb-counter-number\"><span class=\"eb-counter-prefix\"><\/span><span class=\"eb-counter eb-counter-number\" data-duration=\"1000\" data-startvalue=\"0\" data-target=\"25\" data-separator=\",\" data-isshowseparator=\"true\">0<\/span><span class=\"eb-counter-suffix\">+<\/span><\/p><p class=\"eb-counter-title\">Diretores e presidentes de comiss\u00f5es<\/p><\/div><\/div><\/div><\/div>\n<\/div>\n\n\n\n<div class=\"wp-block-column is-layout-flow wp-block-column-is-layout-flow\">\n<div class=\"wp-block-essential-blocks-number-counter root-eb-counter-7pvn2\"><div class=\"eb-parent-wrapper eb-parent-eb-counter-7pvn2 \"><div class=\"eb-counter-7pvn2 eb-counter-wrapper\"><div class=\"counter-contents-wrapper\"><p class=\"eb-counter-number\"><span class=\"eb-counter-prefix\"><\/span><span class=\"eb-counter eb-counter-number\" data-duration=\"1000\" data-startvalue=\"0\" data-target=\"791\" data-separator=\",\" data-isshowseparator=\"true\">0<\/span><span class=\"eb-counter-suffix\">+<\/span><\/p><p class=\"eb-counter-title\">Grupos de<br>membros<\/p><\/div><\/div><\/div><\/div>\n<\/div>\n\n\n\n<div class=\"wp-block-column is-layout-flow wp-block-column-is-layout-flow\">\n<div class=\"wp-block-essential-blocks-number-counter root-eb-counter-10sxe\"><div class=\"eb-parent-wrapper eb-parent-eb-counter-10sxe \"><div class=\"eb-counter-10sxe eb-counter-wrapper\"><div class=\"counter-contents-wrapper\"><p class=\"eb-counter-number\"><span class=\"eb-counter-prefix\"><\/span><span class=\"eb-counter eb-counter-number\" data-duration=\"1000\" data-startvalue=\"0\" data-target=\"224\" data-separator=\",\" data-isshowseparator=\"true\">0<\/span><span class=\"eb-counter-suffix\">+<\/span><\/p><p class=\"eb-counter-title\">Membros<br>n\u00e3o votantes<\/p><\/div><\/div><\/div><\/div>\n<\/div>\n<\/div>\n\n<hr class=\"wp-block-separator has-text-color has-vivid-cyan-blue-color has-alpha-channel-opacity has-vivid-cyan-blue-background-color has-background is-style-wide\"\/>\n\n<p>O Intergrupo Online de Alco\u00f3licos An\u00f4nimos, ou OIAA, \u00e9 uma organiza\u00e7\u00e3o de servi\u00e7o internacional estabelecida de acordo com a Nona Tradi\u00e7\u00e3o de Alco\u00f3licos An\u00f4nimos A.A., especificamente com o prop\u00f3sito de auxiliar os grupos de A.A. <strong>online<\/strong> em seu prop\u00f3sito comum de levar a mensagem de A.A. ao alco\u00f3lico que ainda sofre. O OIAA cumpre este prop\u00f3sito ao<\/p>\n\n<p>1) Promover a unidade entre os grupos online de A.A. atrav\u00e9s de seus Workshops, F\u00f3runs e Assembleias<\/p>\n\n<p>2) Usar a internet para levar a mensagem de A.A., criando oportunidades para que os volunt\u00e1rios prestem servi\u00e7o e permitindo que todos os seus membros e a pr\u00f3pria organiza\u00e7\u00e3o se conectem e se comuniquem<\/p>\n\n<p>3) Responder \u00e0s necessidades do A.A. online atrav\u00e9s de nossos comit\u00eas de servi\u00e7o, como o 12\u00ba Passo online, respondendo diretamente por e-mail \u00e0s pessoas que procuram ajuda para um problema de bebida; o comit\u00ea de CPC, alcan\u00e7ando todos os profissionais que podem ter a oportunidade de prestar servi\u00e7os \u00e0queles que podem ter um problema de bebida; e os Tech Steppers, que auxiliam os grupos de A.A. online a melhorar sua postura de seguran\u00e7a online.<\/p>\n\n<p>4) Fornecer uma fonte central de informa\u00e7\u00f5es sobre o A.A. online atrav\u00e9s de nosso site, um centro central onde os membros podem se reunir e obter informa\u00e7\u00f5es relacionadas \u00e0 recupera\u00e7\u00e3o, unidade e servi\u00e7o online, e nosso diret\u00f3rio de reuni\u00f5es online que permite acesso direto \u00e0s reuni\u00f5es de A.A. online a qualquer hora, em qualquer lugar do mundo.<\/p>\n\n<p class=\"has-text-align-center\"><iframe loading=\"lazy\" width=\"550\" height=\"310\" src=\"https:\/\/www.youtube.com\/embed\/PZIB3TfAHXU?si=Wy5vyWDZ_9c2Crva\" title=\"What Is OIAA\" frameborder=\"0\" allow=\"accelerometer; autoplay; clipboard-write; encrypted-media; gyroscope; picture-in-picture\" allowfullscreen><\/iframe><\/p>\n\n<div style=\"height:30px\" aria-hidden=\"true\" class=\"wp-block-spacer\"><\/div>\n","protected":false},"excerpt":{"rendered":"<p>O Intergrupo Online de Alco\u00f3licos An\u00f4nimos, ou OIAA, \u00e9 uma organiza\u00e7\u00e3o de servi\u00e7o internacional estabelecida de acordo com a Nona Tradi\u00e7\u00e3o de Alco\u00f3licos An\u00f4nimos A.A., especificamente com o prop\u00f3sito de auxiliar os grupos de A.A. online em seu prop\u00f3sito comum de levar a mensagem de A.A. ao alco\u00f3lico que ainda sofre. O OIAA cumpre este<a class=\"excerpt-read-more\" href=\"https:\/\/beta.aa-intergroup.org\/pt-br\/o-que-e-a-oiaa\/\" title=\"ReadO que \u00e9 a OIAA\">&#8230; Read more &raquo;<\/a><\/p>\n","protected":false},"author":18,"featured_media":0,"parent":0,"menu_order":0,"comment_status":"closed","ping_status":"closed","template":"","meta":{"_acf_changed":false,"_eb_attr":"","footnotes":""},"class_list":["post-15549","page","type-page","status-publish","hentry"],"acf":[],"_links":{"self":[{"href":"https:\/\/beta.aa-intergroup.org\/pt-br\/wp-json\/wp\/v2\/pages\/15549","targetHints":{"allow":["GET"]}}],"collection":[{"href":"https:\/\/beta.aa-intergroup.org\/pt-br\/wp-json\/wp\/v2\/pages"}],"about":[{"href":"https:\/\/beta.aa-intergroup.org\/pt-br\/wp-json\/wp\/v2\/types\/page"}],"author":[{"embeddable":true,"href":"https:\/\/beta.aa-intergroup.org\/pt-br\/wp-json\/wp\/v2\/users\/18"}],"replies":[{"embeddable":true,"href":"https:\/\/beta.aa-intergroup.org\/pt-br\/wp-json\/wp\/v2\/comments?post=15549"}],"version-history":[{"count":1,"href":"https:\/\/beta.aa-intergroup.org\/pt-br\/wp-json\/wp\/v2\/pages\/15549\/revisions"}],"predecessor-version":[{"id":15551,"href":"https:\/\/beta.aa-intergroup.org\/pt-br\/wp-json\/wp\/v2\/pages\/15549\/revisions\/15551"}],"wp:attachment":[{"href":"https:\/\/beta.aa-intergroup.org\/pt-br\/wp-json\/wp\/v2\/media?parent=15549"}],"curies":[{"name":"wp","href":"https:\/\/api.w.org\/{rel}","templated":true}]}}