{"id":15552,"date":"2022-12-18T21:45:21","date_gmt":"2022-12-19T02:45:21","guid":{"rendered":"https:\/\/beta.aa-intergroup.org\/oportunidades-de-servico\/"},"modified":"2025-10-30T04:22:19","modified_gmt":"2025-10-30T08:22:19","slug":"oportunidades-de-servico","status":"publish","type":"page","link":"https:\/\/beta.aa-intergroup.org\/pt-br\/oportunidades-de-servico\/","title":{"rendered":"Oportunidades de servi\u00e7o"},"content":{"rendered":"\n<p>Por favor, compartilhe estas vagas com os membros dos seus grupos. O servi\u00e7o na OIAA est\u00e1 aberto a qualquer membro de AA. A OIAA tem atualmente dois tipos de comit\u00e9s: Permanentes e Ad Hoc. <a href=\"https:\/\/beta.aa-intergroup.org\/pt-br\/documents\/estatutos-da-oiaa\/#committees\">Os nossos Estatutos t\u00eam mais informa\u00e7\u00f5es sobre isto<\/a>. Os comit\u00e9s Ad Hoc tornam-se Comit\u00e9s Permanentes assim que s\u00e3o votados pela Assembleia. Sinta-se \u00e0 vontade para visitar as p\u00e1ginas dos comit\u00e9s para mais informa\u00e7\u00f5es sobre cada um.     <\/p>\n\n<h4 class=\"wp-block-heading\"><a href=\"https:\/\/beta.aa-intergroup.org\/pt-br\/committees\/12o-passo-steppers\/\">Comit\u00e9 do 12\u00ba passo<\/a> (steppers)<\/h4>\n\n<ul class=\"wp-block-list\">\n<li>Interessado em estar na linha de frente para ajudar o alco\u00f3lico que ainda sofre?<\/li>\n\n\n\n<li>Os Steppers respondem a pedidos de ajuda partilhando a sua experi\u00eancia, for\u00e7a e esperan\u00e7a e conectando o solicitante a recursos pr\u00f3ximos.<\/li>\n\n\n\n<li>Por favor, envie um e-mail para <strong>Steppers.Chair@aa-intergroup.org<\/strong> para mais informa\u00e7\u00f5es. <\/li>\n<\/ul>\n\n<h4 class=\"wp-block-heading\"><a href=\"https:\/\/beta.aa-intergroup.org\/pt-br\/committees\/comunicacoes\/\">Comit\u00e9 de Comunica\u00e7\u00f5es<\/a> (ad hoc) <\/h4>\n\n<ul class=\"wp-block-list\">\n<li>If you have skills in the following areas, please contact Lesliee at&nbsp;<strong>communications.chair@aa-intergroup.org<\/strong>\n<ul class=\"wp-block-list\">\n<li>Fazer v\u00eddeos curtos.<\/li>\n\n\n\n<li>Escrever hist\u00f3rias curtas ou newsletters.<\/li>\n\n\n\n<li>Revis\u00e3o e edi\u00e7\u00e3o de documentos mais longos.<\/li>\n\n\n\n<li>Controlo de documentos.<\/li>\n\n\n\n<li>Volunt\u00e1rios multil\u00edngues necess\u00e1rios para projetos ocasionais, incluindo\n<ul class=\"wp-block-list\">\n<li>Tradutores (documentos escritos) \u2013 Alem\u00e3o, Russo, Chin\u00eas, Japon\u00eas, Espanhol e Portugu\u00eas.<\/li>\n\n\n\n<li>Int\u00e9rpretes simult\u00e2neos: L\u00edngua Gestual Americana (ASL), Chin\u00eas, Japon\u00eas, Alem\u00e3o, Russo, Espanhol &amp; Portugu\u00eas.<\/li>\n<\/ul>\n<\/li>\n<\/ul>\n<\/li>\n<\/ul>\n\n<h4 class=\"wp-block-heading\"><a href=\"https:\/\/beta.aa-intergroup.org\/pt-br\/committees\/convencoes\/\">Comit\u00e9 de Conven\u00e7\u00f5es<\/a> <\/h4>\n\n<ul class=\"wp-block-list\">\n<li>Por favor, envie um e-mail para <strong>convention.chair@aa-intergroup.org<\/strong> para mais informa\u00e7\u00f5es sobre como voc\u00ea pode ser \u00fatil. <\/li>\n<\/ul>\n\n<h4 class=\"wp-block-heading\"><a href=\"https:\/\/beta.aa-intergroup.org\/pt-br\/committees\/cooperacao-com-a-comunidade-profissional-cpc\/\">Coopera\u00e7\u00e3o com a comunidade profissional<\/a> (CPC)<\/h4>\n\n<ul class=\"wp-block-list\">\n<li>Estabelecer uma melhor comunica\u00e7\u00e3o com profissionais que trabalham com alco\u00f3licos.<\/li>\n\n\n\n<li>Encontrar formas simples e eficazes de cooperar sem se afiliar.<\/li>\n\n\n\n<li>S\u00e3o necess\u00e1rios mais alguns volunt\u00e1rios para este comit\u00e9.<\/li>\n\n\n\n<li>Por favor, envie um e-mail para <strong>cpc@aa-intergroup.org<\/strong> para mais informa\u00e7\u00f5es.<\/li>\n<\/ul>\n\n<h4 class=\"wp-block-heading\"><a href=\"https:\/\/beta.aa-intergroup.org\/pt-br\/committees\/financas\/\">Comit\u00e9 de Finan\u00e7as<\/a><\/h4>\n\n<ul class=\"wp-block-list\">\n<li>N\u00e3o \u00e9 necess\u00e1ria experi\u00eancia financeira, mas familiaridade com literacia financeira b\u00e1sica \u00e9 \u00fatil.<\/li>\n\n\n\n<li>Por favor, envie um e-mail para <strong>finance@aa-intergroup.org<\/strong> para mais informa\u00e7\u00f5es.<\/li>\n<\/ul>\n\n<h4 class=\"wp-block-heading\"><\/h4>\n\n<h4 class=\"wp-block-heading\"><a href=\"https:\/\/beta.aa-intergroup.org\/pt-br\/committees\/politica-e-admissoes-pac\/\">Comit\u00e9 de Pol\u00edtica &amp; Admiss\u00f5es<\/a> (PAC) <\/h4>\n\n<ul class=\"wp-block-list\">\n<li>Processar novos grupos para listagem no nosso Diret\u00f3rio de Reuni\u00f5es da OIAA.<\/li>\n\n\n\n<li>Ajudar grupos a recuperar o status na listagem e na ades\u00e3o.<\/li>\n\n\n\n<li>Tem olho para os detalhes?<\/li>\n\n\n\n<li>Por favor, envie um e-mail para: <strong>pac@aa-intergroup.org<\/strong> para mais informa\u00e7\u00f5es.<\/li>\n<\/ul>\n\n<h4 class=\"wp-block-heading\"><a href=\"https:\/\/beta.aa-intergroup.org\/pt-br\/committees\/informacao-publica-pic\/\">Comit\u00e9 de Informa\u00e7\u00e3o P\u00fablica<\/a> (PIC)<\/h4>\n\n<ul class=\"wp-block-list\">\n<li>Informa\u00e7\u00e3o P\u00fablica em Alco\u00f3licos An\u00f3nimos significa levar a mensagem de recupera\u00e7\u00e3o ao alco\u00f3lico que ainda sofre, informando o p\u00fablico em geral sobre o programa de A.A.<\/li>\n\n\n\n<li>Os volunt\u00e1rios do comit\u00e9 de IP fornecem informa\u00e7\u00f5es sobre reuni\u00f5es de Alco\u00f3licos An\u00f3nimos (online ou presenciais), ou para outras quest\u00f5es relacionadas com AA.<\/li>\n\n\n\n<li>Por favor, envie um e-mail para <strong>pic-query2018@aa-intergroup.org<\/strong> para mais informa\u00e7\u00f5es.<\/li>\n<\/ul>\n\n<h4 class=\"wp-block-heading\"><a href=\"https:\/\/beta.aa-intergroup.org\/pt-br\/committees\/tecnologia\/\">Comit\u00e9 de Tecnologia<\/a><\/h4>\n\n<ul class=\"wp-block-list\">\n<li>If you have tech skills and are willing to be a part of a great team, please email <strong>OIAA.Tech@aa-intergroup.org<\/strong> for more information on how you may be of service. &nbsp;We currently have the following active subcommittees:\n<ul class=\"wp-block-list\">\n<li>Equipa de Servi\u00e7os na Nuvem: implementa e mant\u00e9m os servi\u00e7os na nuvem da OIAA (Google Workspace) e ajuda a apoiar os utilizadores do espa\u00e7o de trabalho da OIAA.<\/li>\n\n\n\n<li>Equipa do Diret\u00f3rio de Membros: administra as atualiza\u00e7\u00f5es do diret\u00f3rio de reuni\u00f5es da OIAA com adi\u00e7\u00f5es e altera\u00e7\u00f5es de reuni\u00f5es.<\/li>\n\n\n\n<li>Tech Steppers: ajuda as reuni\u00f5es com informa\u00e7\u00f5es de seguran\u00e7a.<\/li>\n\n\n\n<li>Equipa de Eventos Zoom: gere as salas Zoom dos workshops, f\u00f3runs e assembleias da OIAA.<\/li>\n<\/ul>\n<\/li>\n<\/ul>\n\n<h4 class=\"wp-block-heading\"><a href=\"https:\/\/beta.aa-intergroup.org\/pt-br\/committees\/unidade\/\">Comit\u00ea de unidade<\/a><\/h4>\n\n<ul class=\"wp-block-list\">\n<li>A miss\u00e3o e o prop\u00f3sito do Comit\u00ea de Unidade \u00e9 incentivar a troca de experi\u00eancias de grupos de A.A. online entre a vasta comunidade de grupos de A.A. online, o que pode ajud\u00e1-los em seu objetivo comum de espalhar a mensagem de A.A. para o alco\u00f3lico online que ainda est\u00e1 sofrendo. O Comit\u00e9 de Unidade organiza a Conven\u00e7\u00e3o Internacional Online da OIAA.<\/li>\n\n\n\n<li>Por favor, envie um e-mail para <strong><a href=\"mailto:unity@aa-intergroup.org\" target=\"_blank\" rel=\"noreferrer noopener\">unity@aa-intergroup.org<\/a><\/strong> para mais informa\u00e7\u00f5es.<\/li>\n<\/ul>\n\n<p><\/p>\n","protected":false},"excerpt":{"rendered":"<p>Por favor, compartilhe estas vagas com os membros dos seus grupos. O servi\u00e7o na OIAA est\u00e1 aberto a qualquer membro de AA. A OIAA tem atualmente dois tipos de comit\u00e9s: Permanentes e Ad Hoc. Os nossos Estatutos t\u00eam mais informa\u00e7\u00f5es sobre isto. Os comit\u00e9s Ad Hoc tornam-se Comit\u00e9s Permanentes assim que s\u00e3o votados pela Assembleia.<a class=\"excerpt-read-more\" href=\"https:\/\/beta.aa-intergroup.org\/pt-br\/oportunidades-de-servico\/\" title=\"ReadOportunidades de servi\u00e7o\">&#8230; Read more &raquo;<\/a><\/p>\n","protected":false},"author":12,"featured_media":0,"parent":0,"menu_order":0,"comment_status":"closed","ping_status":"closed","template":"","meta":{"_acf_changed":false,"_eb_attr":"","footnotes":""},"class_list":["post-15552","page","type-page","status-publish","hentry"],"acf":[],"_links":{"self":[{"href":"https:\/\/beta.aa-intergroup.org\/pt-br\/wp-json\/wp\/v2\/pages\/15552","targetHints":{"allow":["GET"]}}],"collection":[{"href":"https:\/\/beta.aa-intergroup.org\/pt-br\/wp-json\/wp\/v2\/pages"}],"about":[{"href":"https:\/\/beta.aa-intergroup.org\/pt-br\/wp-json\/wp\/v2\/types\/page"}],"author":[{"embeddable":true,"href":"https:\/\/beta.aa-intergroup.org\/pt-br\/wp-json\/wp\/v2\/users\/12"}],"replies":[{"embeddable":true,"href":"https:\/\/beta.aa-intergroup.org\/pt-br\/wp-json\/wp\/v2\/comments?post=15552"}],"version-history":[{"count":2,"href":"https:\/\/beta.aa-intergroup.org\/pt-br\/wp-json\/wp\/v2\/pages\/15552\/revisions"}],"predecessor-version":[{"id":38001,"href":"https:\/\/beta.aa-intergroup.org\/pt-br\/wp-json\/wp\/v2\/pages\/15552\/revisions\/38001"}],"wp:attachment":[{"href":"https:\/\/beta.aa-intergroup.org\/pt-br\/wp-json\/wp\/v2\/media?parent=15552"}],"curies":[{"name":"wp","href":"https:\/\/api.w.org\/{rel}","templated":true}]}}