{"id":15573,"date":"2020-04-27T17:08:06","date_gmt":"2020-04-27T21:08:06","guid":{"rendered":"https:\/\/beta.aa-intergroup.org\/junte-se-a-oiaa\/"},"modified":"2025-10-28T04:42:33","modified_gmt":"2025-10-28T08:42:33","slug":"junte-se-a-oiaa","status":"publish","type":"page","link":"https:\/\/beta.aa-intergroup.org\/pt-br\/junte-se-a-oiaa\/","title":{"rendered":"Junte-se \u00e0 OIAA"},"content":{"rendered":"\n<p><\/p>\n\n<p><\/p>\n\n<p>A filia\u00e7\u00e3o <strong>n\u00e3o \u00e9<\/strong> necess\u00e1ria para listar seu grupo de A.A. online no Diret\u00f3rio de Reuni\u00f5es ou para participar de qualquer um dos nossos diversos Comit\u00eas de Servi\u00e7o.<\/p>\n\n<p>Mais sobre filia\u00e7\u00e3o &#8211; <a href=\"https:\/\/beta.aa-intergroup.org\/why-join-oiaa\/\">Por que se juntar \u00e0 OIAA<\/a><\/p>\n\n<p>Recomendamos criar um e-mail de grupo em vez de um e-mail pessoal para que quando seu RIG \/ Secret\u00e1rio \/ Contato do Grupo sair, o endere\u00e7o de e-mail possa permanecer o mesmo. Se voc\u00ea tiver d\u00favidas sobre este formul\u00e1rio ou precisar alterar suas informa\u00e7\u00f5es de RIG, entre em contato com o Registrador: <strong>OIAA.registrar@aa-intergroup.org<\/strong>. <\/p>\n\n<div class=\"wpforms-container wpforms-container-full\" id=\"wpforms-4899\"><form id=\"wpforms-form-4899\" class=\"wpforms-validate wpforms-form wpforms-ajax-form\" data-formid=\"4899\" method=\"post\" enctype=\"multipart\/form-data\" action=\"\/pt-br\/wp-json\/wp\/v2\/pages\/15573\" data-token=\"ccc4fcf2329767467422f14489044341\" data-token-time=\"1776190273\"><noscript class=\"wpforms-error-noscript\">Please enable JavaScript in your browser to complete this form.<\/noscript><div class=\"wpforms-field-container\"><div id=\"wpforms-4899-field_18-container\" class=\"wpforms-field wpforms-field-select wpforms-conditional-trigger wpforms-field-select-style-classic\" data-field-id=\"18\"><label class=\"wpforms-field-label\" for=\"wpforms-4899-field_18\">Voc\u00ea precisa de ajuda para parar de beber? <span class=\"wpforms-required-label\">*<\/span><\/label><select id=\"wpforms-4899-field_18\" class=\"wpforms-field-medium wpforms-field-required\" name=\"wpforms[fields][18]\" required=\"required\"><option value=\"Por favor, escolha...\" >Por favor, escolha...<\/option><option value=\"Sim\" >Sim<\/option><option value=\"N\u00e3o\" >N\u00e3o<\/option><\/select><div class=\"wpforms-field-description\">Por favor, escolha n\u00e3o se voc\u00ea n\u00e3o est\u00e1 procurando uma liga\u00e7\u00e3o dos 12 passos<\/div><\/div><div id=\"wpforms-4899-field_12-container\" class=\"wpforms-field wpforms-field-text wpforms-conditional-field wpforms-conditional-show\" data-field-id=\"12\" style=\"display:none;\"><label class=\"wpforms-field-label\" for=\"wpforms-4899-field_12\">Nome<\/label><input type=\"text\" id=\"wpforms-4899-field_12\" class=\"wpforms-field-medium\" name=\"wpforms[fields][12]\" ><\/div><div id=\"wpforms-4899-field_13-container\" class=\"wpforms-field wpforms-field-text wpforms-conditional-field wpforms-conditional-show\" data-field-id=\"13\" style=\"display:none;\"><label class=\"wpforms-field-label\" for=\"wpforms-4899-field_13\">Inicial do sobrenome<\/label><input type=\"text\" id=\"wpforms-4899-field_13\" class=\"wpforms-field-medium wpforms-limit-characters-enabled\" data-form-id=\"4899\" data-field-id=\"13\" data-text-limit=\"1\" name=\"wpforms[fields][13]\" maxlength=\"1\" ><\/div><div id=\"wpforms-4899-field_14-container\" class=\"wpforms-field wpforms-field-email wpforms-conditional-field wpforms-conditional-show\" data-field-id=\"14\" style=\"display:none;\"><label class=\"wpforms-field-label\" for=\"wpforms-4899-field_14\">E-mail <span class=\"wpforms-required-label\">*<\/span><\/label><input type=\"email\" id=\"wpforms-4899-field_14\" class=\"wpforms-field-medium wpforms-field-required\" name=\"wpforms[fields][14]\" spellcheck=\"false\" required><\/div><div id=\"wpforms-4899-field_26-container\" class=\"wpforms-field wpforms-field-text wpforms-conditional-field wpforms-conditional-show\" data-field-id=\"26\" style=\"display:none;\"><label class=\"wpforms-field-label\" for=\"wpforms-4899-field_26\">Assunto <span class=\"wpforms-required-label\">*<\/span><\/label><input type=\"text\" id=\"wpforms-4899-field_26\" class=\"wpforms-field-medium wpforms-field-required\" name=\"wpforms[fields][26]\" required><\/div><div id=\"wpforms-4899-field_8-container\" class=\"wpforms-field wpforms-field-select wpforms-conditional-field wpforms-conditional-show wpforms-conditional-trigger wpforms-field-select-style-classic\" data-field-id=\"8\" style=\"display:none;\"><label class=\"wpforms-field-label\" for=\"wpforms-4899-field_8\">Voc\u00ea \u00e9 um Indiv\u00edduo ou parte de um Grupo?<\/label><select id=\"wpforms-4899-field_8\" class=\"wpforms-field-medium\" name=\"wpforms[fields][8]\"><option value=\"Por favor, escolhe\" >Por favor, escolhe<\/option><option value=\"Individual\" >Individual<\/option><option value=\"Grupo\" >Grupo<\/option><\/select><\/div><div id=\"wpforms-4899-field_28-container\" class=\"wpforms-field wpforms-field-select wpforms-conditional-field wpforms-conditional-show wpforms-conditional-trigger wpforms-field-select-style-classic\" data-field-id=\"28\" style=\"display:none;\"><label class=\"wpforms-field-label\" for=\"wpforms-4899-field_28\">Em qual pa\u00eds voc\u00ea est\u00e1? <span class=\"wpforms-required-label\">*<\/span><\/label><select id=\"wpforms-4899-field_28\" class=\"wpforms-field-medium wpforms-field-required\" name=\"wpforms[fields][28]\" required=\"required\"><option value=\"Escolhe...\" >Escolhe...<\/option><option value=\"EUA\" >EUA<\/option><option value=\"\u00c1frica do Sul\" >\u00c1frica do Sul<\/option><option value=\"Canad\u00e1\" >Canad\u00e1<\/option><option value=\"M\u00e9xico\" >M\u00e9xico<\/option><option value=\"Fran\u00e7a\" >Fran\u00e7a<\/option><option value=\"\u00cdndia\" >\u00cdndia<\/option><option value=\"Irlanda\" >Irlanda<\/option><option value=\"Reino Unido\" >Reino Unido<\/option><option value=\"Outro pa\u00eds\" >Outro pa\u00eds<\/option><\/select><\/div><div id=\"wpforms-4899-field_27-container\" class=\"wpforms-field wpforms-field-text wpforms-conditional-field wpforms-conditional-show\" data-field-id=\"27\" style=\"display:none;\"><label class=\"wpforms-field-label\" for=\"wpforms-4899-field_27\">Qual pa\u00eds? <span class=\"wpforms-required-label\">*<\/span><\/label><input type=\"text\" id=\"wpforms-4899-field_27\" class=\"wpforms-field-medium wpforms-field-required\" name=\"wpforms[fields][27]\" required><\/div><div id=\"wpforms-4899-field_1-container\" class=\"wpforms-field wpforms-field-text wpforms-conditional-field wpforms-conditional-show\" data-field-id=\"1\" style=\"display:none;\"><label class=\"wpforms-field-label\" for=\"wpforms-4899-field_1\">Nome do Grupo <span class=\"wpforms-required-label\">*<\/span><\/label><input type=\"text\" id=\"wpforms-4899-field_1\" class=\"wpforms-field-medium wpforms-field-required\" name=\"wpforms[fields][1]\" required><\/div><div id=\"wpforms-4899-field_6-container\" class=\"wpforms-field wpforms-field-text wpforms-conditional-field wpforms-conditional-show\" data-field-id=\"6\" style=\"display:none;\"><label class=\"wpforms-field-label\" for=\"wpforms-4899-field_6\">E-mail do grupo <span class=\"wpforms-required-label\">*<\/span><\/label><input type=\"text\" id=\"wpforms-4899-field_6\" class=\"wpforms-field-medium wpforms-field-required\" name=\"wpforms[fields][6]\" required><\/div><div id=\"wpforms-4899-field_2-container\" class=\"wpforms-field wpforms-field-text wpforms-conditional-field wpforms-conditional-show\" data-field-id=\"2\" style=\"display:none;\"><label class=\"wpforms-field-label\" for=\"wpforms-4899-field_2\">IGR - nome, inicial do sobrenome<\/label><input type=\"text\" id=\"wpforms-4899-field_2\" class=\"wpforms-field-medium\" name=\"wpforms[fields][2]\" ><\/div><div id=\"wpforms-4899-field_9-container\" class=\"wpforms-field wpforms-field-email wpforms-conditional-field wpforms-conditional-show\" data-field-id=\"9\" style=\"display:none;\"><label class=\"wpforms-field-label\" for=\"wpforms-4899-field_9\">E-mail do IGR <span class=\"wpforms-required-label\">*<\/span><\/label><input type=\"email\" id=\"wpforms-4899-field_9\" class=\"wpforms-field-medium wpforms-field-required\" name=\"wpforms[fields][9]\" spellcheck=\"false\" required><\/div><div id=\"wpforms-4899-field_3-container\" class=\"wpforms-field wpforms-field-text wpforms-conditional-field wpforms-conditional-show\" data-field-id=\"3\" style=\"display:none;\"><label class=\"wpforms-field-label\" for=\"wpforms-4899-field_3\">IGR ALT - nome, inicial do sobrenome<\/label><input type=\"text\" id=\"wpforms-4899-field_3\" class=\"wpforms-field-medium\" name=\"wpforms[fields][3]\" ><\/div><div id=\"wpforms-4899-field_10-container\" class=\"wpforms-field wpforms-field-email wpforms-conditional-field wpforms-conditional-show\" data-field-id=\"10\" style=\"display:none;\"><label class=\"wpforms-field-label\" for=\"wpforms-4899-field_10\">E-mail do IGR Alt <span class=\"wpforms-required-label\">*<\/span><\/label><input type=\"email\" id=\"wpforms-4899-field_10\" class=\"wpforms-field-medium wpforms-field-required\" name=\"wpforms[fields][10]\" spellcheck=\"false\" required><\/div><div id=\"wpforms-4899-field_11-container\" class=\"wpforms-field wpforms-field-text wpforms-conditional-field wpforms-conditional-show\" data-field-id=\"11\" style=\"display:none;\"><label class=\"wpforms-field-label\" for=\"wpforms-4899-field_11\">Idioma principal<\/label><input type=\"text\" id=\"wpforms-4899-field_11\" class=\"wpforms-field-medium\" name=\"wpforms[fields][11]\" ><\/div><div id=\"wpforms-4899-field_15-container\" class=\"wpforms-field wpforms-field-select wpforms-conditional-field wpforms-conditional-show wpforms-conditional-trigger wpforms-field-select-style-classic\" data-field-id=\"15\" style=\"display:none;\"><label class=\"wpforms-field-label\" for=\"wpforms-4899-field_15\">Voc\u00ea est\u00e1 se juntando a um comit\u00ea?<\/label><select id=\"wpforms-4899-field_15\" class=\"wpforms-field-medium\" name=\"wpforms[fields][15]\"><option value=\"Por favor, escolha...\" >Por favor, escolha...<\/option><option value=\"Sim\" >Sim<\/option><option value=\"N\u00e3o\" >N\u00e3o<\/option><\/select><\/div><div id=\"wpforms-4899-field_17-container\" class=\"wpforms-field wpforms-field-select wpforms-conditional-field wpforms-conditional-show wpforms-field-select-style-classic\" data-field-id=\"17\" style=\"display:none;\"><label class=\"wpforms-field-label\" for=\"wpforms-4899-field_17\">Qual?<\/label><select id=\"wpforms-4899-field_17\" class=\"wpforms-field-medium\" name=\"wpforms[fields][17]\"><option value=\"Escolhe...\" >Escolhe...<\/option><option value=\"Praticantes dos 12 passos\" >Praticantes dos 12 passos<\/option><option value=\"Arquivos\" >Arquivos<\/option><option value=\"Comunica\u00e7\u00f5es\" >Comunica\u00e7\u00f5es<\/option><option value=\"Conven\u00e7\u00f5es\" >Conven\u00e7\u00f5es<\/option><option value=\"CPC\" >CPC<\/option><option value=\"Finan\u00e7as\" >Finan\u00e7as<\/option><option value=\"Entre em a\u00e7\u00e3o\" >Entre em a\u00e7\u00e3o<\/option><option value=\"Grapevine\" >Grapevine<\/option><option value=\"Diretrizes\" >Diretrizes<\/option><option value=\"PAC\" >PAC<\/option><option value=\"CIP\" >CIP<\/option><option value=\"Tecnologia\" >Tecnologia<\/option><option value=\"Unidade\" >Unidade<\/option><\/select><\/div><div id=\"wpforms-4899-field_5-container\" class=\"wpforms-field wpforms-field-textarea wpforms-conditional-field wpforms-conditional-show\" data-field-id=\"5\" style=\"display:none;\"><label class=\"wpforms-field-label\" for=\"wpforms-4899-field_5\">Coment\u00e1rios \/ perguntas<\/label><textarea id=\"wpforms-4899-field_5\" class=\"wpforms-field-medium\" name=\"wpforms[fields][5]\" ><\/textarea><\/div><div id=\"wpforms-4899-field_19-container\" class=\"wpforms-field wpforms-field-text wpforms-conditional-field wpforms-conditional-show\" data-field-id=\"19\" style=\"display:none;\"><label class=\"wpforms-field-label\" for=\"wpforms-4899-field_19\">Nome <span class=\"wpforms-required-label\">*<\/span><\/label><input type=\"text\" id=\"wpforms-4899-field_19\" class=\"wpforms-field-medium wpforms-field-required\" name=\"wpforms[fields][19]\" required><div class=\"wpforms-field-description\">Nome e Inicial do Sobrenome \u00e9 suficiente<\/div><\/div><div id=\"wpforms-4899-field_20-container\" class=\"wpforms-field wpforms-field-email wpforms-conditional-field wpforms-conditional-show\" data-field-id=\"20\" style=\"display:none;\"><label class=\"wpforms-field-label\" for=\"wpforms-4899-field_20\">E-mail <span class=\"wpforms-required-label\">*<\/span><\/label><input type=\"email\" id=\"wpforms-4899-field_20\" class=\"wpforms-field-medium wpforms-field-required\" name=\"wpforms[fields][20]\" spellcheck=\"false\" required><\/div><div id=\"wpforms-4899-field_21-container\" class=\"wpforms-field wpforms-field-textarea wpforms-conditional-field wpforms-conditional-show\" data-field-id=\"21\" style=\"display:none;\"><label class=\"wpforms-field-label\" for=\"wpforms-4899-field_21\">Mensagem <span class=\"wpforms-required-label\">*<\/span><\/label><textarea id=\"wpforms-4899-field_21\" class=\"wpforms-field-medium wpforms-field-required\" name=\"wpforms[fields][21]\" required><\/textarea><\/div><div id=\"wpforms-4899-field_22-container\" class=\"wpforms-field wpforms-field-select wpforms-conditional-field wpforms-conditional-show wpforms-conditional-trigger wpforms-field-select-style-classic\" data-field-id=\"22\" style=\"display:none;\"><label class=\"wpforms-field-label\" for=\"wpforms-4899-field_22\">Seu pa\u00eds <span class=\"wpforms-required-label\">*<\/span><\/label><select id=\"wpforms-4899-field_22\" class=\"wpforms-field-medium wpforms-field-required\" name=\"wpforms[fields][22]\" required=\"required\"><option value=\"Escolhe...\" >Escolhe...<\/option><option value=\"EUA\" >EUA<\/option><option value=\"\u00c1frica do Sul\" >\u00c1frica do Sul<\/option><option value=\"Canad\u00e1\" >Canad\u00e1<\/option><option value=\"M\u00e9xico\" >M\u00e9xico<\/option><option value=\"Fran\u00e7a\" >Fran\u00e7a<\/option><option value=\"\u00cdndia\" >\u00cdndia<\/option><option value=\"Irlanda\" >Irlanda<\/option><option value=\"Reino Unido\" >Reino Unido<\/option><option value=\"Outro pa\u00eds\" >Outro pa\u00eds<\/option><\/select><\/div><div id=\"wpforms-4899-field_23-container\" class=\"wpforms-field wpforms-field-text wpforms-conditional-field wpforms-conditional-show\" data-field-id=\"23\" style=\"display:none;\"><label class=\"wpforms-field-label\" for=\"wpforms-4899-field_23\">Outro pa\u00eds<\/label><input type=\"text\" id=\"wpforms-4899-field_23\" class=\"wpforms-field-medium\" name=\"wpforms[fields][23]\" ><\/div><div id=\"wpforms-4899-field_7-container\" class=\"wpforms-field wpforms-field-gdpr-checkbox\" data-field-id=\"7\"><label class=\"wpforms-field-label\">Concord\u00e2ncia com LGPD <span class=\"wpforms-required-label\">*<\/span><\/label><ul id=\"wpforms-4899-field_7\" class=\"wpforms-field-required\"><li class=\"choice-1\"><input type=\"checkbox\" id=\"wpforms-4899-field_7_1\" name=\"wpforms[fields][7][]\" value=\"Consinto que este site armazene as informa\u00e7\u00f5es que enviei para que possam responder \u00e0 minha pergunta.\" required ><label class=\"wpforms-field-label-inline\" for=\"wpforms-4899-field_7_1\">Consinto que este site armazene as informa\u00e7\u00f5es que enviei para que possam responder \u00e0 minha pergunta.<\/label><\/li><\/ul><\/div><div id=\"wpforms-4899-field_29-container\" class=\"wpforms-field wpforms-field-text request-id\" data-field-id=\"29\"><label class=\"wpforms-field-label wpforms-label-hide\" for=\"wpforms-4899-field_29\">Request ID<\/label><input type=\"text\" id=\"wpforms-4899-field_29\" class=\"wpforms-field-medium\" name=\"wpforms[fields][29]\" ><\/div><\/div><!-- .wpforms-field-container --><div class=\"wpforms-recaptcha-container wpforms-is-recaptcha wpforms-is-recaptcha-type-v2\" ><div class=\"g-recaptcha\" data-sitekey=\"6LfLO_EUAAAAAD2WTL408A9DfNNx6AhXu-npfay8\"><\/div><input type=\"text\" name=\"g-recaptcha-hidden\" class=\"wpforms-recaptcha-hidden\" style=\"position:absolute!important;clip:rect(0,0,0,0)!important;height:1px!important;width:1px!important;border:0!important;overflow:hidden!important;padding:0!important;margin:0!important;\" data-rule-recaptcha=\"1\"><\/div><div class=\"wpforms-submit-container\" ><input type=\"hidden\" name=\"wpforms[id]\" value=\"4899\"><input type=\"hidden\" name=\"page_title\" value=\"\"><input type=\"hidden\" name=\"page_url\" value=\"https:\/\/beta.aa-intergroup.org\/pt-br\/wp-json\/wp\/v2\/pages\/15573\"><button type=\"submit\" name=\"wpforms[submit]\" id=\"wpforms-submit-4899\" class=\"wpforms-submit\" data-alt-text=\"Enviando...\" data-submit-text=\"Enviar\" aria-live=\"assertive\" value=\"wpforms-submit\">Enviar<\/button><img loading=\"lazy\" decoding=\"async\" src=\"https:\/\/beta.aa-intergroup.org\/wp-content\/plugins\/wpforms\/assets\/images\/submit-spin.svg\" class=\"wpforms-submit-spinner\" style=\"display: none;\" width=\"26\" height=\"26\" alt=\"Loading\"><\/div><\/form><\/div>  <!-- .wpforms-container -->\n","protected":false},"excerpt":{"rendered":"<p>A filia\u00e7\u00e3o n\u00e3o \u00e9 necess\u00e1ria para listar seu grupo de A.A. online no Diret\u00f3rio de Reuni\u00f5es ou para participar de qualquer um dos nossos diversos Comit\u00eas de Servi\u00e7o. Mais sobre filia\u00e7\u00e3o &#8211; Por que se juntar \u00e0 OIAA Recomendamos criar um e-mail de grupo em vez de um e-mail pessoal para que quando seu RIG<a class=\"excerpt-read-more\" href=\"https:\/\/beta.aa-intergroup.org\/pt-br\/junte-se-a-oiaa\/\" title=\"ReadJunte-se \u00e0 OIAA\">&#8230; Read more &raquo;<\/a><\/p>\n","protected":false},"author":9,"featured_media":0,"parent":0,"menu_order":0,"comment_status":"closed","ping_status":"closed","template":"","meta":{"_acf_changed":false,"_eb_attr":"","footnotes":""},"class_list":["post-15573","page","type-page","status-publish","hentry"],"acf":[],"_links":{"self":[{"href":"https:\/\/beta.aa-intergroup.org\/pt-br\/wp-json\/wp\/v2\/pages\/15573","targetHints":{"allow":["GET"]}}],"collection":[{"href":"https:\/\/beta.aa-intergroup.org\/pt-br\/wp-json\/wp\/v2\/pages"}],"about":[{"href":"https:\/\/beta.aa-intergroup.org\/pt-br\/wp-json\/wp\/v2\/types\/page"}],"author":[{"embeddable":true,"href":"https:\/\/beta.aa-intergroup.org\/pt-br\/wp-json\/wp\/v2\/users\/9"}],"replies":[{"embeddable":true,"href":"https:\/\/beta.aa-intergroup.org\/pt-br\/wp-json\/wp\/v2\/comments?post=15573"}],"version-history":[{"count":1,"href":"https:\/\/beta.aa-intergroup.org\/pt-br\/wp-json\/wp\/v2\/pages\/15573\/revisions"}],"predecessor-version":[{"id":15575,"href":"https:\/\/beta.aa-intergroup.org\/pt-br\/wp-json\/wp\/v2\/pages\/15573\/revisions\/15575"}],"wp:attachment":[{"href":"https:\/\/beta.aa-intergroup.org\/pt-br\/wp-json\/wp\/v2\/media?parent=15573"}],"curies":[{"name":"wp","href":"https:\/\/api.w.org\/{rel}","templated":true}]}}