{"id":15596,"date":"2021-01-09T14:16:59","date_gmt":"2021-01-09T19:16:59","guid":{"rendered":"https:\/\/beta.aa-intergroup.org\/contribuicao-da-7a-tradicao\/"},"modified":"2025-10-28T04:43:02","modified_gmt":"2025-10-28T08:43:02","slug":"contribuicao-da-7a-tradicao","status":"publish","type":"page","link":"https:\/\/beta.aa-intergroup.org\/pt-br\/contribuicao-da-7a-tradicao\/","title":{"rendered":"Contribui\u00e7\u00e3o da 7\u00aa Tradi\u00e7\u00e3o"},"content":{"rendered":"\n<figure class=\"wp-block-pullquote has-text-align-left\"><blockquote><p><em>\u201cCada grupo de A.A. deve ser totalmente autossuficiente, recusando contribui\u00e7\u00f5es externas.\u201d <\/em><em>(p\u00e1g. 160, Doze Passos &amp; Doze Tradi\u00e7\u00f5es)<\/em><\/p><\/blockquote><\/figure>\n\n<p>Os pr\u00f3prios grupos de A.A. devem ser totalmente sustentados pelas contribui\u00e7\u00f5es volunt\u00e1rias de seus pr\u00f3prios membros. Acreditamos que cada grupo deve alcan\u00e7ar este ideal em breve; que qualquer solicita\u00e7\u00e3o p\u00fablica de fundos usando o nome de Alco\u00f3licos An\u00f4nimos \u00e9 altamente perigosa, seja por grupos, clubes, hospitais ou outras ag\u00eancias externas; que a aceita\u00e7\u00e3o de grandes doa\u00e7\u00f5es de qualquer fonte, ou de contribui\u00e7\u00f5es que impliquem qualquer obriga\u00e7\u00e3o, \u00e9 imprudente. Al\u00e9m disso, vemos com muita preocupa\u00e7\u00e3o os tesouros de A.A. que continuam, al\u00e9m das reservas prudentes, a acumular fundos sem um prop\u00f3sito declarado de A.A. A experi\u00eancia muitas vezes nos alertou que nada pode destruir t\u00e3o seguramente nossa heran\u00e7a espiritual quanto disputas f\u00fateis sobre propriedade, dinheiro e autoridade.   <\/p>\n\n<div style=\"height:30px\" aria-hidden=\"true\" class=\"wp-block-spacer\"><\/div>\n\n<h3 class=\"wp-block-heading\"><\/h3>\n\n<p>Para informa\u00e7\u00f5es financeiras detalhadas e relat\u00f3rios mensais, visite a <a href=\"https:\/\/beta.aa-intergroup.org\/pt-br\/committees\/financas\/\">p\u00e1gina do Comit\u00ea de Finan\u00e7as<\/a>. Se tiver d\u00favidas, sinta-se \u00e0 vontade para entrar em contato com o Tesoureiro da OIAA em: <strong>Treasurer@aa-intergroup.org<\/strong> <\/p>\n\n<div style=\"height:30px\" aria-hidden=\"true\" class=\"wp-block-spacer\"><\/div>\n\n<p><strong>Como contribuir\u2026<\/strong><\/p>\n\n<h3 class=\"wp-block-heading\">PayPal<\/h3>\n\n<p>Por favor, coloque o Nome do seu Grupo no [onde] do seu cheque para que possamos reconhec\u00ea-lo!<\/p>\n\n<div id=\"donate-button-container\">\n<div id=\"donate-button\"><\/div>\n<script src=\"https:\/\/www.paypalobjects.com\/donate\/sdk\/donate-sdk.js\" charset=\"UTF-8\"><\/script>\n<script>\nPayPal.Donation.Button({\nenv:'production',\nhosted_button_id:'ZAUXGYR2DYUYN',\nimage: {\nsrc:'https:\/\/www.paypalobjects.com\/en_US\/i\/btn\/btn_donateCC_LG.gif',\nalt:'Donate with PayPal button',\ntitle:'PayPal - The safer, easier way to pay online!',\n}\n}).render('#donate-button');\n<\/script>\n<\/div>\n\n\n<div style=\"height:30px\" aria-hidden=\"true\" class=\"wp-block-spacer\"><\/div>\n\n<h3 class=\"wp-block-heading\">Stripe<\/h3>\n\n<p>A OIAA agora pode aceitar pagamentos com <a href=\"https:\/\/donate.stripe.com\/fZe15KeUo6Yh3oA6oo\">Stripe<\/a>.  <\/p>\n\n<script async=\"\" src=\"https:\/\/js.stripe.com\/v3\/buy-button.js\">\n<\/script>\n\n<stripe-buy-button buy-button-id=\"buy_btn_1OZ1HQI4AaHtLBiYRAuVOTlM\" publishable-key=\"pk_live_51OXBCvI4AaHtLBiYEbnX7X75c349x3NleVyCWrmJQkbvGEz2veR0AqY9RSoe0iDEf1BrGLkuqvNntsRvz8eMwjwJ00kXjMoC8H\">\n<\/stripe-buy-button>\n\n<div style=\"height:30px\" aria-hidden=\"true\" class=\"wp-block-spacer\"><\/div>\n\n<h3 class=\"wp-block-heading\">E-mail<br\/><\/h3>\n\n<p>Por favor, coloque o Nome do seu Grupo no campo de observa\u00e7\u00f5es do seu cheque para que possamos reconhec\u00ea-lo!<\/p>\n\n<p>As contribui\u00e7\u00f5es tamb\u00e9m podem ser enviadas por correio para:<\/p>\n\n<p>OIAA Inc.<br\/>A\/C: Tesoureiro<br\/>500 Westover Dr #31000<br\/>Sanford, NC 27330<\/p>\n\n<h3 class=\"wp-block-heading\"><br\/>Precisa de mais ajuda?<\/h3>\n\n<p>Perguntas sobre as Contribui\u00e7\u00f5es da 7\u00aa Tradi\u00e7\u00e3o podem ser enviadas para: <strong>Treasurer@aa-intergroup.org<\/strong><\/p>\n\n<h3 class=\"wp-block-heading\">Nota especial<\/h3>\n\n<p>A OIAA, Inc. \u00e9 reconhecida pelo IRS como uma organiza\u00e7\u00e3o sem fins lucrativos 501(c)3.<\/p>\n\n<p>Voc\u00ea tamb\u00e9m pode consultar informa\u00e7\u00f5es sobre o status de isen\u00e7\u00e3o fiscal da OIAA e declara\u00e7\u00f5es fiscais no <a href=\"https:\/\/apps.irs.gov\/app\/eos\/\" target=\"_blank\" rel=\"noreferrer noopener\">site do IRS. <\/a> <\/p>\n\n<p><em>Pesquisar por Organiza\u00e7\u00e3o | Digite o Termo de Pesquisa: OIAA<\/em><\/p>\n\n<p><em><strong>Obrigado pela sua generosidade!<\/strong><\/em><\/p>\n\n<p><\/p>\n","protected":false},"excerpt":{"rendered":"<p>\u201cCada grupo de A.A. deve ser totalmente autossuficiente, recusando contribui\u00e7\u00f5es externas.\u201d (p\u00e1g. 160, Doze Passos &amp; Doze Tradi\u00e7\u00f5es) Os pr\u00f3prios grupos de A.A. devem ser totalmente sustentados pelas contribui\u00e7\u00f5es volunt\u00e1rias de seus pr\u00f3prios membros. Acreditamos que cada grupo deve alcan\u00e7ar este ideal em breve; que qualquer solicita\u00e7\u00e3o p\u00fablica de fundos usando o nome de Alco\u00f3licos<a class=\"excerpt-read-more\" href=\"https:\/\/beta.aa-intergroup.org\/pt-br\/contribuicao-da-7a-tradicao\/\" title=\"ReadContribui\u00e7\u00e3o da 7\u00aa Tradi\u00e7\u00e3o\">&#8230; Read more &raquo;<\/a><\/p>\n","protected":false},"author":9,"featured_media":0,"parent":0,"menu_order":0,"comment_status":"closed","ping_status":"closed","template":"","meta":{"_acf_changed":false,"_eb_attr":"","footnotes":""},"class_list":["post-15596","page","type-page","status-publish","hentry"],"acf":[],"_links":{"self":[{"href":"https:\/\/beta.aa-intergroup.org\/pt-br\/wp-json\/wp\/v2\/pages\/15596","targetHints":{"allow":["GET"]}}],"collection":[{"href":"https:\/\/beta.aa-intergroup.org\/pt-br\/wp-json\/wp\/v2\/pages"}],"about":[{"href":"https:\/\/beta.aa-intergroup.org\/pt-br\/wp-json\/wp\/v2\/types\/page"}],"author":[{"embeddable":true,"href":"https:\/\/beta.aa-intergroup.org\/pt-br\/wp-json\/wp\/v2\/users\/9"}],"replies":[{"embeddable":true,"href":"https:\/\/beta.aa-intergroup.org\/pt-br\/wp-json\/wp\/v2\/comments?post=15596"}],"version-history":[{"count":1,"href":"https:\/\/beta.aa-intergroup.org\/pt-br\/wp-json\/wp\/v2\/pages\/15596\/revisions"}],"predecessor-version":[{"id":15598,"href":"https:\/\/beta.aa-intergroup.org\/pt-br\/wp-json\/wp\/v2\/pages\/15596\/revisions\/15598"}],"wp:attachment":[{"href":"https:\/\/beta.aa-intergroup.org\/pt-br\/wp-json\/wp\/v2\/media?parent=15596"}],"curies":[{"name":"wp","href":"https:\/\/api.w.org\/{rel}","templated":true}]}}