{"id":15682,"date":"2023-04-25T21:11:44","date_gmt":"2023-04-26T01:11:44","guid":{"rendered":"https:\/\/beta.aa-intergroup.org\/submeter-eventos-do-grupo\/"},"modified":"2025-10-28T04:53:00","modified_gmt":"2025-10-28T08:53:00","slug":"submeter-eventos-do-grupo","status":"publish","type":"page","link":"https:\/\/beta.aa-intergroup.org\/pt-br\/submeter-eventos-do-grupo\/","title":{"rendered":"Submeter eventos do grupo"},"content":{"rendered":"\n<h2 class=\"wp-block-heading margin-top-medium\">Envie seus eventos<\/h2>\n\n<p>Use este formul\u00e1rio para enviar os eventos do seu grupo. Voc\u00ea n\u00e3o precisa ser um Grupo Membro da OIAA para listar um evento.  Os eventos listados podem ser apenas online ou h\u00edbridos (presenciais e online). <strong>A OIAA n\u00e3o publica eventos apenas presenciais. A OIAA n\u00e3o publica eventos para outros programas de 12 passos.<\/strong><\/p>\n\n<p>\u00c9 recomendado que coloques o m\u00e1ximo de detalhes poss\u00edvel na descri\u00e7\u00e3o, pois todos os campos de texto ser\u00e3o automaticamente traduzidos para muitos idiomas. Se apenas submeteres uma imagem, ela n\u00e3o ser\u00e1 traduzida &#8211; deves adicionar os teus panfletos traduzidos atrav\u00e9s do upload de tradu\u00e7\u00f5es. Se tiveres problemas no upload ou quest\u00f5es, envia um email para <strong>webservant@aa-intergroup.org<\/strong>.  <\/p>\n","protected":false},"excerpt":{"rendered":"<p>Envie seus eventos Use este formul\u00e1rio para enviar os eventos do seu grupo. Voc\u00ea n\u00e3o precisa ser um Grupo Membro da OIAA para listar um evento. Os eventos listados podem ser apenas online ou h\u00edbridos (presenciais e online). A OIAA n\u00e3o publica eventos apenas presenciais. A OIAA n\u00e3o publica eventos para outros programas de 12<a class=\"excerpt-read-more\" href=\"https:\/\/beta.aa-intergroup.org\/pt-br\/submeter-eventos-do-grupo\/\" title=\"ReadSubmeter eventos do grupo\">&#8230; Read more &raquo;<\/a><\/p>\n","protected":false},"author":12,"featured_media":0,"parent":0,"menu_order":0,"comment_status":"closed","ping_status":"closed","template":"page-submit-group-event.php","meta":{"_acf_changed":false,"_eb_attr":"","footnotes":""},"class_list":["post-15682","page","type-page","status-publish","hentry"],"acf":[],"_links":{"self":[{"href":"https:\/\/beta.aa-intergroup.org\/pt-br\/wp-json\/wp\/v2\/pages\/15682","targetHints":{"allow":["GET"]}}],"collection":[{"href":"https:\/\/beta.aa-intergroup.org\/pt-br\/wp-json\/wp\/v2\/pages"}],"about":[{"href":"https:\/\/beta.aa-intergroup.org\/pt-br\/wp-json\/wp\/v2\/types\/page"}],"author":[{"embeddable":true,"href":"https:\/\/beta.aa-intergroup.org\/pt-br\/wp-json\/wp\/v2\/users\/12"}],"replies":[{"embeddable":true,"href":"https:\/\/beta.aa-intergroup.org\/pt-br\/wp-json\/wp\/v2\/comments?post=15682"}],"version-history":[{"count":1,"href":"https:\/\/beta.aa-intergroup.org\/pt-br\/wp-json\/wp\/v2\/pages\/15682\/revisions"}],"predecessor-version":[{"id":15683,"href":"https:\/\/beta.aa-intergroup.org\/pt-br\/wp-json\/wp\/v2\/pages\/15682\/revisions\/15683"}],"wp:attachment":[{"href":"https:\/\/beta.aa-intergroup.org\/pt-br\/wp-json\/wp\/v2\/media?parent=15682"}],"curies":[{"name":"wp","href":"https:\/\/api.w.org\/{rel}","templated":true}]}}