{"id":15842,"date":"2023-06-08T16:16:25","date_gmt":"2023-06-08T20:16:25","guid":{"rendered":"https:\/\/beta.aa-intergroup.org\/sugestoes-para-o-site\/"},"modified":"2025-10-28T04:57:18","modified_gmt":"2025-10-28T08:57:18","slug":"sugestoes-para-o-site","status":"publish","type":"page","link":"https:\/\/beta.aa-intergroup.org\/pt-br\/sugestoes-para-o-site\/","title":{"rendered":"Sugest\u00f5es para o site"},"content":{"rendered":"\n<p>Bem-vindos ao novo e melhorado site da OIAA. Pass\u00e1mos algum tempo a pensar em todas as formas como a OIAA pode ser \u00fatil e como implementar isso num ambiente de site. Agora gostar\u00edamos da vossa ajuda e das vossas ideias.   <\/p>\n\n<ul class=\"wp-block-list\">\n<li>O que est\u00e1 a funcionar? O que n\u00e3o est\u00e1? <\/li>\n\n\n\n<li>O que est\u00e1 em falta? Queremos as vossas ideias! <\/li>\n<\/ul>\n\n<p>Interessados em trabalhar mais de perto connosco? <a href=\"https:\/\/beta.aa-intergroup.org\/ru\/committees\/%d1%82%d0%b5%d1%85%d0%bd%d0%be%d0%bb%d0%be%d0%b3%d0%b8%d0%b8\/\">Visitem o Comit\u00e9 de Tecnologia<\/a>.<\/p>\n\n<p>Vossos em amor e servi\u00e7o,<br\/>O Comit\u00e9 de Tecnologia da OIAA<\/p>\n\n<div class=\"wpforms-container wpforms-container-full\" id=\"wpforms-5262\"><form id=\"wpforms-form-5262\" class=\"wpforms-validate wpforms-form wpforms-ajax-form\" data-formid=\"5262\" method=\"post\" enctype=\"multipart\/form-data\" action=\"\/pt-br\/wp-json\/wp\/v2\/pages\/15842\" data-token=\"93c9841800ee2a10535fd091ecf6fc45\" data-token-time=\"1775999167\"><noscript class=\"wpforms-error-noscript\">Please enable JavaScript in your browser to complete this form.<\/noscript><div class=\"wpforms-field-container\"><div id=\"wpforms-5262-field_1-container\" class=\"wpforms-field wpforms-field-name\" data-field-id=\"1\"><label class=\"wpforms-field-label\" for=\"wpforms-5262-field_1\">Nome <span class=\"wpforms-required-label\">*<\/span><\/label><div class=\"wpforms-field-row wpforms-field-medium\"><div class=\"wpforms-field-row-block wpforms-first wpforms-one-half\"><input type=\"text\" id=\"wpforms-5262-field_1\" class=\"wpforms-field-name-first wpforms-field-required\" name=\"wpforms[fields][1][first]\" required><label for=\"wpforms-5262-field_1\" class=\"wpforms-field-sublabel after\">Primeiro<\/label><\/div><div class=\"wpforms-field-row-block wpforms-one-half\"><input type=\"text\" id=\"wpforms-5262-field_1-last\" class=\"wpforms-field-name-last wpforms-field-required\" name=\"wpforms[fields][1][last]\" required><label for=\"wpforms-5262-field_1-last\" class=\"wpforms-field-sublabel after\">\u00daltimo<\/label><\/div><\/div><\/div><div id=\"wpforms-5262-field_3-container\" class=\"wpforms-field wpforms-field-text\" data-field-id=\"3\"><label class=\"wpforms-field-label\" for=\"wpforms-5262-field_3\">Existe uma URL relacionada a isso?<\/label><input type=\"text\" id=\"wpforms-5262-field_3\" class=\"wpforms-field-medium\" name=\"wpforms[fields][3]\" ><\/div><div id=\"wpforms-5262-field_5-container\" class=\"wpforms-field wpforms-field-email\" data-field-id=\"5\"><label class=\"wpforms-field-label\" for=\"wpforms-5262-field_5\">E-mail <span class=\"wpforms-required-label\">*<\/span><\/label><input type=\"email\" id=\"wpforms-5262-field_5\" class=\"wpforms-field-medium wpforms-field-required\" name=\"wpforms[fields][5]\" spellcheck=\"false\" required><\/div><div id=\"wpforms-5262-field_6-container\" class=\"wpforms-field wpforms-field-checkbox\" data-field-id=\"6\"><label class=\"wpforms-field-label\">Podemos entrar em contato com voc\u00ea para obter mais informa\u00e7\u00f5es?<\/label><ul id=\"wpforms-5262-field_6\"><li class=\"choice-1 depth-1\"><input type=\"checkbox\" id=\"wpforms-5262-field_6_1\" name=\"wpforms[fields][6][]\" value=\"Sim\"  ><label class=\"wpforms-field-label-inline\" for=\"wpforms-5262-field_6_1\">Sim<\/label><\/li><\/ul><\/div><div id=\"wpforms-5262-field_7-container\" class=\"wpforms-field wpforms-field-textarea\" data-field-id=\"7\"><label class=\"wpforms-field-label\" for=\"wpforms-5262-field_7\">Sugest\u00e3o: <span class=\"wpforms-required-label\">*<\/span><\/label><textarea id=\"wpforms-5262-field_7\" class=\"wpforms-field-medium wpforms-field-required\" name=\"wpforms[fields][7]\" required><\/textarea><\/div><div id=\"wpforms-5262-field_8-container\" class=\"wpforms-field wpforms-field-checkbox\" data-field-id=\"8\"><label class=\"wpforms-field-label\">Concord\u00e2ncia com LGPD <span class=\"wpforms-required-label\">*<\/span><\/label><ul id=\"wpforms-5262-field_8\" class=\"wpforms-field-required\"><li class=\"choice-1 depth-1\"><input type=\"checkbox\" id=\"wpforms-5262-field_8_1\" name=\"wpforms[fields][8][]\" value=\"Consinto que este site armazene as informa\u00e7\u00f5es que enviei para que possam responder \u00e0 minha pergunta.\" required ><label class=\"wpforms-field-label-inline\" for=\"wpforms-5262-field_8_1\">Consinto que este site armazene as informa\u00e7\u00f5es que enviei para que possam responder \u00e0 minha pergunta.<\/label><\/li><\/ul><\/div><\/div><!-- .wpforms-field-container --><div class=\"wpforms-recaptcha-container wpforms-is-recaptcha wpforms-is-recaptcha-type-v2\" ><div class=\"g-recaptcha\" data-sitekey=\"6LfLO_EUAAAAAD2WTL408A9DfNNx6AhXu-npfay8\"><\/div><input type=\"text\" name=\"g-recaptcha-hidden\" class=\"wpforms-recaptcha-hidden\" style=\"position:absolute!important;clip:rect(0,0,0,0)!important;height:1px!important;width:1px!important;border:0!important;overflow:hidden!important;padding:0!important;margin:0!important;\" data-rule-recaptcha=\"1\"><\/div><div class=\"wpforms-submit-container\" ><input type=\"hidden\" name=\"wpforms[id]\" value=\"5262\"><input type=\"hidden\" name=\"page_title\" value=\"\"><input type=\"hidden\" name=\"page_url\" value=\"https:\/\/beta.aa-intergroup.org\/pt-br\/wp-json\/wp\/v2\/pages\/15842\"><button type=\"submit\" name=\"wpforms[submit]\" id=\"wpforms-submit-5262\" class=\"wpforms-submit\" data-alt-text=\"Enviando...\" data-submit-text=\"Enviar\" aria-live=\"assertive\" value=\"wpforms-submit\">Enviar<\/button><img loading=\"lazy\" decoding=\"async\" src=\"https:\/\/beta.aa-intergroup.org\/wp-content\/plugins\/wpforms\/assets\/images\/submit-spin.svg\" class=\"wpforms-submit-spinner\" style=\"display: none;\" width=\"26\" height=\"26\" alt=\"Loading\"><\/div><\/form><\/div>  <!-- .wpforms-container -->\n","protected":false},"excerpt":{"rendered":"<p>Bem-vindos ao novo e melhorado site da OIAA. Pass\u00e1mos algum tempo a pensar em todas as formas como a OIAA pode ser \u00fatil e como implementar isso num ambiente de site. Agora gostar\u00edamos da vossa ajuda e das vossas ideias. Interessados em trabalhar mais de perto connosco? Visitem o Comit\u00e9 de Tecnologia. Vossos em amor<a class=\"excerpt-read-more\" href=\"https:\/\/beta.aa-intergroup.org\/pt-br\/sugestoes-para-o-site\/\" title=\"ReadSugest\u00f5es para o site\">&#8230; Read more &raquo;<\/a><\/p>\n","protected":false},"author":18,"featured_media":0,"parent":0,"menu_order":0,"comment_status":"closed","ping_status":"closed","template":"","meta":{"_acf_changed":false,"_eb_attr":"","footnotes":""},"class_list":["post-15842","page","type-page","status-publish","hentry"],"acf":[],"_links":{"self":[{"href":"https:\/\/beta.aa-intergroup.org\/pt-br\/wp-json\/wp\/v2\/pages\/15842","targetHints":{"allow":["GET"]}}],"collection":[{"href":"https:\/\/beta.aa-intergroup.org\/pt-br\/wp-json\/wp\/v2\/pages"}],"about":[{"href":"https:\/\/beta.aa-intergroup.org\/pt-br\/wp-json\/wp\/v2\/types\/page"}],"author":[{"embeddable":true,"href":"https:\/\/beta.aa-intergroup.org\/pt-br\/wp-json\/wp\/v2\/users\/18"}],"replies":[{"embeddable":true,"href":"https:\/\/beta.aa-intergroup.org\/pt-br\/wp-json\/wp\/v2\/comments?post=15842"}],"version-history":[{"count":1,"href":"https:\/\/beta.aa-intergroup.org\/pt-br\/wp-json\/wp\/v2\/pages\/15842\/revisions"}],"predecessor-version":[{"id":15844,"href":"https:\/\/beta.aa-intergroup.org\/pt-br\/wp-json\/wp\/v2\/pages\/15842\/revisions\/15844"}],"wp:attachment":[{"href":"https:\/\/beta.aa-intergroup.org\/pt-br\/wp-json\/wp\/v2\/media?parent=15842"}],"curies":[{"name":"wp","href":"https:\/\/api.w.org\/{rel}","templated":true}]}}