{"id":15879,"date":"2020-03-16T06:10:37","date_gmt":"2020-03-16T10:10:37","guid":{"rendered":"https:\/\/beta.aa-intergroup.org\/diretorio-de-reunioes\/"},"modified":"2025-10-28T04:57:30","modified_gmt":"2025-10-28T08:57:30","slug":"diretorio-de-reunioes","status":"publish","type":"page","link":"https:\/\/beta.aa-intergroup.org\/pt-br\/diretorio-de-reunioes\/","title":{"rendered":"Diret\u00f3rio de reuni\u00f5es"},"content":{"rendered":"\n<p><\/p>\n\n\n\n<p><\/p>\n","protected":false},"excerpt":{"rendered":"<p>O <a href=\"\/oiaa\/meetings\">Diret\u00f3rio da OIAA<\/a> apresenta mais de 1.000 reuni\u00f5es de AA online em todo o mundo, variando de confer\u00eancias por v\u00eddeo ou telefone a grupos de e-mail ou chat em muitos idiomas, dispon\u00edveis 24 horas por dia, 7 dias por semana. Navegue pelas pr\u00f3ximas dispon\u00edveis ou procure a ideal para voc\u00ea. <\/p>\n","protected":false},"author":9,"featured_media":15880,"parent":0,"menu_order":1,"comment_status":"closed","ping_status":"closed","template":"","meta":{"_acf_changed":false,"_eb_attr":"","footnotes":""},"class_list":["post-15879","page","type-page","status-publish","has-post-thumbnail","hentry"],"acf":[],"_links":{"self":[{"href":"https:\/\/beta.aa-intergroup.org\/pt-br\/wp-json\/wp\/v2\/pages\/15879","targetHints":{"allow":["GET"]}}],"collection":[{"href":"https:\/\/beta.aa-intergroup.org\/pt-br\/wp-json\/wp\/v2\/pages"}],"about":[{"href":"https:\/\/beta.aa-intergroup.org\/pt-br\/wp-json\/wp\/v2\/types\/page"}],"author":[{"embeddable":true,"href":"https:\/\/beta.aa-intergroup.org\/pt-br\/wp-json\/wp\/v2\/users\/9"}],"replies":[{"embeddable":true,"href":"https:\/\/beta.aa-intergroup.org\/pt-br\/wp-json\/wp\/v2\/comments?post=15879"}],"version-history":[{"count":1,"href":"https:\/\/beta.aa-intergroup.org\/pt-br\/wp-json\/wp\/v2\/pages\/15879\/revisions"}],"predecessor-version":[{"id":15881,"href":"https:\/\/beta.aa-intergroup.org\/pt-br\/wp-json\/wp\/v2\/pages\/15879\/revisions\/15881"}],"wp:featuredmedia":[{"embeddable":true,"href":"https:\/\/beta.aa-intergroup.org\/pt-br\/wp-json\/wp\/v2\/media\/15880"}],"wp:attachment":[{"href":"https:\/\/beta.aa-intergroup.org\/pt-br\/wp-json\/wp\/v2\/media?parent=15879"}],"curies":[{"name":"wp","href":"https:\/\/api.w.org\/{rel}","templated":true}]}}