{"id":15896,"date":"2023-05-25T23:24:09","date_gmt":"2023-05-26T03:24:09","guid":{"rendered":"https:\/\/beta.aa-intergroup.org\/registrador-da-oiaa\/"},"modified":"2025-10-28T04:57:33","modified_gmt":"2025-10-28T08:57:33","slug":"registrador-da-oiaa","status":"publish","type":"page","link":"https:\/\/beta.aa-intergroup.org\/pt-br\/registrador-da-oiaa\/","title":{"rendered":"Registrador da OIAA"},"content":{"rendered":"\n<p>Entre em contato com o Registrador &#8211; registrar@aa-intergroup.org<\/p>\n\n<p><a href=\"https:\/\/beta.aa-intergroup.org\/pt-br\/submeter-uma-nova-reuniao-online\/\">Enviar uma nova reuni\u00e3o<\/a><\/p>\n\n<p><a href=\"https:\/\/beta.aa-intergroup.org\/pt-br\/atualizacoes-do-diretorio-de-reunioes\/\">Atualizar uma reuni\u00e3o<\/a><\/p>\n\n<p><a href=\"https:\/\/beta.aa-intergroup.org\/pt-br\/junte-se-a-oiaa\/\">Junte-se \u00e0 OIAA<\/a><\/p>\n\n<p><\/p>\n","protected":false},"excerpt":{"rendered":"<p>Entre em contato com o Registrador &#8211; registrar@aa-intergroup.org Enviar uma nova reuni\u00e3o Atualizar uma reuni\u00e3o Junte-se \u00e0 OIAA<\/p>\n","protected":false},"author":12,"featured_media":0,"parent":0,"menu_order":0,"comment_status":"closed","ping_status":"closed","template":"page-oiaa-registrar.php","meta":{"_acf_changed":false,"_eb_attr":"","footnotes":""},"class_list":["post-15896","page","type-page","status-publish","hentry"],"acf":[],"_links":{"self":[{"href":"https:\/\/beta.aa-intergroup.org\/pt-br\/wp-json\/wp\/v2\/pages\/15896","targetHints":{"allow":["GET"]}}],"collection":[{"href":"https:\/\/beta.aa-intergroup.org\/pt-br\/wp-json\/wp\/v2\/pages"}],"about":[{"href":"https:\/\/beta.aa-intergroup.org\/pt-br\/wp-json\/wp\/v2\/types\/page"}],"author":[{"embeddable":true,"href":"https:\/\/beta.aa-intergroup.org\/pt-br\/wp-json\/wp\/v2\/users\/12"}],"replies":[{"embeddable":true,"href":"https:\/\/beta.aa-intergroup.org\/pt-br\/wp-json\/wp\/v2\/comments?post=15896"}],"version-history":[{"count":1,"href":"https:\/\/beta.aa-intergroup.org\/pt-br\/wp-json\/wp\/v2\/pages\/15896\/revisions"}],"predecessor-version":[{"id":15898,"href":"https:\/\/beta.aa-intergroup.org\/pt-br\/wp-json\/wp\/v2\/pages\/15896\/revisions\/15898"}],"wp:attachment":[{"href":"https:\/\/beta.aa-intergroup.org\/pt-br\/wp-json\/wp\/v2\/media?parent=15896"}],"curies":[{"name":"wp","href":"https:\/\/api.w.org\/{rel}","templated":true}]}}