{"id":15908,"date":"2023-04-06T12:37:49","date_gmt":"2023-04-06T16:37:49","guid":{"rendered":"https:\/\/beta.aa-intergroup.org\/ajuda-para-reunioes-online\/"},"modified":"2025-10-28T04:57:36","modified_gmt":"2025-10-28T08:57:36","slug":"ajuda-para-reunioes-online","status":"publish","type":"page","link":"https:\/\/beta.aa-intergroup.org\/pt-br\/ajuda-para-reunioes-online\/","title":{"rendered":"Ajuda para reuni\u00f5es online"},"content":{"rendered":"\n<p><\/p>\n\n<p>Os Tech Steppers s\u00e3o um subcomit\u00ea de Tecnologia que oferece suporte \u00e0s reuni\u00f5es do diret\u00f3rio OIAA e aos seus participantes para seguran\u00e7a online e configura\u00e7\u00f5es de conta. Os Tech Steppers procuram ajudar os grupos a melhorar a sua postura de seguran\u00e7a online e defender melhor as suas reuni\u00f5es de potenciais perturbadores ativos. <\/p>\n\n<p>Se precisas de assist\u00eancia com a tua reuni\u00e3o, incluindo ajuda com &#8216;Zoom Bombers&#8217;, por favor preenche o formul\u00e1rio abaixo. Ap\u00f3s rece\u00e7\u00e3o, um membro AA &#8220;TechStepper&#8221; ser\u00e1 designado para te ajudar. Eles entrar\u00e3o em contacto contigo no m\u00e1ximo em 7 dias. Obrigado pela oportunidade de te fornecer ferramentas para tornar a tua reuni\u00e3o AA online ou h\u00edbrida um espa\u00e7o seguro e eficaz para todos se recuperarem.   <\/p>\n\n<p>Com amor e servi\u00e7o,<br\/>OIAA TechSteppers<\/p>\n\n<p><strong>Interessado em juntar-te aos Tech Steppers? <\/strong><a href=\"https:\/\/beta.aa-intergroup.org\/pt-br\/committees\/tecnologia\/\"><strong>Visita o comit\u00ea de tecnologia.<\/strong><\/a><\/p>\n<div class=\"wpforms-container wpforms-container-full\" id=\"wpforms-4231\"><form id=\"wpforms-form-4231\" class=\"wpforms-validate wpforms-form wpforms-ajax-form\" data-formid=\"4231\" method=\"post\" enctype=\"multipart\/form-data\" action=\"\/pt-br\/wp-json\/wp\/v2\/pages\/15908\" data-token=\"fb3c6e78e7ff45b6cbc5db6f951fd8e2\" data-token-time=\"1776030903\"><noscript class=\"wpforms-error-noscript\">Please enable JavaScript in your browser to complete this form.<\/noscript><div class=\"wpforms-field-container\"><div id=\"wpforms-4231-field_15-container\" class=\"wpforms-field wpforms-field-select wpforms-conditional-trigger wpforms-field-select-style-classic\" data-field-id=\"15\"><label class=\"wpforms-field-label\" for=\"wpforms-4231-field_15\">Precisa de ajuda para parar de beber?<\/label><select id=\"wpforms-4231-field_15\" class=\"wpforms-field-medium\" name=\"wpforms[fields][15]\"><option value=\"Por favor, escolhe\" >Por favor, escolhe<\/option><option value=\"Sim\" >Sim<\/option><option value=\"N\u00e3o\" >N\u00e3o<\/option><\/select><\/div><div id=\"wpforms-4231-field_1-container\" class=\"wpforms-field wpforms-field-email wpforms-conditional-field wpforms-conditional-show\" data-field-id=\"1\" style=\"display:none;\"><label class=\"wpforms-field-label\" for=\"wpforms-4231-field_1\">E-mail <span class=\"wpforms-required-label\">*<\/span><\/label><input type=\"email\" id=\"wpforms-4231-field_1\" class=\"wpforms-field-medium wpforms-field-required\" name=\"wpforms[fields][1]\" spellcheck=\"false\" required><\/div><div id=\"wpforms-4231-field_2-container\" class=\"wpforms-field wpforms-field-text wpforms-conditional-field wpforms-conditional-show\" data-field-id=\"2\" style=\"display:none;\"><label class=\"wpforms-field-label\" for=\"wpforms-4231-field_2\">Nome da reuni\u00e3o do grupo <span class=\"wpforms-required-label\">*<\/span><\/label><input type=\"text\" id=\"wpforms-4231-field_2\" class=\"wpforms-field-medium wpforms-field-required\" name=\"wpforms[fields][2]\" required><\/div><div id=\"wpforms-4231-field_3-container\" class=\"wpforms-field wpforms-field-select wpforms-conditional-field wpforms-conditional-show wpforms-field-select-style-classic\" data-field-id=\"3\" style=\"display:none;\"><label class=\"wpforms-field-label\" for=\"wpforms-4231-field_3\">O seu Grupo\/Reuni\u00e3o est\u00e1 listado no Diret\u00f3rio de Reuni\u00f5es do OIAA <span class=\"wpforms-required-label\">*<\/span><\/label><select id=\"wpforms-4231-field_3\" class=\"wpforms-field-medium wpforms-field-required\" name=\"wpforms[fields][3]\" required=\"required\"><option value=\"Por favor, escolha...\" >Por favor, escolha...<\/option><option value=\"Sim\" >Sim<\/option><option value=\"N\u00e3o\" >N\u00e3o<\/option><option value=\"Desconhecido\" >Desconhecido<\/option><\/select><\/div><div id=\"wpforms-4231-field_4-container\" class=\"wpforms-field wpforms-field-select wpforms-conditional-field wpforms-conditional-show wpforms-conditional-trigger wpforms-field-select-style-classic\" data-field-id=\"4\" style=\"display:none;\"><label class=\"wpforms-field-label\" for=\"wpforms-4231-field_4\">Qual software de reuni\u00e3o voc\u00ea usa? <span class=\"wpforms-required-label\">*<\/span><\/label><select id=\"wpforms-4231-field_4\" class=\"wpforms-field-medium wpforms-field-required\" name=\"wpforms[fields][4]\" required=\"required\"><option value=\"Por favor, escolhe\" >Por favor, escolhe<\/option><option value=\"Zoom\" >Zoom<\/option><option value=\"Outro\" >Outro<\/option><\/select><\/div><div id=\"wpforms-4231-field_5-container\" class=\"wpforms-field wpforms-field-text wpforms-conditional-field wpforms-conditional-show\" data-field-id=\"5\" style=\"display:none;\"><label class=\"wpforms-field-label\" for=\"wpforms-4231-field_5\">Por favor, especifique...<\/label><input type=\"text\" id=\"wpforms-4231-field_5\" class=\"wpforms-field-medium\" name=\"wpforms[fields][5]\" ><\/div><div id=\"wpforms-4231-field_6-container\" class=\"wpforms-field wpforms-field-text wpforms-conditional-field wpforms-conditional-show\" data-field-id=\"6\" style=\"display:none;\"><label class=\"wpforms-field-label\" for=\"wpforms-4231-field_6\">Primeiro nome e inicial do sobrenome <span class=\"wpforms-required-label\">*<\/span><\/label><input type=\"text\" id=\"wpforms-4231-field_6\" class=\"wpforms-field-medium wpforms-field-required\" name=\"wpforms[fields][6]\" required><\/div><div id=\"wpforms-4231-field_7-container\" class=\"wpforms-field wpforms-field-email wpforms-conditional-field wpforms-conditional-show\" data-field-id=\"7\" style=\"display:none;\"><label class=\"wpforms-field-label\" for=\"wpforms-4231-field_7\">E-mail do grupo<\/label><input type=\"email\" id=\"wpforms-4231-field_7\" class=\"wpforms-field-medium\" name=\"wpforms[fields][7]\" placeholder=\"Se houver\" spellcheck=\"false\" ><\/div><div id=\"wpforms-4231-field_8-container\" class=\"wpforms-field wpforms-field-phone wpforms-conditional-field wpforms-conditional-show\" data-field-id=\"8\" style=\"display:none;\"><label class=\"wpforms-field-label\" for=\"wpforms-4231-field_8\">Melhor telefone de contato <span class=\"wpforms-required-label\">*<\/span><\/label><input type=\"tel\" id=\"wpforms-4231-field_8\" class=\"wpforms-field-medium wpforms-field-required\" data-rule-int-phone-field=\"true\" name=\"wpforms[fields][8]\" placeholder=\"C\u00f3digo do pa\u00eds, c\u00f3digo de \u00e1rea, n\u00famero\" aria-label=\"Melhor telefone de contato\" required><\/div><div id=\"wpforms-4231-field_9-container\" class=\"wpforms-field wpforms-field-radio wpforms-conditional-field wpforms-conditional-show wpforms-conditional-trigger\" data-field-id=\"9\" style=\"display:none;\"><label class=\"wpforms-field-label\">Seu(s) papel(is) - Marque todos os que se aplicam <span class=\"wpforms-required-label\">*<\/span><\/label><ul id=\"wpforms-4231-field_9\" class=\"wpforms-field-required\"><li class=\"choice-1 depth-1\"><input type=\"radio\" id=\"wpforms-4231-field_9_1\" name=\"wpforms[fields][9]\" value=\"Titular da conta\" required ><label class=\"wpforms-field-label-inline\" for=\"wpforms-4231-field_9_1\">Titular da conta<\/label><\/li><li class=\"choice-2 depth-1\"><input type=\"radio\" id=\"wpforms-4231-field_9_2\" name=\"wpforms[fields][9]\" value=\"Anfitri\u00e3o\" required ><label class=\"wpforms-field-label-inline\" for=\"wpforms-4231-field_9_2\">Anfitri\u00e3o<\/label><\/li><li class=\"choice-3 depth-1\"><input type=\"radio\" id=\"wpforms-4231-field_9_3\" name=\"wpforms[fields][9]\" value=\"Coanfitri\u00e3o\" required ><label class=\"wpforms-field-label-inline\" for=\"wpforms-4231-field_9_3\">Coanfitri\u00e3o<\/label><\/li><li class=\"choice-4 depth-1\"><input type=\"radio\" id=\"wpforms-4231-field_9_4\" name=\"wpforms[fields][9]\" value=\"Nenhum\" required ><label class=\"wpforms-field-label-inline\" for=\"wpforms-4231-field_9_4\">Nenhum<\/label><\/li><li class=\"choice-5 depth-1\"><input type=\"radio\" id=\"wpforms-4231-field_9_5\" name=\"wpforms[fields][9]\" value=\"Outro\" required ><label class=\"wpforms-field-label-inline\" for=\"wpforms-4231-field_9_5\">Outro<\/label><\/li><\/ul><\/div><div id=\"wpforms-4231-field_10-container\" class=\"wpforms-field wpforms-field-text wpforms-conditional-field wpforms-conditional-show\" data-field-id=\"10\" style=\"display:none;\"><label class=\"wpforms-field-label\" for=\"wpforms-4231-field_10\">Por favor, especifique<\/label><input type=\"text\" id=\"wpforms-4231-field_10\" class=\"wpforms-field-medium\" name=\"wpforms[fields][10]\" ><\/div><div id=\"wpforms-4231-field_12-container\" class=\"wpforms-field wpforms-field-radio wpforms-conditional-field wpforms-conditional-show\" data-field-id=\"12\" style=\"display:none;\"><label class=\"wpforms-field-label\">Dispositivo(s) no(s) qual(is) voc\u00ea est\u00e1 enfrentando o problema <span class=\"wpforms-required-label\">*<\/span><\/label><ul id=\"wpforms-4231-field_12\" class=\"wpforms-field-required\"><li class=\"choice-1 depth-1\"><input type=\"radio\" id=\"wpforms-4231-field_12_1\" name=\"wpforms[fields][12]\" value=\"Smartphone\" required ><label class=\"wpforms-field-label-inline\" for=\"wpforms-4231-field_12_1\">Smartphone<\/label><\/li><li class=\"choice-2 depth-1\"><input type=\"radio\" id=\"wpforms-4231-field_12_2\" name=\"wpforms[fields][12]\" value=\"Tablet\" required ><label class=\"wpforms-field-label-inline\" for=\"wpforms-4231-field_12_2\">Tablet<\/label><\/li><li class=\"choice-3 depth-1\"><input type=\"radio\" id=\"wpforms-4231-field_12_3\" name=\"wpforms[fields][12]\" value=\"Laptop\" required ><label class=\"wpforms-field-label-inline\" for=\"wpforms-4231-field_12_3\">Laptop<\/label><\/li><li class=\"choice-4 depth-1\"><input type=\"radio\" id=\"wpforms-4231-field_12_4\" name=\"wpforms[fields][12]\" value=\"Desktop\" required ><label class=\"wpforms-field-label-inline\" for=\"wpforms-4231-field_12_4\">Desktop<\/label><\/li><\/ul><\/div><div id=\"wpforms-4231-field_11-container\" class=\"wpforms-field wpforms-field-text wpforms-conditional-field wpforms-conditional-show\" data-field-id=\"11\" style=\"display:none;\"><label class=\"wpforms-field-label\" for=\"wpforms-4231-field_11\">Idioma preferido <span class=\"wpforms-required-label\">*<\/span><\/label><input type=\"text\" id=\"wpforms-4231-field_11\" class=\"wpforms-field-medium wpforms-field-required\" name=\"wpforms[fields][11]\" required><\/div><div id=\"wpforms-4231-field_13-container\" class=\"wpforms-field wpforms-field-textarea wpforms-conditional-field wpforms-conditional-show\" data-field-id=\"13\" style=\"display:none;\"><label class=\"wpforms-field-label\" for=\"wpforms-4231-field_13\">Por favor, descreva o problema que sua reuni\u00e3o est\u00e1 enfrentando <span class=\"wpforms-required-label\">*<\/span><\/label><textarea id=\"wpforms-4231-field_13\" class=\"wpforms-field-medium wpforms-field-required\" name=\"wpforms[fields][13]\" required><\/textarea><\/div><div id=\"wpforms-4231-field_17-container\" class=\"wpforms-field wpforms-field-text wpforms-conditional-field wpforms-conditional-show\" data-field-id=\"17\" style=\"display:none;\"><label class=\"wpforms-field-label\" for=\"wpforms-4231-field_17\">Nome <span class=\"wpforms-required-label\">*<\/span><\/label><input type=\"text\" id=\"wpforms-4231-field_17\" class=\"wpforms-field-medium wpforms-field-required\" name=\"wpforms[fields][17]\" required><div class=\"wpforms-field-description\">O primeiro nome est\u00e1 \u00f3timo<\/div><\/div><div id=\"wpforms-4231-field_18-container\" class=\"wpforms-field wpforms-field-text wpforms-conditional-field wpforms-conditional-show\" data-field-id=\"18\" style=\"display:none;\"><label class=\"wpforms-field-label\" for=\"wpforms-4231-field_18\">E-mail <span class=\"wpforms-required-label\">*<\/span><\/label><input type=\"text\" id=\"wpforms-4231-field_18\" class=\"wpforms-field-medium wpforms-field-required\" name=\"wpforms[fields][18]\" required><\/div><div id=\"wpforms-4231-field_19-container\" class=\"wpforms-field wpforms-field-textarea wpforms-conditional-field wpforms-conditional-show\" data-field-id=\"19\" style=\"display:none;\"><label class=\"wpforms-field-label\" for=\"wpforms-4231-field_19\">Mensagem <span class=\"wpforms-required-label\">*<\/span><\/label><textarea id=\"wpforms-4231-field_19\" class=\"wpforms-field-medium wpforms-field-required\" name=\"wpforms[fields][19]\" required><\/textarea><\/div><div id=\"wpforms-4231-field_20-container\" class=\"wpforms-field wpforms-field-select wpforms-conditional-field wpforms-conditional-show wpforms-conditional-trigger wpforms-field-select-style-classic\" data-field-id=\"20\" style=\"display:none;\"><label class=\"wpforms-field-label\" for=\"wpforms-4231-field_20\">Seu pa\u00eds <span class=\"wpforms-required-label\">*<\/span><\/label><select id=\"wpforms-4231-field_20\" class=\"wpforms-field-medium wpforms-field-required\" name=\"wpforms[fields][20]\" required=\"required\"><option value=\"Escolhe...\" >Escolhe...<\/option><option value=\"EUA\" >EUA<\/option><option value=\"\u00c1frica do Sul\" >\u00c1frica do Sul<\/option><option value=\"Canad\u00e1\" >Canad\u00e1<\/option><option value=\"M\u00e9xico\" >M\u00e9xico<\/option><option value=\"Fran\u00e7a\" >Fran\u00e7a<\/option><option value=\"\u00cdndia\" >\u00cdndia<\/option><option value=\"Irlanda\" >Irlanda<\/option><option value=\"Reino Unido\" >Reino Unido<\/option><option value=\"Outro\" >Outro<\/option><\/select><\/div><div id=\"wpforms-4231-field_21-container\" class=\"wpforms-field wpforms-field-text wpforms-conditional-field wpforms-conditional-show\" data-field-id=\"21\" style=\"display:none;\"><label class=\"wpforms-field-label\" for=\"wpforms-4231-field_21\">Outro pa\u00eds<\/label><input type=\"text\" id=\"wpforms-4231-field_21\" class=\"wpforms-field-medium\" name=\"wpforms[fields][21]\" ><\/div><div id=\"wpforms-4231-field_14-container\" class=\"wpforms-field wpforms-field-gdpr-checkbox\" data-field-id=\"14\"><label class=\"wpforms-field-label\">Concord\u00e2ncia com LGPD <span class=\"wpforms-required-label\">*<\/span><\/label><ul id=\"wpforms-4231-field_14\" class=\"wpforms-field-required\"><li class=\"choice-1\"><input type=\"checkbox\" id=\"wpforms-4231-field_14_1\" name=\"wpforms[fields][14][]\" value=\"Consinto que este site armazene as informa\u00e7\u00f5es que enviei para que possam responder \u00e0 minha pergunta.\" required ><label class=\"wpforms-field-label-inline\" for=\"wpforms-4231-field_14_1\">Consinto que este site armazene as informa\u00e7\u00f5es que enviei para que possam responder \u00e0 minha pergunta.<\/label><\/li><\/ul><\/div><div id=\"wpforms-4231-field_22-container\" class=\"wpforms-field wpforms-field-text request-id\" data-field-id=\"22\"><label class=\"wpforms-field-label wpforms-label-hide\" for=\"wpforms-4231-field_22\">Request ID<\/label><input type=\"text\" id=\"wpforms-4231-field_22\" class=\"wpforms-field-medium\" name=\"wpforms[fields][22]\" ><\/div><\/div><!-- .wpforms-field-container --><div class=\"wpforms-recaptcha-container wpforms-is-recaptcha wpforms-is-recaptcha-type-v2\" ><div class=\"g-recaptcha\" data-sitekey=\"6LfLO_EUAAAAAD2WTL408A9DfNNx6AhXu-npfay8\"><\/div><input type=\"text\" name=\"g-recaptcha-hidden\" class=\"wpforms-recaptcha-hidden\" style=\"position:absolute!important;clip:rect(0,0,0,0)!important;height:1px!important;width:1px!important;border:0!important;overflow:hidden!important;padding:0!important;margin:0!important;\" data-rule-recaptcha=\"1\"><\/div><div class=\"wpforms-submit-container\" ><input type=\"hidden\" name=\"wpforms[id]\" value=\"4231\"><input type=\"hidden\" name=\"page_title\" value=\"\"><input type=\"hidden\" name=\"page_url\" value=\"https:\/\/beta.aa-intergroup.org\/pt-br\/wp-json\/wp\/v2\/pages\/15908\"><button type=\"submit\" name=\"wpforms[submit]\" id=\"wpforms-submit-4231\" class=\"wpforms-submit\" data-alt-text=\"Enviando...\" data-submit-text=\"Enviar\" aria-live=\"assertive\" value=\"wpforms-submit\">Enviar<\/button><img loading=\"lazy\" decoding=\"async\" src=\"https:\/\/beta.aa-intergroup.org\/wp-content\/plugins\/wpforms\/assets\/images\/submit-spin.svg\" class=\"wpforms-submit-spinner\" style=\"display: none;\" width=\"26\" height=\"26\" alt=\"Loading\"><\/div><\/form><\/div>  <!-- .wpforms-container -->\n\n<p><\/p>\n\n<p><\/p>\n\n<p><\/p>\n\n<p><\/p>\n\n<p><\/p>\n","protected":false},"excerpt":{"rendered":"<p>Os Tech Steppers s\u00e3o um subcomit\u00ea de Tecnologia que oferece suporte \u00e0s reuni\u00f5es do diret\u00f3rio OIAA e aos seus participantes para seguran\u00e7a online e configura\u00e7\u00f5es de conta. Os Tech Steppers procuram ajudar os grupos a melhorar a sua postura de seguran\u00e7a online e defender melhor as suas reuni\u00f5es de potenciais perturbadores ativos. Se precisas de<a class=\"excerpt-read-more\" href=\"https:\/\/beta.aa-intergroup.org\/pt-br\/ajuda-para-reunioes-online\/\" title=\"ReadAjuda para reuni\u00f5es online\">&#8230; Read more &raquo;<\/a><\/p>\n","protected":false},"author":18,"featured_media":0,"parent":0,"menu_order":0,"comment_status":"closed","ping_status":"closed","template":"","meta":{"_acf_changed":false,"_eb_attr":"","footnotes":""},"class_list":["post-15908","page","type-page","status-publish","hentry"],"acf":[],"_links":{"self":[{"href":"https:\/\/beta.aa-intergroup.org\/pt-br\/wp-json\/wp\/v2\/pages\/15908","targetHints":{"allow":["GET"]}}],"collection":[{"href":"https:\/\/beta.aa-intergroup.org\/pt-br\/wp-json\/wp\/v2\/pages"}],"about":[{"href":"https:\/\/beta.aa-intergroup.org\/pt-br\/wp-json\/wp\/v2\/types\/page"}],"author":[{"embeddable":true,"href":"https:\/\/beta.aa-intergroup.org\/pt-br\/wp-json\/wp\/v2\/users\/18"}],"replies":[{"embeddable":true,"href":"https:\/\/beta.aa-intergroup.org\/pt-br\/wp-json\/wp\/v2\/comments?post=15908"}],"version-history":[{"count":1,"href":"https:\/\/beta.aa-intergroup.org\/pt-br\/wp-json\/wp\/v2\/pages\/15908\/revisions"}],"predecessor-version":[{"id":15910,"href":"https:\/\/beta.aa-intergroup.org\/pt-br\/wp-json\/wp\/v2\/pages\/15908\/revisions\/15910"}],"wp:attachment":[{"href":"https:\/\/beta.aa-intergroup.org\/pt-br\/wp-json\/wp\/v2\/media?parent=15908"}],"curies":[{"name":"wp","href":"https:\/\/api.w.org\/{rel}","templated":true}]}}