{"id":15937,"date":"2020-03-18T14:41:03","date_gmt":"2020-03-18T18:41:03","guid":{"rendered":"https:\/\/beta.aa-intergroup.org\/diretrizes-do-diretorio-de-reunioes\/"},"modified":"2025-11-09T15:52:09","modified_gmt":"2025-11-09T20:52:09","slug":"diretrizes-do-diretorio-de-reunioes","status":"publish","type":"page","link":"https:\/\/beta.aa-intergroup.org\/pt-br\/diretrizes-do-diretorio-de-reunioes\/","title":{"rendered":"Diretrizes do diret\u00f3rio de reuni\u00f5es"},"content":{"rendered":"\n<p>Qualquer grupo ou reuni\u00e3o <strong>online<\/strong> de AA pode ser listado no <a href=\"https:\/\/beta.aa-intergroup.org\/oiaa\/meetings\" data-type=\"URL\" data-id=\"https:\/\/beta.aa-intergroup.org\/oiaa\/meetings\"><strong>Diret\u00f3rio<\/strong><\/a>, desde que siga as Tradi\u00e7\u00f5es de Alco\u00f3licos An\u00f4nimos, usando o <strong><strong><a href=\"https:\/\/beta.aa-intergroup.org\/pt-br\/submeter-uma-nova-reuniao-online\/\">Formul\u00e1rio de Envio de Nova Reuni\u00e3o<\/a><\/strong><\/strong>. As submiss\u00f5es de reuni\u00f5es ser\u00e3o revisadas e filtradas com base nas diretrizes abaixo pelo <strong>Comit\u00ea de Pol\u00edticas e Admiss\u00f5es<\/strong> (PAC).<\/p>\n\n<p>O Intergrupo Online <strong>n\u00e3o<\/strong> lista:<\/p>\n\n<ul class=\"wp-block-list\">\n<li>Reuni\u00f5es presenciais de AA (visite &#8220;Como Encontrar Reuni\u00f5es de AA&#8221; em <a rel=\"noreferrer noopener\" href=\"https:\/\/www.aa.org\/pages\/en_US\/find-aa-resources\" target=\"_blank\" data-type=\"page\">AA World Services, Inc.<\/a>).<\/li>\n\n\n\n<li>Sites ou blogs de grava\u00e7\u00e3o digital, &#8220;leituras di\u00e1rias&#8221; ou &#8220;redes sociais&#8221; (veja, por exemplo, &#8220;Sites Gerais de Redes Sociais&#8221; na publica\u00e7\u00e3o <a href=\"https:\/\/www.aa.org\/aa-guidelines-internet\" target=\"_blank\" rel=\"noreferrer noopener\">Diretrizes de AA sobre a Internet<\/a>).<\/li>\n\n\n\n<li>Provedores de sites e listas de e-mail n\u00e3o-AA. No entanto, se sua reuni\u00e3o online for hospedada por um provedor como Google, Zoom, etc.; as submiss\u00f5es ser\u00e3o consideradas se a descri\u00e7\u00e3o for sobre a reuni\u00e3o de AA e n\u00e3o sobre o provedor. Da mesma forma, o nome do grupo ou da reuni\u00e3o n\u00e3o deve conter o nome do provedor.<\/li>\n\n\n\n<li>Reuni\u00f5es que parecem ser conduzidas por uma organiza\u00e7\u00e3o ou por indiv\u00edduos que n\u00e3o s\u00e3o membros de AA; por exemplo, sites comerciais que criaram &#8220;reuni\u00f5es&#8221; com o prop\u00f3sito de atrair tr\u00e1fego para seus sites. Apenas membros de AA podem conduzir reuni\u00f5es de AA.<\/li>\n\n\n\n<li>Grupos ou reuni\u00f5es que se autodenominam &#8220;AA&#8221;, mas que participam de &#8220;programas de afiliados&#8221;; ou seja, recebem renda de coloca\u00e7\u00e3o de an\u00fancios (ou de qualquer fonte n\u00e3o-AA). &#8220;Um grupo de AA nunca deve entrar em neg\u00f3cios.&#8221;<\/li>\n<\/ul>\n\n<p>Para uma vis\u00e3o geral de como as Tradi\u00e7\u00f5es se aplicam aos grupos, veja o folheto &#8220;O Grupo de AA&#8230; Onde tudo come\u00e7a&#8221;. Em resumo:<\/p>\n\n<ul class=\"wp-block-list\">\n<li>todos os membros do grupo s\u00e3o alco\u00f3licos (ou t\u00eam o desejo de parar de beber) e o grupo est\u00e1 disposto a &#8220;abrir as portas para todos os alco\u00f3licos que buscam ajuda, independentemente de profiss\u00e3o, g\u00eanero ou outra distin\u00e7\u00e3o&#8221; (&#8220;O Grupo de AA&#8221;, p. 15).<\/li>\n\n\n\n<li>o grupo \u00e9 totalmente autossuficiente, recusando contribui\u00e7\u00f5es externas.<\/li>\n\n\n\n<li>o grupo n\u00e3o tem nenhuma outra afilia\u00e7\u00e3o.<\/li>\n\n\n\n<li>o grupo n\u00e3o endossa empreendimentos externos.<\/li>\n\n\n\n<li>o grupo n\u00e3o tem opini\u00e3o sobre quest\u00f5es externas.<\/li>\n\n\n\n<li>o grupo mant\u00e9m o anonimato de seus membros (sem nomes completos ou fotos de membros em vista p\u00fablica).<\/li>\n<\/ul>\n\n<p>Da p\u00e1gina 22 do folheto &#8220;O Grupo de AA&#8221; (direitos autorais AAWS, Inc.; reimpresso com permiss\u00e3o):<\/p>\n\n<blockquote class=\"wp-block-quote is-layout-flow wp-block-quote-is-layout-flow\">\n<p>&#8220;At\u00e9 mesmo a apar\u00eancia de estar ligado a qualquer organiza\u00e7\u00e3o, clube, institui\u00e7\u00e3o pol\u00edtica ou religiosa precisa ser evitada.<\/p>\n\n\n\n<p>&#8220;Portanto, um grupo de AA que se re\u00fane em uma institui\u00e7\u00e3o correcional ou de tratamento ou em uma igreja [ou em um site n\u00e3o-AA, servidor de chat, etc.] pode tomar cuidado para n\u00e3o usar o nome da institui\u00e7\u00e3o, mas chamar-se de algo bem diferente. Isso deixa claro que o grupo de AA n\u00e3o est\u00e1 afiliado ao hospital, igreja, pris\u00e3o, centro de tratamento ou qualquer outra coisa, mas simplesmente aluga espa\u00e7o l\u00e1 para reuni\u00f5es.<\/p>\n\n\n\n<p>&#8220;Nossa consci\u00eancia de grupo de AA, expressa pela Confer\u00eancia de Servi\u00e7os Gerais, recomendou que reuni\u00f5es &#8216;familiares&#8217;, de &#8216;duplo problema&#8217; e de &#8216;\u00e1lcool e p\u00edlulas&#8217; n\u00e3o sejam listadas em nossos diret\u00f3rios de AA. O uso da palavra &#8216;fam\u00edlia&#8217; tamb\u00e9m pode convidar \u00e0 confus\u00e3o com os Grupos Familiares Al-Anon, uma irmandade totalmente separada do AA.<\/p>\n\n\n\n<p>&#8220;O prop\u00f3sito primordial de qualquer grupo de AA \u00e9 levar a mensagem de AA aos alco\u00f3licos. A experi\u00eancia com o \u00e1lcool \u00e9 algo que todos os membros de AA t\u00eam em comum. \u00c9 enganoso insinuar ou dar a impress\u00e3o de que AA resolve outros problemas ou sabe o que fazer sobre o v\u00edcio em drogas.<\/p>\n\n\n\n<p>&#8220;Tamb\u00e9m foi recomendado pela Confer\u00eancia AA que nenhum grupo AA seja nomeado ap\u00f3s qualquer pessoa real, viva ou morta, AA ou n\u00e3o AA. Esta \u00e9 uma maneira de &#8216;colocarmos os princ\u00edpios acima das personalidades.'&#8221;<\/p>\n<\/blockquote>\n\n<p><strong>Mantendo os diret\u00f3rios atualizados<\/strong>.<\/p>\n\n<p>O Comit\u00ea Web do Intergrupo Online tenta manter seus diret\u00f3rios atualizados. Embora realizemos atualiza\u00e7\u00f5es peri\u00f3dicas de &#8220;chamada&#8221; para garantir informa\u00e7\u00f5es corretas de listagem e contatos prim\u00e1rios e secund\u00e1rios, <strong>devemos confiar nas informa\u00e7\u00f5es fornecidas pelas reuni\u00f5es e grupos.<\/strong><\/p>\n\n<p>Se sua reuni\u00e3o mudar os dias, hor\u00e1rios, IDs de reuni\u00e3o, links e informa\u00e7\u00f5es (senhas), \u00e9 importante que voc\u00ea forne\u00e7a uma <strong><a href=\"https:\/\/beta.aa-intergroup.org\/pt-br\/atualizacoes-do-diretorio-de-reunioes\/\">atualiza\u00e7\u00e3o do diret\u00f3rio de reuni\u00f5es<\/a><\/strong> o mais r\u00e1pido poss\u00edvel. Se sua reuni\u00e3o parar completamente, \u00e9 importante notificar a OIAA para remover a reuni\u00e3o do diret\u00f3rio. A \u00fanica maneira de manter os diret\u00f3rios de reuni\u00f5es atualizados \u00e9 com a sua ajuda.<\/p>\n\n<p>Pedimos que voc\u00ea pense no rec\u00e9m-chegado ao visualizar as listagens do diret\u00f3rio. Imagine ele ou ela, cheio de esperan\u00e7a, seguindo instru\u00e7\u00f5es e clicando em um link de reuni\u00e3o apenas para descobrir que precisa de uma senha quando uma n\u00e3o \u00e9 fornecida, ou a senha n\u00e3o funciona, ou que a reuni\u00e3o simplesmente n\u00e3o est\u00e1 l\u00e1. Mesmo uma \u00fanica ocorr\u00eancia disso j\u00e1 \u00e9 demais.<\/p>\n\n<p>Aqui est\u00e1 o que voc\u00ea pode fazer para ajudar:<\/p>\n\n<ul class=\"wp-block-list\">\n<li>D\u00ea uma olhada na descri\u00e7\u00e3o do seu grupo ou reuni\u00e3o no diret\u00f3rio da OIAA. Est\u00e1 atualizada? Se n\u00e3o, por favor, forne\u00e7a uma <strong><a href=\"https:\/\/beta.aa-intergroup.org\/pt-br\/atualizacoes-do-diretorio-de-reunioes\/\">atualiza\u00e7\u00e3o do diret\u00f3rio de reuni\u00f5es<\/a><\/strong>.<\/li>\n\n\n\n<li>O endere\u00e7o de e-mail listado com sua reuni\u00e3o ou grupo ainda \u00e9 monitorado ativamente? Por favor, certifique-se de que os endere\u00e7os de e-mail listados s\u00e3o v\u00e1lidos e visualizados regularmente.<\/li>\n\n\n\n<li>Aplique o conceito de Atra\u00e7\u00e3o em vez de Promo\u00e7\u00e3o ao escrever e atualizar as descri\u00e7\u00f5es de suas reuni\u00f5es.<\/li>\n\n\n\n<li>Pratique a Tradi\u00e7\u00e3o 4 ao enviar altera\u00e7\u00f5es para o nome do seu grupo ou reuni\u00e3o. Cada grupo \u00e9 aut\u00f4nomo, &#8220;exceto em assuntos que afetem outros grupos.&#8221; Solicita\u00e7\u00f5es para adicionar n\u00fameros (1-2-3) ou caracteres especiais no in\u00edcio de um nome de grupo ou reuni\u00e3o simplesmente para afetar a ordem de coloca\u00e7\u00e3o no diret\u00f3rio ser\u00e3o desconsideradas.<\/li>\n<\/ul>\n\n<p>&#8220;<strong>Links Diretos<\/strong>&#8220;<strong> para Sites<\/strong>.<\/p>\n\n<p>O Intergrupo Online incluir\u00e1 &#8220;links diretos&#8221; (hiperlinks) para sites junto com este aviso:<\/p>\n\n<p>&#8220;Os links de URL dos grupos agora est\u00e3o ativos para facilitar a conex\u00e3o com os grupos listados. Esses links de URL n\u00e3o constituem ou indicam revis\u00e3o, endosso ou aprova\u00e7\u00e3o do Intergrupo Online.&#8221;<\/p>\n\n<blockquote class=\"wp-block-quote is-layout-flow wp-block-quote-is-layout-flow\">\n<p>Obrigado pela sua ajuda,<br\/>Comit\u00ea de Tecnologia da OIAA e Comit\u00ea de Pol\u00edticas e Admiss\u00f5es da OIAA<\/p>\n<\/blockquote>\n","protected":false},"excerpt":{"rendered":"<p>Qualquer grupo ou reuni\u00e3o online de AA pode ser listado no Diret\u00f3rio, desde que siga as Tradi\u00e7\u00f5es de Alco\u00f3licos An\u00f4nimos, usando o Formul\u00e1rio de Envio de Nova Reuni\u00e3o. As submiss\u00f5es de reuni\u00f5es ser\u00e3o revisadas e filtradas com base nas diretrizes abaixo pelo Comit\u00ea de Pol\u00edticas e Admiss\u00f5es (PAC). O Intergrupo Online n\u00e3o lista: Para uma<a class=\"excerpt-read-more\" href=\"https:\/\/beta.aa-intergroup.org\/pt-br\/diretrizes-do-diretorio-de-reunioes\/\" title=\"ReadDiretrizes do diret\u00f3rio de reuni\u00f5es\">&#8230; Read more &raquo;<\/a><\/p>\n","protected":false},"author":9,"featured_media":0,"parent":0,"menu_order":0,"comment_status":"closed","ping_status":"closed","template":"","meta":{"_acf_changed":false,"_eb_attr":"","footnotes":""},"class_list":["post-15937","page","type-page","status-publish","hentry"],"acf":[],"_links":{"self":[{"href":"https:\/\/beta.aa-intergroup.org\/pt-br\/wp-json\/wp\/v2\/pages\/15937","targetHints":{"allow":["GET"]}}],"collection":[{"href":"https:\/\/beta.aa-intergroup.org\/pt-br\/wp-json\/wp\/v2\/pages"}],"about":[{"href":"https:\/\/beta.aa-intergroup.org\/pt-br\/wp-json\/wp\/v2\/types\/page"}],"author":[{"embeddable":true,"href":"https:\/\/beta.aa-intergroup.org\/pt-br\/wp-json\/wp\/v2\/users\/9"}],"replies":[{"embeddable":true,"href":"https:\/\/beta.aa-intergroup.org\/pt-br\/wp-json\/wp\/v2\/comments?post=15937"}],"version-history":[{"count":2,"href":"https:\/\/beta.aa-intergroup.org\/pt-br\/wp-json\/wp\/v2\/pages\/15937\/revisions"}],"predecessor-version":[{"id":40691,"href":"https:\/\/beta.aa-intergroup.org\/pt-br\/wp-json\/wp\/v2\/pages\/15937\/revisions\/40691"}],"wp:attachment":[{"href":"https:\/\/beta.aa-intergroup.org\/pt-br\/wp-json\/wp\/v2\/media?parent=15937"}],"curies":[{"name":"wp","href":"https:\/\/api.w.org\/{rel}","templated":true}]}}