{"id":16308,"date":"2020-03-17T22:24:30","date_gmt":"2020-03-18T02:24:30","guid":{"rendered":"https:\/\/beta.aa-intergroup.org\/fale-conosco\/"},"modified":"2025-10-28T05:27:03","modified_gmt":"2025-10-28T09:27:03","slug":"fale-conosco","status":"publish","type":"page","link":"https:\/\/beta.aa-intergroup.org\/pt-br\/fale-conosco\/","title":{"rendered":"Fale conosco"},"content":{"rendered":"\n<div class=\"wp-block-columns is-layout-flex wp-container-core-columns-is-layout-9d6595d7 wp-block-columns-is-layout-flex\">\n<div class=\"wp-block-column is-layout-flow wp-block-column-is-layout-flow\">\n<p>O Intergrupo Online est\u00e1 aqui para ajudar voc\u00ea e responder a quaisquer perguntas que voc\u00ea possa ter. Por favor, selecione a caixa correta abaixo para que possamos colocar voc\u00ea em contato com o comit\u00ea certo. Temos grupos e informa\u00e7\u00f5es espec\u00edficas dispon\u00edveis para voc\u00ea, dependendo das suas necessidades. Todos os Comit\u00eas podem ser contatados atrav\u00e9s do formul\u00e1rio localizado \u00e0 sua direita.   <\/p>\n<\/div>\n\n\n\n<div class=\"wp-block-column is-layout-flow wp-block-column-is-layout-flow\"><div class=\"wpforms-container wpforms-container-full wpforms-block wpforms-block-dc301f38-aec5-43b0-b615-10a62c79c296\" id=\"wpforms-3985\"><form id=\"wpforms-form-3985\" class=\"wpforms-validate wpforms-form wpforms-ajax-form\" data-formid=\"3985\" method=\"post\" enctype=\"multipart\/form-data\" action=\"\/pt-br\/wp-json\/wp\/v2\/pages\/16308\" data-token=\"7af47c3d0115667ace78c7550b8d8abc\" data-token-time=\"1775998783\"><noscript class=\"wpforms-error-noscript\">Please enable JavaScript in your browser to complete this form.<\/noscript><div class=\"wpforms-field-container\"><div id=\"wpforms-3985-field_22-container\" class=\"wpforms-field wpforms-field-name wpforms-conditional-field wpforms-conditional-show\" data-field-id=\"22\" style=\"display:none;\"><label class=\"wpforms-field-label\" for=\"wpforms-3985-field_22\">Nome <span class=\"wpforms-required-label\">*<\/span><\/label><input type=\"text\" id=\"wpforms-3985-field_22\" class=\"wpforms-field-medium wpforms-field-required\" name=\"wpforms[fields][22]\" required><div class=\"wpforms-field-description\">Primeira e \u00faltima inicial<\/div><\/div><div id=\"wpforms-3985-field_21-container\" class=\"wpforms-field wpforms-field-email wpforms-conditional-field wpforms-conditional-show wpforms-conditional-trigger\" data-field-id=\"21\" style=\"display:none;\"><label class=\"wpforms-field-label\" for=\"wpforms-3985-field_21\">E-mail <span class=\"wpforms-required-label\">*<\/span><\/label><input type=\"email\" id=\"wpforms-3985-field_21\" class=\"wpforms-field-medium wpforms-field-required\" name=\"wpforms[fields][21]\" spellcheck=\"false\" required><\/div><div id=\"wpforms-3985-field_29-container\" class=\"wpforms-field wpforms-field-captcha wpforms-conditional-field wpforms-conditional-show\" data-field-id=\"29\" style=\"display:none;\"><label class=\"wpforms-field-label\" for=\"wpforms-3985-field_29\">Captcha personalizado <span class=\"wpforms-required-label\">*<\/span><\/label>\t\t\t<div class=\"wpforms-captcha-math\">\n\t\t\t\t<span id=\"wpforms-3985-field_29-question\" class=\"wpforms-captcha-equation\">\n\t\t\t\t\t<span class=\"n1\">9<\/span>\n\t\t\t\t\t\t\t<span class=\"cal\">+<\/span>\n\t\t\t\t\t\t\t<span class=\"n2\">8<\/span>\t\t\t\t\t<span class=\"e\">=<\/span>\n\t\t\t\t<\/span>\n\t\t\t\t<input type=\"text\" id=\"wpforms-3985-field_29\" class=\"wpforms-field-medium wpforms-field-required a\" data-rule-wpf-captcha=\"math\" data-is-wrapped-field=\"1\" name=\"wpforms[fields][29][a]\" aria-describedby=\"wpforms-3985-field_29-question\" required>\t\t\t\t<input type=\"hidden\" name=\"wpforms[fields][29][cal]\" class=\"cal\">\n\t\t\t\t<input type=\"hidden\" name=\"wpforms[fields][29][n2]\" class=\"n2\">\n\t\t\t\t<input type=\"hidden\" name=\"wpforms[fields][29][n1]\" class=\"n1\">\n\t\t\t<\/div>\n\t\t\t<\/div><div id=\"wpforms-3985-field_1-container\" class=\"wpforms-field wpforms-field-select wpforms-conditional-field wpforms-conditional-show wpforms-field-select-style-classic\" data-field-id=\"1\" style=\"display:none;\"><label class=\"wpforms-field-label\" for=\"wpforms-3985-field_1\">Com quem voc\u00ea quer entrar em contato? <span class=\"wpforms-required-label\">*<\/span><\/label><select id=\"wpforms-3985-field_1\" class=\"wpforms-field-medium wpforms-field-required\" name=\"wpforms[fields][1]\" required=\"required\"><option value=\"Escolhe...\"  selected='selected'>Escolhe&#8230;<\/option><option value=\"Consulta geral\" >Consulta geral<\/option><option value=\"Praticantes dos 12 passos\" >Praticantes dos 12 passos<\/option><option value=\"Conselho\" >Conselho<\/option><option value=\"Comunica\u00e7\u00f5es\" >Comunica\u00e7\u00f5es<\/option><option value=\"Conven\u00e7\u00f5es\" >Conven\u00e7\u00f5es<\/option><option value=\"CPC - coopera\u00e7\u00e3o com profissionais\" >CPC &#8211; coopera\u00e7\u00e3o com profissionais<\/option><option value=\"Finan\u00e7as\" >Finan\u00e7as<\/option><option value=\"PAC\" >PAC<\/option><option value=\"PIC - informa\u00e7\u00e3o p\u00fablica\" >PIC &#8211; informa\u00e7\u00e3o p\u00fablica<\/option><option value=\"Tecnologia\" >Tecnologia<\/option><option value=\"Unidade\" >Unidade<\/option><\/select><\/div><div id=\"wpforms-3985-field_31-container\" class=\"wpforms-field wpforms-field-select wpforms-conditional-field wpforms-conditional-show wpforms-conditional-trigger wpforms-field-select-style-classic\" data-field-id=\"31\" style=\"display:none;\"><label class=\"wpforms-field-label\" for=\"wpforms-3985-field_31\">Em qual pa\u00eds voc\u00ea est\u00e1? <span class=\"wpforms-required-label\">*<\/span><\/label><select id=\"wpforms-3985-field_31\" class=\"wpforms-field-medium wpforms-field-required\" name=\"wpforms[fields][31]\" required=\"required\"><option value=\"Escolhe...\" >Escolhe&#8230;<\/option><option value=\"EUA\" >EUA<\/option><option value=\"\u00c1frica do Sul\" >\u00c1frica do Sul<\/option><option value=\"Canad\u00e1\" >Canad\u00e1<\/option><option value=\"M\u00e9xico\" >M\u00e9xico<\/option><option value=\"Fran\u00e7a\" >Fran\u00e7a<\/option><option value=\"\u00cdndia\" >\u00cdndia<\/option><option value=\"Irlanda\" >Irlanda<\/option><option value=\"Reino Unido\" >Reino Unido<\/option><option value=\"Outro\" >Outro<\/option><\/select><\/div><div id=\"wpforms-3985-field_32-container\" class=\"wpforms-field wpforms-field-text wpforms-conditional-field wpforms-conditional-show\" data-field-id=\"32\" style=\"display:none;\"><label class=\"wpforms-field-label\" for=\"wpforms-3985-field_32\">Qual pa\u00eds?<\/label><input type=\"text\" id=\"wpforms-3985-field_32\" class=\"wpforms-field-medium\" name=\"wpforms[fields][32]\" ><\/div><div id=\"wpforms-3985-field_11-container\" class=\"wpforms-field wpforms-field-textarea wpforms-conditional-field wpforms-conditional-show\" data-field-id=\"11\" style=\"display:none;\"><label class=\"wpforms-field-label\" for=\"wpforms-3985-field_11\">Mensagem <span class=\"wpforms-required-label\">*<\/span><\/label><textarea id=\"wpforms-3985-field_11\" class=\"wpforms-field-medium wpforms-field-required\" name=\"wpforms[fields][11]\" required><\/textarea><\/div><div id=\"wpforms-3985-field_23-container\" class=\"wpforms-field wpforms-field-select wpforms-conditional-trigger wpforms-field-select-style-classic\" data-field-id=\"23\"><label class=\"wpforms-field-label\" for=\"wpforms-3985-field_23\">Voc\u00ea precisa de ajuda para parar de beber? <span class=\"wpforms-required-label\">*<\/span><\/label><select id=\"wpforms-3985-field_23\" class=\"wpforms-field-medium wpforms-field-required\" name=\"wpforms[fields][23]\" required=\"required\"><option value=\"Por favor, escolhe\" >Por favor, escolhe<\/option><option value=\"Sim\" >Sim<\/option><option value=\"N\u00e3o\" >N\u00e3o<\/option><\/select><div class=\"wpforms-field-description\">Por favor, escolha n\u00e3o se voc\u00ea n\u00e3o est\u00e1 procurando uma liga\u00e7\u00e3o dos 12 passos<\/div><\/div><div id=\"wpforms-3985-field_24-container\" class=\"wpforms-field wpforms-field-text wpforms-conditional-field wpforms-conditional-show\" data-field-id=\"24\" style=\"display:none;\"><label class=\"wpforms-field-label\" for=\"wpforms-3985-field_24\">Nome <span class=\"wpforms-required-label\">*<\/span><\/label><input type=\"text\" id=\"wpforms-3985-field_24\" class=\"wpforms-field-medium wpforms-field-required\" name=\"wpforms[fields][24]\" required><div class=\"wpforms-field-description\">Primeiro nome \u00e9 suficiente.<\/div><\/div><div id=\"wpforms-3985-field_25-container\" class=\"wpforms-field wpforms-field-email wpforms-conditional-field wpforms-conditional-show\" data-field-id=\"25\" style=\"display:none;\"><label class=\"wpforms-field-label\" for=\"wpforms-3985-field_25\">E-mail <span class=\"wpforms-required-label\">*<\/span><\/label><input type=\"email\" id=\"wpforms-3985-field_25\" class=\"wpforms-field-medium wpforms-field-required\" name=\"wpforms[fields][25]\" spellcheck=\"false\" required><\/div><div id=\"wpforms-3985-field_26-container\" class=\"wpforms-field wpforms-field-textarea wpforms-conditional-field wpforms-conditional-show\" data-field-id=\"26\" style=\"display:none;\"><label class=\"wpforms-field-label\" for=\"wpforms-3985-field_26\">Mensagem <span class=\"wpforms-required-label\">*<\/span><\/label><textarea id=\"wpforms-3985-field_26\" class=\"wpforms-field-medium wpforms-field-required\" name=\"wpforms[fields][26]\" required><\/textarea><\/div><div id=\"wpforms-3985-field_27-container\" class=\"wpforms-field wpforms-field-select wpforms-conditional-field wpforms-conditional-show wpforms-conditional-trigger wpforms-field-select-style-classic\" data-field-id=\"27\" style=\"display:none;\"><label class=\"wpforms-field-label\" for=\"wpforms-3985-field_27\">Seu pa\u00eds <span class=\"wpforms-required-label\">*<\/span><\/label><select id=\"wpforms-3985-field_27\" class=\"wpforms-field-medium wpforms-field-required\" name=\"wpforms[fields][27]\" required=\"required\"><option value=\"Escolhe...\" >Escolhe&#8230;<\/option><option value=\"EUA\" >EUA<\/option><option value=\"\u00c1frica do Sul\" >\u00c1frica do Sul<\/option><option value=\"Canad\u00e1\" >Canad\u00e1<\/option><option value=\"M\u00e9xico\" >M\u00e9xico<\/option><option value=\"Fran\u00e7a\" >Fran\u00e7a<\/option><option value=\"\u00cdndia\" >\u00cdndia<\/option><option value=\"Irlanda\" >Irlanda<\/option><option value=\"Reino Unido\" >Reino Unido<\/option><option value=\"Outro\" >Outro<\/option><\/select><\/div><div id=\"wpforms-3985-field_28-container\" class=\"wpforms-field wpforms-field-text wpforms-conditional-field wpforms-conditional-show\" data-field-id=\"28\" style=\"display:none;\"><label class=\"wpforms-field-label\" for=\"wpforms-3985-field_28\">Outro pa\u00eds<\/label><input type=\"text\" id=\"wpforms-3985-field_28\" class=\"wpforms-field-medium\" name=\"wpforms[fields][28]\" ><\/div><div id=\"wpforms-3985-field_12-container\" class=\"wpforms-field wpforms-field-gdpr-checkbox wpforms-conditional-field wpforms-conditional-show\" data-field-id=\"12\" style=\"display:none;\"><label class=\"wpforms-field-label\">Concord\u00e2ncia com LGPD <span class=\"wpforms-required-label\">*<\/span><\/label><ul id=\"wpforms-3985-field_12\" class=\"wpforms-field-required\"><li class=\"choice-1\"><input type=\"checkbox\" id=\"wpforms-3985-field_12_1\" name=\"wpforms[fields][12][]\" value=\"Consinto que este site armazene as informa\u00e7\u00f5es que enviei para que possam responder \u00e0 minha pergunta.\" required ><label class=\"wpforms-field-label-inline\" for=\"wpforms-3985-field_12_1\">Consinto que este site armazene as informa\u00e7\u00f5es que enviei para que possam responder \u00e0 minha pergunta.<\/label><\/li><\/ul><\/div><div id=\"wpforms-3985-field_33-container\" class=\"wpforms-field wpforms-field-text request-id\" data-field-id=\"33\"><label class=\"wpforms-field-label wpforms-label-hide\" for=\"wpforms-3985-field_33\">Request ID<\/label><input type=\"text\" id=\"wpforms-3985-field_33\" class=\"wpforms-field-medium\" name=\"wpforms[fields][33]\" ><\/div><\/div><!-- .wpforms-field-container --><div class=\"wpforms-recaptcha-container wpforms-is-recaptcha wpforms-is-recaptcha-type-v2\" ><div class=\"g-recaptcha\" data-sitekey=\"6LfLO_EUAAAAAD2WTL408A9DfNNx6AhXu-npfay8\"><\/div><input type=\"text\" name=\"g-recaptcha-hidden\" class=\"wpforms-recaptcha-hidden\" style=\"position:absolute!important;clip:rect(0,0,0,0)!important;height:1px!important;width:1px!important;border:0!important;overflow:hidden!important;padding:0!important;margin:0!important;\" data-rule-recaptcha=\"1\"><\/div><div class=\"wpforms-submit-container\" ><input type=\"hidden\" name=\"wpforms[id]\" value=\"3985\"><input type=\"hidden\" name=\"page_title\" value=\"\"><input type=\"hidden\" name=\"page_url\" value=\"https:\/\/beta.aa-intergroup.org\/pt-br\/wp-json\/wp\/v2\/pages\/16308\"><button type=\"submit\" name=\"wpforms[submit]\" id=\"wpforms-submit-3985\" class=\"wpforms-submit\" data-alt-text=\"Enviando...\" data-submit-text=\"Enviar\" aria-live=\"assertive\" value=\"wpforms-submit\">Enviar<\/button><img loading=\"lazy\" decoding=\"async\" src=\"https:\/\/beta.aa-intergroup.org\/wp-content\/plugins\/wpforms\/assets\/images\/submit-spin.svg\" class=\"wpforms-submit-spinner\" style=\"display: none;\" width=\"26\" height=\"26\" alt=\"Loading\"><\/div><\/form><\/div>  <!-- .wpforms-container --><\/div>\n<\/div>\n\n<div class=\"wp-block-columns is-layout-flex wp-container-core-columns-is-layout-9d6595d7 wp-block-columns-is-layout-flex\">\n<div class=\"wp-block-column is-layout-flow wp-block-column-is-layout-flow\">\n<div class=\"wp-block-essential-blocks-infobox root-eb-infobox-3y9am\"><div class=\"eb-parent-wrapper eb-parent-eb-infobox-3y9am \"><div class=\"eb-infobox-3y9am eb-infobox-wrapper\"><div class=\"infobox-wrapper-inner\"><div class=\"contents-wrapper\"><h3 class=\"title\"><strong>Submeter uma nova reuni\u00e3o online<\/strong><\/h3><p class=\"description\">Se voc\u00ea tem um grupo de AA que se re\u00fane digitalmente \u2014 podemos inclu\u00ed-lo no diret\u00f3rio online de AA. <\/p><div class=\"eb-button-inner-wrapper eb-infobox-btn-wrapper\"><a class=\"eb-button-anchor infobox-btn \" href=\"https:\/\/beta.aa-intergroup.org\/pt-br\/submeter-uma-nova-reuniao-online\/\" rel=\"noopener\"><strong>Cadastrar reuni\u00e3o<\/strong><\/a><\/div><\/div><\/div><\/div><\/div><\/div>\n<\/div>\n\n\n\n<div class=\"wp-block-column is-layout-flow wp-block-column-is-layout-flow\">\n<div class=\"wp-block-essential-blocks-infobox root-eb-infobox-njvfg\"><div class=\"eb-parent-wrapper eb-parent-eb-infobox-njvfg \"><div class=\"eb-infobox-njvfg eb-infobox-wrapper\"><div class=\"infobox-wrapper-inner\"><div class=\"contents-wrapper\"><h3 class=\"title\"><strong>Atualiza\u00e7\u00f5es do diret\u00f3rio de reuni\u00f5es<\/strong><\/h3><p class=\"description\">Por favor, use o formul\u00e1rio para atualizar sua listagem de reuni\u00e3o no diret\u00f3rio online de AA.<br><br><\/p><div class=\"eb-button-inner-wrapper eb-infobox-btn-wrapper\"><a class=\"eb-button-anchor infobox-btn \" href=\"https:\/\/beta.aa-intergroup.org\/pt-br\/atualizacoes-do-diretorio-de-reunioes\/\" rel=\"noopener\"><strong>Atualizar reuni\u00e3o<\/strong><\/a><\/div><\/div><\/div><\/div><\/div><\/div>\n<\/div>\n\n\n\n<div class=\"wp-block-column is-layout-flow wp-block-column-is-layout-flow\">\n<div class=\"wp-block-essential-blocks-infobox root-eb-infobox-mslx9\"><div class=\"eb-parent-wrapper eb-parent-eb-infobox-mslx9 \"><div class=\"eb-infobox-mslx9 eb-infobox-wrapper\"><div class=\"infobox-wrapper-inner\"><div class=\"contents-wrapper\"><h3 class=\"title\"><strong>Torne-se membro<\/strong><\/h3><p class=\"description\"><br>A OIAA \u00e9 servi\u00e7o. Servi\u00e7o ao alco\u00f3lico que ainda sofre.  <br><br><\/p><div class=\"eb-button-inner-wrapper eb-infobox-btn-wrapper\"><a class=\"eb-button-anchor infobox-btn \" href=\"https:\/\/beta.aa-intergroup.org\/pt-br\/torne-se-membro\/\" rel=\"noopener\"><strong>Explorar a associa\u00e7\u00e3o<\/strong><\/a><\/div><\/div><\/div><\/div><\/div><\/div>\n<\/div>\n<\/div>\n\n<div style=\"height:100px\" aria-hidden=\"true\" class=\"wp-block-spacer\"><\/div>\n\n<div class=\"wp-block-columns is-layout-flex wp-container-core-columns-is-layout-9d6595d7 wp-block-columns-is-layout-flex\">\n<div class=\"wp-block-column is-layout-flow wp-block-column-is-layout-flow\">\n<div class=\"wp-block-essential-blocks-infobox root-eb-infobox-qh1kd\"><div class=\"eb-parent-wrapper eb-parent-eb-infobox-qh1kd \"><div class=\"eb-infobox-qh1kd eb-infobox-wrapper\"><div class=\"infobox-wrapper-inner\"><div class=\"contents-wrapper\"><h3 class=\"title\"><strong>Compartilhe sua hist\u00f3ria<\/strong><\/h3><p class=\"description\">Membros compartilham sua experi\u00eancia, for\u00e7a e esperan\u00e7a. como era, o que aconteceu e como \u00e9 agora. <\/p><div class=\"eb-button-inner-wrapper eb-infobox-btn-wrapper\"><a class=\"eb-button-anchor infobox-btn \" href=\"https:\/\/beta.aa-intergroup.org\/stories\/\" rel=\"noopener\"><strong>Hist\u00f3rias dos membros<\/strong><\/a><\/div><\/div><\/div><\/div><\/div><\/div>\n<\/div>\n\n\n\n<div class=\"wp-block-column is-layout-flow wp-block-column-is-layout-flow\">\n<div class=\"wp-block-essential-blocks-infobox root-eb-infobox-r7ptn\"><div class=\"eb-parent-wrapper eb-parent-eb-infobox-r7ptn \"><div class=\"eb-infobox-r7ptn eb-infobox-wrapper\"><div class=\"infobox-wrapper-inner\"><div class=\"contents-wrapper\"><h3 class=\"title\"><strong>Contatar o registrador<\/strong><\/h3><p class=\"description\">Se tiver d\u00favidas sobre a associa\u00e7\u00e3o de grupo da OIAA ou precisar alterar suas informa\u00e7\u00f5es de IGR, entre em contato com o Registrador.<\/p><div class=\"eb-button-inner-wrapper eb-infobox-btn-wrapper\"><a class=\"eb-button-anchor infobox-btn \" href=\"https:\/\/beta.aa-intergroup.org\/pt-br\/registrador-da-oiaa\/\" rel=\"noopener\"><strong>Contatar o registrador<\/strong><\/a><\/div><\/div><\/div><\/div><\/div><\/div>\n<\/div>\n\n\n\n<div class=\"wp-block-column is-layout-flow wp-block-column-is-layout-flow\">\n<div class=\"wp-block-essential-blocks-infobox root-eb-infobox-rzd2q\"><div class=\"eb-parent-wrapper eb-parent-eb-infobox-rzd2q \"><div class=\"eb-infobox-rzd2q eb-infobox-wrapper\"><div class=\"infobox-wrapper-inner\"><div class=\"contents-wrapper\"><h3 class=\"title\"><strong>Sugest\u00f5es para o site<\/strong><\/h3><p class=\"description\">Como a OIAA pode ser \u00fatil? Voc\u00ea tem uma sugest\u00e3o para melhoria do site? <br><br><\/p><div class=\"eb-button-inner-wrapper eb-infobox-btn-wrapper\"><a class=\"eb-button-anchor infobox-btn \" href=\"https:\/\/beta.aa-intergroup.org\/pt-br\/sugestoes-para-o-site\/\" rel=\"noopener\"><strong>Fazer uma sugest\u00e3o<\/strong><\/a><\/div><\/div><\/div><\/div><\/div><\/div>\n<\/div>\n<\/div>\n\n<div style=\"height:100px\" aria-hidden=\"true\" class=\"wp-block-spacer\"><\/div>\n\n<div style=\"height:23px\" aria-hidden=\"true\" class=\"wp-block-spacer\"><\/div>\n\n<div style=\"height:100px\" aria-hidden=\"true\" class=\"wp-block-spacer\"><\/div>\n","protected":false},"excerpt":{"rendered":"<p>O Intergrupo Online est\u00e1 aqui para ajudar voc\u00ea e responder a quaisquer perguntas que voc\u00ea possa ter. Por favor, selecione a caixa correta abaixo para que possamos colocar voc\u00ea em contato com o comit\u00ea certo. Temos grupos e informa\u00e7\u00f5es espec\u00edficas dispon\u00edveis para voc\u00ea, dependendo das suas necessidades. Todos os Comit\u00eas podem ser contatados atrav\u00e9s do<a class=\"excerpt-read-more\" href=\"https:\/\/beta.aa-intergroup.org\/pt-br\/fale-conosco\/\" title=\"ReadFale conosco\">&#8230; Read more &raquo;<\/a><\/p>\n","protected":false},"author":9,"featured_media":0,"parent":0,"menu_order":0,"comment_status":"closed","ping_status":"closed","template":"","meta":{"_acf_changed":false,"_eb_attr":"","footnotes":""},"class_list":["post-16308","page","type-page","status-publish","hentry"],"acf":[],"_links":{"self":[{"href":"https:\/\/beta.aa-intergroup.org\/pt-br\/wp-json\/wp\/v2\/pages\/16308","targetHints":{"allow":["GET"]}}],"collection":[{"href":"https:\/\/beta.aa-intergroup.org\/pt-br\/wp-json\/wp\/v2\/pages"}],"about":[{"href":"https:\/\/beta.aa-intergroup.org\/pt-br\/wp-json\/wp\/v2\/types\/page"}],"author":[{"embeddable":true,"href":"https:\/\/beta.aa-intergroup.org\/pt-br\/wp-json\/wp\/v2\/users\/9"}],"replies":[{"embeddable":true,"href":"https:\/\/beta.aa-intergroup.org\/pt-br\/wp-json\/wp\/v2\/comments?post=16308"}],"version-history":[{"count":1,"href":"https:\/\/beta.aa-intergroup.org\/pt-br\/wp-json\/wp\/v2\/pages\/16308\/revisions"}],"predecessor-version":[{"id":16310,"href":"https:\/\/beta.aa-intergroup.org\/pt-br\/wp-json\/wp\/v2\/pages\/16308\/revisions\/16310"}],"wp:attachment":[{"href":"https:\/\/beta.aa-intergroup.org\/pt-br\/wp-json\/wp\/v2\/media?parent=16308"}],"curies":[{"name":"wp","href":"https:\/\/api.w.org\/{rel}","templated":true}]}}