{"id":16523,"date":"2024-11-23T23:27:35","date_gmt":"2024-11-24T04:27:35","guid":{"rendered":"https:\/\/beta.aa-intergroup.org\/corpo-diretivo-do-intergrupo-e-membros-anos-2000\/"},"modified":"2025-10-28T07:01:32","modified_gmt":"2025-10-28T11:01:32","slug":"corpo-diretivo-do-intergrupo-e-membros-anos-2000","status":"publish","type":"page","link":"https:\/\/beta.aa-intergroup.org\/pt-br\/corpo-diretivo-do-intergrupo-e-membros-anos-2000\/","title":{"rendered":"Corpo diretivo do intergrupo e membros (anos 2000)"},"content":{"rendered":"\n<p><strong>&#8212;- Escrito no in\u00edcio dos anos 2000 &#8212;-<\/strong><\/p>\n\n<p>O corpo diretivo da OIAA \u00e9 o Comit\u00ea do Intergrupo. O Comit\u00ea do Intergrupo \u00e9 composto por um Representante do Intergrupo ou Representante Alternativo de cada grupo membro; os dirigentes da OIAA; e os ex-dirigentes da OIAA (por um ano ap\u00f3s seu mandato). Um grupo se torna membro da OIAA ao ter um representante ou alternativo no Intergrupo que participa das elei\u00e7\u00f5es semestrais e dos assuntos do Intergrupo. No entanto, qualquer grupo de A.A. online que opte por n\u00e3o participar como grupo membro n\u00e3o pode ser privado dos servi\u00e7os do Intergrupo (como listagem nos Diret\u00f3rios de Reuni\u00f5es), desde que se qualifique como um grupo de A.A. sob as tradi\u00e7\u00f5es do A.A. e as diretrizes do Intergrupo. A principal qualifica\u00e7\u00e3o para um grupo de A.A. \u00e9 que, como grupo, n\u00e3o tenha nenhuma outra afilia\u00e7\u00e3o (Tradi\u00e7\u00f5es 5, 6 e 10).    <\/p>\n\n<p>Cada grupo tem um voto (atrav\u00e9s de seu representante ou seu alternativo) e nenhum indiv\u00edduo pode ter mais de um voto \u2015 portanto, \u00e9 recomendado que cada representante sirva apenas a um grupo membro. Ap\u00f3s a elei\u00e7\u00e3o para um cargo na OIAA, o dirigente eleito deixa de representar o grupo membro que anteriormente o elegeu. Desta forma, cada grupo tem garantida uma representa\u00e7\u00e3o espec\u00edfica para suas preocupa\u00e7\u00f5es e cada dirigente pode ent\u00e3o abordar as preocupa\u00e7\u00f5es da OIAA como um todo.  <\/p>\n\n<p><\/p>\n\n<div class=\"wp-block-essential-blocks-button root-eb-button-zva29\"><div class=\"eb-parent-wrapper eb-parent-eb-button-zva29 \"><div class=\"eb-button-wrapper eb-button-alignment eb-button-zva29\"><div class=\"eb-button\"><div class=\"eb-button-inner-wrapper \"><a class=\"eb-button-anchor \" href=\"https:\/\/beta.aa-intergroup.org\/pt-br\/linha-do-tempo-da-historia-da-oiaa\/\" rel=\"noopener\"><i icon=\"fas fa-chevron-left\" class=\"fas fa-chevron-left eb-button-icon eb-button-icon-left hvr-icon\"><\/i>Voltar para a linha do tempo da hist\u00f3ria da OIAA<\/a><\/div><\/div><\/div><\/div><\/div>\n","protected":false},"excerpt":{"rendered":"<p>&#8212;- Escrito no in\u00edcio dos anos 2000 &#8212;- O corpo diretivo da OIAA \u00e9 o Comit\u00ea do Intergrupo. O Comit\u00ea do Intergrupo \u00e9 composto por um Representante do Intergrupo ou Representante Alternativo de cada grupo membro; os dirigentes da OIAA; e os ex-dirigentes da OIAA (por um ano ap\u00f3s seu mandato). Um grupo se torna<a class=\"excerpt-read-more\" href=\"https:\/\/beta.aa-intergroup.org\/pt-br\/corpo-diretivo-do-intergrupo-e-membros-anos-2000\/\" title=\"ReadCorpo diretivo do intergrupo e membros (anos 2000)\">&#8230; Read more &raquo;<\/a><\/p>\n","protected":false},"author":153,"featured_media":0,"parent":0,"menu_order":0,"comment_status":"closed","ping_status":"closed","template":"","meta":{"_acf_changed":false,"_eb_attr":"","footnotes":""},"class_list":["post-16523","page","type-page","status-publish","hentry"],"acf":[],"_links":{"self":[{"href":"https:\/\/beta.aa-intergroup.org\/pt-br\/wp-json\/wp\/v2\/pages\/16523","targetHints":{"allow":["GET"]}}],"collection":[{"href":"https:\/\/beta.aa-intergroup.org\/pt-br\/wp-json\/wp\/v2\/pages"}],"about":[{"href":"https:\/\/beta.aa-intergroup.org\/pt-br\/wp-json\/wp\/v2\/types\/page"}],"author":[{"embeddable":true,"href":"https:\/\/beta.aa-intergroup.org\/pt-br\/wp-json\/wp\/v2\/users\/153"}],"replies":[{"embeddable":true,"href":"https:\/\/beta.aa-intergroup.org\/pt-br\/wp-json\/wp\/v2\/comments?post=16523"}],"version-history":[{"count":1,"href":"https:\/\/beta.aa-intergroup.org\/pt-br\/wp-json\/wp\/v2\/pages\/16523\/revisions"}],"predecessor-version":[{"id":16524,"href":"https:\/\/beta.aa-intergroup.org\/pt-br\/wp-json\/wp\/v2\/pages\/16523\/revisions\/16524"}],"wp:attachment":[{"href":"https:\/\/beta.aa-intergroup.org\/pt-br\/wp-json\/wp\/v2\/media?parent=16523"}],"curies":[{"name":"wp","href":"https:\/\/api.w.org\/{rel}","templated":true}]}}