{"id":16761,"date":"2023-04-12T11:29:03","date_gmt":"2023-04-12T15:29:03","guid":{"rendered":"https:\/\/beta.aa-intergroup.org\/workshops-e-eventos\/"},"modified":"2025-11-06T00:10:55","modified_gmt":"2025-11-06T05:10:55","slug":"workshops-e-eventos","status":"publish","type":"page","link":"https:\/\/beta.aa-intergroup.org\/pt-br\/workshops-e-eventos\/","title":{"rendered":"Workshops e eventos"},"content":{"rendered":"\n<p>Promovendo a unidade e o nosso bem-estar comum, os workshops e eventos da OIAA procuram responder \u00e0s necessidades dos grupos e membros de AA Online, envolvendo, partilhando e informando sobre uma variedade de assuntos e t\u00f3picos. Os links ficar\u00e3o ativos conforme as informa\u00e7\u00f5es ficarem dispon\u00edveis. <\/p>\n\n<h3 class=\"wp-block-heading\">2025<\/h3>\n\n<ul class=\"wp-block-list\">\n<li><a href=\"https:\/\/beta.aa-intergroup.org\/pt-br\/documents\/workshop-de-seguranca-techsteppers-1-novembro-2025\/\" data-type=\"link\" data-id=\"https:\/\/beta.aa-intergroup.org\/documents\/techsteppers-safety-workshop-1-november-2025\/\">Workshop Trimestral de Seguran\u00e7a TechSteppers 01 Novembro 2025<\/a> (notas de IA do Zoom)<\/li>\n<\/ul>\n\n<h3 class=\"wp-block-heading\">2024<\/h3>\n\n<ul class=\"wp-block-list\">\n<li><a href=\"https:\/\/beta.aa-intergroup.org\/pt-br\/documents\/workshop-de-seguranca-techsteppers-03-de-fevereiro-2024\/\">Workshop trimestral de seguran\u00e7a TechSteppers 03 Fevereiro, 2024<\/a><\/li>\n\n\n\n<li><a href=\"https:\/\/beta.aa-intergroup.org\/pt-br\/documents\/sessao-de-revisao-das-diretrizes-10-de-fevereiro-2024\/\">Sess\u00e3o de revis\u00e3o das diretrizes 10 de fevereiro, 2024<\/a><\/li>\n\n\n\n<li><a href=\"https:\/\/beta.aa-intergroup.org\/pt-br\/documents\/sessao-de-revisao-das-diretrizes-24-de-fevereiro-de-2024\/\">Sess\u00e3o de revis\u00e3o das diretrizes 24 de fevereiro de 2024<\/a><\/li>\n\n\n\n<li><a href=\"https:\/\/beta.aa-intergroup.org\/pt-br\/documents\/sessao-de-revisao-das-diretrizes-09-de-marco-de-2024\/\">Sess\u00e3o de revis\u00e3o das diretrizes 09 de mar\u00e7o de 2024<\/a><\/li>\n\n\n\n<li><a href=\"https:\/\/beta.aa-intergroup.org\/pt-br\/documents\/workshop-de-seguranca-techsteppers-04-de-maio-de-2024\/\">Workshop trimestral de seguran\u00e7a TechSteppers 04 Maio, 2024<\/a><\/li>\n\n\n\n<li><a href=\"https:\/\/beta.aa-intergroup.org\/pt-br\/documents\/exposicao-de-servicos-da-oiaa\/\">Expo de servi\u00e7o OIAA 27 Julho, 2024<\/a><\/li>\n\n\n\n<li><a href=\"https:\/\/beta.aa-intergroup.org\/pt-br\/documents\/workshop-de-seguranca-techsteppers-03-de-agosto-de-2024\/\">Workshop trimestral de seguran\u00e7a TechSteppers 03 Agosto, 2024<\/a><\/li>\n\n\n\n<li><a href=\"https:\/\/beta.aa-intergroup.org\/pt-br\/1a-convencao-internacional-online-da-oiaa\/\">A conven\u00e7\u00e3o internacional online OIAA 2024 25, 26, &amp; 27 Outubro 2024<\/a><\/li>\n\n\n\n<li><a href=\"https:\/\/beta.aa-intergroup.org\/pt-br\/documents\/workshop-de-seguranca-techsteppers-02-de-novembro-de-2024\/\"><strong>Workshop trimestral de seguran\u00e7a TechSteppers 02 Novembro, 2024<\/strong><\/a><\/li>\n<\/ul>\n\n<h3 class=\"wp-block-heading\">2023<\/h3>\n\n<ul class=\"wp-block-list\">\n<li><a href=\"https:\/\/beta.aa-intergroup.org\/pt-br\/documents\/workshop-do-guia-de-seguranca-do-zoom-da-oiaa-14-de-janeiro-de-2023\/\">Workshop do guia de seguran\u00e7a do Zoom 14 Janeiro 2023<\/a><\/li>\n\n\n\n<li><a href=\"https:\/\/beta.aa-intergroup.org\/pt-br\/documents\/grupos-de-aa-online-problemas-e-solucoes-assembleia-geral-13-de-maio-de-2023\/\">Grupos AA online: assembleia de problemas e solu\u00e7\u00f5es 13 Maio 2023<\/a><\/li>\n\n\n\n<li><a href=\"https:\/\/beta.aa-intergroup.org\/pt-br\/documents\/celebracao-internacional-de-aniversario-dos-esgs-aa-10-de-junho-de-2023\/\">Celebra\u00e7\u00e3o de Anivers\u00e1rio do AA dos ESGs Internacionais 10 de junho de 2023<\/a><\/li>\n\n\n\n<li><a href=\"https:\/\/beta.aa-intergroup.org\/pt-br\/documents\/workshop-de-seguranca-do-oiaa-26-de-agosto-de-2023\/\">Workshop de seguran\u00e7a 26 Agosto 2023<\/a><\/li>\n<\/ul>\n\n<p><\/p>\n","protected":false},"excerpt":{"rendered":"<p>Promovendo a unidade e o nosso bem-estar comum, os workshops e eventos da OIAA procuram responder \u00e0s necessidades dos grupos e membros de AA Online, envolvendo, partilhando e informando sobre uma variedade de assuntos e t\u00f3picos. Os links ficar\u00e3o ativos conforme as informa\u00e7\u00f5es ficarem dispon\u00edveis. 2025 2024 2023<\/p>\n","protected":false},"author":18,"featured_media":0,"parent":0,"menu_order":0,"comment_status":"closed","ping_status":"closed","template":"","meta":{"_acf_changed":false,"_eb_attr":"","footnotes":""},"class_list":["post-16761","page","type-page","status-publish","hentry"],"acf":[],"_links":{"self":[{"href":"https:\/\/beta.aa-intergroup.org\/pt-br\/wp-json\/wp\/v2\/pages\/16761","targetHints":{"allow":["GET"]}}],"collection":[{"href":"https:\/\/beta.aa-intergroup.org\/pt-br\/wp-json\/wp\/v2\/pages"}],"about":[{"href":"https:\/\/beta.aa-intergroup.org\/pt-br\/wp-json\/wp\/v2\/types\/page"}],"author":[{"embeddable":true,"href":"https:\/\/beta.aa-intergroup.org\/pt-br\/wp-json\/wp\/v2\/users\/18"}],"replies":[{"embeddable":true,"href":"https:\/\/beta.aa-intergroup.org\/pt-br\/wp-json\/wp\/v2\/comments?post=16761"}],"version-history":[{"count":3,"href":"https:\/\/beta.aa-intergroup.org\/pt-br\/wp-json\/wp\/v2\/pages\/16761\/revisions"}],"predecessor-version":[{"id":40574,"href":"https:\/\/beta.aa-intergroup.org\/pt-br\/wp-json\/wp\/v2\/pages\/16761\/revisions\/40574"}],"wp:attachment":[{"href":"https:\/\/beta.aa-intergroup.org\/pt-br\/wp-json\/wp\/v2\/media?parent=16761"}],"curies":[{"name":"wp","href":"https:\/\/api.w.org\/{rel}","templated":true}]}}