{"id":16822,"date":"2022-08-12T18:14:04","date_gmt":"2022-08-12T22:14:04","guid":{"rendered":"https:\/\/beta.aa-intergroup.org\/lista-de-atencao-igr\/"},"modified":"2025-10-28T07:11:32","modified_gmt":"2025-10-28T11:11:32","slug":"lista-de-atencao-igr","status":"publish","type":"page","link":"https:\/\/beta.aa-intergroup.org\/pt-br\/lista-de-atencao-igr\/","title":{"rendered":"Lista de aten\u00e7\u00e3o IGR"},"content":{"rendered":"\n<p><\/p>\n\n<p>Aqui voc\u00ea pode acessar rapidamente informa\u00e7\u00f5es que exigem sua aten\u00e7\u00e3o. <\/p>\n\n<p>Se voc\u00ea \u00e9 um novo IGR ou IGR Alternativo, ou gostaria de atualizar seus representantes de grupo, por favor, use o <a href=\"https:\/\/beta.aa-intergroup.org\/pt-br\/o-nosso-grupo-tem-um-novo-representante\/\">Formul\u00e1rio de Solicita\u00e7\u00e3o de Atualiza\u00e7\u00e3o de IGR\/IGR Alternativo Aqui<\/a><\/p>\n\n<h4 class=\"wp-block-heading\">Novas informa\u00e7\u00f5es<\/h4>\n\n<ul class=\"wp-block-list\">\n<li><strong>Responsabilidades do IGR da OIAA<\/strong>\n<ul class=\"wp-block-list\">\n<li><a href=\"https:\/\/beta.aa-intergroup.org\/documents\/igrs-responsibilities-en\/\">ingl\u00eas<\/a><\/li>\n\n\n\n<li><a href=\"https:\/\/beta.aa-intergroup.org\/documents\/igrs-responsiblities-es\/\">espanhol<\/a><\/li>\n\n\n\n<li><a href=\"https:\/\/beta.aa-intergroup.org\/documents\/igrs-responsiblities-pt\/\" data-type=\"link\" data-id=\"https:\/\/beta.aa-intergroup.org\/documents\/igrs-responsiblities-pt\/\">portugu\u00eas<\/a><\/li>\n\n\n\n<li><a href=\"https:\/\/beta.aa-intergroup.org\/documents\/igrs-responsiblities-fr\/\" data-type=\"link\" data-id=\"https:\/\/beta.aa-intergroup.org\/documents\/igrs-responsiblities-fr\/\">franc\u00eas<\/a><\/li>\n\n\n\n<li><a href=\"https:\/\/beta.aa-intergroup.org\/documents\/igrs-responsibilities-farsi\/\" data-type=\"link\" data-id=\"https:\/\/beta.aa-intergroup.org\/documents\/igrs-responsibilities-farsi\/\">persa<\/a><\/li>\n<\/ul>\n<\/li>\n\n\n\n<li>Vice-presidente do conselho: vaga em aberto. <a href=\"https:\/\/beta.aa-intergroup.org\/documents\/vice-chair-of-the-board-of-trusteesbrduties-eligibility-qualifications\/\" data-type=\"link\" data-id=\"https:\/\/beta.aa-intergroup.org\/documents\/vice-chair-of-the-board-of-trusteesbrduties-eligibility-qualifications\/\">Ver detalhes<\/a><\/li>\n\n\n\n<li>A posi\u00e7\u00e3o de <strong><a href=\"https:\/\/beta.aa-intergroup.org\/oiaa-board\/\" data-type=\"link\" data-id=\"https:\/\/beta.aa-intergroup.org\/oiaa-board\/\">Curador Geral da OIAA<\/a><\/strong> est\u00e1 preenchida.<\/li>\n<\/ul>\n\n<div style=\"height:20px\" aria-hidden=\"true\" class=\"wp-block-spacer\"><\/div>\n\n<h4 class=\"wp-block-heading text-heading-medium\">Pr\u00f3ximos eventos<\/h4>\n\n<p>Os links ficar\u00e3o ativos assim que as informa\u00e7\u00f5es estiverem dispon\u00edveis.<\/p>\n\n<ul class=\"wp-block-list\">\n<li><a href=\"https:\/\/beta.aa-intergroup.org\/oiaa-assembly-21-june-2025\/\" data-type=\"link\" data-id=\"https:\/\/beta.aa-intergroup.org\/oiaa-assembly-21-june-2025\/\">Assembleia de 21 de junho de 2025<\/a><\/li>\n<\/ul>\n\n<div style=\"height:20px\" aria-hidden=\"true\" class=\"wp-block-spacer\"><\/div>\n\n<h4 class=\"wp-block-heading text-heading-medium\">Eventos passados<\/h4>\n\n<p>Se voc\u00ea est\u00e1 procurando informa\u00e7\u00f5es sobre uma Assembleia, F\u00f3rum, Workshop ou Evento anterior da OIAA, procure aqui. <\/p>\n\n<ul class=\"wp-block-list text-content-large\">\n<li><a href=\"https:\/\/beta.aa-intergroup.org\/assemblies\/\" data-type=\"URL\" data-id=\"https:\/\/beta.aa-intergroup.org\/assemblies\/\">Arquivo de Assembleias<\/a>.<\/li>\n\n\n\n<li><a href=\"https:\/\/beta.aa-intergroup.org\/igr-forums\/\" data-type=\"URL\" data-id=\"https:\/\/beta.aa-intergroup.org\/igr-forums\/\">Arquivo de f\u00f3runs IGR<\/a>.<\/li>\n\n\n\n<li><a href=\"https:\/\/beta.aa-intergroup.org\/pt-br\/workshops-e-eventos\/\" data-type=\"URL\" data-id=\"https:\/\/beta.aa-intergroup.org\/workshops\/\">Arquivo de Workshops e eventos<\/a>.<\/li>\n<\/ul>\n\n<div style=\"height:20px\" aria-hidden=\"true\" class=\"wp-block-spacer\"><\/div>\n\n<h4 class=\"wp-block-heading\">IGRs &#8211; entrando em a\u00e7\u00e3o<\/h4>\n\n<ul class=\"wp-block-list margin-left-small\">\n<li><strong><a href=\"https:\/\/beta.aa-intergroup.org\/igr-forums\/\">Cesta de perguntas.<\/a><\/strong>\n<ul class=\"wp-block-list\">\n<li>Envie perguntas ou t\u00f3picos de interesse para <strong>IGR.forum@aa-intergroup.org<\/strong>.<\/li>\n<\/ul>\n<\/li>\n\n\n\n<li><a href=\"https:\/\/beta.aa-intergroup.org\/safety-resources\/\">Recursos de seguran\u00e7a<\/a>.<\/li>\n\n\n\n<li><a href=\"https:\/\/beta.aa-intergroup.org\/igr-forums\/\" data-type=\"URL\" data-id=\"https:\/\/beta.aa-intergroup.org\/igr-forums\/\">Datas dos pr\u00f3ximos F\u00f3runs<\/a>.<\/li>\n\n\n\n<li><a href=\"https:\/\/beta.aa-intergroup.org\/assemblies\/\" data-type=\"URL\" data-id=\"https:\/\/beta.aa-intergroup.org\/assemblies\/\">Datas das pr\u00f3ximas Assembleias<\/a>.<\/li>\n\n\n\n<li><a href=\"https:\/\/beta.aa-intergroup.org\/pt-br\/junte-se-a-oiaa\/\">Junte-se \u00e0 OIAA<\/a>.<\/li>\n\n\n\n<li><a href=\"https:\/\/beta.aa-intergroup.org\/pt-br\/atualizacoes-do-diretorio-de-reunioes\/\">Atualizar uma reuni\u00e3o no guia de reuni\u00f5es<\/a>.<\/li>\n\n\n\n<li><a href=\"https:\/\/beta.aa-intergroup.org\/pt-br\/oportunidades-de-servico\/\">Oportunidades de servi\u00e7o<\/a>.<\/li>\n\n\n\n<li><a href=\"https:\/\/www.youtube.com\/@AA-Intergroup\">Canal da OIAA no YouTube<\/a>.<\/li>\n\n\n\n<li><a href=\"https:\/\/beta.aa-intergroup.org\/group-announcements\/\">Envie um Relat\u00f3rio de Grupo aqui<\/a>.<\/li>\n<\/ul>\n\n<p><strong>Como enviar um Relat\u00f3rio de Grupo<br\/><\/strong><iframe loading=\"lazy\" width=\"550\" height=\"310\" src=\"https:\/\/www.youtube.com\/embed\/82MJiTdvv0U?si=aXw7W7Xg4SuQtyPu\" title=\"How to Submit a Group Report\" frameborder=\"0\" allow=\"accelerometer; autoplay; clipboard-write; encrypted-media; gyroscope; picture-in-picture\" allowfullscreen><\/iframe><\/p>\n","protected":false},"excerpt":{"rendered":"<p>Aqui voc\u00ea pode acessar rapidamente informa\u00e7\u00f5es que exigem sua aten\u00e7\u00e3o. Se voc\u00ea \u00e9 um novo IGR ou IGR Alternativo, ou gostaria de atualizar seus representantes de grupo, por favor, use o Formul\u00e1rio de Solicita\u00e7\u00e3o de Atualiza\u00e7\u00e3o de IGR\/IGR Alternativo Aqui Novas informa\u00e7\u00f5es Pr\u00f3ximos eventos Os links ficar\u00e3o ativos assim que as informa\u00e7\u00f5es estiverem dispon\u00edveis. Eventos<a class=\"excerpt-read-more\" href=\"https:\/\/beta.aa-intergroup.org\/pt-br\/lista-de-atencao-igr\/\" title=\"ReadLista de aten\u00e7\u00e3o IGR\">&#8230; Read more &raquo;<\/a><\/p>\n","protected":false},"author":12,"featured_media":0,"parent":0,"menu_order":0,"comment_status":"closed","ping_status":"closed","template":"page-igr-hotlist.php","meta":{"_acf_changed":false,"_eb_attr":"","footnotes":""},"class_list":["post-16822","page","type-page","status-publish","hentry"],"acf":[],"_links":{"self":[{"href":"https:\/\/beta.aa-intergroup.org\/pt-br\/wp-json\/wp\/v2\/pages\/16822","targetHints":{"allow":["GET"]}}],"collection":[{"href":"https:\/\/beta.aa-intergroup.org\/pt-br\/wp-json\/wp\/v2\/pages"}],"about":[{"href":"https:\/\/beta.aa-intergroup.org\/pt-br\/wp-json\/wp\/v2\/types\/page"}],"author":[{"embeddable":true,"href":"https:\/\/beta.aa-intergroup.org\/pt-br\/wp-json\/wp\/v2\/users\/12"}],"replies":[{"embeddable":true,"href":"https:\/\/beta.aa-intergroup.org\/pt-br\/wp-json\/wp\/v2\/comments?post=16822"}],"version-history":[{"count":1,"href":"https:\/\/beta.aa-intergroup.org\/pt-br\/wp-json\/wp\/v2\/pages\/16822\/revisions"}],"predecessor-version":[{"id":16824,"href":"https:\/\/beta.aa-intergroup.org\/pt-br\/wp-json\/wp\/v2\/pages\/16822\/revisions\/16824"}],"wp:attachment":[{"href":"https:\/\/beta.aa-intergroup.org\/pt-br\/wp-json\/wp\/v2\/media?parent=16822"}],"curies":[{"name":"wp","href":"https:\/\/api.w.org\/{rel}","templated":true}]}}