{"id":16857,"date":"2020-03-16T18:32:33","date_gmt":"2020-03-16T22:32:33","guid":{"rendered":"https:\/\/beta.aa-intergroup.org\/historia-da-oiaa\/"},"modified":"2025-10-28T07:12:32","modified_gmt":"2025-10-28T11:12:32","slug":"historia-da-oiaa","status":"publish","type":"page","link":"https:\/\/beta.aa-intergroup.org\/pt-br\/historia-da-oiaa\/","title":{"rendered":"Hist\u00f3ria da OIAA"},"content":{"rendered":"\n<p>Em 2023, a OIAA teve a sorte de preencher o cargo de Arquivista, que estava vago h\u00e1 muito tempo. Atualmente, est\u00e1 sendo formado um comit\u00ea de Arquivos e a documenta\u00e7\u00e3o hist\u00f3rica de eventos significativos est\u00e1 sendo reunida para inclus\u00e3o na Hist\u00f3ria em evolu\u00e7\u00e3o da OIAA.  <\/p>\n\n<p>As primeiras reuni\u00f5es de A.A. online usavam Quadros de Avisos e ocorreram por volta de 1986. Grupos de e-mail come\u00e7aram a se formar no in\u00edcio dos anos 90 e o desenvolvimento da internet mundial impulsionou rapidamente o crescimento e a variedade de grupos. O primeiro grupo de A.A. online, Lamp-lighters, foi formado em 1990 e se re\u00fane por e-mail continuamente desde ent\u00e3o. Agora existem milhares de grupos e membros de A.A., conectados atrav\u00e9s deste Intergrupo Online. Usando v\u00e1rios mecanismos como videoconfer\u00eancia, confer\u00eancia telef\u00f4nica, f\u00f3runs de mensagens, listas de e-mail e salas de bate-papo; a comunidade de A.A. est\u00e1 constantemente se conectando e encontrando formas novas e criativas de comunicar a experi\u00eancia, for\u00e7a e esperan\u00e7a de recupera\u00e7\u00e3o em Alco\u00f3licos An\u00f4nimos.    <\/p>\n\n<div style=\"height:21px\" aria-hidden=\"true\" class=\"wp-block-spacer\"><\/div>\n\n<h4 class=\"wp-block-heading\">Uma breve hist\u00f3ria da OIAA <\/h4>\n\n<p>Em 1994, os membros online da Irmandade de Alco\u00f3licos An\u00f4nimos come\u00e7aram a se preparar para participar da Conven\u00e7\u00e3o Internacional em San Diego, realizada em junho de 1995. Muitos em nossa comunidade sentiram que seria uma \u00f3tima oportunidade para conhecer pessoalmente alguns de nossos companheiros alco\u00f3licos, fortalecendo ainda mais as amizades pr\u00f3ximas que hav\u00edamos feito em nossos grupos online.<\/p>\n\n<p>O Comit\u00ea Living Cyber foi formado em mar\u00e7o de 1994 para coordenar a hospedagem de uma su\u00edte de hospitalidade na conven\u00e7\u00e3o. A participa\u00e7\u00e3o &#8211; ou associa\u00e7\u00e3o &#8211; no LCC estava aberta a todos os alco\u00f3licos em recupera\u00e7\u00e3o que desejassem se juntar. Alco\u00f3licos de todos os cantos da comunidade online &#8211; quadros de avisos, servi\u00e7os online comerciais e a Internet &#8211; se uniram no esfor\u00e7o. Antes da conven\u00e7\u00e3o, o LCC se esfor\u00e7ou para comunicar sua exist\u00eancia, prop\u00f3sito e atividades a todos os grupos de A.A. online conhecidos. Uma p\u00e1gina da Web foi criada. Folhetos contendo informa\u00e7\u00f5es sobre como contatar a Irmandade online e como encontrar recursos de A.A. online foram compilados, impressos e distribu\u00eddos na conven\u00e7\u00e3o.    <\/p>\n\n<p>Nossos planos evolu\u00edram para incluir um link para a irmandade online &#8211; para aqueles que n\u00e3o podiam comparecer \u00e0 conven\u00e7\u00e3o pessoalmente. Tr\u00eas computadores foram instalados na su\u00edte e permaneceram online continuamente com alco\u00f3licos ao redor do mundo. <\/p>\n\n<p>A Su\u00edte Cibern\u00e9tica Viva foi um sucesso retumbante, proporcionando um local de encontro para membros de grupos online se conhecerem pessoalmente, geralmente pela primeira vez. Os visitantes tiveram a oportunidade de fazer login na verdadeira Irmandade online. Aqueles que n\u00e3o puderam viajar para San Diego puderam participar &#8220;virtualmente&#8221; da conven\u00e7\u00e3o atrav\u00e9s da su\u00edte.   Dois grandes grupos de e-mail, v\u00e1rios grupos dos principais servi\u00e7os online e um canal de Internet Relay Chat participaram unindo alco\u00f3licos de todo o mundo com os membros online e visitantes na su\u00edte.<\/p>\n\n<p>Ap\u00f3s a conven\u00e7\u00e3o, foi decidido dissolver o comit\u00ea existente e reform\u00e1-lo. Todos os grupos de A.A. online foram convidados a enviar um representante para o comit\u00ea. Decidimos que dever\u00edamos servir como um Intergrupo, atendendo aos grupos de A.A. online.  <\/p>\n\n<p>O Intergrupo Online de Alco\u00f3licos An\u00f4nimos agora representa dezenas de grupos online com uma associa\u00e7\u00e3o combinada de muitos milhares.<\/p>\n\n<div style=\"height:20px\" aria-hidden=\"true\" class=\"wp-block-spacer\"><\/div>\n\n<h4 class=\"wp-block-heading\">Declara\u00e7\u00e3o original de prop\u00f3sito e objetivos (escrita em meados da d\u00e9cada de 1990)<\/h4>\n\n<p>O fen\u00f4meno da nova tecnologia de computadores, modems, World Wide Web e comunica\u00e7\u00e3o pela Internet deu origem a um novo meio de troca atrav\u00e9s do qual os alco\u00f3licos podiam interagir com outros alco\u00f3licos. Nos \u00faltimos anos, muitas novas reuni\u00f5es online surgiram que, n\u00e3o tendo fronteiras geogr\u00e1ficas, n\u00e3o conseguiam se encaixar nas estruturas de servi\u00e7o das reuni\u00f5es presenciais (f2f) habituais de A.A.. A partir disso, cresceu um reconhecimento por parte de muitos grupos online de que alguma forma de grupo de servi\u00e7o era necess\u00e1ria para auxiliar e facilitar a comunica\u00e7\u00e3o e coordena\u00e7\u00e3o do ambiente de A.A. no ciberespa\u00e7o. Enquanto a estrutura oficial de servi\u00e7o de A.A. est\u00e1 tentando desenvolver uma estrat\u00e9gia para incluir as reuni\u00f5es online dentro dessa estrutura, o Intergrupo Online de Alco\u00f3licos An\u00f4nimos (OIAA) foi formado para fornecer servi\u00e7os t\u00edpicos para Intergrupos ou Escrit\u00f3rios Centrais de reuni\u00f5es presenciais. Enquanto a maioria dos Intergrupos serve regi\u00f5es geogr\u00e1ficas espec\u00edficas, a OIAA foi estabelecida para servir o ciberespa\u00e7o.    <\/p>\n\n<p>O prop\u00f3sito primordial de todos os grupos de Alco\u00f3licos An\u00f4nimos \u00e9 levar sua mensagem ao alco\u00f3lico que ainda sofre. A partir desse prop\u00f3sito, a OIAA se comprometeu a auxiliar os grupos membros de v\u00e1rias maneiras, a maioria das quais relacionadas especificamente ao meio do ciberespa\u00e7o. Como a recupera\u00e7\u00e3o pessoal depende da unidade de A.A., n\u00f3s da OIAA nos dedicamos a auxiliar e facilitar a melhor unidade poss\u00edvel de servi\u00e7o para e pelo A.A. no ciberespa\u00e7o. Comunica\u00e7\u00e3o e informa\u00e7\u00e3o s\u00e3o dois ingredientes essenciais para estabelecer e manter a unidade; portanto, a OIAA \u00e9 obrigada a fornecer um f\u00f3rum central para a dissemina\u00e7\u00e3o de informa\u00e7\u00f5es sobre e para a comunidade online de A.A. e A.A. como um todo.   <\/p>\n\n<p>A OIAA atualmente fornece informa\u00e7\u00f5es de v\u00e1rias maneiras, e esperamos desenvolver ainda mais formas no futuro. Uma maneira pela qual a OIAA dissemina informa\u00e7\u00f5es \u00e9 o desenvolvimento e manuten\u00e7\u00e3o dos Diret\u00f3rios de Reuni\u00f5es da World Wide Web, que incluem reuni\u00f5es e grupos por e-mail, bem como reuni\u00f5es e grupos em tempo real (chat). Outro ve\u00edculo de comunica\u00e7\u00e3o \u00e9 o Comit\u00ea de Unidade da OIAA, que \u00e9 encarregado da comunica\u00e7\u00e3o com outros \u00f3rg\u00e3os de servi\u00e7o de A.A., como distritos locais, intergrupos, \u00e1reas, regi\u00f5es, AAWS, GSO-NY e GSO-UK. Uma terceira forma de comunica\u00e7\u00e3o \u00e9 o Comit\u00ea de Informa\u00e7\u00e3o P\u00fablica da OIAA, que responde \u00e0s necessidades no n\u00edvel p\u00fablico e facilita a conscientiza\u00e7\u00e3o e compreens\u00e3o p\u00fablica de Alco\u00f3licos An\u00f4nimos por meio da Internet, m\u00eddia de not\u00edcias, contato pessoal ou fun\u00e7\u00f5es p\u00fablicas n\u00e3o-AA atrav\u00e9s de literatura aprovada pela confer\u00eancia, palestrantes ou correspond\u00eancia e de acordo com os 12 Passos, 12 Tradi\u00e7\u00f5es e 12 Conceitos de Alco\u00f3licos An\u00f4nimos.   <\/p>\n\n<p>A OIAA tamb\u00e9m est\u00e1 em processo de desenvolvimento de diretrizes para auxiliar seus grupos membros, futuros grupos, outros intergrupos, reuni\u00f5es presenciais, distritos, \u00e1reas e ESGs, e AAWS com os detalhes da experi\u00eancia online. Isso pode se traduzir na publica\u00e7\u00e3o online de pe\u00e7as de servi\u00e7o sobre como estabelecer grupos online, ou lidar com as tradi\u00e7\u00f5es no ciberespa\u00e7o, ou uma s\u00e9rie de outras quest\u00f5es pr\u00e1ticas (como criar p\u00e1ginas iniciais, etc.). <\/p>\n\n<p>Outra prioridade para a OIAA \u00e9 o desenvolvimento de projetos conjuntos para seus grupos membros. Estes incluiriam fornecer uma presen\u00e7a em Conven\u00e7\u00f5es Internacionais, conven\u00e7\u00f5es locais e encontros, e demonstra\u00e7\u00f5es de como o A.A. online funciona. A pr\u00f3pria OIAA nasceu de um desses projetos na Conven\u00e7\u00e3o Internacional de 1995 em San Diego. Esperamos fornecer tal presen\u00e7a em muitas conven\u00e7\u00f5es no futuro.   <\/p>\n\n<p>O fen\u00f4meno online \u00e9 relativamente novo, mas o n\u00famero de membros de grupos online tem aumentado tremendamente recentemente \u00e0 medida que a not\u00edcia de sua exist\u00eancia chega aos membros de A.A. em todo o mundo. Esperamos que essa tend\u00eancia continue e que a OIAA seja capaz de fornecer \u00e0 comunidade do ciberespa\u00e7o o tipo de servi\u00e7os que tal associa\u00e7\u00e3o exigir\u00e1. \u00c9 uma experi\u00eancia empolgante e uma \u00e0 qual todos n\u00f3s da OIAA estamos dedicados a fornecer sob os princ\u00edpios dos passos, tradi\u00e7\u00f5es e conceitos de A.A. <\/p>\n\n<div style=\"height:20px\" aria-hidden=\"true\" class=\"wp-block-spacer\"><\/div>\n\n<h4 class=\"wp-block-heading\">Corpo governante do intergrupo e associa\u00e7\u00e3o (anos 2000)<\/h4>\n\n<p>O corpo diretivo da OIAA \u00e9 o Comit\u00ea do Intergrupo. O Comit\u00ea do Intergrupo \u00e9 composto por um Representante do Intergrupo ou Representante Alternativo de cada grupo membro; os dirigentes da OIAA; e os ex-dirigentes da OIAA (por um ano ap\u00f3s seu mandato). Um grupo se torna membro da OIAA ao ter um representante ou alternativo no Intergrupo que participa das elei\u00e7\u00f5es semestrais e dos assuntos do Intergrupo. No entanto, qualquer grupo de A.A. online que opte por n\u00e3o participar como grupo membro n\u00e3o pode ser privado dos servi\u00e7os do Intergrupo (como listagem nos Diret\u00f3rios de Reuni\u00f5es), desde que se qualifique como um grupo de A.A. sob as tradi\u00e7\u00f5es do A.A. e as diretrizes do Intergrupo. A principal qualifica\u00e7\u00e3o para um grupo de A.A. \u00e9 que, como grupo, n\u00e3o tenha nenhuma outra afilia\u00e7\u00e3o (Tradi\u00e7\u00f5es 5, 6 e 10).    <\/p>\n\n<p>Cada grupo tem um voto (atrav\u00e9s de seu representante ou seu alternativo) e nenhum indiv\u00edduo pode ter mais de um voto \u2015 portanto, \u00e9 recomendado que cada representante sirva apenas a um grupo membro. Ap\u00f3s a elei\u00e7\u00e3o para um cargo na OIAA, o dirigente eleito deixa de representar o grupo membro que anteriormente o elegeu. Desta forma, cada grupo tem garantida uma representa\u00e7\u00e3o espec\u00edfica para suas preocupa\u00e7\u00f5es e cada dirigente pode ent\u00e3o abordar as preocupa\u00e7\u00f5es da OIAA como um todo.  <\/p>\n\n<p>Os oficiais da OIAA atualmente consistem em um Presidente do Intergrupo, Presidente Alternativo, Secret\u00e1rio, Tesoureiro, Historiador\/Arquivista, Mantenedor de Lista e os Presidentes de nossos comit\u00eas permanentes: Pol\u00edtica e Admiss\u00f5es, World Wide Web, Finan\u00e7as, Informa\u00e7\u00e3o P\u00fablica, Conven\u00e7\u00e3o e Unidade.<\/p>\n","protected":false},"excerpt":{"rendered":"<p>Em 2023, a OIAA teve a sorte de preencher o cargo de Arquivista, que estava vago h\u00e1 muito tempo. Atualmente, est\u00e1 sendo formado um comit\u00ea de Arquivos e a documenta\u00e7\u00e3o hist\u00f3rica de eventos significativos est\u00e1 sendo reunida para inclus\u00e3o na Hist\u00f3ria em evolu\u00e7\u00e3o da OIAA. As primeiras reuni\u00f5es de A.A. online usavam Quadros de Avisos<a class=\"excerpt-read-more\" href=\"https:\/\/beta.aa-intergroup.org\/pt-br\/historia-da-oiaa\/\" title=\"ReadHist\u00f3ria da OIAA\">&#8230; Read more &raquo;<\/a><\/p>\n","protected":false},"author":9,"featured_media":0,"parent":0,"menu_order":0,"comment_status":"closed","ping_status":"closed","template":"","meta":{"_acf_changed":false,"_eb_attr":"","footnotes":""},"class_list":["post-16857","page","type-page","status-publish","hentry"],"acf":[],"_links":{"self":[{"href":"https:\/\/beta.aa-intergroup.org\/pt-br\/wp-json\/wp\/v2\/pages\/16857","targetHints":{"allow":["GET"]}}],"collection":[{"href":"https:\/\/beta.aa-intergroup.org\/pt-br\/wp-json\/wp\/v2\/pages"}],"about":[{"href":"https:\/\/beta.aa-intergroup.org\/pt-br\/wp-json\/wp\/v2\/types\/page"}],"author":[{"embeddable":true,"href":"https:\/\/beta.aa-intergroup.org\/pt-br\/wp-json\/wp\/v2\/users\/9"}],"replies":[{"embeddable":true,"href":"https:\/\/beta.aa-intergroup.org\/pt-br\/wp-json\/wp\/v2\/comments?post=16857"}],"version-history":[{"count":1,"href":"https:\/\/beta.aa-intergroup.org\/pt-br\/wp-json\/wp\/v2\/pages\/16857\/revisions"}],"predecessor-version":[{"id":16858,"href":"https:\/\/beta.aa-intergroup.org\/pt-br\/wp-json\/wp\/v2\/pages\/16857\/revisions\/16858"}],"wp:attachment":[{"href":"https:\/\/beta.aa-intergroup.org\/pt-br\/wp-json\/wp\/v2\/media?parent=16857"}],"curies":[{"name":"wp","href":"https:\/\/api.w.org\/{rel}","templated":true}]}}