{"id":16910,"date":"2020-03-16T16:05:25","date_gmt":"2020-03-16T20:05:25","guid":{"rendered":"https:\/\/beta.aa-intergroup.org\/sobre-aa\/"},"modified":"2025-10-28T07:13:53","modified_gmt":"2025-10-28T11:13:53","slug":"sobre-aa","status":"publish","type":"page","link":"https:\/\/beta.aa-intergroup.org\/pt-br\/sobre-aa\/","title":{"rendered":"Sobre AA"},"content":{"rendered":"\n<p>Alco\u00f3licos An\u00f4nimos \u00e9 uma irmandade de pessoas que compartilham suas experi\u00eancias, for\u00e7as e esperan\u00e7as umas com as outras para que possam resolver seu problema comum e ajudar outros a se recuperarem do alcoolismo.<br\/><br\/>O \u00fanico requisito para se tornar membro de AA \u00e9 o desejo de parar de beber. N\u00e3o h\u00e1 taxas ou mensalidades para ser membro de AA; somos autossuficientes, atrav\u00e9s de nossas pr\u00f3prias contribui\u00e7\u00f5es. <br\/><br\/>AA n\u00e3o est\u00e1 aliado a nenhuma seita, denomina\u00e7\u00e3o, pol\u00edtica, organiza\u00e7\u00e3o ou institui\u00e7\u00e3o; n\u00e3o deseja envolver-se em qualquer controv\u00e9rsia; n\u00e3o endossa nem se op\u00f5e a quaisquer causas.<br\/><br\/>Nosso prop\u00f3sito primordial \u00e9 nos mantermos s\u00f3brios e ajudar outros alco\u00f3licos a alcan\u00e7arem a sobriedade.<br\/><br\/><em>Copyright \u00a9 The AA Grapevine, Inc. Reimpresso com permiss\u00e3o. <\/em><\/p>\n\n<h3 class=\"wp-block-heading\">Para Qualquer Pessoa Nova Chegando ao A.A.<br\/>Para Qualquer Pessoa Encaminhando Pessoas ao A.A.<\/h3>\n\n<p>O prop\u00f3sito primordial do A.A. \u00e9 levar sua mensagem de recupera\u00e7\u00e3o ao alco\u00f3lico que busca ajuda. Quase todo tratamento de alcoolismo tenta ajudar o alco\u00f3lico a manter a sobriedade. Independentemente do caminho que seguimos, todos n\u00f3s nos dirigimos ao mesmo destino, a recupera\u00e7\u00e3o da pessoa alco\u00f3lica. Juntos, podemos fazer o que nenhum de n\u00f3s poderia realizar sozinho. Podemos servir como uma fonte de experi\u00eancia pessoal e ser um sistema de apoio cont\u00ednuo para alco\u00f3licos em recupera\u00e7\u00e3o.    <\/p>\n\n<h3 class=\"wp-block-heading\">Unicidade de prop\u00f3sito e problemas al\u00e9m do \u00e1lcool<\/h3>\n\n<p>Alguns profissionais se referem ao alcoolismo e \u00e0 depend\u00eancia de drogas como &#8220;abuso de subst\u00e2ncias&#8221; ou &#8220;depend\u00eancia qu\u00edmica&#8221;. N\u00e3o alco\u00f3licos s\u00e3o, portanto, \u00e0s vezes apresentados ao A.A. e encorajados a participar de reuni\u00f5es de A.A. Qualquer pessoa pode participar de reuni\u00f5es abertas de A.A., mas apenas aqueles com um problema com a bebida podem participar de reuni\u00f5es fechadas.  <\/p>\n\n<p>Um renomado psiquiatra, que serviu como administrador n\u00e3o alco\u00f3lico da Junta de Servi\u00e7os Gerais do A.A., fez a seguinte declara\u00e7\u00e3o: &#8220;A unicidade de prop\u00f3sito \u00e9 essencial para o tratamento eficaz do alcoolismo. A raz\u00e3o para esse foco exagerado \u00e9 superar a nega\u00e7\u00e3o. A nega\u00e7\u00e3o associada ao alcoolismo \u00e9 astuta, desconcertante e poderosa e afeta o paciente, o ajudante e a comunidade. A menos que o alcoolismo seja mantido implacavelmente em primeiro plano, outras quest\u00f5es usurpar\u00e3o a aten\u00e7\u00e3o de todos.&#8221;<\/p>\n\n<h3 class=\"wp-block-heading\">O Que o A.A. Faz?<\/h3>\n\n<ol class=\"wp-block-list\">\n<li>Os membros do A.A. compartilham sua experi\u00eancia com qualquer pessoa que busque ajuda com um problema de bebida; eles oferecem servi\u00e7o pessoa a pessoa ou &#8220;apadrinhamento&#8221; ao alco\u00f3lico que chega ao A.A. de qualquer fonte.<\/li>\n\n\n\n<li>O programa do A.A., estabelecido em nossos Doze Passos, oferece ao alco\u00f3lico uma maneira de desenvolver uma vida satisfat\u00f3ria sem \u00e1lcool.<\/li>\n\n\n\n<li>Este programa \u00e9 discutido nas reuni\u00f5es de grupo do A.A.\n<ul class=\"wp-block-list\">\n<li>Reuni\u00f5es abertas de palestrantes \u2014 abertas a alco\u00f3licos e n\u00e3o alco\u00f3licos. (Participar de uma reuni\u00e3o aberta de A.A. \u00e9 a melhor maneira de aprender o que \u00e9 o A.A., o que ele faz e o que ele n\u00e3o faz.) Nas reuni\u00f5es de palestrantes, os membros do A.A. &#8220;contam suas hist\u00f3rias&#8221;. Eles descrevem suas experi\u00eancias com o \u00e1lcool, como chegaram ao A.A. e como suas vidas mudaram como resultado dos Alco\u00f3licos An\u00f4nimos.   <\/li>\n\n\n\n<li>Reuni\u00f5es abertas de discuss\u00e3o \u2014 um membro fala brevemente sobre sua experi\u00eancia com a bebida e, em seguida, lidera uma discuss\u00e3o sobre a recupera\u00e7\u00e3o no A.A. ou qualquer problema relacionado \u00e0 bebida que algu\u00e9m levante. (Reuni\u00f5es fechadas s\u00e3o para membros do A.A. ou qualquer pessoa que possa ter um problema com a bebida.) <\/li>\n\n\n\n<li>Reuni\u00f5es fechadas de discuss\u00e3o \u2014 conduzidas da mesma forma que as discuss\u00f5es abertas, mas apenas para alco\u00f3licos ou poss\u00edveis membros do A.A.<\/li>\n\n\n\n<li>Reuni\u00f5es de Passos (geralmente fechadas) \u2014 discuss\u00e3o de um dos Doze Passos.<\/li>\n\n\n\n<li>Os membros do A.A. tamb\u00e9m levam reuni\u00f5es para institui\u00e7\u00f5es correcionais e de tratamento.<\/li>\n\n\n\n<li>Os membros do A.A. podem ser solicitados a conduzir reuni\u00f5es informativas sobre o A.A. como parte do A.S.A.P. (Projeto de A\u00e7\u00e3o de Seguran\u00e7a do \u00c1lcool) e programas de D.W.I. (Dirigir Sob Influ\u00eancia). Essas reuni\u00f5es sobre o A.A. n\u00e3o s\u00e3o reuni\u00f5es regulares de grupo do A.A. <\/li>\n<\/ul>\n<\/li>\n<\/ol>\n\n<h3 class=\"wp-block-heading\">O Que o A.A. N\u00e3o Faz<\/h3>\n\n<p>O A.A. n\u00e3o:<\/p>\n\n<ol class=\"wp-block-list\">\n<li>Fornece motiva\u00e7\u00e3o inicial para alco\u00f3licos se recuperarem<\/li>\n\n\n\n<li>Solicita membros<\/li>\n\n\n\n<li>Realiza ou patrocina pesquisas<\/li>\n\n\n\n<li>Mant\u00e9m registros de presen\u00e7a ou hist\u00f3ricos de casos<\/li>\n\n\n\n<li>Participa de &#8220;conselhos&#8221; de ag\u00eancias sociais<\/li>\n\n\n\n<li>Acompanha ou tenta controlar seus membros<\/li>\n\n\n\n<li>Faz diagn\u00f3sticos ou progn\u00f3sticos m\u00e9dicos ou psicol\u00f3gicos<\/li>\n\n\n\n<li>Fornece servi\u00e7os de desintoxica\u00e7\u00e3o ou enfermagem, hospitaliza\u00e7\u00e3o, medicamentos ou qualquer tratamento m\u00e9dico ou psiqui\u00e1trico<\/li>\n\n\n\n<li>Oferece servi\u00e7os religiosos ou hospeda\/patrocina retiros<\/li>\n\n\n\n<li>Realiza educa\u00e7\u00e3o sobre \u00e1lcool<\/li>\n\n\n\n<li>Fornece moradia, alimenta\u00e7\u00e3o, roupas, empregos, dinheiro ou quaisquer outros servi\u00e7os sociais ou de assist\u00eancia<\/li>\n\n\n\n<li>Fornece aconselhamento dom\u00e9stico ou vocacional<\/li>\n\n\n\n<li>Aceita qualquer dinheiro por seus servi\u00e7os ou quaisquer contribui\u00e7\u00f5es de fontes n\u00e3o A.A.<\/li>\n\n\n\n<li>Fornece cartas de refer\u00eancia para conselhos de liberdade condicional, advogados, funcion\u00e1rios do tribunal, ag\u00eancias sociais, empregadores, etc.<\/li>\n<\/ol>\n","protected":false},"excerpt":{"rendered":"<p>Alco\u00f3licos An\u00f4nimos \u00e9 uma irmandade de pessoas que compartilham suas experi\u00eancias, for\u00e7as e esperan\u00e7as umas com as outras para que possam resolver seu problema comum e ajudar outros a se recuperarem do alcoolismo. O \u00fanico requisito para se tornar membro de AA \u00e9 o desejo de parar de beber. N\u00e3o h\u00e1 taxas ou mensalidades para<a class=\"excerpt-read-more\" href=\"https:\/\/beta.aa-intergroup.org\/pt-br\/sobre-aa\/\" title=\"ReadSobre AA\">&#8230; Read more &raquo;<\/a><\/p>\n","protected":false},"author":9,"featured_media":0,"parent":0,"menu_order":0,"comment_status":"closed","ping_status":"closed","template":"","meta":{"_acf_changed":false,"_eb_attr":"","footnotes":""},"class_list":["post-16910","page","type-page","status-publish","hentry"],"acf":[],"_links":{"self":[{"href":"https:\/\/beta.aa-intergroup.org\/pt-br\/wp-json\/wp\/v2\/pages\/16910","targetHints":{"allow":["GET"]}}],"collection":[{"href":"https:\/\/beta.aa-intergroup.org\/pt-br\/wp-json\/wp\/v2\/pages"}],"about":[{"href":"https:\/\/beta.aa-intergroup.org\/pt-br\/wp-json\/wp\/v2\/types\/page"}],"author":[{"embeddable":true,"href":"https:\/\/beta.aa-intergroup.org\/pt-br\/wp-json\/wp\/v2\/users\/9"}],"replies":[{"embeddable":true,"href":"https:\/\/beta.aa-intergroup.org\/pt-br\/wp-json\/wp\/v2\/comments?post=16910"}],"version-history":[{"count":1,"href":"https:\/\/beta.aa-intergroup.org\/pt-br\/wp-json\/wp\/v2\/pages\/16910\/revisions"}],"predecessor-version":[{"id":16911,"href":"https:\/\/beta.aa-intergroup.org\/pt-br\/wp-json\/wp\/v2\/pages\/16910\/revisions\/16911"}],"wp:attachment":[{"href":"https:\/\/beta.aa-intergroup.org\/pt-br\/wp-json\/wp\/v2\/media?parent=16910"}],"curies":[{"name":"wp","href":"https:\/\/api.w.org\/{rel}","templated":true}]}}