{"id":16928,"date":"2024-08-15T17:10:39","date_gmt":"2024-08-15T21:10:39","guid":{"rendered":"https:\/\/beta.aa-intergroup.org\/assembleia-da-oiaa-21-de-setembro-de-2024\/"},"modified":"2025-10-28T07:14:21","modified_gmt":"2025-10-28T11:14:21","slug":"assembleia-da-oiaa-21-de-setembro-de-2024","status":"publish","type":"page","link":"https:\/\/beta.aa-intergroup.org\/pt-br\/assembleia-da-oiaa-21-de-setembro-de-2024\/","title":{"rendered":"Assembleia da OIAA, 21 de setembro de 2024"},"content":{"rendered":"\n<p><strong>S\u00e1bado, 21 de setembro de 2024<\/strong><br\/>8:00 HST | 11:00 PT | 13:00 CT | 14:00 ET<br\/>19:00 GMT | 20:00 CET<\/p>\n\n<p><strong>Domingo, 22 de setembro<\/strong><strong> de 2024<br\/><\/strong>3:00 AWST | 4:00 JST<br\/>6:00 AEDT | 8:00 NZDT<\/p>\n\n<p><strong>ID do Zoom: 839 1683 1125<br\/>Senha: OIAA<\/strong><\/p>\n\n<p class=\"has-large-font-size\"><em><a href=\"https:\/\/us06web.zoom.us\/j\/83916831125?pwd=cDQvSlcxUjZmWlo4aEoyR0tlUUQwdz09\"><strong>PARTICIPE AGORA<\/strong><\/a><\/em><mark style=\"background-color:rgba(0, 0, 0, 0)\" class=\"has-inline-color has-vivid-red-color\"><mark style=\"background-color:rgba(0, 0, 0, 0)\" class=\"has-inline-color has-vivid-red-color\"><\/mark><\/mark><\/p>\n\n<p>Bem-vindos \u00e0 nossa assembleia de neg\u00f3cios da OIAA de setembro! Ela \u00e9 aberta a todos que desejam participar, mas apenas representantes de intergrupo, presidentes de comit\u00eas permanentes da OIAA, diretores da OIAA e curadores n\u00e3o diretores s\u00e3o membros votantes. Pedimos a todos os membros votantes que compare\u00e7am, pois precisamos de qu\u00f3rum para conduzir os neg\u00f3cios. Os membros ser\u00e3o notificados caso a pauta seja alterada.<\/p>\n\n<p><strong><em>Para participar, seu grupo deve se registrar na OIAA e ter um representante de intergrupo registrado. <\/em><\/strong><strong>Para a assembleia de setembro, a data limite <\/strong><strong>para adi\u00e7\u00f5es ou altera\u00e7\u00f5es em nossa membresia \u00e9<\/strong> <strong>sexta-feira, 13 de setembro, \u00e0s 23:59<\/strong>.<\/p>\n\n<p><strong><em>Junte-se \u00e0 OIAA aqui: <\/em><\/strong><a href=\"https:\/\/beta.aa-intergroup.org\/pt-br\/junte-se-a-oiaa\/\" target=\"_blank\" rel=\"noreferrer noopener\"><strong><em>Junte-se \u00e0 OIAA<\/em><\/strong><\/a><strong><em> &#8211; <\/em><\/strong><a href=\"https:\/\/beta.aa-intergroup.org\/pt-br\/junte-se-a-oiaa\/\" target=\"_blank\" rel=\"noreferrer noopener\"><strong><em>https:\/\/beta.aa-intergroup.org\/join-oiaa\/<\/em><\/strong><\/a><strong><em><\/em><\/strong><\/p>\n\n<p><strong><em>Atualize as informa\u00e7\u00f5es de Representa\u00e7\u00e3o de Intergrupo aqui: <\/em><\/strong><br\/><a href=\"https:\/\/beta.aa-intergroup.org\/pt-br\/o-nosso-grupo-tem-um-novo-representante\/\">https:\/\/beta.aa-intergroup.org\/group-rep-update-request\/<\/a><\/p>\n\n<p><strong><em>Envie perguntas ao Registrador: <\/em><\/strong><a href=\"mailto:registrar@aa-intergroup.org\"><strong><em>registrar@aa-intergroup.org<\/em><\/strong><\/a><\/p>\n\n<p><mark style=\"background-color:rgba(0, 0, 0, 0)\" class=\"has-inline-color has-vivid-red-color\">Interpreta\u00e7\u00e3o: Espanhol; Franc\u00eas; ASL<\/mark><\/p>\n\n<h4 class=\"wp-block-heading\">An\u00fancio da assembleia<\/h4>\n\n<ul class=\"wp-block-list\">\n<li><a href=\"https:\/\/beta.aa-intergroup.org\/updates\/assembly-announcement-21-september-2024\/\">An\u00fancio da assembleia<\/a>\n<ul class=\"wp-block-list\">\n<li>Para traduzir e\/ou imprimir para seus grupos.<\/li>\n<\/ul>\n<\/li>\n\n\n\n<li>Copie esta mensagem e link no chat da sua reuni\u00e3o online para anunciar a assembleia.\n<ul class=\"wp-block-list\">\n<li>Reuni\u00e3o da Assembleia da OIAA: 21 de setembro de 2024.<br\/><a href=\"https:\/\/beta.aa-intergroup.org\/pt-br\/assembleia-da-oiaa-21-de-setembro-de-2024\/\">https:\/\/beta.aa-intergroup.org\/oiaa-assembly-21-september-2024\/<\/a><\/li>\n<\/ul>\n<\/li>\n<\/ul>\n\n<h4 class=\"wp-block-heading\" id=\"assembly-agenda\">Agenda da assembleia<\/h4>\n\n<ul class=\"wp-block-list\">\n<li><a href=\"https:\/\/beta.aa-intergroup.org\/documents\/oiaa-assembly-agenda-21-september-2024\/\">A pauta da assembleia da OIAA de setembro de 2024<\/a>.<\/li>\n<\/ul>\n\n<h4 class=\"wp-block-heading\">Relat\u00f3rios<\/h4>\n\n<ul class=\"wp-block-list\">\n<li>As atas da assembleia ser\u00e3o votadas, por favor, compartilhe com seus grupos.\n<ul class=\"wp-block-list\">\n<li><a href=\"https:\/\/beta.aa-intergroup.org\/board-updates\/minutes-sep-2024\/\">Atas da Assembleia de junho<\/a><\/li>\n<\/ul>\n<\/li>\n\n\n\n<li><a href=\"https:\/\/beta.aa-intergroup.org\/documents\/chair-annual-report-to-assembly-sep-2024\/\" data-type=\"link\" data-id=\"https:\/\/beta.aa-intergroup.org\/documents\/chair-annual-report-to-assembly-sep-2024\/\">Relat\u00f3rio do presidente do conselho da assembleia<\/a><\/li>\n\n\n\n<li>Relat\u00f3rio do tesoureiro.\n<ul class=\"wp-block-list\">\n<li>Varia\u00e7\u00e3o or\u00e7ament\u00e1ria.<\/li>\n\n\n\n<li>Contribui\u00e7\u00f5es de grupo.<\/li>\n\n\n\n<li>Balan\u00e7o patrimonial.<\/li>\n<\/ul>\n<\/li>\n\n\n\n<li><a href=\"https:\/\/beta.aa-intergroup.org\/documents\/oiaa-unbudgeted-expense-request-form\/\" data-type=\"link\" data-id=\"https:\/\/beta.aa-intergroup.org\/documents\/oiaa-unbudgeted-expense-request-form\/\">Comit\u00ea de Unidade &#8211; solicita\u00e7\u00e3o de fundos n\u00e3o or\u00e7ados<\/a><\/li>\n<\/ul>\n\n<h4 class=\"wp-block-heading\">Documentos de diretrizes da assembleia<\/h4>\n\n<ul class=\"wp-block-list\">\n<li><a href=\"https:\/\/beta.aa-intergroup.org\/documents\/assembly-procedures\/\">Procedimentos da assembleia.<\/a><\/li>\n\n\n\n<li><a href=\"https:\/\/beta.aa-intergroup.org\/documents\/summary-of-motion-procedures-to-be-used-at-the-assembly\/\">Resumo das mo\u00e7\u00f5es<\/a>.<\/li>\n\n\n\n<li><a href=\"https:\/\/beta.aa-intergroup.org\/documents\/oiaa-bylaws\/\">Estatuto<\/a>.<\/li>\n<\/ul>\n","protected":false},"excerpt":{"rendered":"<p>S\u00e1bado, 21 de setembro de 20248:00 HST | 11:00 PT | 13:00 CT | 14:00 ET19:00 GMT | 20:00 CET Domingo, 22 de setembro de 20243:00 AWST | 4:00 JST6:00 AEDT | 8:00 NZDT ID do Zoom: 839 1683 1125Senha: OIAA PARTICIPE AGORA Bem-vindos \u00e0 nossa assembleia de neg\u00f3cios da OIAA de setembro! Ela \u00e9<a class=\"excerpt-read-more\" href=\"https:\/\/beta.aa-intergroup.org\/pt-br\/assembleia-da-oiaa-21-de-setembro-de-2024\/\" title=\"ReadAssembleia da OIAA, 21 de setembro de 2024\">&#8230; Read more &raquo;<\/a><\/p>\n","protected":false},"author":153,"featured_media":0,"parent":0,"menu_order":0,"comment_status":"closed","ping_status":"closed","template":"","meta":{"_acf_changed":false,"_eb_attr":"","footnotes":""},"class_list":["post-16928","page","type-page","status-publish","hentry"],"acf":[],"_links":{"self":[{"href":"https:\/\/beta.aa-intergroup.org\/pt-br\/wp-json\/wp\/v2\/pages\/16928","targetHints":{"allow":["GET"]}}],"collection":[{"href":"https:\/\/beta.aa-intergroup.org\/pt-br\/wp-json\/wp\/v2\/pages"}],"about":[{"href":"https:\/\/beta.aa-intergroup.org\/pt-br\/wp-json\/wp\/v2\/types\/page"}],"author":[{"embeddable":true,"href":"https:\/\/beta.aa-intergroup.org\/pt-br\/wp-json\/wp\/v2\/users\/153"}],"replies":[{"embeddable":true,"href":"https:\/\/beta.aa-intergroup.org\/pt-br\/wp-json\/wp\/v2\/comments?post=16928"}],"version-history":[{"count":1,"href":"https:\/\/beta.aa-intergroup.org\/pt-br\/wp-json\/wp\/v2\/pages\/16928\/revisions"}],"predecessor-version":[{"id":16929,"href":"https:\/\/beta.aa-intergroup.org\/pt-br\/wp-json\/wp\/v2\/pages\/16928\/revisions\/16929"}],"wp:attachment":[{"href":"https:\/\/beta.aa-intergroup.org\/pt-br\/wp-json\/wp\/v2\/media?parent=16928"}],"curies":[{"name":"wp","href":"https:\/\/api.w.org\/{rel}","templated":true}]}}