{"id":16968,"date":"2023-03-01T05:58:24","date_gmt":"2023-03-01T10:58:24","guid":{"rendered":"https:\/\/beta.aa-intergroup.org\/assembleia-oiaa-10-de-setembro-de-2022\/"},"modified":"2025-10-28T07:14:52","modified_gmt":"2025-10-28T11:14:52","slug":"assembleia-oiaa-10-de-setembro-de-2022","status":"publish","type":"page","link":"https:\/\/beta.aa-intergroup.org\/pt-br\/assembleia-oiaa-10-de-setembro-de-2022\/","title":{"rendered":"Assembleia OIAA 10 de setembro de 2022"},"content":{"rendered":"\n<h5 class=\"wp-block-heading\"><strong>P\u00e1gina de arquivo para a assembleia OIAA de 10 de setembro de 2022<\/strong><\/h5>\n\n<div style=\"height:50px\" aria-hidden=\"true\" class=\"wp-block-spacer\"><\/div>\n\n<p class=\"has-text-align-left\">O intergrupo online de alco\u00f3licos an\u00f4nimos <br\/>construindo companheirismo: a qualquer hora, em qualquer lugar \u2013 para todos<\/p>\n\n<p>Neste momento hist\u00f3rico da hist\u00f3ria da OIAA com a ado\u00e7\u00e3o dos estatutos revisados, \u00e9 nosso dever pausar e reconhecer com gratid\u00e3o os nossos fundadores vision\u00e1rios, grupos membros pioneiros e cada volunt\u00e1rio cujo servi\u00e7o nos trouxe at\u00e9 este momento. Desde meados dos anos 90, quando a OIAA come\u00e7ou a servir grupos AA online, muito mudou. No entanto, o fio condutor que nos liga ao nosso passado e nos atrai para o futuro n\u00e3o mudou: a OIAA ajuda os seus grupos membros no seu prop\u00f3sito comum de levar a mensagem AA ao alco\u00f3lico que ainda sofre. Obrigado por se juntarem a n\u00f3s neste esfor\u00e7o!   <br\/> <br\/>Como resultado da ado\u00e7\u00e3o dos estatutos revisados por voto un\u00e2nime na nossa assembleia em setembro de 2022, a OIAA ir\u00e1 agora conduzir os neg\u00f3cios em tempo real. Desta forma, todos os participantes podem ver, ouvir e participar na discuss\u00e3o. Este tem sido um foco enorme do nosso compromisso de servi\u00e7o nos \u00faltimos quatro anos, e voc\u00eas ajudaram-nos a completar este trabalho importante. Estamos gratos por ter tido a vossa participa\u00e7\u00e3o e apoio entusi\u00e1stico!! OBRIGADO!    <\/p>\n\n<p>Mas o trabalho continua para ajudar os nossos grupos membros no seu prop\u00f3sito comum de levar a mensagem ao alco\u00f3lico que ainda sofre. Temos um lugar para ti no servi\u00e7o. Por favor, junta-te a n\u00f3s na nossa jornada.<br\/> <br\/>Com amor e servi\u00e7o,<br\/> <br\/>Gwen M<br\/>Presidente da OIAA &#8217;21-&#8217;22  <\/p>\n\n<ul class=\"wp-block-list\">\n<li><a href=\"https:\/\/beta.aa-intergroup.org\/documents\/oiaa-bylaws\/\">Estatutos da OIAA  <\/a><\/li>\n<\/ul>\n\n<ul class=\"wp-block-list\">\n<li><a href=\"https:\/\/beta.aa-intergroup.org\/documents\/minutes-from-the-oiaa-september-10-2022-assembly\/\">Atas da assembleia OIAA de 10 de setembro de 2022.<\/a><\/li>\n<\/ul>\n","protected":false},"excerpt":{"rendered":"<p>P\u00e1gina de arquivo para a assembleia OIAA de 10 de setembro de 2022 O intergrupo online de alco\u00f3licos an\u00f4nimos construindo companheirismo: a qualquer hora, em qualquer lugar \u2013 para todos Neste momento hist\u00f3rico da hist\u00f3ria da OIAA com a ado\u00e7\u00e3o dos estatutos revisados, \u00e9 nosso dever pausar e reconhecer com gratid\u00e3o os nossos fundadores vision\u00e1rios,<a class=\"excerpt-read-more\" href=\"https:\/\/beta.aa-intergroup.org\/pt-br\/assembleia-oiaa-10-de-setembro-de-2022\/\" title=\"ReadAssembleia OIAA 10 de setembro de 2022\">&#8230; Read more &raquo;<\/a><\/p>\n","protected":false},"author":18,"featured_media":0,"parent":0,"menu_order":0,"comment_status":"closed","ping_status":"closed","template":"","meta":{"_acf_changed":false,"_eb_attr":"","footnotes":""},"class_list":["post-16968","page","type-page","status-publish","hentry"],"acf":[],"_links":{"self":[{"href":"https:\/\/beta.aa-intergroup.org\/pt-br\/wp-json\/wp\/v2\/pages\/16968","targetHints":{"allow":["GET"]}}],"collection":[{"href":"https:\/\/beta.aa-intergroup.org\/pt-br\/wp-json\/wp\/v2\/pages"}],"about":[{"href":"https:\/\/beta.aa-intergroup.org\/pt-br\/wp-json\/wp\/v2\/types\/page"}],"author":[{"embeddable":true,"href":"https:\/\/beta.aa-intergroup.org\/pt-br\/wp-json\/wp\/v2\/users\/18"}],"replies":[{"embeddable":true,"href":"https:\/\/beta.aa-intergroup.org\/pt-br\/wp-json\/wp\/v2\/comments?post=16968"}],"version-history":[{"count":1,"href":"https:\/\/beta.aa-intergroup.org\/pt-br\/wp-json\/wp\/v2\/pages\/16968\/revisions"}],"predecessor-version":[{"id":16969,"href":"https:\/\/beta.aa-intergroup.org\/pt-br\/wp-json\/wp\/v2\/pages\/16968\/revisions\/16969"}],"wp:attachment":[{"href":"https:\/\/beta.aa-intergroup.org\/pt-br\/wp-json\/wp\/v2\/media?parent=16968"}],"curies":[{"name":"wp","href":"https:\/\/api.w.org\/{rel}","templated":true}]}}