{"id":17037,"date":"2020-03-19T15:21:31","date_gmt":"2020-03-19T19:21:31","guid":{"rendered":"https:\/\/beta.aa-intergroup.org\/o-que-significa-beta\/"},"modified":"2025-10-28T07:16:13","modified_gmt":"2025-10-28T11:16:13","slug":"o-que-significa-beta","status":"publish","type":"page","link":"https:\/\/beta.aa-intergroup.org\/pt-br\/o-que-significa-beta\/","title":{"rendered":"O que significa &#8220;beta&#8221;?"},"content":{"rendered":"\n<p><strong><em>NOTA: O site acabou de entrar &#8220;no ar&#8221; e, durante esta transi\u00e7\u00e3o, alguns aspectos do site podem estar lentos, com problemas ou formatados incorretamente. Por favor, &#8220;desculpe a bagun\u00e7a&#8221;. Voc\u00ea ainda pode acessar o site antigo: <a href=\"https:\/\/archive.aa-intergroup.org\">archive.aa-intergroup.org<\/a>.  <\/em><\/strong><\/p>\n\n<hr class=\"wp-block-separator\"\/>\n\n<p>As reuni\u00f5es presenciais continuam sendo um elemento fundamental do programa de 12 passos, mas existem situa\u00e7\u00f5es em que as pessoas n\u00e3o podem se reunir pessoalmente &#8212; <em>como nossa atual pandemia global<\/em> &#8212; ou quando um indiv\u00edduo n\u00e3o consegue encontrar uma reuni\u00e3o adequada nas proximidades, seja por prefer\u00eancia, necessidades especiais, idioma ou qualquer outro motivo.<\/p>\n\n<div class=\"wp-block-image\"><figure class=\"alignright size-large is-resized\"><img loading=\"lazy\" decoding=\"async\" src=\"https:\/\/beta.aa-intergroup.org\/wp-content\/uploads\/2020\/05\/smartmockups-home.jpg\" alt=\"mockup-home\" class=\"wp-image-877\" width=\"365\" height=\"328\" srcset=\"https:\/\/beta.aa-intergroup.org\/wp-content\/uploads\/2020\/05\/smartmockups-home.jpg 800w, https:\/\/beta.aa-intergroup.org\/wp-content\/uploads\/2020\/05\/smartmockups-home-300x270.jpg 300w, https:\/\/beta.aa-intergroup.org\/wp-content\/uploads\/2020\/05\/smartmockups-home-768x692.jpg 768w\" sizes=\"auto, (max-width: 365px) 100vw, 365px\" \/><\/figure><\/div>\n\n<p>\u00c9 por isso que o <strong>Intergrupo Online<\/strong> dedica-se \u00e0 miss\u00e3o de conectar grupos online em um local central onde membros de AA podem encontrar reuni\u00f5es online ao vivo: videoconfer\u00eancias, chamadas em confer\u00eancia, salas de bate-papo, f\u00f3runs de mensagens, listas de e-mail ou at\u00e9 mesmo atrav\u00e9s de interfaces de jogos. Esses mecanismos oferecem \u00e0 comunidade maneiras de apoiar sua recupera\u00e7\u00e3o de qualquer lugar e a qualquer momento.  <\/p>\n\n<p>O Intergrupo Online de AA oferece o diret\u00f3rio e ferramentas de comunica\u00e7\u00e3o em apoio \u00e0 irmandade. <strong>Para oferecer um melhor servi\u00e7o, atualizamos nossa plataforma online para facilitar o acesso dos usu\u00e1rios.<\/strong>   <\/p>\n\n<p>Aqui est\u00e1 no que temos trabalhado: <\/p>\n\n<div class=\"wp-block-image\"><figure class=\"alignright size-large is-resized\"><img loading=\"lazy\" decoding=\"async\" src=\"https:\/\/beta.aa-intergroup.org\/wp-content\/uploads\/2020\/05\/smartmockups-directory.jpg\" alt=\"\" class=\"wp-image-878\" width=\"357\" height=\"321\" srcset=\"https:\/\/beta.aa-intergroup.org\/wp-content\/uploads\/2020\/05\/smartmockups-directory.jpg 800w, https:\/\/beta.aa-intergroup.org\/wp-content\/uploads\/2020\/05\/smartmockups-directory-300x270.jpg 300w, https:\/\/beta.aa-intergroup.org\/wp-content\/uploads\/2020\/05\/smartmockups-directory-768x692.jpg 768w\" sizes=\"auto, (max-width: 357px) 100vw, 357px\" \/><\/figure><\/div>\n\n<ul class=\"wp-block-list\"><li><strong>Banco de dados mais amig\u00e1vel<\/strong>: O Diret\u00f3rio de Reuni\u00f5es &#8212; ainda em desenvolvimento &#8212; inclui muitos recursos solicitados: capacidade de busca e filtragem por tipo ou formato. Planejamos adicionar melhores capacidades de filtragem, a possibilidade de salvar, favoritar reuni\u00f5es e muito mais. <\/li><li><strong>Design mobile-first<\/strong>: Os dados mostram que mais de 70% dos visitantes do site usam seus celulares, ent\u00e3o projetamos este site com uma filosofia &#8220;mobile-first&#8221; &#8212; ou seja, todo o conte\u00fado e recursos, incluindo o diret\u00f3rio, s\u00e3o otimizados para acesso em movimento (iPhone, Android, etc).<\/li><li><strong>Design simplificado<\/strong>: Com base nos dados sobre o que os usu\u00e1rios acessam primeiro &#8212; incluindo o diret\u00f3rio de reuni\u00f5es &#8212; organizamos o site para ser &#8220;orientado \u00e0 a\u00e7\u00e3o&#8221;, oferecendo acesso r\u00e1pido e direto ao que voc\u00ea precisa: a <a href=\"https:\/\/beta.aa-intergroup.org\/oiaa\/meetings\/\"><em>pr\u00f3xima<\/em> reuni\u00e3o<\/a> dispon\u00edvel, <a href=\"https:\/\/beta.aa-intergroup.org\/oiaa\/get-help-now\/\"><em>acesso direto<\/em> \u00e0s pessoas<\/a> que podem ajudar, e <em><a href=\"https:\/\/beta.aa-intergroup.org\/oiaa\/resources\/\">mais recursos<\/a><\/em> para auxiliar em sua recupera\u00e7\u00e3o.<\/li><\/ul>\n\n<p>O site est\u00e1 sendo testado para desenvolver as melhores solu\u00e7\u00f5es. Estamos constantemente aprendendo. Mas como acontece com tecnologia centrada no usu\u00e1rio e orientada por feedback, \u00e0s vezes isso pode parecer estranho, ser exibido de forma diferente ou at\u00e9 mesmo apresentar falhas.   <\/p>\n\n<p>Ent\u00e3o, tenha paci\u00eancia conosco &#8212; explore, teste as funcionalidades e, esperamos, encontre o que precisa &#8212; e se tiver ideias, por favor, compartilhe: <\/p>\n\n<p class=\"has-text-align-right\"><em>&#8211; Seus companheiros em AA<\/em><\/p>\n\n<h3 class=\"wp-block-heading\">Formul\u00e1rio de feedback<\/h3>\n<div class=\"wpforms-container wpforms-container-full wpforms-block\" id=\"wpforms-830\"><form id=\"wpforms-form-830\" class=\"wpforms-validate wpforms-form\" data-formid=\"830\" method=\"post\" enctype=\"multipart\/form-data\" action=\"\/pt-br\/wp-json\/wp\/v2\/pages\/17037\" data-token=\"1bd947c1e1a2fd5d4dc8c851ff228de2\" data-token-time=\"1775305054\"><noscript class=\"wpforms-error-noscript\">Please enable JavaScript in your browser to complete this form.<\/noscript><div class=\"wpforms-field-container\"><div id=\"wpforms-830-field_15-container\" class=\"wpforms-field wpforms-field-number\" data-field-id=\"15\"><label class=\"wpforms-field-label\" for=\"wpforms-830-field_15\">OIMN &#8211; n\u00famero da reuni\u00e3o do intergrupo online<\/label><input type=\"number\" id=\"wpforms-830-field_15\" class=\"wpforms-field-medium\" name=\"wpforms[fields][15]\" ><div class=\"wpforms-field-description\">N\u00famero interno \u00fanico da OIAA para a reuni\u00e3o que voc\u00ea deseja alterar, fornecido pelo PAC. <\/div><\/div><div id=\"wpforms-830-field_13-container\" class=\"wpforms-field wpforms-field-text\" data-field-id=\"13\"><label class=\"wpforms-field-label\" for=\"wpforms-830-field_13\">Nome da Reuni\u00e3o <span class=\"wpforms-required-label\">*<\/span><\/label><input type=\"text\" id=\"wpforms-830-field_13\" class=\"wpforms-field-medium wpforms-field-required\" name=\"wpforms[fields][13]\" required><\/div><div id=\"wpforms-830-field_0-container\" class=\"wpforms-field wpforms-field-name\" data-field-id=\"0\"><label class=\"wpforms-field-label\" for=\"wpforms-830-field_0\">Nome do contato principal ou alternativo  <span class=\"wpforms-required-label\">*<\/span><\/label><input type=\"text\" id=\"wpforms-830-field_0\" class=\"wpforms-field-medium wpforms-field-required\" name=\"wpforms[fields][0]\" required><\/div><div id=\"wpforms-830-field_1-container\" class=\"wpforms-field wpforms-field-email\" data-field-id=\"1\"><label class=\"wpforms-field-label\" for=\"wpforms-830-field_1\">E-mail principal ou alternativo <span class=\"wpforms-required-label\">*<\/span><\/label><input type=\"email\" id=\"wpforms-830-field_1\" class=\"wpforms-field-medium wpforms-field-required\" name=\"wpforms[fields][1]\" spellcheck=\"false\" required><\/div><div id=\"wpforms-830-field_17-container\" class=\"wpforms-field wpforms-field-checkbox\" data-field-id=\"17\"><label class=\"wpforms-field-label\">Por favor, selecione  <span class=\"wpforms-required-label\">*<\/span><\/label><ul id=\"wpforms-830-field_17\" class=\"wpforms-field-required\"><li class=\"choice-1 depth-1\"><input type=\"checkbox\" id=\"wpforms-830-field_17_1\" name=\"wpforms[fields][17][]\" value=\"Contacto principal\" required ><label class=\"wpforms-field-label-inline\" for=\"wpforms-830-field_17_1\">Contacto principal<\/label><\/li><li class=\"choice-2 depth-1\"><input type=\"checkbox\" id=\"wpforms-830-field_17_2\" name=\"wpforms[fields][17][]\" value=\"Contato alternativo\" required ><label class=\"wpforms-field-label-inline\" for=\"wpforms-830-field_17_2\">Contato alternativo<\/label><\/li><\/ul><\/div><div id=\"wpforms-830-field_5-container\" class=\"wpforms-field wpforms-field-text\" data-field-id=\"5\"><label class=\"wpforms-field-label\" for=\"wpforms-830-field_5\">Assunto <span class=\"wpforms-required-label\">*<\/span><\/label><input type=\"text\" id=\"wpforms-830-field_5\" class=\"wpforms-field-medium wpforms-field-required\" name=\"wpforms[fields][5]\" required><\/div><div id=\"wpforms-830-field_2-container\" class=\"wpforms-field wpforms-field-textarea\" data-field-id=\"2\"><label class=\"wpforms-field-label\" for=\"wpforms-830-field_2\">Altera\u00e7\u00f5es solicitadas para a reuni\u00e3o <span class=\"wpforms-required-label\">*<\/span><\/label><textarea id=\"wpforms-830-field_2\" class=\"wpforms-field-medium wpforms-field-required\" name=\"wpforms[fields][2]\" required><\/textarea><\/div><div id=\"wpforms-830-field_16-container\" class=\"wpforms-field wpforms-field-gdpr-checkbox\" data-field-id=\"16\"><label class=\"wpforms-field-label\">Concord\u00e2ncia com LGPD <span class=\"wpforms-required-label\">*<\/span><\/label><ul id=\"wpforms-830-field_16\" class=\"wpforms-field-required\"><li class=\"choice-1\"><input type=\"checkbox\" id=\"wpforms-830-field_16_1\" name=\"wpforms[fields][16][]\" value=\"Consinto que este site armazene as informa\u00e7\u00f5es que enviei para que possam responder \u00e0 minha pergunta.\" required ><label class=\"wpforms-field-label-inline\" for=\"wpforms-830-field_16_1\">Consinto que este site armazene as informa\u00e7\u00f5es que enviei para que possam responder \u00e0 minha pergunta.<\/label><\/li><\/ul><\/div><div id=\"wpforms-830-field_7-container\" class=\"wpforms-field wpforms-field-hidden\" data-field-id=\"7\"><input type=\"hidden\" id=\"wpforms-830-field_7\" name=\"wpforms[fields][7]\"><\/div><div id=\"wpforms-830-field_8-container\" class=\"wpforms-field wpforms-field-hidden\" data-field-id=\"8\"><input type=\"hidden\" id=\"wpforms-830-field_8\" name=\"wpforms[fields][8]\"><\/div><\/div><!-- .wpforms-field-container --><div class=\"wpforms-field wpforms-field-hp\"><label for=\"wpforms-830-field-hp\" class=\"wpforms-field-label\">Phone<\/label><input type=\"text\" name=\"wpforms[hp]\" id=\"wpforms-830-field-hp\" class=\"wpforms-field-medium\"><\/div><div class=\"wpforms-recaptcha-container wpforms-is-recaptcha wpforms-is-recaptcha-type-v2\" ><div class=\"g-recaptcha\" data-sitekey=\"6LfLO_EUAAAAAD2WTL408A9DfNNx6AhXu-npfay8\"><\/div><input type=\"text\" name=\"g-recaptcha-hidden\" class=\"wpforms-recaptcha-hidden\" style=\"position:absolute!important;clip:rect(0,0,0,0)!important;height:1px!important;width:1px!important;border:0!important;overflow:hidden!important;padding:0!important;margin:0!important;\" data-rule-recaptcha=\"1\"><\/div><div class=\"wpforms-submit-container\" ><input type=\"hidden\" name=\"wpforms[id]\" value=\"830\"><input type=\"hidden\" name=\"page_title\" value=\"\"><input type=\"hidden\" name=\"page_url\" value=\"https:\/\/beta.aa-intergroup.org\/pt-br\/wp-json\/wp\/v2\/pages\/17037\"><button type=\"submit\" name=\"wpforms[submit]\" id=\"wpforms-submit-830\" class=\"wpforms-submit form-submit\" data-alt-text=\"Enviando...\" data-submit-text=\"Enviar\" aria-live=\"assertive\" value=\"wpforms-submit\">Enviar<\/button><\/div><\/form><\/div>  <!-- .wpforms-container -->","protected":false},"excerpt":{"rendered":"<p>NOTA: O site acabou de entrar &#8220;no ar&#8221; e, durante esta transi\u00e7\u00e3o, alguns aspectos do site podem estar lentos, com problemas ou formatados incorretamente. Por favor, &#8220;desculpe a bagun\u00e7a&#8221;. Voc\u00ea ainda pode acessar o site antigo: archive.aa-intergroup.org. As reuni\u00f5es presenciais continuam sendo um elemento fundamental do programa de 12 passos, mas existem situa\u00e7\u00f5es em que<a class=\"excerpt-read-more\" href=\"https:\/\/beta.aa-intergroup.org\/pt-br\/o-que-significa-beta\/\" title=\"ReadO que significa &#8220;beta&#8221;?\">&#8230; Read more &raquo;<\/a><\/p>\n","protected":false},"author":9,"featured_media":0,"parent":0,"menu_order":0,"comment_status":"closed","ping_status":"closed","template":"","meta":{"_acf_changed":false,"_eb_attr":"","footnotes":""},"class_list":["post-17037","page","type-page","status-publish","hentry"],"acf":[],"_links":{"self":[{"href":"https:\/\/beta.aa-intergroup.org\/pt-br\/wp-json\/wp\/v2\/pages\/17037","targetHints":{"allow":["GET"]}}],"collection":[{"href":"https:\/\/beta.aa-intergroup.org\/pt-br\/wp-json\/wp\/v2\/pages"}],"about":[{"href":"https:\/\/beta.aa-intergroup.org\/pt-br\/wp-json\/wp\/v2\/types\/page"}],"author":[{"embeddable":true,"href":"https:\/\/beta.aa-intergroup.org\/pt-br\/wp-json\/wp\/v2\/users\/9"}],"replies":[{"embeddable":true,"href":"https:\/\/beta.aa-intergroup.org\/pt-br\/wp-json\/wp\/v2\/comments?post=17037"}],"version-history":[{"count":1,"href":"https:\/\/beta.aa-intergroup.org\/pt-br\/wp-json\/wp\/v2\/pages\/17037\/revisions"}],"predecessor-version":[{"id":17038,"href":"https:\/\/beta.aa-intergroup.org\/pt-br\/wp-json\/wp\/v2\/pages\/17037\/revisions\/17038"}],"wp:attachment":[{"href":"https:\/\/beta.aa-intergroup.org\/pt-br\/wp-json\/wp\/v2\/media?parent=17037"}],"curies":[{"name":"wp","href":"https:\/\/api.w.org\/{rel}","templated":true}]}}