{"id":17065,"date":"2024-05-14T12:51:45","date_gmt":"2024-05-14T16:51:45","guid":{"rendered":"https:\/\/beta.aa-intergroup.org\/assembleia-do-oiaa-15-de-junho-de-2024\/"},"modified":"2025-10-28T07:16:58","modified_gmt":"2025-10-28T11:16:58","slug":"assembleia-do-oiaa-15-de-junho-de-2024","status":"publish","type":"page","link":"https:\/\/beta.aa-intergroup.org\/pt-br\/assembleia-do-oiaa-15-de-junho-de-2024\/","title":{"rendered":"Assembleia do OIAA, 15 de junho de 2024"},"content":{"rendered":"\n<p><strong>S\u00e1bado, 15 de junho de 2024<\/strong><br\/>8h00 HST | 11h00 PT | 13h00 CT | 14h00 ET<br\/>19h00 GMT | 20h00 CET<\/p>\n\n<p><strong>Domingo, 16 de junho de 2024<br\/><\/strong>3h00 AWST | 4h00 JST<br\/>6h00 AEDT | 8h00 NZDT<\/p>\n\n<p>ID: 839 1683 1125<br\/>Senha: OIAA<\/p>\n\n<p><a href=\"https:\/\/us06web.zoom.us\/j\/83916831125?pwd=cDQvSlcxUjZmWlo4aEoyR0tlUUQwdz09\" target=\"_blank\" rel=\"noreferrer noopener\">Participar da assembleia da OIAA<\/a><\/p>\n\n<p><strong>\u2014\u2013 Interpreta\u00e7\u00e3o:<\/strong> A interpreta\u00e7\u00e3o em espanhol, franc\u00eas e portugu\u00eas estar\u00e1 dispon\u00edvel na Assembleia. <strong>\u2014\u2013<\/strong><\/p>\n\n<p>Os links ser\u00e3o ativados assim que o conte\u00fado estiver dispon\u00edvel.<\/p>\n\n<h4 class=\"wp-block-heading\">An\u00fancio da assembleia<\/h4>\n\n<ul class=\"wp-block-list\">\n<li><a href=\"https:\/\/beta.aa-intergroup.org\/documents\/assembly-announcement-15-june-2024\/\" data-type=\"link\" data-id=\"https:\/\/beta.aa-intergroup.org\/documents\/assembly-announcement-15-june-2024\/\">An\u00fancio da assembleia<\/a>\n<ul class=\"wp-block-list\">\n<li>Para traduzir e\/ou imprimir para seus grupos.<\/li>\n<\/ul>\n<\/li>\n\n\n\n<li>Copie esta mensagem e link no chat da sua reuni\u00e3o online para anunciar a elei\u00e7\u00e3o.\n<ul class=\"wp-block-list\">\n<li>Reuni\u00e3o da Assembleia Geral: 15 de junho de 2024.<br\/><a href=\"https:\/\/beta.aa-intergroup.org\/pt-br\/assembleia-do-oiaa-15-de-junho-de-2024\/\">https:\/\/beta.aa-intergroup.org\/oiaa-assembly-15-june-2024\/<\/a><\/li>\n<\/ul>\n<\/li>\n<\/ul>\n\n<h4 class=\"wp-block-heading\" id=\"assembly-agenda\">Agenda da assembleia<\/h4>\n\n<ul class=\"wp-block-list\">\n<li><a href=\"https:\/\/beta.aa-intergroup.org\/documents\/oiaa-assembly-agenda-15-june-2024\/\">A pauta da assembleia de junho de 2024 do OIAA<\/a>.<\/li>\n<\/ul>\n\n<h4 class=\"wp-block-heading\">Relat\u00f3rios<\/h4>\n\n<ul class=\"wp-block-list\">\n<li>As atas da assembleia ser\u00e3o votadas, por favor, compartilhe com seus grupos.\n<ul class=\"wp-block-list\">\n<li><a href=\"https:\/\/beta.aa-intergroup.org\/documents\/minutes-from-the-oiaa-16-march-2024-assembly\/\">Atas da assembleia do OIAA de 16 de mar\u00e7o de 2024<\/a> <\/li>\n<\/ul>\n<\/li>\n\n\n\n<li>Relat\u00f3rio do tesoureiro.\n<ul class=\"wp-block-list\">\n<li><a href=\"https:\/\/beta.aa-intergroup.org\/committee-updates\/update-for-finance-apr-2024-4\/\">Varia\u00e7\u00e3o or\u00e7ament\u00e1ria<\/a>.<\/li>\n\n\n\n<li><a href=\"https:\/\/beta.aa-intergroup.org\/committee-updates\/update-for-finance-dec-2023\/\">Contribui\u00e7\u00f5es de grupo<\/a>.<\/li>\n\n\n\n<li><a href=\"https:\/\/beta.aa-intergroup.org\/committee-updates\/update-for-finance-feb-2024-2\/\">Balan\u00e7o patrimonial<\/a>.<\/li>\n<\/ul>\n<\/li>\n\n\n\n<li>Atualiza\u00e7\u00e3o do comit\u00ea da conven\u00e7\u00e3o de unidade, conven\u00e7\u00e3o internacional online do OIAA de 2024.<\/li>\n<\/ul>\n\n<h4 class=\"wp-block-heading\">Novos neg\u00f3cios<\/h4>\n\n<ul class=\"wp-block-list\">\n<li><strong>Revis\u00e3o financeira interna: somente relat\u00f3rio<\/strong><\/li>\n\n\n\n<li><strong>Relat\u00f3rio Anual dos Comit\u00eas aos membros, Somente Relat\u00f3rios (5.05 dos Estatutos do OIAA)<\/strong>\n<ul class=\"wp-block-list\">\n<li><strong>Finan\u00e7as Jennifer B<\/strong><\/li>\n\n\n\n<li><strong>Tecnologia &#8211; Mark M<\/strong><\/li>\n\n\n\n<li><strong>Comit\u00ea da Conven\u00e7\u00e3o de Vancouver de 2025 Jan BB (alt)<\/strong><\/li>\n\n\n\n<li><strong>Comit\u00ea de Comunica\u00e7\u00f5es &#8211; Lesliee a<\/strong><\/li>\n\n\n\n<li><strong>Comit\u00ea CPC &#8211; Gwen M<\/strong><\/li>\n\n\n\n<li><strong>Comit\u00ea PAC &#8211; Jan BB<\/strong><\/li>\n\n\n\n<li><strong>Comit\u00ea PIC &#8211; Mary M<\/strong><\/li>\n\n\n\n<li><strong>Comit\u00ea Steppers &#8211; DC Dave<\/strong><\/li>\n\n\n\n<li><strong>Comit\u00ea da Conven\u00e7\u00e3o Internacional de Unidade\/Unidade 2024 &#8211; Carlos D<\/strong><\/li>\n<\/ul>\n<\/li>\n<\/ul>\n\n<h4 class=\"wp-block-heading\">Procedimento eleitoral<\/h4>\n\n<ul class=\"wp-block-list\">\n<li><a href=\"https:\/\/beta.aa-intergroup.org\/documents\/assembly-procedures\/\">Procedimentos da assembleia.<\/a><\/li>\n\n\n\n<li><a href=\"https:\/\/beta.aa-intergroup.org\/documents\/summary-of-motion-procedures-to-be-used-at-the-assembly\/\">Resumo das mo\u00e7\u00f5es<\/a>.<\/li>\n\n\n\n<li><a href=\"https:\/\/beta.aa-intergroup.org\/documents\/oiaa-bylaws\/\">Estatuto<\/a>.<\/li>\n<\/ul>\n","protected":false},"excerpt":{"rendered":"<p>S\u00e1bado, 15 de junho de 20248h00 HST | 11h00 PT | 13h00 CT | 14h00 ET19h00 GMT | 20h00 CET Domingo, 16 de junho de 20243h00 AWST | 4h00 JST6h00 AEDT | 8h00 NZDT ID: 839 1683 1125Senha: OIAA Participar da assembleia da OIAA \u2014\u2013 Interpreta\u00e7\u00e3o: A interpreta\u00e7\u00e3o em espanhol, franc\u00eas e portugu\u00eas estar\u00e1 dispon\u00edvel<a class=\"excerpt-read-more\" href=\"https:\/\/beta.aa-intergroup.org\/pt-br\/assembleia-do-oiaa-15-de-junho-de-2024\/\" title=\"ReadAssembleia do OIAA, 15 de junho de 2024\">&#8230; Read more &raquo;<\/a><\/p>\n","protected":false},"author":153,"featured_media":0,"parent":0,"menu_order":0,"comment_status":"closed","ping_status":"closed","template":"","meta":{"_acf_changed":false,"_eb_attr":"","footnotes":""},"class_list":["post-17065","page","type-page","status-publish","hentry"],"acf":[],"_links":{"self":[{"href":"https:\/\/beta.aa-intergroup.org\/pt-br\/wp-json\/wp\/v2\/pages\/17065","targetHints":{"allow":["GET"]}}],"collection":[{"href":"https:\/\/beta.aa-intergroup.org\/pt-br\/wp-json\/wp\/v2\/pages"}],"about":[{"href":"https:\/\/beta.aa-intergroup.org\/pt-br\/wp-json\/wp\/v2\/types\/page"}],"author":[{"embeddable":true,"href":"https:\/\/beta.aa-intergroup.org\/pt-br\/wp-json\/wp\/v2\/users\/153"}],"replies":[{"embeddable":true,"href":"https:\/\/beta.aa-intergroup.org\/pt-br\/wp-json\/wp\/v2\/comments?post=17065"}],"version-history":[{"count":1,"href":"https:\/\/beta.aa-intergroup.org\/pt-br\/wp-json\/wp\/v2\/pages\/17065\/revisions"}],"predecessor-version":[{"id":17066,"href":"https:\/\/beta.aa-intergroup.org\/pt-br\/wp-json\/wp\/v2\/pages\/17065\/revisions\/17066"}],"wp:attachment":[{"href":"https:\/\/beta.aa-intergroup.org\/pt-br\/wp-json\/wp\/v2\/media?parent=17065"}],"curies":[{"name":"wp","href":"https:\/\/api.w.org\/{rel}","templated":true}]}}