{"id":17170,"date":"2023-06-05T23:42:55","date_gmt":"2023-06-06T03:42:55","guid":{"rendered":"https:\/\/beta.aa-intergroup.org\/politica-de-cookies\/"},"modified":"2025-10-28T07:20:28","modified_gmt":"2025-10-28T11:20:28","slug":"politica-de-cookies","status":"publish","type":"page","link":"https:\/\/beta.aa-intergroup.org\/pt-br\/politica-de-cookies\/","title":{"rendered":"Pol\u00edtica de cookies"},"content":{"rendered":"\n<p><strong>Esta pol\u00edtica de cookies foi atualizada pela \u00faltima vez em 14 de junho de 2023.<\/strong><\/p>\n\n<p>O site da OIAA utiliza cookies para otimizar e melhorar a funcionalidade do nosso site. Como queremos garantir a sua privacidade e melhorar a facilidade de utiliza\u00e7\u00e3o das suas visitas ao nosso site, consideramos importante que saiba como e por que utilizamos cookies. Esta pol\u00edtica fornece informa\u00e7\u00f5es sobre o uso de cookies em toda a nossa plataforma.  <\/p>\n\n<p><strong>O que s\u00e3o cookies?<\/strong><\/p>\n\n<p>Cookies s\u00e3o pequenos e simples arquivos de texto que s\u00e3o armazenados pelo seu computador ou dispositivo m\u00f3vel quando voc\u00ea usa um de nossos sites ou aplicativos. Quase todos os sites existentes utilizam cookies. <\/p>\n\n<p>Ao usar cookies, podemos garantir que, por exemplo, seja f\u00e1cil para voc\u00ea navegar em nosso site, que, ao visitar nossos sites, voc\u00ea n\u00e3o seja apresentado repetidamente \u00e0s mesmas informa\u00e7\u00f5es. Os cookies tamb\u00e9m nos permitem medir como nosso site est\u00e1 sendo usado e como melhor\u00e1-lo ainda mais. <\/p>\n\n<p><strong>Suas op\u00e7\u00f5es<\/strong><\/p>\n\n<p>S\u00f3 podemos colocar cookies se seus navegadores permitirem o uso de cookies. \u00c9 sua escolha aceitar ou recusar os cookies e h\u00e1 sempre a op\u00e7\u00e3o de revogar sua permiss\u00e3o para colocar cookies. <\/p>\n\n<p>Se voc\u00ea n\u00e3o quiser receber cookies, pode ajustar as configura\u00e7\u00f5es do seu navegador de Internet para bloquear totalmente o uso de cookies. Neste caso, algumas funcionalidades do nosso site ser\u00e3o desativadas. No entanto, voc\u00ea pode consultar o site para obter informa\u00e7\u00f5es. Voc\u00ea tamb\u00e9m pode ajustar as configura\u00e7\u00f5es do seu navegador de Internet para ser informado pelo seu navegador quando um cookie for colocado.   <\/p>\n\n<p><strong>Cookies de terceiros<\/strong><\/p>\n\n<p>Nosso site tamb\u00e9m permite a coloca\u00e7\u00e3o de cookies de terceiros. Caso outras empresas utilizem cookies, aplicam-se as pol\u00edticas de privacidade e cookies da empresa em quest\u00e3o. <\/p>\n\n<p><strong>Cookies anal\u00edticos<\/strong><\/p>\n\n<p>Podemos usar cookies do Google Analytics para coletar estat\u00edsticas do uso e dos usu\u00e1rios do nosso site. Ao medir o uso de (partes espec\u00edficas do) site, podemos melhorar nosso site para o benef\u00edcio dos usu\u00e1rios. Al\u00e9m disso, usamos essas estat\u00edsticas para medir a quantidade de nossos visitantes e a dura\u00e7\u00e3o da visita de cada visitante, para determinar como os visitantes navegam pelas diferentes p\u00e1ginas do nosso site, para considerar quais se\u00e7\u00f5es do nosso site precisam de ajustes\/devem ser revisadas e para otimizar nosso site em geral.  <\/p>\n\n<p>Os cookies do Analytics nos fornecem as seguintes informa\u00e7\u00f5es\/dados que ser\u00e3o armazenados em nosso sistema de an\u00e1lise da web:<\/p>\n\n<ul class=\"wp-block-list\">\n<li>O endere\u00e7o IP anonimizado;<\/li>\n\n\n\n<li>Fonte de tr\u00e1fego ou campanha que explica como o usu\u00e1rio chegou ao site;<\/li>\n\n\n\n<li>Quais (sub)p\u00e1ginas s\u00e3o visitadas no site;<\/li>\n\n\n\n<li>A dura\u00e7\u00e3o da visita\/uso do site e suas subp\u00e1ginas. Os seguintes cookies de an\u00e1lise usados em nossos sites s\u00e3o: <br\/> <\/li>\n<\/ul>\n\n<figure class=\"wp-block-table\"><table><tbody><tr><td><strong>Nome<\/strong><\/td><td><strong>Descri\u00e7\u00e3o<\/strong><\/td><td><strong>Tempo de expira\u00e7\u00e3o<\/strong><\/td><\/tr><tr><td>_ga<\/td><td>Usado para distinguir usu\u00e1rios.<\/td><td>2 anos<\/td><\/tr><tr><td>_gid<\/td><td>Usado para distinguir usu\u00e1rios.<\/td><td>24 horas<\/td><\/tr><tr><td>_gat_dc_gtm_<property-id><\/property-id><\/td><td>Usado para limitar a taxa de solicita\u00e7\u00e3o.<\/td><td>1 minuto<\/td><\/tr><tr><td>AMP_TOKEN<\/td><td>Usado para recuperar um ID de cliente do servi\u00e7o de ID de cliente AMP. Tamb\u00e9m pode indicar exclus\u00e3o, solicita\u00e7\u00e3o em andamento ou um erro ao recuperar um ID de cliente do servi\u00e7o de ID de cliente AMP <\/td><td>30 segundos a 1 ano<\/td><\/tr><tr><td>_gac_<property-id><\/property-id><\/td><td>Cont\u00e9m informa\u00e7\u00f5es relacionadas \u00e0 campanha para o usu\u00e1rio. Se voc\u00ea vinculou suas contas do Google Analytics e do Google Ads, as tags de convers\u00e3o do site do Google Ads ler\u00e3o este cookie, a menos que voc\u00ea desative. <\/td><td>90 dias<\/td><\/tr><\/tbody><\/table><\/figure>\n\n<p><br\/><strong>Configura\u00e7\u00f5es do navegador<\/strong><\/p>\n\n<p>Se voc\u00ea n\u00e3o quiser que nossos sites armazenem cookies em seu computador, voc\u00ea deve ajustar as configura\u00e7\u00f5es do seu navegador. Voc\u00ea receber\u00e1 um aviso antes que os cookies sejam colocados. Voc\u00ea tamb\u00e9m pode ajustar suas configura\u00e7\u00f5es na medida em que seu navegador recusa todos os cookies ou apenas aqueles de terceiros. Voc\u00ea pode excluir os cookies que foram colocados. Observe que voc\u00ea deve ajustar as configura\u00e7\u00f5es para cada navegador e computador que voc\u00ea usa.    <\/p>\n\n<p>Observe tamb\u00e9m que n\u00e3o podemos garantir que nosso site funcionar\u00e1 corretamente se voc\u00ea n\u00e3o quiser aceitar cookies. Pode ser que algumas fun\u00e7\u00f5es do site sejam perdidas ou que voc\u00ea n\u00e3o veja certas p\u00e1ginas. Al\u00e9m disso, rejeitar cookies neste site n\u00e3o significa que voc\u00ea n\u00e3o ver\u00e1 an\u00fancios relacionados em outras plataformas. Voc\u00ea tem a op\u00e7\u00e3o de desativar a publicidade personalizada do Google. Por favor, visite    <a> <\/a><a href=\"https:\/\/www.google.com\/settings\/ads\" target=\"_blank\" rel=\"noreferrer noopener\">https:\/\/www.google.com\/settings\/ads<\/a> ou para desativar o uso de cookies de um fornecedor terceirizado para publicidade personalizada, visitando <a href=\"http:\/\/www.aboutads.info\/choices\/\" target=\"_blank\" rel=\"noreferrer noopener\">www.aboutads.info<\/a>.<\/p>\n\n<p><br\/><strong>Excluindo cookies<\/strong><\/p>\n\n<p><em>Excluindo cookies no Internet Explorer<\/em><\/p>\n\n<p>V\u00e1 para o menu Extra &gt; Op\u00e7\u00f5es da Internet &gt; Geral. Em Hist\u00f3rico de navega\u00e7\u00e3o, clique em Excluir. Pode ser que voc\u00ea n\u00e3o queira excluir tudo. Apenas certifique-se de que a caixa Cookies esteja marcada e clique em Excluir.   <\/p>\n\n<p><em>Excluindo cookies no Firefox<\/em><\/p>\n\n<p>V\u00e1 para Extra &gt; Op\u00e7\u00f5es &gt; Privacidade. Clique em Excluir seu hist\u00f3rico recente. Em Detalhes, voc\u00ea pode indicar exatamente o que deseja excluir. Em qualquer caso, marque a caixa Cookies. Voc\u00ea tamb\u00e9m pode indicar a idade dos cookies. Em seguida, clique em Tudo.     <\/p>\n\n<p><em>Excluindo cookies no Chrome<\/em><\/p>\n\n<p>Clique no \u00edcone com as 3 linhas no canto superior direito. Clique em Mais ferramentas &gt; Limpar dados de navega\u00e7\u00e3o. Certifique-se de que a caixa &#8220;Excluir cookies e outros dados de sites e plug-ins&#8221; esteja marcada. Voc\u00ea tamb\u00e9m pode indicar a idade dos cookies. Em seguida, clique em Tudo.    <\/p>\n\n<p><em>Excluindo cookies no Safari<\/em><\/p>\n\n<p>Clique no \u00edcone de radar no canto superior direito. Clique em Prefer\u00eancias, v\u00e1 para Privacidade e clique em Remover todos os dados do site. Voc\u00ea tamb\u00e9m pode clicar em Detalhes e remover os dados selecionados.  <\/p>\n\n<p><strong>Perguntas<\/strong><\/p>\n\n<p>Se voc\u00ea tiver d\u00favidas ou reclama\u00e7\u00f5es sobre o uso de cookies pela OIAA, ou gostaria de responder \u00e0 nossa pol\u00edtica de cookies, entre em contato com a OIAA enviando um e-mail para <strong>privacy@aa-intergroup.org<\/strong>.<\/p>\n","protected":false},"excerpt":{"rendered":"<p>Esta pol\u00edtica de cookies foi atualizada pela \u00faltima vez em 14 de junho de 2023. O site da OIAA utiliza cookies para otimizar e melhorar a funcionalidade do nosso site. Como queremos garantir a sua privacidade e melhorar a facilidade de utiliza\u00e7\u00e3o das suas visitas ao nosso site, consideramos importante que saiba como e por<a class=\"excerpt-read-more\" href=\"https:\/\/beta.aa-intergroup.org\/pt-br\/politica-de-cookies\/\" title=\"ReadPol\u00edtica de cookies\">&#8230; Read more &raquo;<\/a><\/p>\n","protected":false},"author":12,"featured_media":0,"parent":0,"menu_order":0,"comment_status":"closed","ping_status":"closed","template":"","meta":{"_acf_changed":false,"_eb_attr":"","footnotes":""},"class_list":["post-17170","page","type-page","status-publish","hentry"],"acf":[],"_links":{"self":[{"href":"https:\/\/beta.aa-intergroup.org\/pt-br\/wp-json\/wp\/v2\/pages\/17170","targetHints":{"allow":["GET"]}}],"collection":[{"href":"https:\/\/beta.aa-intergroup.org\/pt-br\/wp-json\/wp\/v2\/pages"}],"about":[{"href":"https:\/\/beta.aa-intergroup.org\/pt-br\/wp-json\/wp\/v2\/types\/page"}],"author":[{"embeddable":true,"href":"https:\/\/beta.aa-intergroup.org\/pt-br\/wp-json\/wp\/v2\/users\/12"}],"replies":[{"embeddable":true,"href":"https:\/\/beta.aa-intergroup.org\/pt-br\/wp-json\/wp\/v2\/comments?post=17170"}],"version-history":[{"count":1,"href":"https:\/\/beta.aa-intergroup.org\/pt-br\/wp-json\/wp\/v2\/pages\/17170\/revisions"}],"predecessor-version":[{"id":17171,"href":"https:\/\/beta.aa-intergroup.org\/pt-br\/wp-json\/wp\/v2\/pages\/17170\/revisions\/17171"}],"wp:attachment":[{"href":"https:\/\/beta.aa-intergroup.org\/pt-br\/wp-json\/wp\/v2\/media?parent=17170"}],"curies":[{"name":"wp","href":"https:\/\/api.w.org\/{rel}","templated":true}]}}