{"id":17212,"date":"2022-12-19T01:44:54","date_gmt":"2022-12-19T06:44:54","guid":{"rendered":"https:\/\/beta.aa-intergroup.org\/assembleia-do-oiaa-3-de-dezembro-de-2022\/"},"modified":"2025-10-28T07:22:46","modified_gmt":"2025-10-28T11:22:46","slug":"assembleia-do-oiaa-3-de-dezembro-de-2022","status":"publish","type":"page","link":"https:\/\/beta.aa-intergroup.org\/pt-br\/assembleia-do-oiaa-3-de-dezembro-de-2022\/","title":{"rendered":"Assembleia do OIAA, 3 de dezembro de 2022"},"content":{"rendered":"\n<h5 class=\"wp-block-heading\"><strong>P\u00e1gina de arquivo da assembleia do OIAA de 3 de dezembro de 2022<\/strong><\/h5>\n\n<div style=\"height:40px\" aria-hidden=\"true\" class=\"wp-block-spacer\"><\/div>\n\n<h4 class=\"wp-block-heading\">An\u00fancio da assembleia<\/h4>\n\n<ul class=\"wp-block-list\">\n<li><a href=\"https:\/\/beta.aa-intergroup.org\/documents\/announcement\/\">An\u00fancio da assembleia<\/a><\/li>\n\n\n\n<li>Copie esta mensagem e link no chat da sua reuni\u00e3o\n<ul class=\"wp-block-list\">\n<li>Reuni\u00e3o da Assembleia Geral &#8211; 3 de dezembro de 2022: https:\/\/beta.aa-intergroup.org\/general-assembly<\/li>\n<\/ul>\n<\/li>\n<\/ul>\n\n<h4 class=\"wp-block-heading\" id=\"assembly-agenda\">Agenda da assembleia<\/h4>\n\n<ul class=\"wp-block-list\">\n<li><a href=\"https:\/\/beta.aa-intergroup.org\/documents\/oiaa-general-annual-assembly-agenda-december-3-2022\/\">A pauta da assembleia de 3 de dezembro de 2022<\/a><\/li>\n\n\n\n<li><a href=\"https:\/\/beta.aa-intergroup.org\/documents\/a-note-from-the-chair\/\">Nota da presid\u00eancia<\/a>\n<ul class=\"wp-block-list\">\n<li>As <a href=\"https:\/\/beta.aa-intergroup.org\/documents\/minutes-from-the-oiaa-september-10-2022-assembly\/\">atas da Assembleia do OIAA de 10 de setembro de 2022<\/a> ser\u00e3o votadas na assembleia. Leia e revise antes da assembleia. <\/li>\n<\/ul>\n<\/li>\n<\/ul>\n\n<h4 class=\"wp-block-heading\">Elei\u00e7\u00e3o dos oficiais do OIAA<\/h4>\n\n<p>Incentivamos todos os qualificados a se candidatarem. Os cargos de oficiais a serem eleitos s\u00e3o: Presidente, Vice-Presidente, Secret\u00e1rio, Tesoureiro, Presidente de Finan\u00e7as e Presidente de Tecnologia.  <\/p>\n\n<p>Qualquer pessoa que tenha servido em um cargo de servi\u00e7o do OIAA \u00e9 eleg\u00edvel para servir como Oficial Intergrupal. Nenhuma pessoa pode ocupar mais de um cargo Intergrupal por vez, nem qualquer Oficial pode servir simultaneamente como Alternativo. Nenhum oficial pode servir simultaneamente como um IGR. Todos os Oficiais devem ter pelo menos dezoito (18) anos de idade.   <\/p>\n\n<ul class=\"wp-block-list\">\n<li><a href=\"https:\/\/beta.aa-intergroup.org\/documents\/qualifications\/\">Descri\u00e7\u00f5es e qualifica\u00e7\u00f5es <\/a><\/li>\n\n\n\n<li><a href=\"https:\/\/beta.aa-intergroup.org\/documents\/resume-presentation-page\/\">Roteiro para apresenta\u00e7\u00e3o de curr\u00edculo<\/a> Este formato n\u00e3o \u00e9 obrigat\u00f3rio; mas \u00e9 fornecido como uma ferramenta \u00fatil.<\/li>\n<\/ul>\n\n<h4 class=\"wp-block-heading\">Procedimento eleitoral<\/h4>\n\n<p>Os membros votantes eleger\u00e3o os oficiais a serem eleitos.<\/p>\n\n<ul class=\"wp-block-list\">\n<li><a href=\"https:\/\/beta.aa-intergroup.org\/documents\/third-legacy-pdfs\/\">O terceiro procedimento legado<\/a><\/li>\n\n\n\n<li><a href=\"https:\/\/beta.aa-intergroup.org\/documents\/summary-of-motion-procedures-to-be-used-at-the-assembly\/\">Resumo das mo\u00e7\u00f5es<\/a><\/li>\n<\/ul>\n\n<h4 class=\"wp-block-heading\" id=\"budget\">Or\u00e7amento de 2023 <\/h4>\n\n<ul class=\"wp-block-list\">\n<li><a href=\"https:\/\/beta.aa-intergroup.org\/documents\/note-from-the-oiaa-treasurer-and-oiaa-finance-committee-chair\/\">Nota do Tesoureiro do OIAA e do presidente do comit\u00ea de finan\u00e7as do OIAA<\/a><\/li>\n\n\n\n<li><a href=\"https:\/\/beta.aa-intergroup.org\/documents\/proposed-budget-and-operating-statement\/\">O or\u00e7amento operacional do OIAA de 2023<\/a> ser\u00e1 votado na assembleia. Leia e revise antes da assembleia. <\/li>\n<\/ul>\n","protected":false},"excerpt":{"rendered":"<p>P\u00e1gina de arquivo da assembleia do OIAA de 3 de dezembro de 2022 An\u00fancio da assembleia Agenda da assembleia Elei\u00e7\u00e3o dos oficiais do OIAA Incentivamos todos os qualificados a se candidatarem. Os cargos de oficiais a serem eleitos s\u00e3o: Presidente, Vice-Presidente, Secret\u00e1rio, Tesoureiro, Presidente de Finan\u00e7as e Presidente de Tecnologia. Qualquer pessoa que tenha servido<a class=\"excerpt-read-more\" href=\"https:\/\/beta.aa-intergroup.org\/pt-br\/assembleia-do-oiaa-3-de-dezembro-de-2022\/\" title=\"ReadAssembleia do OIAA, 3 de dezembro de 2022\">&#8230; Read more &raquo;<\/a><\/p>\n","protected":false},"author":12,"featured_media":0,"parent":0,"menu_order":0,"comment_status":"closed","ping_status":"closed","template":"","meta":{"_acf_changed":false,"_eb_attr":"","footnotes":""},"class_list":["post-17212","page","type-page","status-publish","hentry"],"acf":[],"_links":{"self":[{"href":"https:\/\/beta.aa-intergroup.org\/pt-br\/wp-json\/wp\/v2\/pages\/17212","targetHints":{"allow":["GET"]}}],"collection":[{"href":"https:\/\/beta.aa-intergroup.org\/pt-br\/wp-json\/wp\/v2\/pages"}],"about":[{"href":"https:\/\/beta.aa-intergroup.org\/pt-br\/wp-json\/wp\/v2\/types\/page"}],"author":[{"embeddable":true,"href":"https:\/\/beta.aa-intergroup.org\/pt-br\/wp-json\/wp\/v2\/users\/12"}],"replies":[{"embeddable":true,"href":"https:\/\/beta.aa-intergroup.org\/pt-br\/wp-json\/wp\/v2\/comments?post=17212"}],"version-history":[{"count":1,"href":"https:\/\/beta.aa-intergroup.org\/pt-br\/wp-json\/wp\/v2\/pages\/17212\/revisions"}],"predecessor-version":[{"id":17213,"href":"https:\/\/beta.aa-intergroup.org\/pt-br\/wp-json\/wp\/v2\/pages\/17212\/revisions\/17213"}],"wp:attachment":[{"href":"https:\/\/beta.aa-intergroup.org\/pt-br\/wp-json\/wp\/v2\/media?parent=17212"}],"curies":[{"name":"wp","href":"https:\/\/api.w.org\/{rel}","templated":true}]}}