{"id":17343,"date":"2022-10-19T06:51:27","date_gmt":"2022-10-19T10:51:27","guid":{"rendered":"https:\/\/beta.aa-intergroup.org\/assembleias-da-oiaa\/"},"modified":"2025-11-20T19:40:01","modified_gmt":"2025-11-21T00:40:01","slug":"assembleias-da-oiaa","status":"publish","type":"page","link":"https:\/\/beta.aa-intergroup.org\/pt-br\/assembleias-da-oiaa\/","title":{"rendered":"Assembleias da OIAA"},"content":{"rendered":"\n<p>Realizadas no terceiro s\u00e1bado do \u00faltimo m\u00eas de cada trimestre.<\/p>\n\n<p>Se voc\u00ea tiver um item que gostaria de incluir na agenda da Assembleia Geral, envie um e-mail para <strong>OIAA.Board@aa-intergroup.org<\/strong> e ele ser\u00e1 analisado pelo Coordenador da OIAA. Os links ficar\u00e3o ativos conforme os documentos forem adicionados.  <\/p>\n\n<h3 class=\"wp-block-heading\">2025<\/h3>\n\n<ul class=\"wp-block-list\">\n<li><a href=\"https:\/\/beta.aa-intergroup.org\/pt-br\/assembleia-do-oiaa-15-de-marco-de-2025\/\" data-type=\"link\" data-id=\"https:\/\/beta.aa-intergroup.org\/oiaa-assembly-15-march-2025\/\">Assembleia do OIAA, 15 de mar\u00e7o de 2025<\/a><\/li>\n\n\n\n<li><a href=\"https:\/\/beta.aa-intergroup.org\/pt-br\/assembleia-oiaa-21-de-junho-de-2025\/\">Assembleia OIAA 21 de junho de 2025<\/a><\/li>\n\n\n\n<li><a href=\"https:\/\/beta.aa-intergroup.org\/pt-br\/assembleia-da-oiaa-20-de-setembro-de-2025\/\" data-type=\"link\" data-id=\"https:\/\/beta.aa-intergroup.org\/oiaa-assembly-20-september-2025\/\">Assembleia da OIAA 20 de setembro de 2025<\/a><\/li>\n\n\n\n<li class=\"has-medium-font-size\"><a href=\"https:\/\/beta.aa-intergroup.org\/pt-br\/documents\/assembleia-da-oiaa-20-de-dezembro-de-2025\/\" data-type=\"link\" data-id=\"https:\/\/beta.aa-intergroup.org\/documents\/oiaa-assembly-20-december-2025\/\"><strong>Assembleia da OIAA 20 de dezembro de 2025<\/strong><\/a><\/li>\n<\/ul>\n\n<h3 class=\"wp-block-heading\">2024<\/h3>\n\n<ul class=\"wp-block-list\">\n<li><a href=\"https:\/\/beta.aa-intergroup.org\/pt-br\/assembleia-da-oiaa-16-de-marco-de-2024\/\">Assembleia da OIAA 16 de mar\u00e7o de 2024<\/a><\/li>\n\n\n\n<li><a href=\"https:\/\/beta.aa-intergroup.org\/pt-br\/assembleia-do-oiaa-15-de-junho-de-2024\/\" data-type=\"link\" data-id=\"https:\/\/beta.aa-intergroup.org\/oiaa-assembly-15-june-2024\/\">Assembleia do OIAA, 15 de junho de 2024<\/a><\/li>\n\n\n\n<li><a href=\"https:\/\/beta.aa-intergroup.org\/pt-br\/assembleia-da-oiaa-21-de-setembro-de-2024\/\" data-type=\"link\" data-id=\"https:\/\/beta.aa-intergroup.org\/oiaa-assembly-21-september-2024\/\">Assembleia da OIAA, 21 de setembro de 2024<\/a><\/li>\n\n\n\n<li><a href=\"https:\/\/beta.aa-intergroup.org\/pt-br\/documents\/assembleia-da-oiaa-21-de-dezembro-de-2024\/\" data-type=\"link\" data-id=\"https:\/\/beta.aa-intergroup.org\/documents\/oiaa-assembly-21-december-2024\/\">Assembleia da OIAA 21 de dezembro de 2024<\/a><\/li>\n<\/ul>\n\n<h3 class=\"wp-block-heading\">2023<\/h3>\n\n<ul class=\"wp-block-list\">\n<li><a href=\"https:\/\/beta.aa-intergroup.org\/pt-br\/assembleia-da-oiaa-18-de-marco-de-2023\/\">Assembleia OIAA 18 de mar\u00e7o de 2023  <\/a> <\/li>\n\n\n\n<li><a href=\"https:\/\/beta.aa-intergroup.org\/pt-br\/assembleia-da-oiaa-17-de-junho-de-2023\/\">Assembleia da OIAA 17 de junho de 2023<\/a> <\/li>\n\n\n\n<li><a href=\"https:\/\/beta.aa-intergroup.org\/pt-br\/assembleia-da-oiaa-de-29-de-julho-de-2023\/\">Assembleia da OIAA de 29 de julho de 2023<\/a><\/li>\n\n\n\n<li><a href=\"https:\/\/beta.aa-intergroup.org\/pt-br\/assembleia-oiaa-16-de-setembro-de-2023\/\">Assembleia OIAA 16 de setembro de 2023<\/a><\/li>\n\n\n\n<li><a href=\"https:\/\/beta.aa-intergroup.org\/pt-br\/assembleia-oiaa-16-de-dezembro-de-2023\/\">Assembleia OIAA 16 de dezembro de 2023<\/a><\/li>\n<\/ul>\n\n<h3 class=\"wp-block-heading\">2022<\/h3>\n\n<ul class=\"wp-block-list\">\n<li><a href=\"https:\/\/beta.aa-intergroup.org\/pt-br\/assembleia-oiaa-10-de-setembro-de-2022\/\" data-type=\"page\">Assembleia OIAA 10 de setembro de 2022<\/a><\/li>\n\n\n\n<li><a href=\"https:\/\/beta.aa-intergroup.org\/pt-br\/assembleia-do-oiaa-3-de-dezembro-de-2022\/\" data-type=\"page\">Assembleia do OIAA, 3 de dezembro de 2022<\/a><\/li>\n<\/ul>\n\n<p><\/p>\n","protected":false},"excerpt":{"rendered":"<p>Realizadas no terceiro s\u00e1bado do \u00faltimo m\u00eas de cada trimestre. Se voc\u00ea tiver um item que gostaria de incluir na agenda da Assembleia Geral, envie um e-mail para OIAA.Board@aa-intergroup.org e ele ser\u00e1 analisado pelo Coordenador da OIAA. Os links ficar\u00e3o ativos conforme os documentos forem adicionados. 2025 2024 2023 2022<\/p>\n","protected":false},"author":12,"featured_media":0,"parent":0,"menu_order":0,"comment_status":"closed","ping_status":"closed","template":"","meta":{"_acf_changed":false,"_eb_attr":"","footnotes":""},"class_list":["post-17343","page","type-page","status-publish","hentry"],"acf":[],"_links":{"self":[{"href":"https:\/\/beta.aa-intergroup.org\/pt-br\/wp-json\/wp\/v2\/pages\/17343","targetHints":{"allow":["GET"]}}],"collection":[{"href":"https:\/\/beta.aa-intergroup.org\/pt-br\/wp-json\/wp\/v2\/pages"}],"about":[{"href":"https:\/\/beta.aa-intergroup.org\/pt-br\/wp-json\/wp\/v2\/types\/page"}],"author":[{"embeddable":true,"href":"https:\/\/beta.aa-intergroup.org\/pt-br\/wp-json\/wp\/v2\/users\/12"}],"replies":[{"embeddable":true,"href":"https:\/\/beta.aa-intergroup.org\/pt-br\/wp-json\/wp\/v2\/comments?post=17343"}],"version-history":[{"count":3,"href":"https:\/\/beta.aa-intergroup.org\/pt-br\/wp-json\/wp\/v2\/pages\/17343\/revisions"}],"predecessor-version":[{"id":41403,"href":"https:\/\/beta.aa-intergroup.org\/pt-br\/wp-json\/wp\/v2\/pages\/17343\/revisions\/41403"}],"wp:attachment":[{"href":"https:\/\/beta.aa-intergroup.org\/pt-br\/wp-json\/wp\/v2\/media?parent=17343"}],"curies":[{"name":"wp","href":"https:\/\/api.w.org\/{rel}","templated":true}]}}