{"id":17375,"date":"2024-06-01T00:01:00","date_gmt":"2024-06-01T04:01:00","guid":{"rendered":"https:\/\/beta.aa-intergroup.org\/1a-convencao-internacional-online-da-oiaa\/"},"modified":"2025-10-28T07:39:09","modified_gmt":"2025-10-28T11:39:09","slug":"1a-convencao-internacional-online-da-oiaa","status":"publish","type":"page","link":"https:\/\/beta.aa-intergroup.org\/pt-br\/1a-convencao-internacional-online-da-oiaa\/","title":{"rendered":"1\u00aa conven\u00e7\u00e3o internacional online da OIAA"},"content":{"rendered":"\n<div class=\"wp-block-cover\"><img loading=\"lazy\" decoding=\"async\" width=\"1018\" height=\"1012\" class=\"wp-block-cover__image-background wp-image-9317\" alt=\"\" src=\"https:\/\/beta.aa-intergroup.org\/wp-content\/uploads\/2024\/03\/OIAA-View-from-space-Square.png\" data-object-fit=\"cover\" srcset=\"https:\/\/beta.aa-intergroup.org\/wp-content\/uploads\/2024\/03\/OIAA-View-from-space-Square.png 1018w, https:\/\/beta.aa-intergroup.org\/wp-content\/uploads\/2024\/03\/OIAA-View-from-space-Square-300x298.png 300w, https:\/\/beta.aa-intergroup.org\/wp-content\/uploads\/2024\/03\/OIAA-View-from-space-Square-150x150.png 150w, https:\/\/beta.aa-intergroup.org\/wp-content\/uploads\/2024\/03\/OIAA-View-from-space-Square-768x763.png 768w, https:\/\/beta.aa-intergroup.org\/wp-content\/uploads\/2024\/03\/OIAA-View-from-space-Square-125x125.png 125w\" sizes=\"auto, (max-width: 1018px) 100vw, 1018px\" \/><span aria-hidden=\"true\" class=\"wp-block-cover__background has-background-dim\"><\/span><div class=\"wp-block-cover__inner-container is-layout-constrained wp-block-cover-is-layout-constrained\">\n<div style=\"height:50px\" aria-hidden=\"true\" class=\"wp-block-spacer\"><\/div>\n\n\n\n<p><\/p>\n\n\n\n<h3 class=\"wp-block-heading has-text-align-center has-white-color has-text-color has-link-color has-medium-font-size wp-elements-9e1be55b128c9003b9e299773eebbe1e\">Obrigado pela sua participa\u00e7\u00e3o na nossa  <\/h3>\n\n\n\n<div style=\"height:12px\" aria-hidden=\"true\" class=\"wp-block-spacer\"><\/div>\n\n\n\n<p class=\"has-text-align-center has-white-color has-text-color has-link-color has-x-large-font-size wp-elements-7920e4e72318f2e855b5d3a6e0e571d8\"><strong>1\u00aa conven\u00e7\u00e3o internacional da OIAA<\/strong><br\/>25-27 de outubro de 2024<\/p>\n\n\n\n<div class=\"wp-block-essential-blocks-button root-eb-button-him5r\"><div class=\"eb-parent-wrapper eb-parent-eb-button-him5r \"><div class=\"eb-button-wrapper eb-button-alignment eb-button-him5r\"><div class=\"eb-button\"><div class=\"eb-button-inner-wrapper \"><a class=\"eb-button-anchor hvr-grow \" href=\"https:\/\/beta.aa-intergroup.org\/pt-br\/memorias-da-1a-convencao-internacional-da-oiaa\/\" rel=\"noopener\">Mem\u00f3rias da conven\u00e7\u00e3o<\/a><\/div><\/div><\/div><\/div><\/div>\n\n\n\n<div style=\"height:50px\" aria-hidden=\"true\" class=\"wp-block-spacer\"><\/div>\n\n\n\n<h4 class=\"wp-block-heading has-text-align-center\">Muito obrigado por se juntar a n\u00f3s nesta nossa viagem virtual pelo mundo, celebrando<br\/>Alco\u00f3licos An\u00f4nimos e a linguagem universal do cora\u00e7\u00e3o.<\/h4>\n\n\n\n<h5 class=\"wp-block-heading has-text-align-center has-white-color has-text-color has-link-color wp-elements-052ea586ad50d6ce4cc59eda8f0769e7\"><strong>Um evento global de tr\u00eas dias<\/strong> <strong>com cada dia destacando uma zona global diferente <\/strong> <\/h5>\n\n\n\n<h5 class=\"wp-block-heading has-text-align-center has-white-color has-text-color has-link-color wp-elements-2905ebf356018c3998ebd1d9dfe452fd\"><strong>Dia 1 \u2013 \u00c1sia, Oceania<br\/><\/strong><strong>Dia 2 \u2013 Am\u00e9rica do Norte e do Sul<br\/><\/strong><strong>Dia 3 \u2013 Europa, \u00c1frica, \u00c1sia<\/strong><\/h5>\n\n\n\n<div style=\"height:38px\" aria-hidden=\"true\" class=\"wp-block-spacer\"><\/div>\n\n\n\n<h5 class=\"wp-block-heading has-text-align-center has-white-color has-text-color has-link-color wp-elements-137f62cef29d4c222f675a7023ea6af4\"><strong>mais de 50 grupos de 18 pa\u00edses \u00fanicos servindo como anfitri\u00f5es de reuni\u00f5es<\/strong><\/h5>\n\n\n\n<h5 class=\"wp-block-heading has-text-align-center has-white-color has-text-color has-link-color wp-elements-bbe6727d09612f4bf86872e13e1da155\"><strong>4 salas de confer\u00eancia virtuais  <\/strong><\/h5>\n\n\n\n<h5 class=\"wp-block-heading has-text-align-center has-white-color has-text-color has-link-color wp-elements-457c1e837893814dc847dbbf34ab8d2f\"><strong>mais de 70 reuni\u00f5es internacionais de AA para participar\u2026<\/strong><\/h5>\n\n\n\n<h5 class=\"wp-block-heading has-text-align-center has-white-color has-text-color has-link-color wp-elements-1601aea10ee8b89b7f5fa7b6667a01fd\"><strong>tudo a partir do Centro de Conven\u00e7\u00f5es virtual da OIAA<\/strong><\/h5>\n\n\n\n<p class=\"has-text-align-center\">convention2024@aa-intergroup.org<\/p>\n<\/div><\/div>\n\n<div style=\"height:20px\" aria-hidden=\"true\" class=\"wp-block-spacer\"><\/div>\n\n<div style=\"height:16px\" aria-hidden=\"true\" class=\"wp-block-spacer\"><\/div>\n\n<h3 class=\"wp-block-heading has-text-align-center\"><a href=\"https:\/\/beta.aa-intergroup.org\/documents\/oiaa-convention-faq\/\" data-type=\"link\" data-id=\"https:\/\/beta.aa-intergroup.org\/documents\/oiaa-convention-faq\/\"><strong>Perguntas Frequentes da Conven\u00e7\u00e3o<\/strong><\/a><\/h3>\n\n<div style=\"height:26px\" aria-hidden=\"true\" class=\"wp-block-spacer\"><\/div>\n\n<h3 class=\"wp-block-heading has-text-align-center\"><strong><a href=\"https:\/\/beta.aa-intergroup.org\/documents\/zoom-how-to-information\/\" data-type=\"link\" data-id=\"https:\/\/beta.aa-intergroup.org\/documents\/zoom-how-to-information\/\">Instru\u00e7\u00f5es \u201cComo fazer\u201d para o Zoom<\/a><\/strong><\/h3>\n\n<div style=\"height:26px\" aria-hidden=\"true\" class=\"wp-block-spacer\"><\/div>\n\n<div class=\"wp-block-cover is-light has-parallax\"><div class=\"wp-block-cover__image-background wp-image-9316 has-parallax\" style=\"background-position:50% 50%;background-image:url(https:\/\/beta.aa-intergroup.org\/wp-content\/uploads\/2024\/03\/OIAA-AIRPLANE-RECTANGLE.png)\"><\/div><span aria-hidden=\"true\" class=\"wp-block-cover__background has-white-background-color has-background-dim-80 has-background-dim\"><\/span><div class=\"wp-block-cover__inner-container is-layout-constrained wp-block-cover-is-layout-constrained\">\n<h2 class=\"wp-block-heading\">1\u00aa Conven\u00e7\u00e3o Internacional da OIAA<br\/>25-27 de outubro de 2024<\/h2>\n\n\n\n<h3 class=\"wp-block-heading\"><strong>Dia 1 \u2013 \u00c1sia, Oceania  <\/strong><\/h3>\n\n\n\n<p><strong>Hora de in\u00edcio local para a zona global UTC: <\/strong><br\/><strong>S\u00c1BADO, 26 de outubro, 9:00 &#8211; 16:00 Auckland, NZ &#8211; NZDT<\/strong><br\/><strong><mark style=\"background-color:rgba(0, 0, 0, 0)\" class=\"has-inline-color has-vivid-red-color\">(*SEXTA-FEIRA, 25 de outubro, 16:00 &#8211; 23:00 New York EDT)<\/mark><\/strong><\/p>\n\n\n\n<p><strong><u>Destinos:<\/u> Nova Zel\u00e2ndia, Austr\u00e1lia, Col\u00f4mbia, S\u00e9rvia, EUA, Alemanha, Argentina<\/strong><\/p>\n\n\n\n<div class=\"wp-block-buttons is-layout-flex wp-block-buttons-is-layout-flex\">\n<div class=\"wp-block-button has-custom-width wp-block-button__width-25\"><a class=\"wp-block-button__link has-background has-small-font-size has-custom-font-size wp-element-button\" href=\"https:\/\/beta.aa-intergroup.org\/documents\/2024-oiaa-program-day-1-yellow-room\/\" style=\"background-color:#6ec1e4\">Ver agenda do Dia 1<br\/>amarelo<\/a><\/div>\n\n\n\n<div class=\"wp-block-button has-custom-width wp-block-button__width-25\"><a class=\"wp-block-button__link has-background has-small-font-size has-custom-font-size wp-element-button\" href=\"https:\/\/beta.aa-intergroup.org\/documents\/2024-oiaa-program-day-1-orange-blue-green-rooms\/\" style=\"background-color:#6ec1e4\">Ver agenda do Dia 1<br\/>Laranja, Azul, Verde<\/a><\/div>\n<\/div>\n\n\n\n<p><\/p>\n\n\n\n<div style=\"height:36px\" aria-hidden=\"true\" class=\"wp-block-spacer\"><\/div>\n\n\n\n<h3 class=\"wp-block-heading\"><strong>Dia 2 \u2013 Am\u00e9rica do Norte e do Sul<\/strong><\/h3>\n\n\n\n<p><strong>Hora de in\u00edcio local para a zona global UTC:<\/strong><br\/><strong>S\u00c1BADO, 26 de outubro, 10:00 &#8211; 17:00 Chicago, EUA &#8211; CDT<\/strong><br\/><strong><mark style=\"background-color:rgba(0, 0, 0, 0)\" class=\"has-inline-color has-vivid-red-color\">(*S\u00c1BADO, 26 de outubro, 11:00 &#8211; 18:00 New York EDT)<\/mark><\/strong><\/p>\n\n\n\n<p><strong>Destinos: Brasil, Canad\u00e1, Quebec, Ir\u00e3, M\u00e9xico, EUA<\/strong><\/p>\n\n\n\n<div class=\"wp-block-buttons is-layout-flex wp-block-buttons-is-layout-flex\">\n<div class=\"wp-block-button has-custom-width wp-block-button__width-25\"><a class=\"wp-block-button__link has-background has-small-font-size has-custom-font-size wp-element-button\" href=\"https:\/\/beta.aa-intergroup.org\/documents\/2024-oiaa-program-day-2\/\" style=\"background-color:#6ec1e4\">Ver agenda do Dia 2<\/a><\/div>\n<\/div>\n\n\n\n<p><\/p>\n\n\n\n<div style=\"height:36px\" aria-hidden=\"true\" class=\"wp-block-spacer\"><\/div>\n\n\n\n<h3 class=\"wp-block-heading\"><strong>Dia 3 \u2013 Europa, \u00c1frica, \u00c1sia<\/strong><\/h3>\n\n\n\n<p><strong>Hora de in\u00edcio local para a zona global UTC:<\/strong><br\/><strong>DOMINGO, 27 de outubro, 11:00 &#8211; 18:00 Moscou, R\u00fassia &#8211; MSK<\/strong><br\/><strong><mark style=\"background-color:rgba(0, 0, 0, 0)\" class=\"has-inline-color has-vivid-red-color\">(*DOMINGO, 27 de outubro, 4:00 &#8211; 11:00 New York EDT)<\/mark><\/strong><\/p>\n\n\n\n<p><strong>Destinos: Espanha, China, Inglaterra, Esc\u00f3cia, Canad\u00e1, \u00cdndia, EUA, Nig\u00e9ria, Fran\u00e7a, Quebec,<br\/>EUA, Qu\u00eania, Brasil, Portugal, Ilhas Virgens<\/strong><\/p>\n\n\n\n<div class=\"wp-block-buttons is-layout-flex wp-block-buttons-is-layout-flex\">\n<div class=\"wp-block-button has-custom-width wp-block-button__width-25\"><a class=\"wp-block-button__link has-background has-small-font-size has-custom-font-size wp-element-button\" href=\"https:\/\/beta.aa-intergroup.org\/documents\/2024-oiaa-program-day-3\/\" style=\"background-color:#6ec1e4\">Ver agenda do Dia 3<\/a><\/div>\n<\/div>\n\n\n\n<p><\/p>\n\n\n\n<div style=\"height:36px\" aria-hidden=\"true\" class=\"wp-block-spacer\"><\/div>\n<\/div><\/div>\n\n<div style=\"height:622px\" aria-hidden=\"true\" class=\"wp-block-spacer\"><\/div>\n\n<h2 class=\"wp-block-heading\">Not\u00edcias &amp; atualiza\u00e7\u00f5es da conven\u00e7\u00e3o<\/h2>\n            <div class=\"news-title\">\n                <a href=\"https:\/\/beta.aa-intergroup.org\/pt-br\/updates\/prepara-te-lista-de-verificacao-tech-cha\/\">Get Ready: Tech + Tea Checklist<\/a>\n            <\/div>\n            <div class=\"news-body\">\n                \ud83d\udcbb Prepara-te: Lista de Verifica\u00e7\u00e3o Tech + Ch\u00e1 - OIAA2025 Conven\u00e7\u00e3o Internacional Online, 14-16 novembro 2025 \ud83d\uddd3\ufe0fFaltam menos de duas semanas! Vamos garantir que a tua configura\u00e7\u00e3o est\u00e1 t\u00e3o pronta quanto o teu esp\u00edrito. \u2714\ufe0fTesta a tua internet \u2714\ufe0fMarca o link da programa\u00e7\u00e3o nos favoritos&hellip;                    <a href=\"https:\/\/beta.aa-intergroup.org\/pt-br\/updates\/prepara-te-lista-de-verificacao-tech-cha\/\">... Read More<\/a>\n                    <hr \/>\n                                <\/div>\n                        <div class=\"news-title\">\n                <a href=\"https:\/\/beta.aa-intergroup.org\/pt-br\/updates\/convencao-internacional-oiaa2025-nossa-nova-e-melhorada-suite-de-hospitalidade\/\">Conven\u00e7\u00e3o internacional OIAA2025 &#8211; nossa nova e melhorada su\u00edte de hospitalidade<\/a>\n            <\/div>\n            <div class=\"news-body\">\n                Com menos de oito semanas para o evento, n\u00e3o pod\u00edamos esperar para compartilhar algumas not\u00edcias emocionantes contigo \u2014 este ano, nossa Su\u00edte de Hospitalidade estar\u00e1 aberta durante toda a dura\u00e7\u00e3o da conven\u00e7\u00e3o. Junta-te a n\u00f3s para divers\u00e3o e jogos, m\u00fasica, v\u00eddeos ou apenas para confraterniza\u00e7\u00e3o.&hellip;                    <a href=\"https:\/\/beta.aa-intergroup.org\/pt-br\/updates\/convencao-internacional-oiaa2025-nossa-nova-e-melhorada-suite-de-hospitalidade\/\">... Read More<\/a>\n                    <hr \/>\n                                <\/div>\n                        <div class=\"news-title\">\n                <a href=\"https:\/\/beta.aa-intergroup.org\/pt-br\/updates\/oiaa2025-ja-quase-1000-inscricoes\/\">OIAA2025 &#8211; j\u00e1 quase 1000 inscri\u00e7\u00f5es!<\/a>\n            <\/div>\n            <div class=\"news-body\">\n                Quase 1000 membros de A.A. j\u00e1 se inscreveram para a nossa 2\u00aa Conven\u00e7\u00e3o Online OIAA2025 da China, Jap\u00e3o, Quebec, EUA, Canad\u00e1, Fran\u00e7a, B\u00e9lgica, Portugal, Espanha, It\u00e1lia, \u00c1frica do Sul, Kuwait, Marrocos, Noruega, Isl\u00e2ndia, Austr\u00e1lia, Nova Zel\u00e2ndia, Qu\u00eania, Irlanda, Esc\u00f3cia, Reino Unido, It\u00e1lia, Ir\u00e3, Turquia, Pol\u00f4nia,&hellip;                    <a href=\"https:\/\/beta.aa-intergroup.org\/pt-br\/updates\/oiaa2025-ja-quase-1000-inscricoes\/\">... Read More<\/a>\n                    <hr \/>\n                                <\/div>\n            \n","protected":false},"excerpt":{"rendered":"<p>Perguntas Frequentes da Conven\u00e7\u00e3o Instru\u00e7\u00f5es \u201cComo fazer\u201d para o Zoom Not\u00edcias &amp; atualiza\u00e7\u00f5es da conven\u00e7\u00e3o<\/p>\n","protected":false},"author":153,"featured_media":0,"parent":0,"menu_order":0,"comment_status":"closed","ping_status":"closed","template":"","meta":{"_acf_changed":false,"_eb_attr":"","footnotes":""},"class_list":["post-17375","page","type-page","status-publish","hentry"],"acf":[],"_links":{"self":[{"href":"https:\/\/beta.aa-intergroup.org\/pt-br\/wp-json\/wp\/v2\/pages\/17375","targetHints":{"allow":["GET"]}}],"collection":[{"href":"https:\/\/beta.aa-intergroup.org\/pt-br\/wp-json\/wp\/v2\/pages"}],"about":[{"href":"https:\/\/beta.aa-intergroup.org\/pt-br\/wp-json\/wp\/v2\/types\/page"}],"author":[{"embeddable":true,"href":"https:\/\/beta.aa-intergroup.org\/pt-br\/wp-json\/wp\/v2\/users\/153"}],"replies":[{"embeddable":true,"href":"https:\/\/beta.aa-intergroup.org\/pt-br\/wp-json\/wp\/v2\/comments?post=17375"}],"version-history":[{"count":1,"href":"https:\/\/beta.aa-intergroup.org\/pt-br\/wp-json\/wp\/v2\/pages\/17375\/revisions"}],"predecessor-version":[{"id":17377,"href":"https:\/\/beta.aa-intergroup.org\/pt-br\/wp-json\/wp\/v2\/pages\/17375\/revisions\/17377"}],"wp:attachment":[{"href":"https:\/\/beta.aa-intergroup.org\/pt-br\/wp-json\/wp\/v2\/media?parent=17375"}],"curies":[{"name":"wp","href":"https:\/\/api.w.org\/{rel}","templated":true}]}}