{"id":17458,"date":"2020-03-10T23:54:03","date_gmt":"2020-03-11T03:54:03","guid":{"rendered":"https:\/\/beta.aa-intergroup.org\/anonimato\/"},"modified":"2025-10-28T07:39:31","modified_gmt":"2025-10-28T11:39:31","slug":"anonimato","status":"publish","type":"page","link":"https:\/\/beta.aa-intergroup.org\/pt-br\/anonimato\/","title":{"rendered":"Anonimato"},"content":{"rendered":"<blockquote>\n<p>Nossa pol\u00edtica de rela\u00e7\u00f5es p\u00fablicas \u00e9 baseada na atra\u00e7\u00e3o em vez da promo\u00e7\u00e3o; precisamos sempre manter o anonimato pessoal no n\u00edvel da imprensa, r\u00e1dio, [TV] e filmes.<\/p>\n<p>Assim, pedimos respeitosamente que nenhum orador de A.A. \u2014 ou, de fato, qualquer membro de A.A. \u2014 seja identificado pelo nome completo em relat\u00f3rios publicados ou transmitidos de nossas reuni\u00f5es. ..<\/p>\n<p>A garantia de anonimato \u00e9 essencial em nosso esfor\u00e7o para ajudar outros alco\u00f3licos que possam desejar compartilhar nosso programa de recupera\u00e7\u00e3o conosco. E nossa Tradi\u00e7\u00e3o de anonimato nos lembra que os princ\u00edpios de A.A. v\u00eam antes das personalidades. <\/p>\n<p><em>Direitos autorais A.A. World Services, Inc. Reproduzido com permiss\u00e3o. <\/em><\/p>\n<\/blockquote>\n<h3> <\/h3>\n<h3 class=\"txtBig\">OIAA e anonimato no n\u00edvel p\u00fablico (13.04.25)<\/h3>\n<p><strong>Introdu\u00e7\u00e3o<\/strong><\/p>\n<p>Alco\u00f3licos An\u00f4nimos tem uma longa tradi\u00e7\u00e3o de promover o anonimato, conforme descrito nas 12 Tradi\u00e7\u00f5es. Este princ\u00edpio de anonimato serve como base para manter um senso de igualdade e seguran\u00e7a, bem como nos permitir focar no prop\u00f3sito primordial da recupera\u00e7\u00e3o. Como bem sabemos, com o crescimento de reuni\u00f5es online e intera\u00e7\u00f5es em plataformas de m\u00eddia social e sites, \u00e9 imperativo que abordemos como esses princ\u00edpios espirituais sugeridos podem ser reconhecidos em espa\u00e7os digitais.  <\/p>\n<p>Este documento de pol\u00edtica busca delinear algumas diretrizes para manter o anonimato pessoal dos membros de AA, incluindo aqueles que j\u00e1 faleceram, no mundo online. O mundo digital de hoje introduziu quest\u00f5es complexas relativas \u00e0 privacidade e ao anonimato. Nosso objetivo \u00e9 garantir que os princ\u00edpios de AA sejam reconhecidos, sem ser pessoalmente punitivo para aqueles que pensam diferente sobre essas quest\u00f5es.  <\/p>\n<p><strong>Contexto<\/strong><\/p>\n<p>AA tem funcionado sob o princ\u00edpio orientador do anonimato, garantindo que as identidades dos membros permane\u00e7am confidenciais e protegidas.<\/p>\n<p>No folheto de AA, \u201cCompreendendo o Anonimato\u201d, observa-se que o anonimato serve a duas fun\u00e7\u00f5es diferentes, mas vitais. A primeira \u00e9 no n\u00edvel pessoal: \u201co anonimato oferece prote\u00e7\u00e3o a todos os membros contra a identifica\u00e7\u00e3o como alco\u00f3licos, uma salvaguarda muitas vezes de especial import\u00e2ncia para os rec\u00e9m-chegados.\u201d A segunda fun\u00e7\u00e3o observada \u00e9 que, no n\u00edvel da imprensa, r\u00e1dio, TV, filmes e outras tecnologias de m\u00eddia, como a Internet, \u201co anonimato enfatiza a igualdade na Irmandade de todos os membros, freando aqueles que poderiam, de outra forma, explorar sua filia\u00e7\u00e3o a AA para obter reconhecimento, poder ou ganho pessoal.\u201d  <\/p>\n<p>\u00c0 medida que a irmandade avan\u00e7a para espa\u00e7os online, especialmente atrav\u00e9s de reuni\u00f5es online, a necessidade de abordar o anonimato torna-se ainda mais crucial. Sites e plataformas de m\u00eddia social podem facilmente borrar as linhas do anonimato. A quest\u00e3o das identidades de membros falecidos apresenta uma quest\u00e3o delicada no que diz respeito \u00e0 privacidade e confidencialidade de membros vivos e falecidos. No entanto, observa-se que o anonimato p\u00f3stumo de um membro de A.A. permanece com a fam\u00edlia.   <\/p>\n<p>Na Reuni\u00e3o de Servi\u00e7o Mundial de AA de 2004, um f\u00f3rum internacional realizado a cada dois anos com delegados de AA de todo o mundo, realizado em Nova York, foram realizados workshops sobre novas m\u00eddias e as Tradi\u00e7\u00f5es. A pergunta foi feita: \u201cComo o anonimato \u00e9 o \u2018alicerce espiritual de todas as nossas Tradi\u00e7\u00f5es\u2019, seu pa\u00eds utiliza as mesmas salvaguardas em sites de A.A. que s\u00e3o usadas no n\u00edvel da imprensa, r\u00e1dio e cinema?\u201d A resposta foi: \u201cFoi geralmente acordado que as mesmas salvaguardas est\u00e3o em vigor para sites de A.A. como para outras m\u00eddias.\u201d Este \u00e9 um aspecto importante a considerar ao abordar essas quest\u00f5es, pois o \u201cgeralmente acordado\u201d indica que nem todos interpretam este princ\u00edpio de anonimato da mesma forma em todo o mundo. Embora esta Reuni\u00e3o de Servi\u00e7o Mundial tenha ocorrido h\u00e1 mais de 20 anos, ela ainda permanece relevante para esta discuss\u00e3o. A bela diversidade e participa\u00e7\u00e3o de m\u00faltiplos pa\u00edses e suas estruturas aut\u00f4nomas de A.A. \u00e9 o que torna esta organiza\u00e7\u00e3o inspiradora e \u00fanica. Nossa experi\u00eancia coletiva mundial inspira membros em todo o mundo a encontrar Alco\u00f3licos An\u00f4nimos.      <\/p>\n<p>Esta diretoria e nossa membresia n\u00e3o devem querer assumir o papel de fiscaliza\u00e7\u00e3o ou de aplicar puni\u00e7\u00f5es. Conceito Doze: que nossas a\u00e7\u00f5es nunca sejam pessoalmente punitivas ou um incitamento \u00e0 controv\u00e9rsia p\u00fablica. A Tradi\u00e7\u00e3o Um observa \u201cnosso bem-estar comum.\u201d A Tradi\u00e7\u00e3o Dois nos lembra de \u201cum Deus amoroso como Ele pode se expressar em nossa consci\u00eancia de grupo.\u201d A Tradi\u00e7\u00e3o Quatro invoca nossa autonomia, \u201cexceto em assuntos que afetem outros grupos ou AA como um todo.\u201d E as Tradi\u00e7\u00f5es Onze e Doze nos lembram de manter o anonimato pessoal no n\u00edvel da imprensa, r\u00e1dio e cinema,\u201d e que \u201co anonimato \u00e9 o alicerce espiritual de todas as nossas tradi\u00e7\u00f5es, sempre nos lembrando de colocar os princ\u00edpios antes das personalidades.\u201d Lembro-me de que a personalidade \u00e9 minha, n\u00e3o sua. Posso ser um membro entre membros, sem distin\u00e7\u00e3o, mas espiritualmente igual aos meus companheiros membros. Posso permitir que outros sejam diferentes?        <\/p>\n<p><span style=\"text-decoration: underline;\"><strong>Pol\u00edtica da OIAA:<\/strong><\/span><\/p>\n<p>No que diz respeito ao site da OIAA, o anonimato pessoal deve ser mantido. N\u00e3o se trata tanto de me proteger, mas de proteger a nova pessoa que est\u00e1 olhando para nossa organiza\u00e7\u00e3o pela primeira vez, buscando ajuda com seu alcoolismo. Trata-se de seguran\u00e7a e privacidade para aqueles que buscam ajuda ou servem \u00e0 nossa organiza\u00e7\u00e3o.  <\/p>\n<p>No que diz respeito ao canal da OIAA no YouTube, a OIAA manter\u00e1 dois canais \u2014 um p\u00fablico com informa\u00e7\u00f5es sobre a OIAA e um segundo canal, marcado como privado, onde membros que desejarem postar v\u00eddeos celebrando sua irmandade, como ocorreu com a Conven\u00e7\u00e3o Internacional organizada pela OIAA, poderiam ter um espa\u00e7o para faz\u00ea-lo. O acesso ao canal privado seria volunt\u00e1rio. Ainda haver\u00e1 necessidade de supervis\u00e3o de nossos Comit\u00eas para garantir a adequa\u00e7\u00e3o do conte\u00fado e remover qualquer coisa que seja divisiva, ofensiva ou um assunto externo.  <\/p>\n\n<h2 class=\"wp-block-heading\"><a href=\"https:\/\/beta.aa-intergroup.org\/pt-br\/politica-de-privacidade\/\" data-type=\"link\" data-id=\"https:\/\/beta.aa-intergroup.org\/privacy-policy\/\">Pol\u00edtica de Privacidade<\/a><\/h2>\n","protected":false},"excerpt":{"rendered":"<p>Nossa pol\u00edtica de rela\u00e7\u00f5es p\u00fablicas \u00e9 baseada na atra\u00e7\u00e3o em vez da promo\u00e7\u00e3o; precisamos sempre manter o anonimato pessoal no n\u00edvel da imprensa, r\u00e1dio, [TV] e filmes. Assim, pedimos respeitosamente que nenhum orador de A.A. \u2014 ou, de fato, qualquer membro de A.A. \u2014 seja identificado pelo nome completo em relat\u00f3rios publicados ou transmitidos de<a class=\"excerpt-read-more\" href=\"https:\/\/beta.aa-intergroup.org\/pt-br\/anonimato\/\" title=\"ReadAnonimato\">&#8230; Read more &raquo;<\/a><\/p>\n","protected":false},"author":9,"featured_media":0,"parent":0,"menu_order":0,"comment_status":"closed","ping_status":"closed","template":"","meta":{"_acf_changed":false,"_eb_attr":"","footnotes":""},"class_list":["post-17458","page","type-page","status-publish","hentry"],"acf":[],"_links":{"self":[{"href":"https:\/\/beta.aa-intergroup.org\/pt-br\/wp-json\/wp\/v2\/pages\/17458","targetHints":{"allow":["GET"]}}],"collection":[{"href":"https:\/\/beta.aa-intergroup.org\/pt-br\/wp-json\/wp\/v2\/pages"}],"about":[{"href":"https:\/\/beta.aa-intergroup.org\/pt-br\/wp-json\/wp\/v2\/types\/page"}],"author":[{"embeddable":true,"href":"https:\/\/beta.aa-intergroup.org\/pt-br\/wp-json\/wp\/v2\/users\/9"}],"replies":[{"embeddable":true,"href":"https:\/\/beta.aa-intergroup.org\/pt-br\/wp-json\/wp\/v2\/comments?post=17458"}],"version-history":[{"count":1,"href":"https:\/\/beta.aa-intergroup.org\/pt-br\/wp-json\/wp\/v2\/pages\/17458\/revisions"}],"predecessor-version":[{"id":17460,"href":"https:\/\/beta.aa-intergroup.org\/pt-br\/wp-json\/wp\/v2\/pages\/17458\/revisions\/17460"}],"wp:attachment":[{"href":"https:\/\/beta.aa-intergroup.org\/pt-br\/wp-json\/wp\/v2\/media?parent=17458"}],"curies":[{"name":"wp","href":"https:\/\/api.w.org\/{rel}","templated":true}]}}