{"id":17465,"date":"2024-11-23T22:52:55","date_gmt":"2024-11-24T03:52:55","guid":{"rendered":"https:\/\/beta.aa-intergroup.org\/declaracao-dos-objetivos-e-propositos-originais-da-oiaa\/"},"modified":"2025-10-28T07:39:31","modified_gmt":"2025-10-28T11:39:31","slug":"declaracao-dos-objetivos-e-propositos-originais-da-oiaa","status":"publish","type":"page","link":"https:\/\/beta.aa-intergroup.org\/pt-br\/declaracao-dos-objetivos-e-propositos-originais-da-oiaa\/","title":{"rendered":"Declara\u00e7\u00e3o dos objetivos e prop\u00f3sitos originais da OIAA"},"content":{"rendered":"\n<p>&#8211;<strong>&#8212; Esta Declara\u00e7\u00e3o faz parte da hist\u00f3ria da OIAA. Foi escrita em meados dos anos 1990 &#8212;-<\/strong><\/p>\n\n<p>O fen\u00f4meno da nova tecnologia de computadores, modems, World Wide Web e comunica\u00e7\u00e3o pela Internet deu origem a um novo meio de troca atrav\u00e9s do qual os alco\u00f3licos podiam interagir com outros alco\u00f3licos. Nos \u00faltimos anos, muitas novas reuni\u00f5es online surgiram que, n\u00e3o tendo fronteiras geogr\u00e1ficas, n\u00e3o conseguiam se encaixar nas estruturas de servi\u00e7o das reuni\u00f5es presenciais (f2f) habituais de A.A.. A partir disso, cresceu um reconhecimento por parte de muitos grupos online de que alguma forma de grupo de servi\u00e7o era necess\u00e1ria para auxiliar e facilitar a comunica\u00e7\u00e3o e coordena\u00e7\u00e3o do ambiente de A.A. no ciberespa\u00e7o. Enquanto a estrutura oficial de servi\u00e7o de A.A. est\u00e1 tentando desenvolver uma estrat\u00e9gia para incluir as reuni\u00f5es online dentro dessa estrutura, o Intergrupo Online de Alco\u00f3licos An\u00f4nimos (OIAA) foi formado para fornecer servi\u00e7os t\u00edpicos para Intergrupos ou Escrit\u00f3rios Centrais de reuni\u00f5es presenciais. Enquanto a maioria dos Intergrupos serve regi\u00f5es geogr\u00e1ficas espec\u00edficas, a OIAA foi estabelecida para servir o ciberespa\u00e7o.    <\/p>\n\n<p>O prop\u00f3sito primordial de todos os grupos de Alco\u00f3licos An\u00f4nimos \u00e9 levar sua mensagem ao alco\u00f3lico que ainda sofre. A partir desse prop\u00f3sito, a OIAA se comprometeu a auxiliar os grupos membros de v\u00e1rias maneiras, a maioria das quais relacionadas especificamente ao meio do ciberespa\u00e7o. Como a recupera\u00e7\u00e3o pessoal depende da unidade de A.A., n\u00f3s da OIAA nos dedicamos a auxiliar e facilitar a melhor unidade poss\u00edvel de servi\u00e7o para e pelo A.A. no ciberespa\u00e7o. Comunica\u00e7\u00e3o e informa\u00e7\u00e3o s\u00e3o dois ingredientes essenciais para estabelecer e manter a unidade; portanto, a OIAA \u00e9 obrigada a fornecer um f\u00f3rum central para a dissemina\u00e7\u00e3o de informa\u00e7\u00f5es sobre e para a comunidade online de A.A. e A.A. como um todo.   <\/p>\n\n<p>A OIAA atualmente fornece informa\u00e7\u00f5es de v\u00e1rias maneiras, e esperamos desenvolver ainda mais formas no futuro. Uma maneira pela qual a OIAA dissemina informa\u00e7\u00f5es \u00e9 o desenvolvimento e manuten\u00e7\u00e3o dos Diret\u00f3rios de Reuni\u00f5es da World Wide Web, que incluem reuni\u00f5es e grupos por e-mail, bem como reuni\u00f5es e grupos em tempo real (chat). Outro ve\u00edculo de comunica\u00e7\u00e3o \u00e9 o Comit\u00ea de Unidade da OIAA, que \u00e9 encarregado da comunica\u00e7\u00e3o com outros \u00f3rg\u00e3os de servi\u00e7o de A.A., como distritos locais, intergrupos, \u00e1reas, regi\u00f5es, AAWS, GSO-NY e GSO-UK. Uma terceira forma de comunica\u00e7\u00e3o \u00e9 o Comit\u00ea de Informa\u00e7\u00e3o P\u00fablica da OIAA, que responde \u00e0s necessidades no n\u00edvel p\u00fablico e facilita a conscientiza\u00e7\u00e3o e compreens\u00e3o p\u00fablica de Alco\u00f3licos An\u00f4nimos por meio da Internet, m\u00eddia de not\u00edcias, contato pessoal ou fun\u00e7\u00f5es p\u00fablicas n\u00e3o-AA atrav\u00e9s de literatura aprovada pela confer\u00eancia, palestrantes ou correspond\u00eancia e de acordo com os 12 Passos, 12 Tradi\u00e7\u00f5es e 12 Conceitos de Alco\u00f3licos An\u00f4nimos.   <\/p>\n\n<p>A OIAA tamb\u00e9m est\u00e1 em processo de desenvolvimento de diretrizes para auxiliar seus grupos membros, futuros grupos, outros intergrupos, reuni\u00f5es presenciais, distritos, \u00e1reas e ESGs, e AAWS com os detalhes da experi\u00eancia online. Isso pode se traduzir na publica\u00e7\u00e3o online de pe\u00e7as de servi\u00e7o sobre como estabelecer grupos online, ou lidar com as tradi\u00e7\u00f5es no ciberespa\u00e7o, ou uma s\u00e9rie de outras quest\u00f5es pr\u00e1ticas (como criar p\u00e1ginas iniciais, etc.). <\/p>\n\n<p>Outra prioridade para a OIAA \u00e9 o desenvolvimento de projetos conjuntos para seus grupos membros. Estes incluiriam fornecer uma presen\u00e7a em Conven\u00e7\u00f5es Internacionais, conven\u00e7\u00f5es locais e encontros, e demonstra\u00e7\u00f5es de como o A.A. online funciona. A pr\u00f3pria OIAA nasceu de um desses projetos na Conven\u00e7\u00e3o Internacional de 1995 em San Diego. Esperamos fornecer tal presen\u00e7a em muitas conven\u00e7\u00f5es no futuro.   <\/p>\n\n<p>O fen\u00f4meno online \u00e9 relativamente novo, mas o n\u00famero de membros de grupos online tem aumentado tremendamente recentemente \u00e0 medida que a not\u00edcia de sua exist\u00eancia chega aos membros de A.A. em todo o mundo. Esperamos que essa tend\u00eancia continue e que a OIAA seja capaz de fornecer \u00e0 comunidade do ciberespa\u00e7o o tipo de servi\u00e7os que tal associa\u00e7\u00e3o exigir\u00e1. \u00c9 uma experi\u00eancia empolgante e uma \u00e0 qual todos n\u00f3s da OIAA estamos dedicados a fornecer sob os princ\u00edpios dos passos, tradi\u00e7\u00f5es e conceitos de A.A. <\/p>\n\n<div class=\"wp-block-essential-blocks-button root-eb-button-zva29\"><div class=\"eb-parent-wrapper eb-parent-eb-button-zva29 \"><div class=\"eb-button-wrapper eb-button-alignment eb-button-zva29\"><div class=\"eb-button\"><div class=\"eb-button-inner-wrapper \"><a class=\"eb-button-anchor \" href=\"https:\/\/beta.aa-intergroup.org\/pt-br\/linha-do-tempo-da-historia-da-oiaa\/\" rel=\"noopener\"><i icon=\"fas fa-chevron-left\" class=\"fas fa-chevron-left eb-button-icon eb-button-icon-left hvr-icon\"><\/i>Voltar para a linha do tempo da hist\u00f3ria da OIAA<\/a><\/div><\/div><\/div><\/div><\/div>\n","protected":false},"excerpt":{"rendered":"<p>&#8211;&#8212; Esta Declara\u00e7\u00e3o faz parte da hist\u00f3ria da OIAA. Foi escrita em meados dos anos 1990 &#8212;- O fen\u00f4meno da nova tecnologia de computadores, modems, World Wide Web e comunica\u00e7\u00e3o pela Internet deu origem a um novo meio de troca atrav\u00e9s do qual os alco\u00f3licos podiam interagir com outros alco\u00f3licos. Nos \u00faltimos anos, muitas novas<a class=\"excerpt-read-more\" href=\"https:\/\/beta.aa-intergroup.org\/pt-br\/declaracao-dos-objetivos-e-propositos-originais-da-oiaa\/\" title=\"ReadDeclara\u00e7\u00e3o dos objetivos e prop\u00f3sitos originais da OIAA\">&#8230; Read more &raquo;<\/a><\/p>\n","protected":false},"author":153,"featured_media":0,"parent":0,"menu_order":0,"comment_status":"closed","ping_status":"closed","template":"","meta":{"_acf_changed":false,"_eb_attr":"","footnotes":""},"class_list":["post-17465","page","type-page","status-publish","hentry"],"acf":[],"_links":{"self":[{"href":"https:\/\/beta.aa-intergroup.org\/pt-br\/wp-json\/wp\/v2\/pages\/17465","targetHints":{"allow":["GET"]}}],"collection":[{"href":"https:\/\/beta.aa-intergroup.org\/pt-br\/wp-json\/wp\/v2\/pages"}],"about":[{"href":"https:\/\/beta.aa-intergroup.org\/pt-br\/wp-json\/wp\/v2\/types\/page"}],"author":[{"embeddable":true,"href":"https:\/\/beta.aa-intergroup.org\/pt-br\/wp-json\/wp\/v2\/users\/153"}],"replies":[{"embeddable":true,"href":"https:\/\/beta.aa-intergroup.org\/pt-br\/wp-json\/wp\/v2\/comments?post=17465"}],"version-history":[{"count":1,"href":"https:\/\/beta.aa-intergroup.org\/pt-br\/wp-json\/wp\/v2\/pages\/17465\/revisions"}],"predecessor-version":[{"id":17467,"href":"https:\/\/beta.aa-intergroup.org\/pt-br\/wp-json\/wp\/v2\/pages\/17465\/revisions\/17467"}],"wp:attachment":[{"href":"https:\/\/beta.aa-intergroup.org\/pt-br\/wp-json\/wp\/v2\/media?parent=17465"}],"curies":[{"name":"wp","href":"https:\/\/api.w.org\/{rel}","templated":true}]}}