{"id":17561,"date":"2022-12-17T23:27:38","date_gmt":"2022-12-18T04:27:38","guid":{"rendered":"https:\/\/beta.aa-intergroup.org\/conselho-da-oiaa\/"},"modified":"2025-10-28T07:39:48","modified_gmt":"2025-10-28T11:39:48","slug":"conselho-da-oiaa","status":"publish","type":"page","link":"https:\/\/beta.aa-intergroup.org\/pt-br\/conselho-da-oiaa\/","title":{"rendered":"Conselho da OIAA"},"content":{"rendered":"\n<h3 class=\"wp-block-heading\">Membros da diretoria<\/h3>\n\n<p><strong>Presidente do OIAA<\/strong> Gwen M.<br\/><strong>Chair@aa-intergroup.org<\/strong><\/p>\n\n<p><strong>Vice-Presidente do OIAA<\/strong>: Sharon G.<br\/><strong>Vice-Chair@aa-intergroup.org<\/strong><\/p>\n\n<p><strong>Secret\u00e1ria do OIAA<\/strong> Lesliee A.<br\/><strong>Secretary@aa-intergroup.org<\/strong><\/p>\n\n<p><strong>Tesoureiro do OIAA<\/strong>: aberto<br\/><strong>Treasurer@aa-intergroup.org<\/strong><\/p>\n\n<p><strong>Presidente de Tecnologia do OIAA<\/strong> Mark M.<br\/><strong>Tech.Chair@aa-intergroup.org<\/strong><\/p>\n\n<p><strong>Administrador Internacional do OIAA<\/strong>: aberto<strong><br\/>international.trustee@aa-intergroup.org<\/strong><\/p>\n\n<p><strong>Administrador Geral do OIAA<\/strong> &#8211; Mary M.<strong><br\/>trustee.at.large@aa-intergroup.org<\/strong><\/p>\n\n<div class=\"wp-block-columns is-layout-flex wp-container-core-columns-is-layout-9d6595d7 wp-block-columns-is-layout-flex\">\n<div class=\"wp-block-column is-layout-flow wp-block-column-is-layout-flow\" style=\"flex-basis:100%\">\n<div class=\"wp-block-buttons is-layout-flex wp-block-buttons-is-layout-flex\">\n<div class=\"wp-block-button is-style-outline is-style-outline--1\"><a class=\"wp-block-button__link wp-element-button\" href=\"https:\/\/beta.aa-intergroup.org\/documents\/oiaa-bylaws\/\">Estatuto do OIAA<\/a><\/div>\n<\/div>\n\n\n\n<div style=\"height:21px\" aria-hidden=\"true\" class=\"wp-block-spacer\"><\/div>\n\n\n\n<div class=\"wp-block-buttons is-layout-flex wp-block-buttons-is-layout-flex\">\n<div class=\"wp-block-button is-style-outline is-style-outline--2\"><a class=\"wp-block-button__link wp-element-button\" href=\"https:\/\/beta.aa-intergroup.org\/documents\/oiaa-guidelines\/\">Diretrizes do OIAA<\/a><\/div>\n<\/div>\n<\/div>\n<\/div>\n\n<div style=\"height:30px\" aria-hidden=\"true\" class=\"wp-block-spacer\"><\/div>\n\n<p>Estamos agora buscando candidatos para servir o OIAA como administrador. As nomea\u00e7\u00f5es est\u00e3o abertas e as elei\u00e7\u00f5es anuais ser\u00e3o realizadas em nossa Assembleia de dezembro. <g id=\"gid_0\">Todos os cargos da diretoria est\u00e3o abertos, com exce\u00e7\u00e3o do Presidente de Tecnologia<\/g>. As responsabilidades de servi\u00e7o para os membros da diretoria s\u00e3o definidas no <a href=\"https:\/\/beta.aa-intergroup.org\/documents\/oiaa-bylaws\/\" target=\"_blank\" rel=\"noreferrer noopener\">Estatuto do OIAA<\/a> &#8211; <strong>Artigo 4 Diretores.<\/strong>    <\/p>\n\n<p>A elegibilidade e as qualifica\u00e7\u00f5es para todos os administradores do OIAA podem ser encontradas nas <a href=\"https:\/\/beta.aa-intergroup.org\/documents\/oiaa-guidelines\/#sec5\" target=\"_blank\" rel=\"noreferrer noopener\">Diretrizes do OIAA<\/a> &#8211; <strong>Se\u00e7\u00e3o 5.1.1<\/strong>, com descri\u00e7\u00f5es adicionais de cargos encontradas na <strong>Se\u00e7\u00e3o 5.2 Diretores.<\/strong> <\/p>\n\n<p>Os candidatos eleg\u00edveis devem estar atualmente em servi\u00e7o com o OIAA.<\/p>\n\n<p>Nomea\u00e7\u00f5es e\/ou perguntas podem ser enviadas para OIAA.Board@aa-intergroup.org<\/p>\n\n<h4 class=\"wp-block-heading\">Atas e pautas das reuni\u00f5es da diretoria do OIAA<\/h4>\n\n<p>Se voc\u00ea tiver um item que gostaria de colocar na pauta da reuni\u00e3o da diretoria, envie um e-mail para <strong>OIAA.Board@aa-intergroup.org<\/strong> e ele ser\u00e1 analisado pelo Presidente do OIAA. As atas e pautas das reuni\u00f5es da diretoria do OIAA ser\u00e3o publicadas assim que estiverem dispon\u00edveis.  <br\/><\/p>\n","protected":false},"excerpt":{"rendered":"<p>Membros da diretoria Presidente do OIAA Gwen M.Chair@aa-intergroup.org Vice-Presidente do OIAA: Sharon G.Vice-Chair@aa-intergroup.org Secret\u00e1ria do OIAA Lesliee A.Secretary@aa-intergroup.org Tesoureiro do OIAA: abertoTreasurer@aa-intergroup.org Presidente de Tecnologia do OIAA Mark M.Tech.Chair@aa-intergroup.org Administrador Internacional do OIAA: abertointernational.trustee@aa-intergroup.org Administrador Geral do OIAA &#8211; Mary M.trustee.at.large@aa-intergroup.org Estamos agora buscando candidatos para servir o OIAA como administrador. As nomea\u00e7\u00f5es est\u00e3o abertas<a class=\"excerpt-read-more\" href=\"https:\/\/beta.aa-intergroup.org\/pt-br\/conselho-da-oiaa\/\" title=\"ReadConselho da OIAA\">&#8230; Read more &raquo;<\/a><\/p>\n","protected":false},"author":12,"featured_media":0,"parent":0,"menu_order":0,"comment_status":"closed","ping_status":"closed","template":"page-oiaa-board.php","meta":{"_acf_changed":false,"_eb_attr":"","footnotes":""},"class_list":["post-17561","page","type-page","status-publish","hentry"],"acf":[],"_links":{"self":[{"href":"https:\/\/beta.aa-intergroup.org\/pt-br\/wp-json\/wp\/v2\/pages\/17561","targetHints":{"allow":["GET"]}}],"collection":[{"href":"https:\/\/beta.aa-intergroup.org\/pt-br\/wp-json\/wp\/v2\/pages"}],"about":[{"href":"https:\/\/beta.aa-intergroup.org\/pt-br\/wp-json\/wp\/v2\/types\/page"}],"author":[{"embeddable":true,"href":"https:\/\/beta.aa-intergroup.org\/pt-br\/wp-json\/wp\/v2\/users\/12"}],"replies":[{"embeddable":true,"href":"https:\/\/beta.aa-intergroup.org\/pt-br\/wp-json\/wp\/v2\/comments?post=17561"}],"version-history":[{"count":1,"href":"https:\/\/beta.aa-intergroup.org\/pt-br\/wp-json\/wp\/v2\/pages\/17561\/revisions"}],"predecessor-version":[{"id":17562,"href":"https:\/\/beta.aa-intergroup.org\/pt-br\/wp-json\/wp\/v2\/pages\/17561\/revisions\/17562"}],"wp:attachment":[{"href":"https:\/\/beta.aa-intergroup.org\/pt-br\/wp-json\/wp\/v2\/media?parent=17561"}],"curies":[{"name":"wp","href":"https:\/\/api.w.org\/{rel}","templated":true}]}}