{"id":17630,"date":"2023-06-05T11:10:02","date_gmt":"2023-06-05T15:10:02","guid":{"rendered":"https:\/\/beta.aa-intergroup.org\/a-visao\/"},"modified":"2025-10-28T07:40:03","modified_gmt":"2025-10-28T11:40:03","slug":"a-visao","status":"publish","type":"page","link":"https:\/\/beta.aa-intergroup.org\/pt-br\/a-visao\/","title":{"rendered":"A vis\u00e3o"},"content":{"rendered":"\n<h4 class=\"wp-block-heading\">Bem-vindo ao novo site da OIAA!<\/h4>\n\n<p>Estamos muito orgulhosos e gratos por termos participado da concep\u00e7\u00e3o e cria\u00e7\u00e3o desta nova vers\u00e3o do site da OIAA. Gostar\u00edamos de agradecer a toda a comunidade OIAA por sua paci\u00eancia e participa\u00e7\u00e3o no desenvolvimento deste projeto. Esperamos que voc\u00ea explore e nos fa\u00e7a perguntas. Este \u00e9 o seu site e queremos trabalhar com voc\u00ea.   <\/p>\n\n<p>Come\u00e7amos com o site existente e algumas ideias. Somos um intergrupo internacional online. N\u00e3o nos reunimos em um sal\u00e3o f\u00edsico, ent\u00e3o precisamos de um local de encontro. O escrit\u00f3rio central da OIAA \u00e9 o site. O lugar onde os comit\u00eas podem trocar ideias e fornecer relat\u00f3rios e atualiza\u00e7\u00f5es aos membros. O lugar onde os membros v\u00eam e se comunicam, trocam ideias, re\u00fanem informa\u00e7\u00f5es e se conectam com outros alco\u00f3licos.      <\/p>\n\n<p>Come\u00e7amos a criar uma estrutura din\u00e2mica que responde e permite que membros, diretoria e comit\u00eas conversem entre si. Uma plataforma linear versus uma hierarquia. Um lugar de conex\u00e3o onde todos estamos dentro do grupo.  <\/p>\n\n<p>Vamos pausar a adi\u00e7\u00e3o de qualquer nova funcionalidade por pelo menos 60 dias enquanto vemos o que funciona e o que n\u00e3o funciona. Por favor, nos d\u00ea seu <a href=\"https:\/\/beta.aa-intergroup.org\/pt-br\/sugestoes-para-o-site\/\">feedback e sugest\u00f5es<\/a>!  <\/p>\n\n<p>Nosso novo <a href=\"https:\/\/beta.aa-intergroup.org\/pt-br\/diretorio-de-reunioes\/\">guia de reuni\u00f5es<\/a> \u00e9 um dos destaques desta nova vers\u00e3o do site &#8211; por favor, explore!<strong> <\/strong>Ao desenvolver o novo guia de reuni\u00f5es, tivemos o prazer de desenvolver ainda mais um relacionamento com o incr\u00edvel grupo &#8211; <a href=\"https:\/\/code4recovery.org\/about\" target=\"_blank\" rel=\"noreferrer noopener\">Code for Recovery<\/a>. <\/p>\n\n<p>Poucos saber\u00e3o que o antigo diret\u00f3rio de reuni\u00f5es era alimentado por uma Planilha Google. <\/p>\n\n<p><em>N\u00e3o \u00e9 incr\u00edvel? <\/em><\/p>\n\n<p>Quer dizer, quando voc\u00ea pensa que existem mais de 6000 reuni\u00f5es, consegue imaginar como isso ficava em uma planilha? Qu\u00e3o f\u00e1cil seria inserir a informa\u00e7\u00e3o errada na c\u00e9lula errada? <\/p>\n\n<p>Ent\u00e3o, nos reunimos com a equipe do C4R e eles desenvolveram um backend de ponta para resolver nosso problema. <\/p>\n\n<p>Estamos incrivelmente gratos pelo trabalho \u00e1rduo deles e incentivamos qualquer pessoa interessada em programa\u00e7\u00e3o a conhec\u00ea-los e se envolver.<\/p>\n\n<blockquote class=\"wp-block-quote is-layout-flow wp-block-quote-is-layout-flow\">\n<p><em>Code for Recovery \u00e9 uma organiza\u00e7\u00e3o sem fins lucrativos que desenvolve projetos de tecnologia de c\u00f3digo aberto para ajudar a comunidade de recupera\u00e7\u00e3o a se unir, se organizar e se recuperar do v\u00edcio. <\/em><\/p>\n<cite>Website: <a href=\"https:\/\/code4recovery.org\/about\" target=\"_blank\" rel=\"noreferrer noopener\">Code For Recovery<\/a>&nbsp; &nbsp; <\/cite><\/blockquote>\n\n<p><em>E-mail: info@code4recovery.org<\/em><\/p>\n\n<div style=\"height:31px\" aria-hidden=\"true\" class=\"wp-block-spacer\"><\/div>\n\n<h4 class=\"wp-block-heading\">Venha trabalhar conosco<\/h4>\n\n<p>Tem uma sugest\u00e3o para o site? <a href=\"https:\/\/beta.aa-intergroup.org\/pt-br\/sugestoes-para-o-site\/\">Sugest\u00f5es para o Site.<\/a> Interessado em ajudar a desenvolver o <a href=\"https:\/\/beta.aa-intergroup.org\/community\/\">F\u00f3rum<\/a>? Interessado em trabalhar mais pr\u00f3ximo de n\u00f3s? Temos muitas posi\u00e7\u00f5es de servi\u00e7o espec\u00edficas para o site.   <a href=\"https:\/\/beta.aa-intergroup.org\/es\/committees\/tecnologia\/\"><strong>Visite o comit\u00ea de tecnologia.<\/strong><\/a><\/p>\n\n<p>Existem muitas, muitas maneiras de prestar servi\u00e7o na OIAA: <a href=\"https:\/\/beta.aa-intergroup.org\/pt-br\/oportunidades-de-servico\/\">Oportunidades de Servi\u00e7o.<\/a><\/p>\n\n<p>Com amor e servi\u00e7o,<br\/>Comit\u00ea de Tecnologia da OIAA<\/p>\n\n<div style=\"height:31px\" aria-hidden=\"true\" class=\"wp-block-spacer\"><\/div>\n\n<p><strong>ESPERE &#8211; ONDE EST\u00c3O MEUS PDFs?<\/strong><\/p>\n\n<p>Fazer upload de um PDF n\u00e3o funciona para n\u00f3s porque somos uma organiza\u00e7\u00e3o internacional. Se eu falo espanhol ou eg\u00edpcio, o PDF \u00e9 in\u00fatil para mim. No entanto, quando copiamos e colamos todas essas informa\u00e7\u00f5es nesses belos formul\u00e1rios que criamos, tudo que voc\u00ea precisa fazer \u00e9 clicar em um bot\u00e3o e pronto. Est\u00e1 no seu idioma. Depois siga as instru\u00e7\u00f5es de impress\u00e3o na parte inferior das p\u00e1ginas de documentos.     <\/p>\n","protected":false},"excerpt":{"rendered":"<p>Bem-vindo ao novo site da OIAA! Estamos muito orgulhosos e gratos por termos participado da concep\u00e7\u00e3o e cria\u00e7\u00e3o desta nova vers\u00e3o do site da OIAA. Gostar\u00edamos de agradecer a toda a comunidade OIAA por sua paci\u00eancia e participa\u00e7\u00e3o no desenvolvimento deste projeto. Esperamos que voc\u00ea explore e nos fa\u00e7a perguntas. Este \u00e9 o seu site<a class=\"excerpt-read-more\" href=\"https:\/\/beta.aa-intergroup.org\/pt-br\/a-visao\/\" title=\"ReadA vis\u00e3o\">&#8230; Read more &raquo;<\/a><\/p>\n","protected":false},"author":18,"featured_media":0,"parent":0,"menu_order":0,"comment_status":"closed","ping_status":"closed","template":"","meta":{"_acf_changed":false,"_eb_attr":"","footnotes":""},"class_list":["post-17630","page","type-page","status-publish","hentry"],"acf":[],"_links":{"self":[{"href":"https:\/\/beta.aa-intergroup.org\/pt-br\/wp-json\/wp\/v2\/pages\/17630","targetHints":{"allow":["GET"]}}],"collection":[{"href":"https:\/\/beta.aa-intergroup.org\/pt-br\/wp-json\/wp\/v2\/pages"}],"about":[{"href":"https:\/\/beta.aa-intergroup.org\/pt-br\/wp-json\/wp\/v2\/types\/page"}],"author":[{"embeddable":true,"href":"https:\/\/beta.aa-intergroup.org\/pt-br\/wp-json\/wp\/v2\/users\/18"}],"replies":[{"embeddable":true,"href":"https:\/\/beta.aa-intergroup.org\/pt-br\/wp-json\/wp\/v2\/comments?post=17630"}],"version-history":[{"count":1,"href":"https:\/\/beta.aa-intergroup.org\/pt-br\/wp-json\/wp\/v2\/pages\/17630\/revisions"}],"predecessor-version":[{"id":17632,"href":"https:\/\/beta.aa-intergroup.org\/pt-br\/wp-json\/wp\/v2\/pages\/17630\/revisions\/17632"}],"wp:attachment":[{"href":"https:\/\/beta.aa-intergroup.org\/pt-br\/wp-json\/wp\/v2\/media?parent=17630"}],"curies":[{"name":"wp","href":"https:\/\/api.w.org\/{rel}","templated":true}]}}