{"id":17631,"date":"2023-06-02T00:12:26","date_gmt":"2023-06-02T04:12:26","guid":{"rendered":"https:\/\/beta.aa-intergroup.org\/assembleia-da-oiaa-17-de-junho-de-2023\/"},"modified":"2025-10-28T07:40:03","modified_gmt":"2025-10-28T11:40:03","slug":"assembleia-da-oiaa-17-de-junho-de-2023","status":"publish","type":"page","link":"https:\/\/beta.aa-intergroup.org\/pt-br\/assembleia-da-oiaa-17-de-junho-de-2023\/","title":{"rendered":"Assembleia da OIAA 17 de junho de 2023"},"content":{"rendered":"\n<h5 class=\"wp-block-heading\"><strong>P\u00e1gina de arquivo da assembleia da OIAA de 17 de junho de 2023<\/strong><\/h5>\n\n<div style=\"height:40px\" aria-hidden=\"true\" class=\"wp-block-spacer\"><\/div>\n\n<p>Obrigado por fazer parte da Assembleia da OIAA de junho de 2023 e por contribuir com sua voz.<\/p>\n\n<p>Sobrenomes, n\u00fameros de telefone e e-mails pessoais foram removidos da transcri\u00e7\u00e3o conforme a Tradi\u00e7\u00e3o 11.<\/p>\n\n<ul class=\"wp-block-list\">\n<li>Aqui est\u00e1 a <a href=\"https:\/\/beta.aa-intergroup.org\/documents\/oiaa-assembly-17-june-2023-transcript\/\">transcri\u00e7\u00e3o<\/a> do evento.<\/li>\n\n\n\n<li>O \u00e1udio do evento pode ser <a href=\"https:\/\/drive.google.com\/file\/d\/1QamiU7i8iRjInTr-Dy0bzwW7XqRgG9jO\/view?usp=sharing\" target=\"_blank\" rel=\"noreferrer noopener\">encontrado aqui<\/a>.<\/li>\n<\/ul>\n\n<div style=\"height:30px\" aria-hidden=\"true\" class=\"wp-block-spacer\"><\/div>\n\n<h3 class=\"wp-block-heading\">An\u00fancio da assembleia<\/h3>\n\n<ul class=\"wp-block-list\">\n<li>An\u00fancios da reuni\u00e3o<\/li>\n\n\n\n<li>Copie esta mensagem e link no chat da sua reuni\u00e3o\n<ul class=\"wp-block-list\">\n<li>Reuni\u00e3o da Assembleia Geral &#8211; 17 de junho de 2023: https:\/\/beta.aa-intergroup.org\/oiaa-assembly-17-june-2023\/<\/li>\n<\/ul>\n<\/li>\n<\/ul>\n\n<h3 class=\"wp-block-heading\">Agenda da assembleia<\/h3>\n\n<ul class=\"wp-block-list\" id=\"block-b1e3529a-4f8b-4ca9-b34a-99f8022da30b\">\n<li><a href=\"https:\/\/beta.aa-intergroup.org\/documents\/assembly-agenda-june-2023\/\">A agenda da assembleia de 17 de junho de 2023<\/a><\/li>\n\n\n\n<li><a href=\"https:\/\/beta.aa-intergroup.org\/documents\/minutes-from-the-oiaa-18-march-2023-assembly\/\">A ata da Assembleia da OIAA de 18 de mar\u00e7o de 2023<\/a> ser\u00e1 votada na assembleia. Por favor, leia e revise antes da assembleia. <\/li>\n<\/ul>\n\n<h3 class=\"wp-block-heading\">Procedimentos da assembleia do comit\u00ea de diretrizes<\/h3>\n\n<ul class=\"wp-block-list\">\n<li><a href=\"https:\/\/beta.aa-intergroup.org\/documents\/assembly-procedures\/\">Se\u00e7\u00e3o 3 procedimentos da assembleia<\/a><\/li>\n<\/ul>\n\n<p><\/p>\n\n<h3 class=\"wp-block-heading\">Relat\u00f3rios <\/h3>\n\n<ul class=\"wp-block-list\">\n<li><a href=\"https:\/\/beta.aa-intergroup.org\/documents\/acting-chairs-report-13-june-23\/\">Relat\u00f3rio do presidente interino da OIAA maio 2023<\/a><\/li>\n\n\n\n<li>Resumos financeiros\n<ul class=\"wp-block-list\">\n<li><a href=\"https:\/\/beta.aa-intergroup.org\/documents\/treasurers-update-june-2023\/\">Relat\u00f3rio da 7\u00aa tradi\u00e7\u00e3o maio 2023<\/a><\/li>\n\n\n\n<li><a href=\"https:\/\/beta.aa-intergroup.org\/documents\/balance-sheet-may-2023\/\">Balan\u00e7o patrimonial maio 2023<\/a><\/li>\n\n\n\n<li><a href=\"https:\/\/beta.aa-intergroup.org\/documents\/budget-variance-may-2023\/\">Varia\u00e7\u00e3o or\u00e7ament\u00e1ria maio 2023<\/a><\/li>\n<\/ul>\n<\/li>\n\n\n\n<li><a href=\"https:\/\/beta.aa-intergroup.org\/wp-content\/uploads\/2023\/10\/TechSteppers-for-6.17.23-Assembly.pdf\" target=\"_blank\" rel=\"noreferrer noopener\">TechSteppers<\/a> &#8211; pdf<\/li>\n<\/ul>\n\n<p><\/p>\n\n<p><\/p>\n\n<p><\/p>\n","protected":false},"excerpt":{"rendered":"<p>P\u00e1gina de arquivo da assembleia da OIAA de 17 de junho de 2023 Obrigado por fazer parte da Assembleia da OIAA de junho de 2023 e por contribuir com sua voz. Sobrenomes, n\u00fameros de telefone e e-mails pessoais foram removidos da transcri\u00e7\u00e3o conforme a Tradi\u00e7\u00e3o 11. An\u00fancio da assembleia Agenda da assembleia Procedimentos da assembleia<a class=\"excerpt-read-more\" href=\"https:\/\/beta.aa-intergroup.org\/pt-br\/assembleia-da-oiaa-17-de-junho-de-2023\/\" title=\"ReadAssembleia da OIAA 17 de junho de 2023\">&#8230; Read more &raquo;<\/a><\/p>\n","protected":false},"author":18,"featured_media":0,"parent":0,"menu_order":0,"comment_status":"closed","ping_status":"closed","template":"","meta":{"_acf_changed":false,"_eb_attr":"","footnotes":""},"class_list":["post-17631","page","type-page","status-publish","hentry"],"acf":[],"_links":{"self":[{"href":"https:\/\/beta.aa-intergroup.org\/pt-br\/wp-json\/wp\/v2\/pages\/17631","targetHints":{"allow":["GET"]}}],"collection":[{"href":"https:\/\/beta.aa-intergroup.org\/pt-br\/wp-json\/wp\/v2\/pages"}],"about":[{"href":"https:\/\/beta.aa-intergroup.org\/pt-br\/wp-json\/wp\/v2\/types\/page"}],"author":[{"embeddable":true,"href":"https:\/\/beta.aa-intergroup.org\/pt-br\/wp-json\/wp\/v2\/users\/18"}],"replies":[{"embeddable":true,"href":"https:\/\/beta.aa-intergroup.org\/pt-br\/wp-json\/wp\/v2\/comments?post=17631"}],"version-history":[{"count":1,"href":"https:\/\/beta.aa-intergroup.org\/pt-br\/wp-json\/wp\/v2\/pages\/17631\/revisions"}],"predecessor-version":[{"id":17633,"href":"https:\/\/beta.aa-intergroup.org\/pt-br\/wp-json\/wp\/v2\/pages\/17631\/revisions\/17633"}],"wp:attachment":[{"href":"https:\/\/beta.aa-intergroup.org\/pt-br\/wp-json\/wp\/v2\/media?parent=17631"}],"curies":[{"name":"wp","href":"https:\/\/api.w.org\/{rel}","templated":true}]}}