{"id":17659,"date":"2025-05-11T10:01:05","date_gmt":"2025-05-11T14:01:05","guid":{"rendered":"https:\/\/beta.aa-intergroup.org\/assembleia-oiaa-21-de-junho-de-2025\/"},"modified":"2025-10-28T08:18:57","modified_gmt":"2025-10-28T12:18:57","slug":"assembleia-oiaa-21-de-junho-de-2025","status":"publish","type":"page","link":"https:\/\/beta.aa-intergroup.org\/pt-br\/assembleia-oiaa-21-de-junho-de-2025\/","title":{"rendered":"Assembleia OIAA 21 de junho de 2025"},"content":{"rendered":"\n<p><strong>S\u00e1bado, 21 de junho de 2025<\/strong><br\/>8:00 HST | 11:00 PT | 13:00 CT | 14:00 ET<br\/>19:00 Reino Unido | 20:00 CET<\/p>\n\n<p>ID: 839 1683 1125<br\/>Senha: OIAA<\/p>\n\n<p><a href=\"https:\/\/us06web.zoom.us\/j\/83916831125?pwd=cDQvSlcxUjZmWlo4aEoyR0tlUUQwdz09\" target=\"_blank\" rel=\"noreferrer noopener\"><strong>ENTRAR NA REUNI\u00c3O ZOOM<\/strong><\/a><\/p>\n\n<p>Interpreta\u00e7\u00e3o estar\u00e1 dispon\u00edvel em franc\u00eas, espanhol e portugu\u00eas. <\/p>\n\n<p>Nossa assembleia \u00e9 aberta a todos que desejam participar, mas apenas os Representantes de Intergrupo (RIGs),<br\/>Presidentes de Comit\u00eas Permanentes do OIAA e Oficiais do OIAA t\u00eam permiss\u00e3o para votar sobre os assuntos de neg\u00f3cios.<\/p>\n\n<p>Informa\u00e7\u00f5es completas sobre o seguinte ser\u00e3o publicadas em breve:<\/p>\n\n<h4 class=\"wp-block-heading\">An\u00fancio da assembleia<\/h4>\n\n<p>Podes copiar e colar este an\u00fancio para partilhar durante as reuni\u00f5es do teu grupo:<\/p>\n\n<p class=\"has-text-align-right\"><strong>Assembleia Geral OIAA <\/strong>  <strong>S\u00e1bado, 21 de junho de 2025<\/strong><br\/>8:00 HST | 11:00 PT | 13:00 CT | 14:00 ET<br\/>19:00 Reino Unido | 20:00 CET<\/p>\n\n<p class=\"has-text-align-right\">ID: 839 1683 1125<br\/>Senha: OIAA<\/p>\n\n<p class=\"has-text-align-right\">Interpreta\u00e7\u00e3o estar\u00e1 dispon\u00edvel em franc\u00eas, espanhol e portugu\u00eas. <\/p>\n\n<p class=\"has-text-align-right\">As assembleias OIAA est\u00e3o abertas a todos que desejem participar, mas apenas Representantes de Intergrupo (IGRs),<br\/>Presidentes de Comiss\u00f5es Permanentes OIAA e Dirigentes OIAA podem votar nos assuntos de neg\u00f3cios.<\/p>\n\n<h4 class=\"wp-block-heading\" id=\"assembly-agenda\">Agenda da assembleia<\/h4>\n\n<ul class=\"wp-block-list\">\n<li><a href=\"https:\/\/beta.aa-intergroup.org\/documents\/oiaa-assembly-agenda-21-june-2025\/\">Agenda completa da assembleia OIAA de junho de 2025<\/a><\/li>\n<\/ul>\n\n<h4 class=\"wp-block-heading\">Relat\u00f3rios<\/h4>\n\n<p>Relat\u00f3rios da assembleia que est\u00e3o dispon\u00edveis antes da Assembleia podem ser encontrados aqui:<\/p>\n\n<ul class=\"wp-block-list\">\n<li>A aceita\u00e7\u00e3o das atas da Assembleia de mar\u00e7o ser\u00e1 votada. Por favor, partilha com os teus grupos: \n<ul class=\"wp-block-list\">\n<li><a href=\"https:\/\/beta.aa-intergroup.org\/documents\/minutes-from-the-oiaa-15-march-2025-assembly\/\">Atas da assembleia de 15 de mar\u00e7o de 2025<\/a>  <\/li>\n<\/ul>\n<\/li>\n\n\n\n<li>Finan\u00e7as:\n<ul class=\"wp-block-list\">\n<li><a href=\"https:\/\/beta.aa-intergroup.org\/committee-updates\/update-for-finance-may-2025-3\/\">Varia\u00e7\u00e3o or\u00e7amental maio 2025<\/a><\/li>\n\n\n\n<li><a href=\"https:\/\/beta.aa-intergroup.org\/committee-updates\/update-for-finance-may-2025\/\">Contribui\u00e7\u00f5es de grupos para maio 2025<\/a><\/li>\n\n\n\n<li><a href=\"https:\/\/beta.aa-intergroup.org\/committee-updates\/update-for-finance-may-2025-2\/\">Balan\u00e7o para maio 2025<\/a><\/li>\n<\/ul>\n<\/li>\n<\/ul>\n\n<h4 class=\"wp-block-heading\">Novos neg\u00f3cios<\/h4>\n\n<p>Informa\u00e7\u00f5es relacionadas com novos itens de neg\u00f3cios na agenda ser\u00e3o publicadas aqui, quando dispon\u00edveis:<\/p>\n\n<ul class=\"wp-block-list\">\n<li><a href=\"https:\/\/beta.aa-intergroup.org\/documents\/motion-to-amend-bylaws-21-june-2025-assembly\/\">Mo\u00e7\u00e3o para alterar os Estatutos<\/a><\/li>\n\n\n\n<li><\/li>\n<\/ul>\n\n<p><strong>Notas da assembleia:<\/strong><\/p>\n\n<p><\/p>\n","protected":false},"excerpt":{"rendered":"<p>S\u00e1bado, 21 de junho de 20258:00 HST | 11:00 PT | 13:00 CT | 14:00 ET19:00 Reino Unido | 20:00 CET ID: 839 1683 1125Senha: OIAA ENTRAR NA REUNI\u00c3O ZOOM Interpreta\u00e7\u00e3o estar\u00e1 dispon\u00edvel em franc\u00eas, espanhol e portugu\u00eas. Nossa assembleia \u00e9 aberta a todos que desejam participar, mas apenas os Representantes de Intergrupo (RIGs),Presidentes de<a class=\"excerpt-read-more\" href=\"https:\/\/beta.aa-intergroup.org\/pt-br\/assembleia-oiaa-21-de-junho-de-2025\/\" title=\"ReadAssembleia OIAA 21 de junho de 2025\">&#8230; Read more &raquo;<\/a><\/p>\n","protected":false},"author":13,"featured_media":0,"parent":0,"menu_order":0,"comment_status":"closed","ping_status":"closed","template":"","meta":{"_acf_changed":false,"_eb_attr":"","footnotes":""},"class_list":["post-17659","page","type-page","status-publish","hentry"],"acf":[],"_links":{"self":[{"href":"https:\/\/beta.aa-intergroup.org\/pt-br\/wp-json\/wp\/v2\/pages\/17659","targetHints":{"allow":["GET"]}}],"collection":[{"href":"https:\/\/beta.aa-intergroup.org\/pt-br\/wp-json\/wp\/v2\/pages"}],"about":[{"href":"https:\/\/beta.aa-intergroup.org\/pt-br\/wp-json\/wp\/v2\/types\/page"}],"author":[{"embeddable":true,"href":"https:\/\/beta.aa-intergroup.org\/pt-br\/wp-json\/wp\/v2\/users\/13"}],"replies":[{"embeddable":true,"href":"https:\/\/beta.aa-intergroup.org\/pt-br\/wp-json\/wp\/v2\/comments?post=17659"}],"version-history":[{"count":1,"href":"https:\/\/beta.aa-intergroup.org\/pt-br\/wp-json\/wp\/v2\/pages\/17659\/revisions"}],"predecessor-version":[{"id":17662,"href":"https:\/\/beta.aa-intergroup.org\/pt-br\/wp-json\/wp\/v2\/pages\/17659\/revisions\/17662"}],"wp:attachment":[{"href":"https:\/\/beta.aa-intergroup.org\/pt-br\/wp-json\/wp\/v2\/media?parent=17659"}],"curies":[{"name":"wp","href":"https:\/\/api.w.org\/{rel}","templated":true}]}}