{"id":17727,"date":"2025-08-04T16:24:57","date_gmt":"2025-08-04T20:24:57","guid":{"rendered":"https:\/\/beta.aa-intergroup.org\/oiaa2025\/pagina-de-midia-oiaa2025\/"},"modified":"2025-11-26T13:45:31","modified_gmt":"2025-11-26T18:45:31","slug":"pagina-de-midia-oiaa2025","status":"publish","type":"page","link":"https:\/\/beta.aa-intergroup.org\/pt-br\/oiaa2025\/pagina-de-midia-oiaa2025\/","title":{"rendered":"P\u00e1gina de M\u00eddia OIAA2025"},"content":{"rendered":"\n<div style=\"height:25px\" aria-hidden=\"true\" class=\"wp-block-spacer\"><\/div>\n\n<h1 class=\"wp-block-heading has-text-align-center has-text-color has-link-color wp-elements-194480463e58f46f4a275da48501522f\" style=\"color:#011a5c\">Folhetos OIAA2025<\/h1>\n\n<h4 class=\"wp-block-heading has-text-align-center has-text-color has-link-color wp-elements-3e52b1dcb6a097e8c8ac4145f67e9422\" style=\"color:#011a5c\"><strong>2\u00aa Conven\u00e7\u00e3o Internacional ONLINE da OIAA<\/strong><br\/><strong>14 a 16 de novembro de 2025<\/strong><\/h4>\n\n<div style=\"height:21px\" aria-hidden=\"true\" class=\"wp-block-spacer\"><\/div>\n\n<p class=\"has-text-align-center\"><strong><mark style=\"background-color:rgba(0, 0, 0, 0);color:#011a5c\" class=\"has-inline-color\">FOLHETOS DA CONVEN\u00c7\u00c3O!<\/mark> C<mark style=\"background-color:rgba(0, 0, 0, 0);color:#011a5c\" class=\"has-inline-color\">ompartilhe os folhetos da conven\u00e7\u00e3o<\/mark><\/strong> com seus grupos base, que est\u00e3o atualmente dispon\u00edveis em ingl\u00eas, espanhol, franc\u00eas e portugu\u00eas. Se voc\u00ea quiser que criemos um folheto em seu idioma, envie um e-mail para <a href=\"mailto:convention2025@aa-intergroup.org\">convention2025@aa-intergroup.org<\/a>, ou, se quiser criar seus pr\u00f3prios folhetos ou comunica\u00e7\u00f5es, entre em contato conosco para obter o pacote de m\u00eddia. <\/p>\n\n<div style=\"height:70px\" aria-hidden=\"true\" class=\"wp-block-spacer\"><\/div>\n\n<div class=\"wp-block-columns is-layout-flex wp-container-core-columns-is-layout-9d6595d7 wp-block-columns-is-layout-flex\">\n<div class=\"wp-block-column is-layout-flow wp-block-column-is-layout-flow\">\n<h4 class=\"wp-block-heading has-text-align-center has-text-color has-link-color wp-elements-795c16e9f46c544618a14dcc6ea51f81\" style=\"color:#011a5c\"><strong>Ingl\u00eas<\/strong><\/h4>\n\n\n<div class=\"wp-block-image\">\n<figure class=\"aligncenter size-large\"><img loading=\"lazy\" decoding=\"async\" width=\"1024\" height=\"575\" src=\"https:\/\/beta.aa-intergroup.org\/wp-content\/uploads\/2025\/08\/English-Flyer-OIAA2025-Landscape-1024x575.jpg\" alt=\"\" class=\"wp-image-12912\" srcset=\"https:\/\/beta.aa-intergroup.org\/wp-content\/uploads\/2025\/08\/English-Flyer-OIAA2025-Landscape-1024x575.jpg 1024w, https:\/\/beta.aa-intergroup.org\/wp-content\/uploads\/2025\/08\/English-Flyer-OIAA2025-Landscape-300x169.jpg 300w, https:\/\/beta.aa-intergroup.org\/wp-content\/uploads\/2025\/08\/English-Flyer-OIAA2025-Landscape-768x432.jpg 768w, https:\/\/beta.aa-intergroup.org\/wp-content\/uploads\/2025\/08\/English-Flyer-OIAA2025-Landscape.jpg 1500w\" sizes=\"auto, (max-width: 1024px) 100vw, 1024px\" \/><\/figure><\/div>\n\n\n<div style=\"height:20px\" aria-hidden=\"true\" class=\"wp-block-spacer\"><\/div>\n\n\n\n<div class=\"wp-block-file aligncenter\"><a id=\"wp-block-file--media-18083e6c-08b5-48ff-b350-f9fa6053b53c\" href=\"https:\/\/beta.aa-intergroup.org\/wp-content\/uploads\/2025\/08\/English-Flyer-OIAA2025-Landscape.jpg\">Folheto em Ingl\u00eas OIAA2025 Paisagem<\/a><a href=\"https:\/\/beta.aa-intergroup.org\/wp-content\/uploads\/2025\/08\/English-Flyer-OIAA2025-Landscape.jpg\" class=\"wp-block-file__button wp-element-button\" download=\"\" aria-describedby=\"wp-block-file--media-18083e6c-08b5-48ff-b350-f9fa6053b53c\">Baixar<\/a><\/div>\n<\/div>\n\n\n\n<div class=\"wp-block-column is-layout-flow wp-block-column-is-layout-flow\">\n<h4 class=\"wp-block-heading has-text-align-center has-text-color has-link-color wp-elements-ab9cc1558cd399644462ff27e7de438e\" style=\"color:#011a5c\"><strong>Espanhol<\/strong><\/h4>\n\n\n<div class=\"wp-block-image\">\n<figure class=\"aligncenter size-large\"><img loading=\"lazy\" decoding=\"async\" width=\"1024\" height=\"575\" src=\"https:\/\/beta.aa-intergroup.org\/wp-content\/uploads\/2025\/08\/Spanish-Flyer-OIAA2025-Landscape-1024x575.jpg\" alt=\"\" class=\"wp-image-12910\" srcset=\"https:\/\/beta.aa-intergroup.org\/wp-content\/uploads\/2025\/08\/Spanish-Flyer-OIAA2025-Landscape-1024x575.jpg 1024w, https:\/\/beta.aa-intergroup.org\/wp-content\/uploads\/2025\/08\/Spanish-Flyer-OIAA2025-Landscape-300x169.jpg 300w, https:\/\/beta.aa-intergroup.org\/wp-content\/uploads\/2025\/08\/Spanish-Flyer-OIAA2025-Landscape-768x432.jpg 768w, https:\/\/beta.aa-intergroup.org\/wp-content\/uploads\/2025\/08\/Spanish-Flyer-OIAA2025-Landscape.jpg 1500w\" sizes=\"auto, (max-width: 1024px) 100vw, 1024px\" \/><\/figure><\/div>\n\n\n<div style=\"height:20px\" aria-hidden=\"true\" class=\"wp-block-spacer\"><\/div>\n\n\n\n<div class=\"wp-block-file aligncenter\"><a id=\"wp-block-file--media-3356247c-e041-41b4-a6a7-924b56137ff1\" href=\"https:\/\/beta.aa-intergroup.org\/wp-content\/uploads\/2025\/08\/Spanish-Flyer-OIAA2025-Landscape.jpg\">Folheto em Espanhol OIAA2025 Paisagem<\/a><a href=\"https:\/\/beta.aa-intergroup.org\/wp-content\/uploads\/2025\/08\/Spanish-Flyer-OIAA2025-Landscape.jpg\" class=\"wp-block-file__button wp-element-button\" download=\"\" aria-describedby=\"wp-block-file--media-3356247c-e041-41b4-a6a7-924b56137ff1\">Baixar<\/a><\/div>\n<\/div>\n<\/div>\n\n<div style=\"height:90px\" aria-hidden=\"true\" class=\"wp-block-spacer\"><\/div>\n\n<div class=\"wp-block-columns is-layout-flex wp-container-core-columns-is-layout-9d6595d7 wp-block-columns-is-layout-flex\">\n<div class=\"wp-block-column is-layout-flow wp-block-column-is-layout-flow\"><div class=\"wp-block-image\">\n<figure class=\"aligncenter size-large\"><img loading=\"lazy\" decoding=\"async\" width=\"724\" height=\"1024\" src=\"https:\/\/beta.aa-intergroup.org\/wp-content\/uploads\/2025\/08\/English-Flyer-OIAA25-portrait-5-724x1024.jpg\" alt=\"\" class=\"wp-image-12911\" srcset=\"https:\/\/beta.aa-intergroup.org\/wp-content\/uploads\/2025\/08\/English-Flyer-OIAA25-portrait-5-724x1024.jpg 724w, https:\/\/beta.aa-intergroup.org\/wp-content\/uploads\/2025\/08\/English-Flyer-OIAA25-portrait-5-212x300.jpg 212w, https:\/\/beta.aa-intergroup.org\/wp-content\/uploads\/2025\/08\/English-Flyer-OIAA25-portrait-5-768x1087.jpg 768w, https:\/\/beta.aa-intergroup.org\/wp-content\/uploads\/2025\/08\/English-Flyer-OIAA25-portrait-5.jpg 1060w\" sizes=\"auto, (max-width: 724px) 100vw, 724px\" \/><\/figure><\/div>\n\n\n<div style=\"height:20px\" aria-hidden=\"true\" class=\"wp-block-spacer\"><\/div>\n\n\n\n<div class=\"wp-block-file aligncenter\"><a id=\"wp-block-file--media-29e64664-f4cb-4444-a4b2-60effef2f58b\" href=\"https:\/\/beta.aa-intergroup.org\/wp-content\/uploads\/2025\/08\/English-Flyer-OIAA25-portrait-5.jpg\">Folheto em Ingl\u00eas OIAA25 Retrato<\/a><a href=\"https:\/\/beta.aa-intergroup.org\/wp-content\/uploads\/2025\/08\/English-Flyer-OIAA25-portrait-5.jpg\" class=\"wp-block-file__button wp-element-button\" download=\"\" aria-describedby=\"wp-block-file--media-29e64664-f4cb-4444-a4b2-60effef2f58b\">Baixar<\/a><\/div>\n\n\n\n<div style=\"height:20px\" aria-hidden=\"true\" class=\"wp-block-spacer\"><\/div>\n<\/div>\n\n\n\n<div class=\"wp-block-column is-layout-flow wp-block-column-is-layout-flow\"><div class=\"wp-block-image\">\n<figure class=\"aligncenter size-large\"><img loading=\"lazy\" decoding=\"async\" width=\"724\" height=\"1024\" src=\"https:\/\/beta.aa-intergroup.org\/wp-content\/uploads\/2025\/08\/Spanish-Flyer-OIAA25-portrait-724x1024.jpg\" alt=\"\" class=\"wp-image-12909\" srcset=\"https:\/\/beta.aa-intergroup.org\/wp-content\/uploads\/2025\/08\/Spanish-Flyer-OIAA25-portrait-724x1024.jpg 724w, https:\/\/beta.aa-intergroup.org\/wp-content\/uploads\/2025\/08\/Spanish-Flyer-OIAA25-portrait-212x300.jpg 212w, https:\/\/beta.aa-intergroup.org\/wp-content\/uploads\/2025\/08\/Spanish-Flyer-OIAA25-portrait-768x1087.jpg 768w, https:\/\/beta.aa-intergroup.org\/wp-content\/uploads\/2025\/08\/Spanish-Flyer-OIAA25-portrait.jpg 1060w\" sizes=\"auto, (max-width: 724px) 100vw, 724px\" \/><\/figure><\/div>\n\n\n<div style=\"height:20px\" aria-hidden=\"true\" class=\"wp-block-spacer\"><\/div>\n\n\n\n<div class=\"wp-block-file aligncenter\"><a id=\"wp-block-file--media-6b44c638-dec3-4daa-81b1-a71562bf8017\" href=\"https:\/\/beta.aa-intergroup.org\/wp-content\/uploads\/2025\/08\/Spanish-Flyer-OIAA25-portrait.jpg\">Folheto em Espanhol OIAA25 Retrato<\/a><a href=\"https:\/\/beta.aa-intergroup.org\/wp-content\/uploads\/2025\/08\/Spanish-Flyer-OIAA25-portrait.jpg\" class=\"wp-block-file__button wp-element-button\" download=\"\" aria-describedby=\"wp-block-file--media-6b44c638-dec3-4daa-81b1-a71562bf8017\">Baixar<\/a><\/div>\n\n\n\n<div style=\"height:20px\" aria-hidden=\"true\" class=\"wp-block-spacer\"><\/div>\n<\/div>\n<\/div>\n\n<div style=\"height:90px\" aria-hidden=\"true\" class=\"wp-block-spacer\"><\/div>\n\n<div class=\"wp-block-columns is-layout-flex wp-container-core-columns-is-layout-9d6595d7 wp-block-columns-is-layout-flex\">\n<div class=\"wp-block-column is-layout-flow wp-block-column-is-layout-flow\">\n<h4 class=\"wp-block-heading has-text-align-center has-text-color has-link-color wp-elements-13c4dba1139dbc159005673dcfd50daf\" style=\"color:#011a5c\"><strong><strong>Portugu\u00eas<\/strong><\/strong><\/h4>\n\n\n<div class=\"wp-block-image\">\n<figure class=\"aligncenter size-large\"><img loading=\"lazy\" decoding=\"async\" width=\"1024\" height=\"576\" src=\"https:\/\/beta.aa-intergroup.org\/wp-content\/uploads\/2025\/09\/Portuguese-flyer-V2-OIAA2025-landscape-1024x576.jpg\" alt=\"\" class=\"wp-image-13176\" srcset=\"https:\/\/beta.aa-intergroup.org\/wp-content\/uploads\/2025\/09\/Portuguese-flyer-V2-OIAA2025-landscape-1024x576.jpg 1024w, https:\/\/beta.aa-intergroup.org\/wp-content\/uploads\/2025\/09\/Portuguese-flyer-V2-OIAA2025-landscape-300x169.jpg 300w, https:\/\/beta.aa-intergroup.org\/wp-content\/uploads\/2025\/09\/Portuguese-flyer-V2-OIAA2025-landscape-768x432.jpg 768w, https:\/\/beta.aa-intergroup.org\/wp-content\/uploads\/2025\/09\/Portuguese-flyer-V2-OIAA2025-landscape-1536x864.jpg 1536w, https:\/\/beta.aa-intergroup.org\/wp-content\/uploads\/2025\/09\/Portuguese-flyer-V2-OIAA2025-landscape.jpg 1920w\" sizes=\"auto, (max-width: 1024px) 100vw, 1024px\" \/><\/figure><\/div>\n\n\n<div style=\"height:20px\" aria-hidden=\"true\" class=\"wp-block-spacer\"><\/div>\n\n\n\n<div class=\"wp-block-file aligncenter\"><a id=\"wp-block-file--media-ad208417-2178-4c17-b182-03cf459c1afb\" href=\"https:\/\/beta.aa-intergroup.org\/wp-content\/uploads\/2025\/08\/Portuguese-Flyer-OIAA2025-Landscape.jpg\">Folheto em Portugu\u00eas OIAA2025 Paisagem<\/a><a href=\"https:\/\/beta.aa-intergroup.org\/wp-content\/uploads\/2025\/08\/Portuguese-Flyer-OIAA2025-Landscape.jpg\" class=\"wp-block-file__button wp-element-button\" download=\"\" aria-describedby=\"wp-block-file--media-ad208417-2178-4c17-b182-03cf459c1afb\">Baixar<\/a><\/div>\n<\/div>\n\n\n\n<div class=\"wp-block-column is-layout-flow wp-block-column-is-layout-flow\">\n<h4 class=\"wp-block-heading has-text-align-center has-text-color has-link-color wp-elements-7b81331501325f1ed5a26b65f9fac48f\" style=\"color:#011a5c\"><strong>Fran\u00e7ais<\/strong><\/h4>\n\n\n<div class=\"wp-block-image\">\n<figure class=\"aligncenter size-full\"><img loading=\"lazy\" decoding=\"async\" width=\"1500\" height=\"843\" src=\"https:\/\/beta.aa-intergroup.org\/wp-content\/uploads\/2025\/09\/Francais-Flyer-OIAA2025.png\" alt=\"\" class=\"wp-image-13140\" srcset=\"https:\/\/beta.aa-intergroup.org\/wp-content\/uploads\/2025\/09\/Francais-Flyer-OIAA2025.png 1500w, https:\/\/beta.aa-intergroup.org\/wp-content\/uploads\/2025\/09\/Francais-Flyer-OIAA2025-300x169.png 300w, https:\/\/beta.aa-intergroup.org\/wp-content\/uploads\/2025\/09\/Francais-Flyer-OIAA2025-1024x575.png 1024w, https:\/\/beta.aa-intergroup.org\/wp-content\/uploads\/2025\/09\/Francais-Flyer-OIAA2025-768x432.png 768w\" sizes=\"auto, (max-width: 1500px) 100vw, 1500px\" \/><\/figure><\/div>\n\n\n<div style=\"height:20px\" aria-hidden=\"true\" class=\"wp-block-spacer\"><\/div>\n\n\n\n<div class=\"wp-block-file aligncenter\"><a id=\"wp-block-file--media-c9af3e41-a16e-4b92-9317-a47c00cd39a9\" href=\"https:\/\/beta.aa-intergroup.org\/wp-content\/uploads\/2025\/09\/Francais-Flyer-OIAA2025-1.png\">Folheto em Franc\u00eas OIAA2025 Paisagem<\/a><a href=\"https:\/\/beta.aa-intergroup.org\/wp-content\/uploads\/2025\/09\/Francais-Flyer-OIAA2025-1.png\" class=\"wp-block-file__button wp-element-button\" download=\"\" aria-describedby=\"wp-block-file--media-c9af3e41-a16e-4b92-9317-a47c00cd39a9\">Baixar<\/a><\/div>\n<\/div>\n<\/div>\n\n<div style=\"height:90px\" aria-hidden=\"true\" class=\"wp-block-spacer\"><\/div>\n\n<div class=\"wp-block-columns is-layout-flex wp-container-core-columns-is-layout-9d6595d7 wp-block-columns-is-layout-flex\">\n<div class=\"wp-block-column is-layout-flow wp-block-column-is-layout-flow\"><div class=\"wp-block-image\">\n<figure class=\"aligncenter size-large\"><img loading=\"lazy\" decoding=\"async\" width=\"724\" height=\"1024\" src=\"https:\/\/beta.aa-intergroup.org\/wp-content\/uploads\/2025\/09\/Portuguese-flyer-V2-OIAA2025-BlueGlobe-portrait-724x1024.jpg\" alt=\"\" class=\"wp-image-13178\" srcset=\"https:\/\/beta.aa-intergroup.org\/wp-content\/uploads\/2025\/09\/Portuguese-flyer-V2-OIAA2025-BlueGlobe-portrait-724x1024.jpg 724w, https:\/\/beta.aa-intergroup.org\/wp-content\/uploads\/2025\/09\/Portuguese-flyer-V2-OIAA2025-BlueGlobe-portrait-212x300.jpg 212w, https:\/\/beta.aa-intergroup.org\/wp-content\/uploads\/2025\/09\/Portuguese-flyer-V2-OIAA2025-BlueGlobe-portrait-768x1086.jpg 768w, https:\/\/beta.aa-intergroup.org\/wp-content\/uploads\/2025\/09\/Portuguese-flyer-V2-OIAA2025-BlueGlobe-portrait-1086x1536.jpg 1086w, https:\/\/beta.aa-intergroup.org\/wp-content\/uploads\/2025\/09\/Portuguese-flyer-V2-OIAA2025-BlueGlobe-portrait-1448x2048.jpg 1448w, https:\/\/beta.aa-intergroup.org\/wp-content\/uploads\/2025\/09\/Portuguese-flyer-V2-OIAA2025-BlueGlobe-portrait.jpg 1587w\" sizes=\"auto, (max-width: 724px) 100vw, 724px\" \/><\/figure><\/div>\n\n\n<div style=\"height:20px\" aria-hidden=\"true\" class=\"wp-block-spacer\"><\/div>\n\n\n\n<div class=\"wp-block-file aligncenter\"><a id=\"wp-block-file--media-77975889-9499-451a-8135-8d5d7f606afe\" href=\"https:\/\/beta.aa-intergroup.org\/wp-content\/uploads\/2025\/08\/Portugues-Flyer-OIAA25-portrait.jpg\">Folheto em Portugu\u00eas OIAA25 Retrato<\/a><a href=\"https:\/\/beta.aa-intergroup.org\/wp-content\/uploads\/2025\/08\/Portugues-Flyer-OIAA25-portrait.jpg\" class=\"wp-block-file__button wp-element-button\" download=\"\" aria-describedby=\"wp-block-file--media-77975889-9499-451a-8135-8d5d7f606afe\">Baixar<\/a><\/div>\n<\/div>\n\n\n\n<div class=\"wp-block-column is-layout-flow wp-block-column-is-layout-flow\"><div class=\"wp-block-image\">\n<figure class=\"aligncenter size-full\"><img loading=\"lazy\" decoding=\"async\" width=\"1060\" height=\"1500\" src=\"https:\/\/beta.aa-intergroup.org\/wp-content\/uploads\/2025\/09\/Francais-Brochure-2-OIAA251.png\" alt=\"\" class=\"wp-image-13143\" srcset=\"https:\/\/beta.aa-intergroup.org\/wp-content\/uploads\/2025\/09\/Francais-Brochure-2-OIAA251.png 1060w, https:\/\/beta.aa-intergroup.org\/wp-content\/uploads\/2025\/09\/Francais-Brochure-2-OIAA251-212x300.png 212w, https:\/\/beta.aa-intergroup.org\/wp-content\/uploads\/2025\/09\/Francais-Brochure-2-OIAA251-724x1024.png 724w, https:\/\/beta.aa-intergroup.org\/wp-content\/uploads\/2025\/09\/Francais-Brochure-2-OIAA251-768x1087.png 768w\" sizes=\"auto, (max-width: 1060px) 100vw, 1060px\" \/><\/figure><\/div>\n\n\n<div style=\"height:20px\" aria-hidden=\"true\" class=\"wp-block-spacer\"><\/div>\n\n\n\n<div class=\"wp-block-file aligncenter\"><a id=\"wp-block-file--media-d00b0b32-7e97-4050-bbfd-07769df429c0\" href=\"https:\/\/beta.aa-intergroup.org\/wp-content\/uploads\/2025\/09\/Francais-Brochure-2-OIAA251.png\">Folheto em Franc\u00eas 2 OIAA25 Retrato<\/a><a href=\"https:\/\/beta.aa-intergroup.org\/wp-content\/uploads\/2025\/09\/Francais-Brochure-2-OIAA251.png\" class=\"wp-block-file__button wp-element-button\" download=\"\" aria-describedby=\"wp-block-file--media-d00b0b32-7e97-4050-bbfd-07769df429c0\">Baixar<\/a><\/div>\n<\/div>\n<\/div>\n\n<div style=\"height:100px\" aria-hidden=\"true\" class=\"wp-block-spacer\"><\/div>\n\n<div class=\"wp-block-essential-blocks-button root-eb-button-a5a5w\"><div class=\"eb-parent-wrapper eb-parent-eb-button-a5a5w \"><div class=\"eb-button-wrapper eb-button-alignment eb-button-a5a5w\"><div class=\"eb-button\"><div class=\"eb-button-inner-wrapper \"><a class=\"eb-button-anchor \" href=\"https:\/\/beta.aa-intergroup.org\/pt-br\/oiaa2025\/\" rel=\"noopener\">Voltar \u00e0 P\u00e1gina Inicial OIAA2025<\/a><\/div><\/div><\/div><\/div><\/div>\n\n<div style=\"height:100px\" aria-hidden=\"true\" class=\"wp-block-spacer\"><\/div>\n","protected":false},"excerpt":{"rendered":"<p>Folhetos OIAA2025 2\u00aa Conven\u00e7\u00e3o Internacional ONLINE da OIAA14 a 16 de novembro de 2025 FOLHETOS DA CONVEN\u00c7\u00c3O! Compartilhe os folhetos da conven\u00e7\u00e3o com seus grupos base, que est\u00e3o atualmente dispon\u00edveis em ingl\u00eas, espanhol, franc\u00eas e portugu\u00eas. Se voc\u00ea quiser que criemos um folheto em seu idioma, envie um e-mail para convention2025@aa-intergroup.org, ou, se quiser criar<a class=\"excerpt-read-more\" href=\"https:\/\/beta.aa-intergroup.org\/pt-br\/oiaa2025\/pagina-de-midia-oiaa2025\/\" title=\"ReadP\u00e1gina de M\u00eddia OIAA2025\">&#8230; Read more &raquo;<\/a><\/p>\n","protected":false},"author":153,"featured_media":0,"parent":15025,"menu_order":0,"comment_status":"closed","ping_status":"closed","template":"","meta":{"_acf_changed":false,"_eb_attr":"","footnotes":""},"class_list":["post-17727","page","type-page","status-publish","hentry"],"acf":[],"_links":{"self":[{"href":"https:\/\/beta.aa-intergroup.org\/pt-br\/wp-json\/wp\/v2\/pages\/17727","targetHints":{"allow":["GET"]}}],"collection":[{"href":"https:\/\/beta.aa-intergroup.org\/pt-br\/wp-json\/wp\/v2\/pages"}],"about":[{"href":"https:\/\/beta.aa-intergroup.org\/pt-br\/wp-json\/wp\/v2\/types\/page"}],"author":[{"embeddable":true,"href":"https:\/\/beta.aa-intergroup.org\/pt-br\/wp-json\/wp\/v2\/users\/153"}],"replies":[{"embeddable":true,"href":"https:\/\/beta.aa-intergroup.org\/pt-br\/wp-json\/wp\/v2\/comments?post=17727"}],"version-history":[{"count":1,"href":"https:\/\/beta.aa-intergroup.org\/pt-br\/wp-json\/wp\/v2\/pages\/17727\/revisions"}],"predecessor-version":[{"id":17733,"href":"https:\/\/beta.aa-intergroup.org\/pt-br\/wp-json\/wp\/v2\/pages\/17727\/revisions\/17733"}],"up":[{"embeddable":true,"href":"https:\/\/beta.aa-intergroup.org\/pt-br\/wp-json\/wp\/v2\/pages\/15025"}],"wp:attachment":[{"href":"https:\/\/beta.aa-intergroup.org\/pt-br\/wp-json\/wp\/v2\/media?parent=17727"}],"curies":[{"name":"wp","href":"https:\/\/api.w.org\/{rel}","templated":true}]}}