{"id":17767,"date":"2025-08-20T06:14:24","date_gmt":"2025-08-20T10:14:24","guid":{"rendered":"https:\/\/beta.aa-intergroup.org\/assembleia-da-oiaa-20-de-setembro-de-2025\/"},"modified":"2025-10-28T08:19:44","modified_gmt":"2025-10-28T12:19:44","slug":"assembleia-da-oiaa-20-de-setembro-de-2025","status":"publish","type":"page","link":"https:\/\/beta.aa-intergroup.org\/pt-br\/assembleia-da-oiaa-20-de-setembro-de-2025\/","title":{"rendered":"Assembleia da OIAA 20 de setembro de 2025"},"content":{"rendered":"\n<p><strong>S\u00e1bado, 20 de setembro de 2025<\/strong><br\/>8:00 HST | 11:00 PT | 13:00 CT | 14:00 ET<br\/>19:00 UK | 20:00 CET<\/p>\n\n<p>ID: <a href=\"tel:839%201683%201125\">839 1683 1125<br\/><\/a>Senha: OIAA<\/p>\n\n<p><a href=\"https:\/\/us06web.zoom.us\/j\/83916831125?pwd=cDQvSlcxUjZmWlo4aEoyR0tlUUQwdz09\" data-type=\"link\" data-id=\"https:\/\/us06web.zoom.us\/j\/83916831125?pwd=cDQvSlcxUjZmWlo4aEoyR0tlUUQwdz09\"><strong>PARTICIPAR DA REUNI\u00c3O NO ZOOM<\/strong><\/a><\/p>\n\n<p>Haver\u00e1 interpreta\u00e7\u00e3o para a Assembleia de 20 de setembro de 2025 nestes idiomas:<\/p>\n\n<p>Franc\u00eas; Espanhol; Portugu\u00eas; Italiano<\/p>\n\n<p>Nossa assembleia est\u00e1 aberta a todos que desejam participar, mas apenas Representantes de Intergrupo (IGRs), Presidentes de Comit\u00eas Permanentes da OIAA e Oficiais da OIAA podem votar nas quest\u00f5es de neg\u00f3cios.<\/p>\n\n<p><strong><em>Para participar, seu grupo deve se registrar na OIAA e ter um representante de intergrupo registrado, <\/em><\/strong><strong>Para a assembleia de setembro, a data final <\/strong><strong>para adi\u00e7\u00f5es ou altera\u00e7\u00f5es \u00e0 nossa membresia foi sexta-feira, 13 de setembro, \u00e0 meia-noite EDT<\/strong>. <\/p>\n\n<p><strong><em>D\u00favidas? registrar@aa-intergroup.org <\/em><\/strong><\/p>\n\n<p><strong>An\u00fancio da Assembleia:<\/strong><\/p>\n\n<p>Voc\u00ea pode copiar e colar este an\u00fancio para compartilhar durante as reuni\u00f5es do seu grupo:<\/p>\n\n<p class=\"has-text-align-right\"><strong>Assembleia Geral da OIAA <\/strong> <strong>S\u00e1bado, 20 de setembro de 2025<\/strong><br\/>8:00 HST | 11:00 PT | 13:00 CT | 14:00 ET<br\/>19:00 UK | 20:00 CET<\/p>\n\n<p class=\"has-text-align-right\">ID: 839 1683 1125<br\/>Senha: OIAA<\/p>\n\n<p class=\"has-text-align-right\">A interpreta\u00e7\u00e3o para o seu idioma pode ser solicitada enviando um e-mail para international.trustee@aa-intergroup.org antes de 6 de setembro.<\/p>\n\n<p class=\"has-text-align-right\">As assembleias da OIAA est\u00e3o abertas a todos que desejam participar, mas apenas Representantes de Intergrupo (IGRs),<br\/>Presidentes de Comit\u00eas Permanentes da OIAA e Oficiais da OIAA podem votar nas quest\u00f5es de neg\u00f3cios.<\/p>\n\n<h2 class=\"wp-block-heading\"><strong>Agenda da assembleia<\/strong><\/h2>\n\n<p><strong>Abertura &#8211; Ora\u00e7\u00e3o da Serenidade<\/strong><\/p>\n\n<p>Boas-vindas e mensagem do presidente<\/p>\n\n<p>1. An\u00fancio de qu\u00f3rum <\/p>\n\n<p>2. Aceita\u00e7\u00e3o da <a href=\"https:\/\/beta.aa-intergroup.org\/documents\/minutes-from-the-oiaa-21-june-2025-assembly\/\" data-type=\"link\" data-id=\"https:\/\/beta.aa-intergroup.org\/documents\/minutes-from-the-oiaa-21-june-2025-assembly\/\">Ata da Assembleia de Membros de 21 de junho<\/a>. (Mo\u00e7\u00e3o e vota\u00e7\u00e3o) <\/p>\n\n<p><strong>Assuntos pendentes:<\/strong><\/p>\n\n<p>3. Relat\u00f3rio do secret\u00e1rio <\/p>\n\n<p>4. Relat\u00f3rio de tecnologia<\/p>\n\n<p>5. <strong>Relat\u00f3rios dos comit\u00eas:<\/strong><\/p>\n\n<ul class=\"wp-block-list\">\n<li>Comit\u00ea dos Passos<\/li>\n\n\n\n<li>Comit\u00ea de unidade<\/li>\n<\/ul>\n\n<p>6. Relat\u00f3rio do curador internacional: <\/p>\n\n<p>7.  <a href=\"https:\/\/beta.aa-intergroup.org\/pt-pt\/committees\/financas\/\" data-type=\"link\" data-id=\"https:\/\/beta.aa-intergroup.org\/committees\/finance\/\"><strong>Relat\u00f3rio financeiro<\/strong><\/a><\/p>\n\n<p><strong>Novos assuntos:<\/strong><\/p>\n\n<ol class=\"wp-block-list\">\n<li><strong> <a href=\"https:\/\/beta.aa-intergroup.org\/documents\/unbudgeted-funds-request-20-sept-2025-assembly\/\" data-type=\"link\" data-id=\"https:\/\/beta.aa-intergroup.org\/documents\/unbudgeted-funds-request-20-sept-2025-assembly\/\">Pedidos de fundos n\u00e3o or\u00e7ados<\/a><\/strong> <\/li>\n\n\n\n<li>F\u00f3rum de representantes de intergrupo (IGR) de 25 de outubro<\/li>\n<\/ol>\n\n<p><strong>Encerramento:<\/strong><\/p>\n\n<p>\u201cEu sou Respons\u00e1vel. Quando algu\u00e9m, em qualquer lugar, procura ajuda, quero que a m\u00e3o de A.A. esteja sempre l\u00e1. E por isso: eu sou respons\u00e1vel.\u201d <\/p>\n\n<p>Obrigado(a), Gwen M, Presidente da OIAA.<\/p>\n\n<p><\/p>\n","protected":false},"excerpt":{"rendered":"<p>S\u00e1bado, 20 de setembro de 20258:00 HST | 11:00 PT | 13:00 CT | 14:00 ET19:00 UK | 20:00 CET ID: 839 1683 1125Senha: OIAA PARTICIPAR DA REUNI\u00c3O NO ZOOM Haver\u00e1 interpreta\u00e7\u00e3o para a Assembleia de 20 de setembro de 2025 nestes idiomas: Franc\u00eas; Espanhol; Portugu\u00eas; Italiano Nossa assembleia est\u00e1 aberta a todos que desejam<a class=\"excerpt-read-more\" href=\"https:\/\/beta.aa-intergroup.org\/pt-br\/assembleia-da-oiaa-20-de-setembro-de-2025\/\" title=\"ReadAssembleia da OIAA 20 de setembro de 2025\">&#8230; Read more &raquo;<\/a><\/p>\n","protected":false},"author":13,"featured_media":0,"parent":0,"menu_order":0,"comment_status":"closed","ping_status":"closed","template":"","meta":{"_acf_changed":false,"_eb_attr":"","footnotes":""},"class_list":["post-17767","page","type-page","status-publish","hentry"],"acf":[],"_links":{"self":[{"href":"https:\/\/beta.aa-intergroup.org\/pt-br\/wp-json\/wp\/v2\/pages\/17767","targetHints":{"allow":["GET"]}}],"collection":[{"href":"https:\/\/beta.aa-intergroup.org\/pt-br\/wp-json\/wp\/v2\/pages"}],"about":[{"href":"https:\/\/beta.aa-intergroup.org\/pt-br\/wp-json\/wp\/v2\/types\/page"}],"author":[{"embeddable":true,"href":"https:\/\/beta.aa-intergroup.org\/pt-br\/wp-json\/wp\/v2\/users\/13"}],"replies":[{"embeddable":true,"href":"https:\/\/beta.aa-intergroup.org\/pt-br\/wp-json\/wp\/v2\/comments?post=17767"}],"version-history":[{"count":1,"href":"https:\/\/beta.aa-intergroup.org\/pt-br\/wp-json\/wp\/v2\/pages\/17767\/revisions"}],"predecessor-version":[{"id":17768,"href":"https:\/\/beta.aa-intergroup.org\/pt-br\/wp-json\/wp\/v2\/pages\/17767\/revisions\/17768"}],"wp:attachment":[{"href":"https:\/\/beta.aa-intergroup.org\/pt-br\/wp-json\/wp\/v2\/media?parent=17767"}],"curies":[{"name":"wp","href":"https:\/\/api.w.org\/{rel}","templated":true}]}}