{"id":15360,"date":"2025-06-16T13:15:15","date_gmt":"2025-06-16T17:15:15","guid":{"rendered":"https:\/\/beta.aa-intergroup.org\/grupos-membros-da-oiaa\/"},"modified":"2025-10-28T04:21:26","modified_gmt":"2025-10-28T08:21:26","slug":"grupos-membros-da-oiaa","status":"publish","type":"page","link":"https:\/\/beta.aa-intergroup.org\/pt-pt\/grupos-membros-da-oiaa\/","title":{"rendered":"Grupos membros da OIAA"},"content":{"rendered":"\n<hr class=\"wp-block-separator has-text-color has-alpha-channel-opacity has-background is-style-default\" style=\"background-color:#08c9fd;color:#08c9fd\"\/>\n\n<h2 class=\"wp-block-heading has-text-align-center has-text-color has-link-color has-x-large-font-size wp-elements-2d3d6d87d41d24d75370c47ed38307e8\" style=\"color:#011a5c;font-style:normal;font-weight:700;text-transform:uppercase\">Dentro da OIAA<\/h2>\n\n<p class=\"has-text-align-center\">Este \u00e9 o recurso essencial para tudo o que acontece dentro da OIAA. <\/p>\n\n<div class=\"wp-block-essential-blocks-text root-eb-text-svizr\"><div class=\"eb-parent-wrapper eb-parent-eb-text-svizr \"><div class=\"eb-text-wrapper eb-text-svizr\" data-id=\"eb-text-svizr\"><p class=\"eb-text\"><strong>Menu Dentro da OIAA<\/strong><br><a href=\"https:\/\/beta.aa-intergroup.org\/pt-pt\/grupos-membros-da-oiaa\/\" data-type=\"page\" data-id=\"21905\">grupos<\/a><br><a href=\"https:\/\/beta.aa-intergroup.org\/online-meeting-tools-guidelines\/\" data-type=\"link\" data-id=\"https:\/\/beta.aa-intergroup.org\/online-meeting-tools-guidelines\/\">ferramentas e diretrizes para reuni\u00f5es online<\/a><br><a href=\"https:\/\/beta.aa-intergroup.org\/oiaa-in-action\/\" data-type=\"page\" data-id=\"21908\">OIAA em a\u00e7\u00e3o<\/a><br><a href=\"https:\/\/beta.aa-intergroup.org\/service-committees\/\" data-type=\"page\" data-id=\"21910\">comit\u00e9s de servi\u00e7o<\/a><br><a href=\"https:\/\/beta.aa-intergroup.org\/oiaa-calendar\/\" data-type=\"link\" data-id=\"https:\/\/beta.aa-intergroup.org\/oiaa-calendar\/\">eventos da OIAA<\/a><br><a href=\"https:\/\/beta.aa-intergroup.org\/become-a-member\/\" data-type=\"page\" data-id=\"21912\">torne-se membro<\/a><\/p><\/div><\/div><\/div>\n\n<!-- UberMenu [Configuration:insideoiaa] [Theme Loc:] [Integration:api] -->\n<button class=\"ubermenu-responsive-toggle ubermenu-responsive-toggle-insideoiaa ubermenu-skin-grey-white ubermenu-loc- ubermenu-responsive-toggle-content-align-left ubermenu-responsive-toggle-align-full ubermenu-responsive-toggle-close-icon-times \" tabindex=\"0\" data-ubermenu-target=\"ubermenu-insideoiaa-628\"   aria-label=\"Toggle Inside OIAA - Portuguese (Portugal)\"><i class=\"fas fa-bars\" ><\/i>Menu<\/button><nav id=\"ubermenu-insideoiaa-628\" class=\"ubermenu ubermenu-nojs ubermenu-insideoiaa ubermenu-menu-628 ubermenu-responsive ubermenu-responsive-default ubermenu-responsive-collapse ubermenu-horizontal ubermenu-transition-shift ubermenu-trigger-hover_intent ubermenu-skin-grey-white  ubermenu-bar-align-full ubermenu-items-align-flex ubermenu-bound-inner ubermenu-disable-submenu-scroll ubermenu-sub-indicators ubermenu-retractors-responsive ubermenu-submenu-indicator-closes\"><ul id=\"ubermenu-nav-insideoiaa-90\" class=\"ubermenu-nav\" data-title=\"Inside OIAA - Portuguese (Portugal)\"><li id=\"menu-item-37518\" class=\"ubermenu-item ubermenu-item-type-post_type ubermenu-item-object-page ubermenu-item-37518 ubermenu-item-level-0 ubermenu-column ubermenu-column-auto\" ><a class=\"ubermenu-target ubermenu-item-layout-default ubermenu-item-layout-text_only\" href=\"https:\/\/beta.aa-intergroup.org\/pt-pt\/grupos-membros-da-oiaa\/\" tabindex=\"0\"><span class=\"ubermenu-target-title ubermenu-target-text\">Grupos membros da OIAA<\/span><\/a><\/li><li id=\"menu-item-37546\" class=\"ubermenu-item ubermenu-item-type-post_type ubermenu-item-object-page ubermenu-item-37546 ubermenu-item-level-0 ubermenu-column ubermenu-column-auto\" ><a class=\"ubermenu-target ubermenu-item-layout-default ubermenu-item-layout-text_only\" href=\"https:\/\/beta.aa-intergroup.org\/pt-pt\/ferramentas-e-diretrizes-para-reunioes-online\/\" tabindex=\"0\"><span class=\"ubermenu-target-title ubermenu-target-text\">Ferramentas e diretrizes para reuni\u00f5es online<\/span><\/a><\/li><li id=\"menu-item-37547\" class=\"ubermenu-item ubermenu-item-type-post_type ubermenu-item-object-page ubermenu-item-37547 ubermenu-item-level-0 ubermenu-column ubermenu-column-auto\" ><a class=\"ubermenu-target ubermenu-item-layout-default ubermenu-item-layout-text_only\" href=\"https:\/\/beta.aa-intergroup.org\/pt-pt\/oiaa-em-acao\/\" tabindex=\"0\"><span class=\"ubermenu-target-title ubermenu-target-text\">OIAA em a\u00e7\u00e3o<\/span><\/a><\/li><li id=\"menu-item-37548\" class=\"ubermenu-item ubermenu-item-type-post_type ubermenu-item-object-page ubermenu-item-37548 ubermenu-item-level-0 ubermenu-column ubermenu-column-auto\" ><a class=\"ubermenu-target ubermenu-item-layout-default ubermenu-item-layout-text_only\" href=\"https:\/\/beta.aa-intergroup.org\/pt-pt\/comissoes-de-servico\/\" tabindex=\"0\"><span class=\"ubermenu-target-title ubermenu-target-text\">Comiss\u00f5es de servi\u00e7o<\/span><\/a><\/li><li id=\"menu-item-37549\" class=\"ubermenu-item ubermenu-item-type-post_type ubermenu-item-object-page ubermenu-item-37549 ubermenu-item-level-0 ubermenu-column ubermenu-column-auto\" ><a class=\"ubermenu-target ubermenu-item-layout-default ubermenu-item-layout-text_only\" href=\"https:\/\/beta.aa-intergroup.org\/pt-pt\/calendario-da-oiaa\/\" tabindex=\"0\"><span class=\"ubermenu-target-title ubermenu-target-text\">Calend\u00e1rio da OIAA<\/span><\/a><\/li><li id=\"menu-item-37550\" class=\"ubermenu-item ubermenu-item-type-post_type ubermenu-item-object-page ubermenu-item-37550 ubermenu-item-level-0 ubermenu-column ubermenu-column-auto\" ><a class=\"ubermenu-target ubermenu-item-layout-default ubermenu-item-layout-text_only\" href=\"https:\/\/beta.aa-intergroup.org\/pt-pt\/torne-se-membro\/\" tabindex=\"0\"><span class=\"ubermenu-target-title ubermenu-target-text\">Torne-se membro<\/span><\/a><\/li><\/ul><\/nav>\n<!-- End UberMenu -->\n\n\n<hr class=\"wp-block-separator has-text-color has-alpha-channel-opacity has-background is-style-default\" style=\"background-color:#08c9fd;color:#08c9fd\"\/>\n\n<div style=\"height:18px\" aria-hidden=\"true\" class=\"wp-block-spacer\"><\/div>\n\n<h2 class=\"wp-block-heading has-text-align-center has-large-font-size\">Grupos membros da OIAA<\/h2>\n\n<p>Este \u00e9 o seu recurso essencial para grupos listados na OIAA e aqueles que participam na estrutura de servi\u00e7o da OIAA. Os RGIs dos grupos encontrar\u00e3o aqui as informa\u00e7\u00f5es mais atualizadas. <\/p>\n\n<div class=\"wp-block-essential-blocks-button root-eb-button-k731r\"><div class=\"eb-parent-wrapper eb-parent-eb-button-k731r \"><div class=\"eb-button-wrapper eb-button-alignment eb-button-k731r\"><div class=\"eb-button\"><div class=\"eb-button-inner-wrapper \"><a class=\"eb-button-anchor \" href=\"https:\/\/beta.aa-intergroup.org\/group-events\/\" rel=\"noopener\">Ver eventos dos grupos<\/a><\/div><\/div><\/div><\/div><\/div>\n\n<div style=\"height:20px\" aria-hidden=\"true\" class=\"wp-block-spacer\"><\/div>\n\n<div class=\"wp-block-columns is-layout-flex wp-container-core-columns-is-layout-9d6595d7 wp-block-columns-is-layout-flex\">\n<div class=\"wp-block-column is-layout-flow wp-block-column-is-layout-flow\">\n<div class=\"wp-block-essential-blocks-infobox root-eb-infobox-3y9am\"><div class=\"eb-parent-wrapper eb-parent-eb-infobox-3y9am \"><div class=\"eb-infobox-3y9am eb-infobox-wrapper\"><div class=\"infobox-wrapper-inner\"><div class=\"contents-wrapper\"><p class=\"description\">As informa\u00e7\u00f5es mais atualizadas que todos os RGIs devem conhecer.<\/p><div class=\"eb-button-inner-wrapper eb-infobox-btn-wrapper\"><a class=\"eb-button-anchor infobox-btn \" href=\"https:\/\/beta.aa-intergroup.org\/igr-hotlist\/\" rel=\"noopener\"><strong>Lista priorit\u00e1ria para RGIs <\/strong><\/a><\/div><\/div><\/div><\/div><\/div><\/div>\n<\/div>\n\n\n\n<div class=\"wp-block-column is-layout-flow wp-block-column-is-layout-flow\">\n<div class=\"wp-block-essential-blocks-infobox root-eb-infobox-njvfg\"><div class=\"eb-parent-wrapper eb-parent-eb-infobox-njvfg \"><div class=\"eb-infobox-njvfg eb-infobox-wrapper\"><div class=\"infobox-wrapper-inner\"><div class=\"contents-wrapper\"><p class=\"description\">Mantenha todos informados sobre o que est\u00e1 a acontecer no seu grupo.<\/p><div class=\"eb-button-inner-wrapper eb-infobox-btn-wrapper\"><a class=\"eb-button-anchor infobox-btn \" href=\"https:\/\/beta.aa-intergroup.org\/submit-group-report\/\" rel=\"noopener\"><strong>Relat\u00f3rios de grupo<\/strong><\/a><\/div><\/div><\/div><\/div><\/div><\/div>\n<\/div>\n\n\n\n<div class=\"wp-block-column is-layout-flow wp-block-column-is-layout-flow\">\n<div class=\"wp-block-essential-blocks-infobox root-eb-infobox-qh1kd\"><div class=\"eb-parent-wrapper eb-parent-eb-infobox-qh1kd \"><div class=\"eb-infobox-qh1kd eb-infobox-wrapper\"><div class=\"infobox-wrapper-inner\"><div class=\"contents-wrapper\"><p class=\"description\">Os membros partilham a sua experi\u00eancia, for\u00e7a e esperan\u00e7a.<br><\/p><div class=\"eb-button-inner-wrapper eb-infobox-btn-wrapper\"><a class=\"eb-button-anchor infobox-btn \" href=\"https:\/\/beta.aa-intergroup.org\/stories\/\" rel=\"noopener\"><strong>Hist\u00f3rias de membros<\/strong><\/a><\/div><\/div><\/div><\/div><\/div><\/div>\n<\/div>\n<\/div>\n\n<div style=\"height:32px\" aria-hidden=\"true\" class=\"wp-block-spacer\"><\/div>\n\n<div class=\"wp-block-columns is-layout-flex wp-container-core-columns-is-layout-9d6595d7 wp-block-columns-is-layout-flex\">\n<div class=\"wp-block-column is-layout-flow wp-block-column-is-layout-flow\">\n<div class=\"wp-block-essential-blocks-infobox root-eb-infobox-60hlv\"><div class=\"eb-parent-wrapper eb-parent-eb-infobox-60hlv \"><div class=\"eb-infobox-60hlv eb-infobox-wrapper\"><div class=\"infobox-wrapper-inner\"><div class=\"contents-wrapper\"><p class=\"description\">Utilize este formul\u00e1rio para submeter os eventos do seu grupo. N\u00e3o precisa de ser um Grupo Membro da OIAA para listar um evento. <br><\/p><div class=\"eb-button-inner-wrapper eb-infobox-btn-wrapper\"><a class=\"eb-button-anchor infobox-btn \" href=\"https:\/\/beta.aa-intergroup.org\/submit-group-event\/\" rel=\"noopener\"><strong>Submeter um evento de grupo<\/strong><\/a><\/div><\/div><\/div><\/div><\/div><\/div>\n<\/div>\n\n\n\n<div class=\"wp-block-column is-layout-flow wp-block-column-is-layout-flow\">\n<div class=\"wp-block-essential-blocks-infobox root-eb-infobox-69t65\"><div class=\"eb-parent-wrapper eb-parent-eb-infobox-69t65 \"><div class=\"eb-infobox-69t65 eb-infobox-wrapper\"><div class=\"infobox-wrapper-inner\"><div class=\"contents-wrapper\"><p class=\"description\">Se tiver d\u00favidas sobre a ades\u00e3o de grupos \u00e0 OIAA ou necessitar de alterar as informa\u00e7\u00f5es do seu RGI, contacte o Registador.<\/p><div class=\"eb-button-inner-wrapper eb-infobox-btn-wrapper\"><a class=\"eb-button-anchor infobox-btn \" href=\"https:\/\/beta.aa-intergroup.org\/oiaa-registrar\/\" rel=\"noopener\"><strong>Contactar o registador <\/strong><\/a><\/div><\/div><\/div><\/div><\/div><\/div>\n<\/div>\n\n\n\n<div class=\"wp-block-column is-layout-flow wp-block-column-is-layout-flow\">\n<div class=\"wp-block-essential-blocks-infobox root-eb-infobox-x8n33\"><div class=\"eb-parent-wrapper eb-parent-eb-infobox-x8n33 \"><div class=\"eb-infobox-x8n33 eb-infobox-wrapper\"><div class=\"infobox-wrapper-inner\"><div class=\"contents-wrapper\"><p class=\"description\">Cada grupo de A.A. dever\u00e1 ser totalmente autossuficiente, recusando contribui\u00e7\u00f5es externas.&#8221; (p\u00e1g. 160, Doze Passos e Doze Tradi\u00e7\u00f5es)<\/p><div class=\"eb-button-inner-wrapper eb-infobox-btn-wrapper\"><a class=\"eb-button-anchor infobox-btn \" href=\"https:\/\/beta.aa-intergroup.org\/contributions\/\" rel=\"noopener\"><strong>Fazer uma contribui\u00e7\u00e3o<\/strong><\/a><\/div><\/div><\/div><\/div><\/div><\/div>\n<\/div>\n<\/div>\n\n<div style=\"height:431px\" aria-hidden=\"true\" class=\"wp-block-spacer\"><\/div>\n","protected":false},"excerpt":{"rendered":"<p>Dentro da OIAA Este \u00e9 o recurso essencial para tudo o que acontece dentro da OIAA. Grupos membros da OIAA Este \u00e9 o seu recurso essencial para grupos listados na OIAA e aqueles que participam na estrutura de servi\u00e7o da OIAA. Os RGIs dos grupos encontrar\u00e3o aqui as informa\u00e7\u00f5es mais atualizadas.<\/p>\n","protected":false},"author":153,"featured_media":0,"parent":0,"menu_order":0,"comment_status":"closed","ping_status":"closed","template":"","meta":{"_acf_changed":false,"_eb_attr":"","footnotes":""},"class_list":["post-15360","page","type-page","status-publish","hentry"],"acf":[],"_links":{"self":[{"href":"https:\/\/beta.aa-intergroup.org\/pt-pt\/wp-json\/wp\/v2\/pages\/15360","targetHints":{"allow":["GET"]}}],"collection":[{"href":"https:\/\/beta.aa-intergroup.org\/pt-pt\/wp-json\/wp\/v2\/pages"}],"about":[{"href":"https:\/\/beta.aa-intergroup.org\/pt-pt\/wp-json\/wp\/v2\/types\/page"}],"author":[{"embeddable":true,"href":"https:\/\/beta.aa-intergroup.org\/pt-pt\/wp-json\/wp\/v2\/users\/153"}],"replies":[{"embeddable":true,"href":"https:\/\/beta.aa-intergroup.org\/pt-pt\/wp-json\/wp\/v2\/comments?post=15360"}],"version-history":[{"count":1,"href":"https:\/\/beta.aa-intergroup.org\/pt-pt\/wp-json\/wp\/v2\/pages\/15360\/revisions"}],"predecessor-version":[{"id":15361,"href":"https:\/\/beta.aa-intergroup.org\/pt-pt\/wp-json\/wp\/v2\/pages\/15360\/revisions\/15361"}],"wp:attachment":[{"href":"https:\/\/beta.aa-intergroup.org\/pt-pt\/wp-json\/wp\/v2\/media?parent=15360"}],"curies":[{"name":"wp","href":"https:\/\/api.w.org\/{rel}","templated":true}]}}