{"id":15512,"date":"2025-06-13T19:08:28","date_gmt":"2025-06-13T23:08:28","guid":{"rendered":"https:\/\/beta.aa-intergroup.org\/torne-se-membro\/"},"modified":"2025-10-28T04:28:12","modified_gmt":"2025-10-28T08:28:12","slug":"torne-se-membro","status":"publish","type":"page","link":"https:\/\/beta.aa-intergroup.org\/pt-pt\/torne-se-membro\/","title":{"rendered":"Torne-se membro"},"content":{"rendered":"\n<hr class=\"wp-block-separator has-text-color has-alpha-channel-opacity has-background is-style-default\" style=\"background-color:#08c9fd;color:#08c9fd\"\/>\n\n<h2 class=\"wp-block-heading has-text-align-center has-text-color has-link-color has-x-large-font-size wp-elements-2d3d6d87d41d24d75370c47ed38307e8\" style=\"color:#011a5c;font-style:normal;font-weight:700;text-transform:uppercase\">Dentro da OIAA<\/h2>\n\n<p class=\"has-text-align-center\">Este \u00e9 o recurso essencial para tudo o que acontece dentro da OIAA. <\/p>\n\n<div class=\"wp-block-essential-blocks-text root-eb-text-h7yga\"><div class=\"eb-parent-wrapper eb-parent-eb-text-h7yga \"><div class=\"eb-text-wrapper eb-text-h7yga\" data-id=\"eb-text-h7yga\"><p class=\"eb-text\"><strong>Menu Dentro da OIAA<\/strong><br><a href=\"https:\/\/beta.aa-intergroup.org\/pt-pt\/grupos-membros-da-oiaa\/\" data-type=\"page\" data-id=\"21905\">grupos<\/a><br><a href=\"https:\/\/beta.aa-intergroup.org\/pt-pt\/ferramentas-e-diretrizes-para-reunioes-online\/\" data-type=\"link\" data-id=\"https:\/\/staging2.aa-intergroup.org\/online-meeting-tools-guidelines\/\">ferramentas e diretrizes para reuni\u00f5es online<\/a><br><a href=\"https:\/\/beta.aa-intergroup.org\/pt-pt\/oiaa-em-acao\/\" data-type=\"page\" data-id=\"21908\">OIAA em a\u00e7\u00e3o<\/a><br><a href=\"https:\/\/beta.aa-intergroup.org\/pt-pt\/comissoes-de-servico\/\" data-type=\"page\" data-id=\"21910\">comit\u00e9s de servi\u00e7o<\/a><br><a href=\"https:\/\/beta.aa-intergroup.org\/pt-pt\/calendario-da-oiaa\/\" data-type=\"link\" data-id=\"https:\/\/beta.aa-intergroup.org\/oiaa-calendar\/\">eventos da OIAA<\/a><br><a href=\"https:\/\/beta.aa-intergroup.org\/pt-pt\/torne-se-membro\/\" data-type=\"page\" data-id=\"21912\">torne-se membro<\/a><\/p><\/div><\/div><\/div>\n\n<!-- UberMenu [Configuration:insideoiaa] [Theme Loc:] [Integration:api] -->\n<button class=\"ubermenu-responsive-toggle ubermenu-responsive-toggle-insideoiaa ubermenu-skin-grey-white ubermenu-loc- ubermenu-responsive-toggle-content-align-left ubermenu-responsive-toggle-align-full ubermenu-responsive-toggle-close-icon-times \" tabindex=\"0\" data-ubermenu-target=\"ubermenu-insideoiaa-628\"   aria-label=\"Toggle Inside OIAA - Portuguese (Portugal)\"><i class=\"fas fa-bars\" ><\/i>Menu<\/button><nav id=\"ubermenu-insideoiaa-628\" class=\"ubermenu ubermenu-nojs ubermenu-insideoiaa ubermenu-menu-628 ubermenu-responsive ubermenu-responsive-default ubermenu-responsive-collapse ubermenu-horizontal ubermenu-transition-shift ubermenu-trigger-hover_intent ubermenu-skin-grey-white  ubermenu-bar-align-full ubermenu-items-align-flex ubermenu-bound-inner ubermenu-disable-submenu-scroll ubermenu-sub-indicators ubermenu-retractors-responsive ubermenu-submenu-indicator-closes\"><ul id=\"ubermenu-nav-insideoiaa-90\" class=\"ubermenu-nav\" data-title=\"Inside OIAA - Portuguese (Portugal)\"><li id=\"menu-item-37518\" class=\"ubermenu-item ubermenu-item-type-post_type ubermenu-item-object-page ubermenu-item-37518 ubermenu-item-level-0 ubermenu-column ubermenu-column-auto\" ><a class=\"ubermenu-target ubermenu-item-layout-default ubermenu-item-layout-text_only\" href=\"https:\/\/beta.aa-intergroup.org\/pt-pt\/grupos-membros-da-oiaa\/\" tabindex=\"0\"><span class=\"ubermenu-target-title ubermenu-target-text\">Grupos membros da OIAA<\/span><\/a><\/li><li id=\"menu-item-37546\" class=\"ubermenu-item ubermenu-item-type-post_type ubermenu-item-object-page ubermenu-item-37546 ubermenu-item-level-0 ubermenu-column ubermenu-column-auto\" ><a class=\"ubermenu-target ubermenu-item-layout-default ubermenu-item-layout-text_only\" href=\"https:\/\/beta.aa-intergroup.org\/pt-pt\/ferramentas-e-diretrizes-para-reunioes-online\/\" tabindex=\"0\"><span class=\"ubermenu-target-title ubermenu-target-text\">Ferramentas e diretrizes para reuni\u00f5es online<\/span><\/a><\/li><li id=\"menu-item-37547\" class=\"ubermenu-item ubermenu-item-type-post_type ubermenu-item-object-page ubermenu-item-37547 ubermenu-item-level-0 ubermenu-column ubermenu-column-auto\" ><a class=\"ubermenu-target ubermenu-item-layout-default ubermenu-item-layout-text_only\" href=\"https:\/\/beta.aa-intergroup.org\/pt-pt\/oiaa-em-acao\/\" tabindex=\"0\"><span class=\"ubermenu-target-title ubermenu-target-text\">OIAA em a\u00e7\u00e3o<\/span><\/a><\/li><li id=\"menu-item-37548\" class=\"ubermenu-item ubermenu-item-type-post_type ubermenu-item-object-page ubermenu-item-37548 ubermenu-item-level-0 ubermenu-column ubermenu-column-auto\" ><a class=\"ubermenu-target ubermenu-item-layout-default ubermenu-item-layout-text_only\" href=\"https:\/\/beta.aa-intergroup.org\/pt-pt\/comissoes-de-servico\/\" tabindex=\"0\"><span class=\"ubermenu-target-title ubermenu-target-text\">Comiss\u00f5es de servi\u00e7o<\/span><\/a><\/li><li id=\"menu-item-37549\" class=\"ubermenu-item ubermenu-item-type-post_type ubermenu-item-object-page ubermenu-item-37549 ubermenu-item-level-0 ubermenu-column ubermenu-column-auto\" ><a class=\"ubermenu-target ubermenu-item-layout-default ubermenu-item-layout-text_only\" href=\"https:\/\/beta.aa-intergroup.org\/pt-pt\/calendario-da-oiaa\/\" tabindex=\"0\"><span class=\"ubermenu-target-title ubermenu-target-text\">Calend\u00e1rio da OIAA<\/span><\/a><\/li><li id=\"menu-item-37550\" class=\"ubermenu-item ubermenu-item-type-post_type ubermenu-item-object-page ubermenu-item-37550 ubermenu-item-level-0 ubermenu-column ubermenu-column-auto\" ><a class=\"ubermenu-target ubermenu-item-layout-default ubermenu-item-layout-text_only\" href=\"https:\/\/beta.aa-intergroup.org\/pt-pt\/torne-se-membro\/\" tabindex=\"0\"><span class=\"ubermenu-target-title ubermenu-target-text\">Torne-se membro<\/span><\/a><\/li><\/ul><\/nav>\n<!-- End UberMenu -->\n\n\n<hr class=\"wp-block-separator has-text-color has-alpha-channel-opacity has-background is-style-default\" style=\"background-color:#08c9fd;color:#08c9fd\"\/>\n\n<h2 class=\"wp-block-heading has-text-align-center\">Torne-se membro<\/h2>\n\n<p class=\"has-text-align-center\">O Intergrupo Online de Alco\u00f3licos An\u00f3nimos, ou OIAA, \u00e9 uma organiza\u00e7\u00e3o de servi\u00e7o internacional estabelecida de acordo com a Nona Tradi\u00e7\u00e3o de Alco\u00f3licos An\u00f3nimos AA, especificamente com o prop\u00f3sito de ajudar os grupos de AA <strong>online<\/strong> no seu prop\u00f3sito comum de levar a mensagem de AA ao alco\u00f3lico que ainda sofre.<\/p>\n\n<div class=\"wp-block-columns is-layout-flex wp-container-core-columns-is-layout-9d6595d7 wp-block-columns-is-layout-flex\">\n<div class=\"wp-block-column is-layout-flow wp-block-column-is-layout-flow\">\n<div class=\"wp-block-essential-blocks-infobox root-eb-infobox-lsiv7\"><div class=\"eb-parent-wrapper eb-parent-eb-infobox-lsiv7 \"><div class=\"eb-infobox-lsiv7 eb-infobox-wrapper\"><div class=\"infobox-wrapper-inner\"><div class=\"contents-wrapper\"><p class=\"description\">O Intergrupo Online de Alco\u00f3licos An\u00f3nimos, ou OIAA, \u00e9 uma organiza\u00e7\u00e3o de servi\u00e7o internacional estabelecida especificamente com o prop\u00f3sito de ajudar os grupos de AA <strong>online<\/strong> no seu prop\u00f3sito comum de levar a mensagem de AA ao alco\u00f3lico que ainda sofre.<br><br><\/p><div class=\"eb-button-inner-wrapper eb-infobox-btn-wrapper\"><a class=\"eb-button-anchor infobox-btn \" href=\"https:\/\/beta.aa-intergroup.org\/what-is-oiaa\/\" rel=\"noopener\"><strong>O que \u00e9 a OIAA<\/strong><\/a><\/div><\/div><\/div><\/div><\/div><\/div>\n<\/div>\n\n\n\n<div class=\"wp-block-column is-layout-flow wp-block-column-is-layout-flow\">\n<div class=\"wp-block-essential-blocks-infobox root-eb-infobox-jcrlp\"><div class=\"eb-parent-wrapper eb-parent-eb-infobox-jcrlp \"><div class=\"eb-infobox-jcrlp eb-infobox-wrapper\"><div class=\"infobox-wrapper-inner\"><div class=\"contents-wrapper\"><p class=\"description\">A OIAA tem tudo a ver com servi\u00e7o. Servi\u00e7o ao alco\u00f3lico que ainda sofre.  <br>Servi\u00e7o aos nossos grupos online. <br>Servi\u00e7o \u00e0 nossa comunidade online. A ades\u00e3o ao Intergrupo Online est\u00e1 aberta a todos os grupos de AA online e a todos os membros de AA. <br><br><br><\/p><div class=\"eb-button-inner-wrapper eb-infobox-btn-wrapper\"><a class=\"eb-button-anchor infobox-btn \" href=\"https:\/\/beta.aa-intergroup.org\/why-join-oiaa\/\" rel=\"noopener\"><strong>Por que aderir \u00e0 OIAA<\/strong><\/a><\/div><\/div><\/div><\/div><\/div><\/div>\n<\/div>\n\n\n\n<div class=\"wp-block-column is-layout-flow wp-block-column-is-layout-flow\">\n<div class=\"wp-block-essential-blocks-infobox root-eb-infobox-mkh3o\"><div class=\"eb-parent-wrapper eb-parent-eb-infobox-mkh3o \"><div class=\"eb-infobox-mkh3o eb-infobox-wrapper\"><div class=\"infobox-wrapper-inner\"><div class=\"contents-wrapper\"><p class=\"description\">Os princ\u00edpios e tradi\u00e7\u00f5es fundamentais de Alco\u00f3licos An\u00f3nimos (AA) aplicam-se a todas as comunica\u00e7\u00f5es dos membros que utilizam meios eletr\u00f3nicos, como a Internet, telefone, websites, e-mail, etc. Esta Declara\u00e7\u00e3o Consultiva Online destina-se a esclarecer algumas situa\u00e7\u00f5es especiais que surgem para as reuni\u00f5es e comunica\u00e7\u00f5es de AA baseadas eletronicamente. <br><\/p><div class=\"eb-button-inner-wrapper eb-infobox-btn-wrapper\"><a class=\"eb-button-anchor infobox-btn \" href=\"https:\/\/beta.aa-intergroup.org\/anonymity\/\" rel=\"noopener\"><strong>Anonimato e privacidade<\/strong><\/a><\/div><\/div><\/div><\/div><\/div><\/div>\n<\/div>\n<\/div>\n\n<div style=\"height:32px\" aria-hidden=\"true\" class=\"wp-block-spacer\"><\/div>\n\n<div class=\"wp-block-columns is-layout-flex wp-container-core-columns-is-layout-9d6595d7 wp-block-columns-is-layout-flex\">\n<div class=\"wp-block-column is-layout-flow wp-block-column-is-layout-flow\">\n<div class=\"wp-block-essential-blocks-infobox root-eb-infobox-kj0bu\"><div class=\"eb-parent-wrapper eb-parent-eb-infobox-kj0bu \"><div class=\"eb-infobox-kj0bu eb-infobox-wrapper\"><div class=\"infobox-wrapper-inner\"><div class=\"contents-wrapper\"><p class=\"description\">Em 1994, os membros online da Comunidade de Alco\u00f3licos An\u00f3nimos come\u00e7aram a ansiar por participar na Conven\u00e7\u00e3o Internacional em San Diego, realizada em junho de 1995.<br><br><\/p><div class=\"eb-button-inner-wrapper eb-infobox-btn-wrapper\"><a class=\"eb-button-anchor infobox-btn \" href=\"https:\/\/beta.aa-intergroup.org\/oiaa-history-timeline\/\" rel=\"noopener\"><strong>Hist\u00f3ria da OIAA<\/strong><\/a><\/div><\/div><\/div><\/div><\/div><\/div>\n<\/div>\n\n\n\n<div class=\"wp-block-column is-layout-flow wp-block-column-is-layout-flow\">\n<div class=\"wp-block-essential-blocks-infobox root-eb-infobox-fe1lt\"><div class=\"eb-parent-wrapper eb-parent-eb-infobox-fe1lt \"><div class=\"eb-infobox-fe1lt eb-infobox-wrapper\"><div class=\"infobox-wrapper-inner\"><div class=\"contents-wrapper\"><p class=\"description\">N\u00e3o \u00e9 necess\u00e1rio ser membro para listar o seu grupo de AA online no Diret\u00f3rio de Reuni\u00f5es ou para participar em qualquer uma das nossas muitas Comiss\u00f5es de Servi\u00e7o. Os indiv\u00edduos tamb\u00e9m podem tornar-se membros da OIAA. <br><\/p><div class=\"eb-button-inner-wrapper eb-infobox-btn-wrapper\"><a class=\"eb-button-anchor infobox-btn \" href=\"https:\/\/beta.aa-intergroup.org\/join-oiaa\/\" rel=\"noopener\"><strong>Aderir \u00e0 OIAA<\/strong><\/a><\/div><\/div><\/div><\/div><\/div><\/div>\n<\/div>\n\n\n\n<div class=\"wp-block-column is-layout-flow wp-block-column-is-layout-flow\">\n<div class=\"wp-block-essential-blocks-infobox root-eb-infobox-rm2bn\"><div class=\"eb-parent-wrapper eb-parent-eb-infobox-rm2bn \"><div class=\"eb-infobox-rm2bn eb-infobox-wrapper\"><div class=\"infobox-wrapper-inner\"><div class=\"contents-wrapper\"><p class=\"description\">A OIAA., Inc., tamb\u00e9m conhecida como Intergrupo Online de Alco\u00f3licos An\u00f3nimos\u00a9, (\u201cOIAA\u201d) respeita a privacidade de todos os indiv\u00edduos que visitam este site.<br><\/p><div class=\"eb-button-inner-wrapper eb-infobox-btn-wrapper\"><a class=\"eb-button-anchor infobox-btn \" href=\"https:\/\/beta.aa-intergroup.org\/privacy-policy\/\" rel=\"noopener\"><strong>Pol\u00edtica de Privacidade<\/strong><\/a><\/div><\/div><\/div><\/div><\/div><\/div>\n<\/div>\n<\/div>\n\n<div style=\"height:32px\" aria-hidden=\"true\" class=\"wp-block-spacer\"><\/div>\n","protected":false},"excerpt":{"rendered":"<p>Dentro da OIAA Este \u00e9 o recurso essencial para tudo o que acontece dentro da OIAA. Torne-se membro O Intergrupo Online de Alco\u00f3licos An\u00f3nimos, ou OIAA, \u00e9 uma organiza\u00e7\u00e3o de servi\u00e7o internacional estabelecida de acordo com a Nona Tradi\u00e7\u00e3o de Alco\u00f3licos An\u00f3nimos AA, especificamente com o prop\u00f3sito de ajudar os grupos de AA online no<a class=\"excerpt-read-more\" href=\"https:\/\/beta.aa-intergroup.org\/pt-pt\/torne-se-membro\/\" title=\"ReadTorne-se membro\">&#8230; Read more &raquo;<\/a><\/p>\n","protected":false},"author":153,"featured_media":0,"parent":0,"menu_order":0,"comment_status":"closed","ping_status":"closed","template":"","meta":{"_acf_changed":false,"_eb_attr":"","footnotes":""},"class_list":["post-15512","page","type-page","status-publish","hentry"],"acf":[],"_links":{"self":[{"href":"https:\/\/beta.aa-intergroup.org\/pt-pt\/wp-json\/wp\/v2\/pages\/15512","targetHints":{"allow":["GET"]}}],"collection":[{"href":"https:\/\/beta.aa-intergroup.org\/pt-pt\/wp-json\/wp\/v2\/pages"}],"about":[{"href":"https:\/\/beta.aa-intergroup.org\/pt-pt\/wp-json\/wp\/v2\/types\/page"}],"author":[{"embeddable":true,"href":"https:\/\/beta.aa-intergroup.org\/pt-pt\/wp-json\/wp\/v2\/users\/153"}],"replies":[{"embeddable":true,"href":"https:\/\/beta.aa-intergroup.org\/pt-pt\/wp-json\/wp\/v2\/comments?post=15512"}],"version-history":[{"count":1,"href":"https:\/\/beta.aa-intergroup.org\/pt-pt\/wp-json\/wp\/v2\/pages\/15512\/revisions"}],"predecessor-version":[{"id":15513,"href":"https:\/\/beta.aa-intergroup.org\/pt-pt\/wp-json\/wp\/v2\/pages\/15512\/revisions\/15513"}],"wp:attachment":[{"href":"https:\/\/beta.aa-intergroup.org\/pt-pt\/wp-json\/wp\/v2\/media?parent=15512"}],"curies":[{"name":"wp","href":"https:\/\/api.w.org\/{rel}","templated":true}]}}