{"id":15597,"date":"2024-11-23T23:54:58","date_gmt":"2024-11-24T04:54:58","guid":{"rendered":"https:\/\/beta.aa-intergroup.org\/cronologia-da-historia-da-oiaa\/"},"modified":"2025-11-09T08:21:42","modified_gmt":"2025-11-09T13:21:42","slug":"cronologia-da-historia-da-oiaa","status":"publish","type":"page","link":"https:\/\/beta.aa-intergroup.org\/pt-pt\/cronologia-da-historia-da-oiaa\/","title":{"rendered":"Cronologia da hist\u00f3ria da OIAA"},"content":{"rendered":"\n<div style=\"height:57px\" aria-hidden=\"true\" class=\"wp-block-spacer\"><\/div>\n\n<div class=\"wp-block-group is-content-justification-center is-layout-flex wp-container-core-group-is-layout-64b26803 wp-block-group-is-layout-flex\">\n<h4 class=\"wp-block-heading\">Um in\u00edcio promissor&#8230;<\/h4>\n\n\n\n<p>Em 1994, os membros online da Comunidade de Alco\u00f3licos An\u00f3nimos come\u00e7aram a ansiar por participar na Conven\u00e7\u00e3o Internacional em San Diego, realizada em junho de 1995. Muitos na nossa comunidade sentiram que seria uma excelente oportunidade para conhecer pessoalmente alguns dos nossos companheiros alco\u00f3licos, fortalecendo ainda mais as amizades pr\u00f3ximas que t\u00ednhamos feito nos nossos grupos online.<\/p>\n<\/div>\n\n<div class=\"wp-block-essential-blocks-button root-eb-button-dg1a8\"><div class=\"eb-parent-wrapper eb-parent-eb-button-dg1a8 \"><div class=\"eb-button-wrapper eb-button-alignment eb-button-dg1a8\"><div class=\"eb-button\"><div class=\"eb-button-inner-wrapper \"><a class=\"eb-button-anchor \" href=\"https:\/\/beta.aa-intergroup.org\/pt-pt\/evolucao-do-sitio-web-da-oiaa\/\" target=\"_blank\" rel=\"noopener\">Evolu\u00e7\u00e3o do s\u00edtio Web da OIAA<i icon=\"fas fa-chevron-right\" class=\"fas fa-chevron-right eb-button-icon eb-button-icon-right hvr-icon\"><\/i><\/a><\/div><\/div><\/div><\/div><\/div>\n\n<div style=\"height:35px\" aria-hidden=\"true\" class=\"wp-block-spacer\"><\/div>\n\n<div class=\"wp-block-cp-timeline-content-timeline-block Cool-Content-Timeline\"><div class=\"cool-timeline-block-10e2f1f5-5658-4eec-aead-52989eb60b3d\"><style>.cool-timeline-block-10e2f1f5-5658-4eec-aead-52989eb60b3d .cool-vertical-timeline-body{--ctlb-icon-color: #02c8fd;--ctlb-line-color: #011a5c;--ctlb-icon-bg: #02c8fd;--ctlb-story-border-color: #011a5c;--ctlb-container-right-padding: 50px;--ctlb-container-left-padding: 50px;}<\/style><div class=\"cool-vertical-timeline-body ctlb-wrapper both-sided left\"><div class=\"cool-timeline-block-list\">\n<div class=\"wp-block-cp-timeline-content-timeline-block-child swiper-slide\"><div class=\"timeline-content icon-false \"><div class=\"timeline-block-timeline ctl-row  position-right\"><div class=\"ctl-6 timeline-block-time\"><div class=\"story-time\"><p><strong>March 1, 1994<\/strong><\/p><\/div><\/div><div class=\"timeline-block-icon\"><svg stroke=\"currentColor\" fill=\"currentColor\" stroke-width=\"0\" viewBox=\"0 0 512 512\" height=\"1em\" width=\"1em\" xmlns=\"http:\/\/www.w3.org\/2000\/svg\"><path d=\"M256 8C119 8 8 119 8 256s111 248 248 248 248-111 248-248S393 8 256 8z\"><\/path><\/svg><\/div><div class=\"ctl-6 timeline-block-detail\"><div class=\"story-details\"><div class=\"story-content\">\n<h3 class=\"wp-block-heading ctlb-block-title\" style=\"padding-top:0px;padding-right:0px;padding-bottom:0px;padding-left:0px\">Cria\u00e7\u00e3o do comit\u00e9 cibern\u00e9tico vivo<\/h3>\n\n\n\n<p class=\"ctlb-block-desc\" style=\"padding-top:0px;padding-right:0px;padding-bottom:0px;padding-left:0px\">O Comit\u00e9 Living Cyber foi formado em mar\u00e7o de 1994 para coordenar a organiza\u00e7\u00e3o de uma sala de hospitalidade na conven\u00e7\u00e3o. A participa\u00e7\u00e3o \u2015 ou ades\u00e3o \u2015 no LCC estava aberta a todos os alco\u00f3licos em recupera\u00e7\u00e3o que desejassem aderir. Alco\u00f3licos de todos os cantos da comunidade online \u2015 quadros de avisos, servi\u00e7os online comerciais e a Internet \u2015 juntaram-se ao esfor\u00e7o. Antes da conven\u00e7\u00e3o, o LCC esfor\u00e7ou-se por comunicar a sua exist\u00eancia, prop\u00f3sito e atividades a todos os grupos de A.A. online conhecidos. Foi criada uma p\u00e1gina Web. Foram elaborados, impressos e distribu\u00eddos na conven\u00e7\u00e3o folhetos com informa\u00e7\u00f5es sobre como contactar a Irmandade online e como encontrar recursos de A.A. online.<br\/>Os nossos planos evolu\u00edram para incluir uma liga\u00e7\u00e3o \u00e0 irmandade online \u2015 para aqueles que n\u00e3o puderam comparecer \u00e0 conven\u00e7\u00e3o pessoalmente. Tr\u00eas computadores foram instalados na sala e permaneceram online continuamente com alco\u00f3licos de todo o mundo.<\/p>\n<\/div><\/div><\/div><\/div><\/div><\/div>\n\n\n\n<div class=\"wp-block-cp-timeline-content-timeline-block-child swiper-slide\"><div class=\"timeline-content icon-false \"><div class=\"timeline-block-timeline ctl-row  position-left\"><div class=\"ctl-6 timeline-block-time\"><div class=\"story-time\"><p><strong>June 1, 1995<\/strong><\/p><\/div><\/div><div class=\"timeline-block-icon\"><svg stroke=\"currentColor\" fill=\"currentColor\" stroke-width=\"0\" viewBox=\"0 0 512 512\" height=\"1em\" width=\"1em\" xmlns=\"http:\/\/www.w3.org\/2000\/svg\"><path d=\"M256 8C119 8 8 119 8 256s111 248 248 248 248-111 248-248S393 8 256 8z\"><\/path><\/svg><\/div><div class=\"ctl-6 timeline-block-detail\"><div class=\"story-details\"><div class=\"story-content\">\n<h3 class=\"wp-block-heading ctlb-block-title\" style=\"padding-top:0px;padding-right:0px;padding-bottom:0px;padding-left:0px\">Suite cibern\u00e9tica viva na conven\u00e7\u00e3o internacional em San Diego<\/h3>\n\n\n\n<p class=\"ctlb-block-desc\" style=\"padding-top:0px;padding-right:0px;padding-bottom:0px;padding-left:0px\">A Suite Cibern\u00e9tica Viva foi um sucesso retumbante, proporcionando um local de encontro para os membros dos grupos online se conhecerem pessoalmente, geralmente pela primeira vez. Os visitantes tiveram a oportunidade de aceder \u00e0 verdadeira Irmandade online. Aqueles que n\u00e3o puderam viajar para San Diego puderam participar &#8220;virtualmente&#8221; na conven\u00e7\u00e3o atrav\u00e9s da suite.  <\/p>\n\n\n\n<p class=\"ctlb-block-desc\" style=\"padding-top:0px;padding-right:0px;padding-bottom:0px;padding-left:0px\">Dois grandes grupos de correio eletr\u00f3nico, v\u00e1rios grupos dos principais servi\u00e7os online e um canal de Internet Relay Chat participaram na uni\u00e3o de alco\u00f3licos de todo o mundo com os membros online e visitantes na suite.<\/p>\n<\/div><\/div><\/div><\/div><\/div><\/div>\n\n\n\n<div class=\"wp-block-cp-timeline-content-timeline-block-child swiper-slide\"><div class=\"timeline-content icon-false \"><div class=\"timeline-block-timeline ctl-row  position-right\"><div class=\"ctl-6 timeline-block-time\"><div class=\"story-time\"><p><strong>February 1, 1996<\/strong><\/p><\/div><\/div><div class=\"timeline-block-icon\"><svg stroke=\"currentColor\" fill=\"currentColor\" stroke-width=\"0\" viewBox=\"0 0 512 512\" height=\"1em\" width=\"1em\" xmlns=\"http:\/\/www.w3.org\/2000\/svg\"><path d=\"M256 8C119 8 8 119 8 256s111 248 248 248 248-111 248-248S393 8 256 8z\"><\/path><\/svg><\/div><div class=\"ctl-6 timeline-block-detail\"><div class=\"story-details\"><div class=\"story-content\">\n<h3 class=\"wp-block-heading ctlb-block-title\" style=\"padding-top:0px;padding-right:0px;padding-bottom:0px;padding-left:0px\">A OIAA nasceu!<\/h3>\n\n\n\n<p class=\"ctlb-block-desc\" style=\"padding-top:0px;padding-right:0px;padding-bottom:0px;padding-left:0px\">Ap\u00f3s a conven\u00e7\u00e3o, foi decidido dissolver o comit\u00e9 existente e reform\u00e1-lo. Todos os grupos de A.A. online foram convidados a enviar um representante para o comit\u00e9. Decidimos que dever\u00edamos servir como um Intergrupo, servindo os grupos de A.A. online.  <\/p>\n\n\n\n<p class=\"ctlb-block-desc\" style=\"padding-top:0px;padding-right:0px;padding-bottom:0px;padding-left:0px\">A OIAA nasceu! O Intergrupo Online dos Alco\u00f3licos An\u00f3nimos representa agora dezenas de grupos online com uma ades\u00e3o combinada que conta muitos milhares.<\/p>\n<\/div><\/div><\/div><\/div><\/div><\/div>\n\n\n\n<div class=\"wp-block-cp-timeline-content-timeline-block-child swiper-slide\"><div class=\"timeline-content icon-false \"><div class=\"timeline-block-timeline ctl-row  position-left\"><div class=\"ctl-6 timeline-block-time\"><div class=\"story-time\"><p><strong>January 1, 1995<\/strong><\/p><\/div><\/div><div class=\"timeline-block-icon\"><svg stroke=\"currentColor\" fill=\"currentColor\" stroke-width=\"0\" viewBox=\"0 0 512 512\" height=\"1em\" width=\"1em\" xmlns=\"http:\/\/www.w3.org\/2000\/svg\"><path d=\"M256 8C119 8 8 119 8 256s111 248 248 248 248-111 248-248S393 8 256 8z\"><\/path><\/svg><\/div><div class=\"ctl-6 timeline-block-detail\"><div class=\"story-details\"><div class=\"story-content\">\n<h3 class=\"wp-block-heading ctlb-block-title\" style=\"padding-top:0px;padding-right:0px;padding-bottom:0px;padding-left:0px\">Declara\u00e7\u00e3o original de prop\u00f3sito e objetivos<\/h3>\n\n\n\n<p class=\"ctlb-block-desc\" style=\"padding-top:0px;padding-right:0px;padding-bottom:0px;padding-left:0px\">\u2014- Escrito em meados da d\u00e9cada de 1990 \u2014-<\/p>\n\n\n\n<p class=\"ctlb-block-desc\" style=\"padding-top:0px;padding-right:0px;padding-bottom:0px;padding-left:0px\">O fen\u00f3meno da nova tecnologia de computadores, modems, World Wide Web e comunica\u00e7\u00e3o pela Internet deu origem a um novo meio de troca atrav\u00e9s do qual os alco\u00f3licos podiam interagir com outros alco\u00f3licos. Nos \u00faltimos anos, surgiram muitas novas reuni\u00f5es online que, n\u00e3o tendo limites geogr\u00e1ficos, n\u00e3o conseguiam encaixar-se nas estruturas de servi\u00e7o das habituais reuni\u00f5es presenciais (f2f) de A.A. Disto surgiu o reconhecimento por parte de muitos grupos online de que era necess\u00e1rio algum tipo de grupo de servi\u00e7o para ajudar e facilitar a comunica\u00e7\u00e3o e coordena\u00e7\u00e3o do A.A. no ciberespa\u00e7o.<br\/><a href=\"https:\/\/beta.aa-intergroup.org\/pt-pt\/declaracao-original-dos-objetivos-e-propositos-da-oiaa\/\" target=\"_blank\" rel=\"noreferrer noopener\">Leia mais\u2026<\/a><\/p>\n<\/div><\/div><\/div><\/div><\/div><\/div>\n\n\n\n<div class=\"wp-block-cp-timeline-content-timeline-block-child swiper-slide\"><div class=\"timeline-content icon-false \"><div class=\"timeline-block-timeline ctl-row  position-right\"><div class=\"ctl-6 timeline-block-time\"><div class=\"story-time\"><p><strong>January 1, 2000<\/strong><\/p><\/div><\/div><div class=\"timeline-block-icon\"><svg stroke=\"currentColor\" fill=\"currentColor\" stroke-width=\"0\" viewBox=\"0 0 512 512\" height=\"1em\" width=\"1em\" xmlns=\"http:\/\/www.w3.org\/2000\/svg\"><path d=\"M256 8C119 8 8 119 8 256s111 248 248 248 248-111 248-248S393 8 256 8z\"><\/path><\/svg><\/div><div class=\"ctl-6 timeline-block-detail\"><div class=\"story-details\"><div class=\"story-content\">\n<h3 class=\"wp-block-heading ctlb-block-title\" style=\"padding-top:0px;padding-right:0px;padding-bottom:0px;padding-left:0px\">\u00d3rg\u00e3o de governo do intergrupo e filia\u00e7\u00e3o<\/h3>\n\n\n\n<p class=\"ctlb-block-desc\" style=\"padding-top:0px;padding-right:0px;padding-bottom:0px;padding-left:0px\">\u2014- Escrito no in\u00edcio dos anos 2000 \u2014-<\/p>\n\n\n\n<p>O \u00f3rg\u00e3o de governo e a filia\u00e7\u00e3o da OIAA foram definidos com mais pormenor no in\u00edcio dos anos 2000.<\/p>\n\n\n\n<p class=\"ctlb-block-desc\" style=\"padding-top:0px;padding-right:0px;padding-bottom:0px;padding-left:0px\"><a href=\"https:\/\/beta.aa-intergroup.org\/pt-pt\/orgao-de-governo-do-intergrupo-e-dos-membros-anos-2000\/\">Leia mais sobre a OIAA deste per\u00edodo\u2026<\/a><\/p>\n<\/div><\/div><\/div><\/div><\/div><\/div>\n\n\n\n<div class=\"wp-block-cp-timeline-content-timeline-block-child swiper-slide\"><div class=\"timeline-content icon-false \"><div class=\"timeline-block-timeline ctl-row  position-left\"><div class=\"ctl-6 timeline-block-time\"><div class=\"story-time\"><p><strong>June 29, 2000<\/strong><\/p><\/div><\/div><div class=\"timeline-block-icon\"><svg stroke=\"currentColor\" fill=\"currentColor\" stroke-width=\"0\" viewBox=\"0 0 512 512\" height=\"1em\" width=\"1em\" xmlns=\"http:\/\/www.w3.org\/2000\/svg\"><path d=\"M256 8C119 8 8 119 8 256s111 248 248 248 248-111 248-248S393 8 256 8z\"><\/path><\/svg><\/div><div class=\"ctl-6 timeline-block-detail\"><div class=\"story-details\"><div class=\"story-content\">\n<h3 class=\"wp-block-heading ctlb-block-title\" style=\"padding-top:0px;padding-right:0px;padding-bottom:0px;padding-left:0px\">Suite na conven\u00e7\u00e3o internacional em Minneapolis<\/h3>\n\n\n\n<p class=\"ctlb-block-desc\" style=\"padding-top:0px;padding-right:0px;padding-bottom:0px;padding-left:0px\">Mais uma vez, a OIAA organizou uma suite na 65.\u00aa Conven\u00e7\u00e3o Internacional do Anivers\u00e1rio em Minneapolis, MN.<\/p>\n<\/div><\/div><\/div><\/div><\/div><\/div>\n\n\n\n<div class=\"wp-block-cp-timeline-content-timeline-block-child swiper-slide\"><div class=\"timeline-content icon-false \"><div class=\"timeline-block-timeline ctl-row  position-right\"><div class=\"ctl-6 timeline-block-time\"><div class=\"story-time\"><p><strong>June 30, 2005<\/strong><\/p><\/div><\/div><div class=\"timeline-block-icon\"><svg stroke=\"currentColor\" fill=\"currentColor\" stroke-width=\"0\" viewBox=\"0 0 512 512\" height=\"1em\" width=\"1em\" xmlns=\"http:\/\/www.w3.org\/2000\/svg\"><path d=\"M256 8C119 8 8 119 8 256s111 248 248 248 248-111 248-248S393 8 256 8z\"><\/path><\/svg><\/div><div class=\"ctl-6 timeline-block-detail\"><div class=\"story-details\"><div class=\"story-content\">\n<h3 class=\"wp-block-heading ctlb-block-title\" style=\"padding-top:0px;padding-right:0px;padding-bottom:0px;padding-left:0px\">Suite na conven\u00e7\u00e3o internacional em Toronto<\/h3>\n\n\n\n<p class=\"ctlb-block-desc\" style=\"padding-top:0px;padding-right:0px;padding-bottom:0px;padding-left:0px\">A OIAA organizou uma suite na 70.\u00aa Conven\u00e7\u00e3o Internacional do Anivers\u00e1rio em Toronto, Ont\u00e1rio, Canad\u00e1<\/p>\n<\/div><\/div><\/div><\/div><\/div><\/div>\n\n\n\n<div class=\"wp-block-cp-timeline-content-timeline-block-child swiper-slide\"><div class=\"timeline-content icon-false \"><div class=\"timeline-block-timeline ctl-row  position-left\"><div class=\"ctl-6 timeline-block-time\"><div class=\"story-time\"><p><strong>July 1, 2010<\/strong><\/p><\/div><\/div><div class=\"timeline-block-icon\"><svg stroke=\"currentColor\" fill=\"currentColor\" stroke-width=\"0\" viewBox=\"0 0 512 512\" height=\"1em\" width=\"1em\" xmlns=\"http:\/\/www.w3.org\/2000\/svg\"><path d=\"M256 8C119 8 8 119 8 256s111 248 248 248 248-111 248-248S393 8 256 8z\"><\/path><\/svg><\/div><div class=\"ctl-6 timeline-block-detail\"><div class=\"story-details\"><div class=\"story-content\">\n<h3 class=\"wp-block-heading ctlb-block-title\" style=\"padding-top:0px;padding-right:0px;padding-bottom:0px;padding-left:0px\">Suite na conven\u00e7\u00e3o internacional em San Antonio<\/h3>\n\n\n\n<p class=\"ctlb-block-desc\" style=\"padding-top:0px;padding-right:0px;padding-bottom:0px;padding-left:0px\">A OIAA organizou uma suite na 75.\u00aa Conven\u00e7\u00e3o Internacional do Anivers\u00e1rio em San Antonio, TX.<\/p>\n<\/div><\/div><\/div><\/div><\/div><\/div>\n\n\n\n<div class=\"wp-block-cp-timeline-content-timeline-block-child swiper-slide\"><div class=\"timeline-content icon-false \"><div class=\"timeline-block-timeline ctl-row  position-right\"><div class=\"ctl-6 timeline-block-time\"><div class=\"story-time\"><p><strong>July 2, 2015<\/strong><\/p><\/div><\/div><div class=\"timeline-block-icon\"><svg stroke=\"currentColor\" fill=\"currentColor\" stroke-width=\"0\" viewBox=\"0 0 512 512\" height=\"1em\" width=\"1em\" xmlns=\"http:\/\/www.w3.org\/2000\/svg\"><path d=\"M256 8C119 8 8 119 8 256s111 248 248 248 248-111 248-248S393 8 256 8z\"><\/path><\/svg><\/div><div class=\"ctl-6 timeline-block-detail\"><div class=\"story-details\"><div class=\"story-content\">\n<h3 class=\"wp-block-heading ctlb-block-title\" style=\"padding-top:0px;padding-right:0px;padding-bottom:0px;padding-left:0px\">Suite na conven\u00e7\u00e3o internacional em Atlanta<\/h3>\n\n\n\n<p class=\"ctlb-block-desc\" style=\"padding-top:0px;padding-right:0px;padding-bottom:0px;padding-left:0px\">A OIAA organizou uma suite na 75.\u00aa Conven\u00e7\u00e3o Internacional do Anivers\u00e1rio em Atlanta, GA.<\/p>\n<\/div><\/div><\/div><\/div><\/div><\/div>\n\n\n\n<div class=\"wp-block-cp-timeline-content-timeline-block-child swiper-slide\"><div class=\"timeline-content icon-false \"><div class=\"timeline-block-timeline ctl-row  position-left\"><div class=\"ctl-6 timeline-block-time\"><div class=\"story-time\"><p><strong>January 1, 2022<\/strong><\/p><\/div><\/div><div class=\"timeline-block-icon\"><svg stroke=\"currentColor\" fill=\"currentColor\" stroke-width=\"0\" viewBox=\"0 0 512 512\" height=\"1em\" width=\"1em\" xmlns=\"http:\/\/www.w3.org\/2000\/svg\"><path d=\"M256 8C119 8 8 119 8 256s111 248 248 248 248-111 248-248S393 8 256 8z\"><\/path><\/svg><\/div><div class=\"ctl-6 timeline-block-detail\"><div class=\"story-details\"><div class=\"story-content\">\n<h3 class=\"wp-block-heading ctlb-block-title\" style=\"padding-top:0px;padding-right:0px;padding-bottom:0px;padding-left:0px\">A OIAA registou-se como organiza\u00e7\u00e3o sem fins lucrativos<\/h3>\n\n\n\n<p class=\"ctlb-block-desc\" style=\"padding-top:0px;padding-right:0px;padding-bottom:0px;padding-left:0px\">Em 2022, a OIAA registou-se como organiza\u00e7\u00e3o sem fins lucrativos no estado de Nova J\u00e9rsia.<\/p>\n<\/div><\/div><\/div><\/div><\/div><\/div>\n\n\n\n<div class=\"wp-block-cp-timeline-content-timeline-block-child swiper-slide\"><div class=\"timeline-content icon-false \"><div class=\"timeline-block-timeline ctl-row  position-right\"><div class=\"ctl-6 timeline-block-time\"><div class=\"story-time\"><p><strong>October 25, 2024<\/strong><\/p><\/div><\/div><div class=\"timeline-block-icon\"><svg stroke=\"currentColor\" fill=\"currentColor\" stroke-width=\"0\" viewBox=\"0 0 512 512\" height=\"1em\" width=\"1em\" xmlns=\"http:\/\/www.w3.org\/2000\/svg\"><path d=\"M256 8C119 8 8 119 8 256s111 248 248 248 248-111 248-248S393 8 256 8z\"><\/path><\/svg><\/div><div class=\"ctl-6 timeline-block-detail\"><div class=\"story-details\"><div class=\"story-content\">\n<h3 class=\"wp-block-heading ctlb-block-title\" style=\"padding-top:0px;padding-right:0px;padding-bottom:0px;padding-left:0px\">1.\u00aa conven\u00e7\u00e3o internacional online da OIAA<\/h3>\n\n\n\n<p class=\"ctlb-block-desc\" style=\"padding-top:0px;padding-right:0px;padding-bottom:0px;padding-left:0px\">A primeira Conven\u00e7\u00e3o Internacional Online anual da OIAA realizou-se de 25 a 27 de outubro de 2024. Mais de 7.000 membros de A.A. participaram de todo o mundo.<br\/><a href=\"https:\/\/beta.aa-intergroup.org\/kerris-test-page\/\">Saiba mais\u2026<\/a><\/p>\n<\/div><\/div><\/div><\/div><\/div><\/div>\n<\/div><\/div><\/div><\/div>\n\n<div style=\"height:52px\" aria-hidden=\"true\" class=\"wp-block-spacer\"><\/div>\n\n<hr class=\"wp-block-separator has-alpha-channel-opacity\"\/>\n\n<h3 class=\"wp-block-heading has-text-align-center has-text-color has-link-color wp-elements-1ded1561ae00cf77633eb2c6f76271fa\" style=\"color:#011a5c\">A OIAA hoje<\/h3>\n        \n        <div class=\"embedpress-gutenberg-wrapper source-provider-Youtube aligncenter clear   ep-content-protection-disabled inline\" id=\"359c044b-800e-4f48-b60b-d0b5e61d0acf\" data-embed-type=\"Youtube \">\n            <div class=\"wp-block-embed__wrapper \">\n                <div id=\"ep-gutenberg-content-7df84edc76aecfbda1d7df2722da3cb3\" class=\"ep-gutenberg-content\">\n                    <div >\n                        <div class=\"ep-embed-content-wraper preset-default insta-grid ep-google-photos-carousel\"\n                                                                                                                >\n\n                            <div class=\"ose-youtube ose-uid-22ab836592b202066c66a22759bb341b ose-embedpress-responsive\" style=\"width:600px; height:340px; max-height:340px; max-width:100%; display:inline-block;\"><iframe allowfullscreen title=\"What is OIAA?\" width=\"600\" height=\"340\" src=\"https:\/\/www.youtube.com\/embed\/PZIB3TfAHXU?feature=oembed&#038;color=red&#038;rel=1&#038;controls=2&#038;start=true&#038;end=true&#038;fs=1&#038;iv_load_policy=1&#038;mute=1&#038;modestbranding=0&#038;playsinline=1&#038;autoplay=0&#038;cc_load_policy=0\" frameborder=\"0\" allow=\"accelerometer; encrypted-media;accelerometer;autoplay;clipboard-write;gyroscope;picture-in-picture clipboard-write; encrypted-media; gyroscope; picture-in-picture; web-share\" referrerpolicy=\"strict-origin-when-cross-origin\" loading=lazy><\/iframe><\/div>                        <\/div>\n\n                                            <\/div>\n                <\/div>\n            <\/div>\n        <\/div>\n    \n\n\n\n    <meta charset=\"UTF-8\"\/>\n    <meta name=\"viewport\" content=\"width=device-width, initial-scale=1.0\"\/>\n    <title>Voltar ao topo<\/title>\n    <style>\n        #return-to-top {\n            position: fixed;\n            bottom: 20px;\n            right: 20px;\n            background-color: #007bff;\n            color: white;\n            padding: 10px 15px;\n            border-radius: 5px;\n            text-decoration: none;\n            font-size: 14px;\n            box-shadow: 0px 4px 6px rgba(0, 0, 0, 0.1);\n        }\n\n        #return-to-top:hover {\n            background-color: #0056b3;\n        }\n    <\/style>\n\n\n    <div style=\"height: 2000px;\">\n        <p><\/p>\n    <\/div>\n\n    <a href=\"#top\" id=\"return-to-top\">Voltar ao topo<\/a>\n\n    <script>\n        const returnToTopButton = document.createElement('a');\n        returnToTopButton.id = \"top\";\n        document.body.prepend(returnToTopButton);\n    <\/script>\n\n\n","protected":false},"excerpt":{"rendered":"<p>Um in\u00edcio promissor&#8230; Em 1994, os membros online da Comunidade de Alco\u00f3licos An\u00f3nimos come\u00e7aram a ansiar por participar na Conven\u00e7\u00e3o Internacional em San Diego, realizada em junho de 1995. Muitos na nossa comunidade sentiram que seria uma excelente oportunidade para conhecer pessoalmente alguns dos nossos companheiros alco\u00f3licos, fortalecendo ainda mais as amizades pr\u00f3ximas que t\u00ednhamos<a class=\"excerpt-read-more\" href=\"https:\/\/beta.aa-intergroup.org\/pt-pt\/cronologia-da-historia-da-oiaa\/\" title=\"ReadCronologia da hist\u00f3ria da OIAA\">&#8230; Read more &raquo;<\/a><\/p>\n","protected":false},"author":153,"featured_media":0,"parent":0,"menu_order":0,"comment_status":"closed","ping_status":"closed","template":"","meta":{"_acf_changed":false,"_eb_attr":"","footnotes":""},"class_list":["post-15597","page","type-page","status-publish","hentry"],"acf":[],"_links":{"self":[{"href":"https:\/\/beta.aa-intergroup.org\/pt-pt\/wp-json\/wp\/v2\/pages\/15597","targetHints":{"allow":["GET"]}}],"collection":[{"href":"https:\/\/beta.aa-intergroup.org\/pt-pt\/wp-json\/wp\/v2\/pages"}],"about":[{"href":"https:\/\/beta.aa-intergroup.org\/pt-pt\/wp-json\/wp\/v2\/types\/page"}],"author":[{"embeddable":true,"href":"https:\/\/beta.aa-intergroup.org\/pt-pt\/wp-json\/wp\/v2\/users\/153"}],"replies":[{"embeddable":true,"href":"https:\/\/beta.aa-intergroup.org\/pt-pt\/wp-json\/wp\/v2\/comments?post=15597"}],"version-history":[{"count":2,"href":"https:\/\/beta.aa-intergroup.org\/pt-pt\/wp-json\/wp\/v2\/pages\/15597\/revisions"}],"predecessor-version":[{"id":40665,"href":"https:\/\/beta.aa-intergroup.org\/pt-pt\/wp-json\/wp\/v2\/pages\/15597\/revisions\/40665"}],"wp:attachment":[{"href":"https:\/\/beta.aa-intergroup.org\/pt-pt\/wp-json\/wp\/v2\/media?parent=15597"}],"curies":[{"name":"wp","href":"https:\/\/api.w.org\/{rel}","templated":true}]}}