{"id":15624,"date":"2023-04-12T11:38:52","date_gmt":"2023-04-12T15:38:52","guid":{"rendered":"https:\/\/beta.aa-intergroup.org\/por-que-aderir-a-oiaa\/"},"modified":"2025-10-28T04:43:12","modified_gmt":"2025-10-28T08:43:12","slug":"por-que-aderir-a-oiaa","status":"publish","type":"page","link":"https:\/\/beta.aa-intergroup.org\/pt-pt\/por-que-aderir-a-oiaa\/","title":{"rendered":"Por que aderir \u00e0 OIAA"},"content":{"rendered":"\n<p>A OIAA \u00e9 totalmente dedicada ao servi\u00e7o. Servi\u00e7o ao alco\u00f3lico que ainda sofre.  Servi\u00e7o aos nossos grupos online. Servi\u00e7o \u00e0 nossa irmandade online. Porqu\u00ea envolver-se no servi\u00e7o? Porqu\u00ea entrar em a\u00e7\u00e3o? Talvez o Dr. Bob o tenha dito melhor:   <\/p>\n\n<blockquote class=\"wp-block-quote is-layout-flow wp-block-quote-is-layout-flow\">\n<p>  Fa\u00e7o-o por quatro raz\u00f5es:<\/p>\n\n\n\n<ol class=\"wp-block-list\">\n<li>Sentido de dever.<\/li>\n\n\n\n<li>\u00c9 um prazer.<\/li>\n\n\n\n<li>Porque ao faz\u00ea-lo estou a pagar a minha d\u00edvida ao homem que dedicou tempo para mo transmitir.<\/li>\n\n\n\n<li>Porque sempre que o fa\u00e7o, fa\u00e7o um pouco mais de seguro para mim pr\u00f3prio contra uma poss\u00edvel reca\u00edda.<\/li>\n<\/ol>\n<cite>Dr. Bob<\/cite><\/blockquote>\n\n<div style=\"height:30px\" aria-hidden=\"true\" class=\"wp-block-spacer\"><\/div>\n\n<h4 class=\"wp-block-heading\">Ades\u00e3o<\/h4>\n\n<p>A ades\u00e3o ao Intergrupo Online est\u00e1 aberta a todos os grupos A.A. online e a todos os membros A.A. N\u00e3o h\u00e1 quotas ou taxas para a ades\u00e3o. O Intergrupo \u00e9 autossuficiente atrav\u00e9s de contribui\u00e7\u00f5es volunt\u00e1rias dos seus membros.   <\/p>\n\n<p>Existem duas classes de ades\u00e3o: com direito a voto e sem direito a voto.<\/p>\n\n<p>Os membros com direito a voto incluem cada grupo AA online registado e os seus atuais dirigentes do Intergrupo. Cada grupo AA online registado que participe como membro deve selecionar um Representante do Intergrupo (RIG) para exercer a sua ades\u00e3o. Sugere-se que os RIG tenham pelo menos um ano de sobriedade cont\u00ednua e que sejam membros ativos dos seus grupos. Os grupos tamb\u00e9m s\u00e3o encorajados a selecionar RIG suplentes para atuarem na aus\u00eancia do RIG.   <\/p>\n\n<p>Os membros sem direito a voto incluem qualquer membro A.A. que deseje aderir ao Intergrupo. Pode participar nas discuss\u00f5es das Assembleias, F\u00f3runs e Workshops, mas n\u00e3o pode apresentar mo\u00e7\u00f5es ou votar.<br\/>A ades\u00e3o <strong>n\u00e3o \u00e9<\/strong> necess\u00e1ria para listar o seu grupo A.A. online no Diret\u00f3rio de Reuni\u00f5es ou para participar em qualquer dos nossos muitos Comit\u00e9s de Servi\u00e7o. <\/p>\n\n<div style=\"height:30px\" aria-hidden=\"true\" class=\"wp-block-spacer\"><\/div>\n","protected":false},"excerpt":{"rendered":"<p>A OIAA \u00e9 totalmente dedicada ao servi\u00e7o. Servi\u00e7o ao alco\u00f3lico que ainda sofre. Servi\u00e7o aos nossos grupos online. Servi\u00e7o \u00e0 nossa irmandade online. Porqu\u00ea envolver-se no servi\u00e7o? Porqu\u00ea entrar em a\u00e7\u00e3o? Talvez o Dr. Bob o tenha dito melhor: Ades\u00e3o A ades\u00e3o ao Intergrupo Online est\u00e1 aberta a todos os grupos A.A. online e a<a class=\"excerpt-read-more\" href=\"https:\/\/beta.aa-intergroup.org\/pt-pt\/por-que-aderir-a-oiaa\/\" title=\"ReadPor que aderir \u00e0 OIAA\">&#8230; Read more &raquo;<\/a><\/p>\n","protected":false},"author":18,"featured_media":0,"parent":0,"menu_order":0,"comment_status":"closed","ping_status":"closed","template":"","meta":{"_acf_changed":false,"_eb_attr":"","footnotes":""},"class_list":["post-15624","page","type-page","status-publish","hentry"],"acf":[],"_links":{"self":[{"href":"https:\/\/beta.aa-intergroup.org\/pt-pt\/wp-json\/wp\/v2\/pages\/15624","targetHints":{"allow":["GET"]}}],"collection":[{"href":"https:\/\/beta.aa-intergroup.org\/pt-pt\/wp-json\/wp\/v2\/pages"}],"about":[{"href":"https:\/\/beta.aa-intergroup.org\/pt-pt\/wp-json\/wp\/v2\/types\/page"}],"author":[{"embeddable":true,"href":"https:\/\/beta.aa-intergroup.org\/pt-pt\/wp-json\/wp\/v2\/users\/18"}],"replies":[{"embeddable":true,"href":"https:\/\/beta.aa-intergroup.org\/pt-pt\/wp-json\/wp\/v2\/comments?post=15624"}],"version-history":[{"count":1,"href":"https:\/\/beta.aa-intergroup.org\/pt-pt\/wp-json\/wp\/v2\/pages\/15624\/revisions"}],"predecessor-version":[{"id":15625,"href":"https:\/\/beta.aa-intergroup.org\/pt-pt\/wp-json\/wp\/v2\/pages\/15624\/revisions\/15625"}],"wp:attachment":[{"href":"https:\/\/beta.aa-intergroup.org\/pt-pt\/wp-json\/wp\/v2\/media?parent=15624"}],"curies":[{"name":"wp","href":"https:\/\/api.w.org\/{rel}","templated":true}]}}