{"id":15675,"date":"2023-04-25T21:24:00","date_gmt":"2023-04-26T01:24:00","guid":{"rendered":"https:\/\/beta.aa-intergroup.org\/submeter-historia\/"},"modified":"2025-10-28T04:52:57","modified_gmt":"2025-10-28T08:52:57","slug":"submeter-historia","status":"publish","type":"page","link":"https:\/\/beta.aa-intergroup.org\/pt-pt\/submeter-historia\/","title":{"rendered":"Submeter hist\u00f3ria"},"content":{"rendered":"\n<div style=\"height:21px\" aria-hidden=\"true\" class=\"wp-block-spacer\"><\/div>\n\n<p><\/p>\n\n<p>Convidamo-lo a partilhar as suas hist\u00f3rias pessoais breves sobre como os grupos e reuni\u00f5es online o ajudam a si e aos outros a transmitir a mensagem de A.A. a qualquer pessoa, a qualquer hora e em qualquer lugar. <\/p>\n\n<p>Como mudou ou melhorou a sua participa\u00e7\u00e3o nas reuni\u00f5es de A.A.? Como foi fortalecido ou afetado o seu programa? Como est\u00e1 a expandir o seu conhecimento sobre o programa de A.A. ou a hist\u00f3ria de A.A.? Observou formas como as suas rela\u00e7\u00f5es com o padrinho ou afilhado mudaram ou foram enriquecidas? Como cresceu a sua vida espiritual usando telefones, computadores e a internet? Quando ou como se apercebeu pela primeira vez que o A.A. realmente funciona online?     <\/p>\n\n<p>Estas hist\u00f3rias ser\u00e3o exibidas em todo o site da OIAA, aparecendo no final de muitas p\u00e1ginas. As hist\u00f3rias ir\u00e3o rodar automaticamente cada vez que atualizar ou revisitar uma p\u00e1gina. Tamb\u00e9m ser\u00e3o <a href=\"https:\/\/beta.aa-intergroup.org\/stories\/\">arquivadas permanentemente<\/a> para que as possa ler a qualquer momento.   <\/p>\n\n<p>Se deseja que algu\u00e9m responda imediatamente &#8211; <a href=\"https:\/\/beta.aa-intergroup.org\/pt-pt\/obtenha-ajuda-agora-para-um-problema-com-bebida\/\">por favor, use este formul\u00e1rio para os que est\u00e3o a dar os passos<\/a><\/p>\n\n<p><strong>Instru\u00e7\u00f5es em v\u00eddeo sobre como submeter.<\/strong><br\/><iframe loading=\"lazy\" width=\"550\" height=\"310\" src=\"https:\/\/www.youtube.com\/embed\/t9t2TajMakg?si=LnziJHHrMP64zblp\" title=\"How to Submit a Member Story\" frameborder=\"0\" allow=\"accelerometer; autoplay; clipboard-write; encrypted-media; gyroscope; picture-in-picture\" allowfullscreen><\/iframe><\/p>\n\n<p><\/p>\n\n<div style=\"height:20px\" aria-hidden=\"true\" class=\"wp-block-spacer\"><\/div>\n\n<p>Em Unidade e Servi\u00e7o,<br\/>O Comit\u00e9 de Tecnologia da OIAA <\/p>\n","protected":false},"excerpt":{"rendered":"<p>Convidamo-lo a partilhar as suas hist\u00f3rias pessoais breves sobre como os grupos e reuni\u00f5es online o ajudam a si e aos outros a transmitir a mensagem de A.A. a qualquer pessoa, a qualquer hora e em qualquer lugar. Como mudou ou melhorou a sua participa\u00e7\u00e3o nas reuni\u00f5es de A.A.? Como foi fortalecido ou afetado o<a class=\"excerpt-read-more\" href=\"https:\/\/beta.aa-intergroup.org\/pt-pt\/submeter-historia\/\" title=\"ReadSubmeter hist\u00f3ria\">&#8230; Read more &raquo;<\/a><\/p>\n","protected":false},"author":12,"featured_media":0,"parent":0,"menu_order":0,"comment_status":"closed","ping_status":"closed","template":"page-submit-story.php","meta":{"_acf_changed":false,"_eb_attr":"","footnotes":""},"class_list":["post-15675","page","type-page","status-publish","hentry"],"acf":[],"_links":{"self":[{"href":"https:\/\/beta.aa-intergroup.org\/pt-pt\/wp-json\/wp\/v2\/pages\/15675","targetHints":{"allow":["GET"]}}],"collection":[{"href":"https:\/\/beta.aa-intergroup.org\/pt-pt\/wp-json\/wp\/v2\/pages"}],"about":[{"href":"https:\/\/beta.aa-intergroup.org\/pt-pt\/wp-json\/wp\/v2\/types\/page"}],"author":[{"embeddable":true,"href":"https:\/\/beta.aa-intergroup.org\/pt-pt\/wp-json\/wp\/v2\/users\/12"}],"replies":[{"embeddable":true,"href":"https:\/\/beta.aa-intergroup.org\/pt-pt\/wp-json\/wp\/v2\/comments?post=15675"}],"version-history":[{"count":1,"href":"https:\/\/beta.aa-intergroup.org\/pt-pt\/wp-json\/wp\/v2\/pages\/15675\/revisions"}],"predecessor-version":[{"id":15676,"href":"https:\/\/beta.aa-intergroup.org\/pt-pt\/wp-json\/wp\/v2\/pages\/15675\/revisions\/15676"}],"wp:attachment":[{"href":"https:\/\/beta.aa-intergroup.org\/pt-pt\/wp-json\/wp\/v2\/media?parent=15675"}],"curies":[{"name":"wp","href":"https:\/\/api.w.org\/{rel}","templated":true}]}}